{"id":749,"date":"2020-11-17T11:32:42","date_gmt":"2020-11-17T10:32:42","guid":{"rendered":"http:\/\/sinorcell.com\/www\/contacto\/"},"modified":"2025-04-29T06:20:42","modified_gmt":"2025-04-29T04:20:42","slug":"contacte","status":"publish","type":"page","link":"https:\/\/sinorcell.com\/ca\/contacte\/","title":{"rendered":"CONTACTE"},"content":{"rendered":"[vc_row full_width=&#8221;stretch_row&#8221; content_placement=&#8221;middle&#8221; css=&#8221;.vc_custom_1606754385480{background-image: url(http:\/\/sinorcell.com\/www\/wp-content\/uploads\/2020\/11\/banner-sinorcell-contacto.jpg?id=390) !important;background-position: center !important;background-repeat: no-repeat !important;background-size: cover !important;}&#8221;][vc_column][vc_empty_space height=&#8221;62px&#8221;][vc_column_text]\n<h4 style=\"text-align: center; font-size: 30px;\"><span class=\"white-text\">CONTACTE<br \/>\n<\/span><\/h4>\n[\/vc_column_text][vc_empty_space height=&#8221;62px&#8221;][\/vc_column][\/vc_row][vc_row full_width=&#8221;stretch_row&#8221; css=&#8221;.vc_custom_1606152431365{background-color: #e8e8e8 !important;}&#8221;][vc_column][vc_empty_space][vc_column_text]\n<h4 style=\"text-align: center;\">ATENCI\u00d3 AL CLIENT<\/h4>\n<p style=\"text-align: center;\"><strong>Planta Productiva \u00d2dena &#8211; Barcelona<\/strong><br \/>\nTel\u00e8fon <a href=\"tel:+34938031686\">+34 93 803 16 86<\/a><br \/>\n<a href=\"mailto:atencioclients@sinorcell.com\">atencioclients@sinorcell.com<\/a><\/p>\n[\/vc_column_text][vc_empty_space height=&#8221;20px&#8221;][\/vc_column][\/vc_row][vc_row][vc_column][vc_empty_space height=&#8221;62px&#8221;][vc_text_separator title=&#8221;FORMULARI DE CONTACTE&#8221;][\/vc_column][\/vc_row][vc_row][vc_column width=&#8221;1\/6&#8243;][\/vc_column][vc_column width=&#8221;2\/3&#8243;]\n<div class=\"wpcf7 no-js\" id=\"wpcf7-f1003-o1\" lang=\"ca\" dir=\"ltr\">\n<div class=\"screen-reader-response\"><p role=\"status\" aria-live=\"polite\" aria-atomic=\"true\"><\/p> <ul><\/ul><\/div>\n<form action=\"\/ca\/wp-json\/wp\/v2\/pages\/749#wpcf7-f1003-o1\" method=\"post\" class=\"wpcf7-form init\" aria-label=\"Formulari de contacte\" novalidate=\"novalidate\" data-status=\"init\">\n<div style=\"display: none;\">\n<input type=\"hidden\" name=\"_wpcf7\" value=\"1003\" \/>\n<input type=\"hidden\" name=\"_wpcf7_version\" value=\"5.9.8\" \/>\n<input type=\"hidden\" name=\"_wpcf7_locale\" value=\"ca\" \/>\n<input type=\"hidden\" name=\"_wpcf7_unit_tag\" value=\"wpcf7-f1003-o1\" \/>\n<input type=\"hidden\" name=\"_wpcf7_container_post\" value=\"0\" \/>\n<input type=\"hidden\" name=\"_wpcf7_posted_data_hash\" value=\"\" \/>\n<\/div>\n<div id=\"mail-home\">\n\t<div class=\"vc_row\">\n\t\t<div class=\"wpb_column vc_column_container vc_col-sm-6\">\n\t\t\t<p><label> Nom i cognom (obligatori)<\/label><br \/>\n<span class=\"wpcf7-form-control-wrap\" data-name=\"your-name\"><input size=\"40\" maxlength=\"400\" class=\"wpcf7-form-control wpcf7-text wpcf7-validates-as-required\" aria-required=\"true\" aria-invalid=\"false\" value=\"\" type=\"text\" name=\"your-name\" \/><\/span>\n\t\t\t<\/p>\n\t\t\t<p><label> E-mail (obligatori)<\/label><br \/>\n<span class=\"wpcf7-form-control-wrap\" data-name=\"your-email\"><input size=\"40\" maxlength=\"400\" class=\"wpcf7-form-control wpcf7-email wpcf7-validates-as-required wpcf7-text wpcf7-validates-as-email\" aria-required=\"true\" aria-invalid=\"false\" value=\"\" type=\"email\" name=\"your-email\" \/><\/span>\n\t\t\t<\/p>\n\t\t\t<p><label> Tel\u00e8fon (obligatori) <\/label><br \/>\n<span class=\"wpcf7-form-control-wrap\" data-name=\"tel-144\"><input size=\"40\" maxlength=\"400\" class=\"wpcf7-form-control wpcf7-tel wpcf7-text wpcf7-validates-as-tel\" aria-invalid=\"false\" value=\"\" type=\"tel\" name=\"tel-144\" \/><\/span><br \/>\n<label> Tema<\/label><br \/>\n<span class=\"wpcf7-form-control-wrap\" data-name=\"your-subject\"><input size=\"40\" maxlength=\"400\" class=\"wpcf7-form-control wpcf7-text\" aria-invalid=\"false\" value=\"\" type=\"text\" name=\"your-subject\" \/><\/span>\n\t\t\t<\/p>\n\t\t<\/div>\n\t\t<div class=\"wpb_column vc_column_container vc_col-sm-6\">\n\t\t\t<p><label> Missatge<\/label><br \/>\n<span class=\"wpcf7-form-control-wrap\" data-name=\"textarea-631\"><textarea cols=\"40\" rows=\"10\" maxlength=\"2000\" class=\"wpcf7-form-control wpcf7-textarea wpcf7-validates-as-required\" aria-required=\"true\" aria-invalid=\"false\" name=\"textarea-631\"><\/textarea><\/span>\n\t\t\t<\/p>\n\t\t<\/div>\n\t<\/div>\n\t<div class=\"vc_row\">\n\t\t<div class=\"wpb_column\">\n\t\t\t<p><span class=\"wpcf7-form-control-wrap\" data-name=\"acceptance-542\"><span class=\"wpcf7-form-control wpcf7-acceptance\"><span class=\"wpcf7-list-item\"><label><input type=\"checkbox\" name=\"acceptance-542\" value=\"1\" aria-invalid=\"false\" \/><span class=\"wpcf7-list-item-label\">He llegit i accepto la <a href=\"\/ca\/politica-de-privacitat\/\" target=\"_blank\">pol\u00edtica de privacitat<\/a> i <a href=\"\/ca\/politica-de-cookies\/\" target=\"_blank\">l'\u00fas de dades personals.<\/a><\/span><\/label><\/span><\/span><\/span>\n\t\t\t<\/p>\n\t\t\t<p><input class=\"wpcf7-form-control wpcf7-submit has-spinner\" type=\"submit\" value=\"ENVIAR\" \/>\n\t\t\t<\/p>\n\t\t<\/div>\n\t<\/div>\n<\/div><div class=\"wpcf7-response-output\" aria-hidden=\"true\"><\/div>\n<\/form>\n<\/div>\n[\/vc_column][vc_column width=&#8221;1\/6&#8243;][\/vc_column][\/vc_row][vc_row][vc_column][vc_empty_space height=&#8221;52px&#8221;][vc_text_separator title=&#8221;OFICINES I ADMINISTRACI\u00d3&#8221;][vc_empty_space][vc_row_inner][vc_column_inner width=&#8221;1\/4&#8243;][\/vc_column_inner][vc_column_inner width=&#8221;1\/4&#8243;][vc_column_text]\n<h4><span style=\"color: #59bac3;\">SINORCELL \u00d2DENA<\/span><\/h4>\n<p><strong>Atenci\u00f3 client I Planta Productiva<\/strong><br \/>\n<a href=\"https:\/\/goo.gl\/maps\/Bj79LVNnLbpFRKH39\" target=\"_blank\" rel=\"noopener noreferrer\">Avenida de Madrid, # 26 <\/a><br \/>\n<a href=\"https:\/\/goo.gl\/maps\/Bj79LVNnLbpFRKH39\" target=\"_blank\" rel=\"noopener noreferrer\">P.I. Pla de les Gavarreres <\/a><br \/>\n<a href=\"https:\/\/goo.gl\/maps\/Bj79LVNnLbpFRKH39\" target=\"_blank\" rel=\"noopener noreferrer\">08711 Odena (Bcn)<\/a><br \/>\nTel\u00e8fon <a href=\"tel:+34938031686\">+34 93 803 16 86<\/a><br \/>\n<a href=\"mailto:atencioclients@sinorcell.com\">atencioclients@sinorcell.com<\/a><br \/>\nHorari d&#8217;atenci\u00f3 de 07.00h a 18.00h[\/vc_column_text][\/vc_column_inner][vc_column_inner width=&#8221;1\/4&#8243;][vc_column_text]\n<h4><span style=\"color: #59bac3;\">SINORCELL IR\u00daN<\/span><\/h4>\n<p><strong>Administraci\u00f3\u00a0 i Log\u00edstica internacional<\/strong><br \/>\n<a href=\"https:\/\/goo.gl\/maps\/wSykMk8gBJqKz8YN8\" target=\"_blank\" rel=\"noopener noreferrer\">Calle Auzolan, #2 *<\/a><br \/>\n<a href=\"https:\/\/goo.gl\/maps\/wSykMk8gBJqKz8YN8\" target=\"_blank\" rel=\"noopener noreferrer\">20303 Ir\u00fan (Guip\u00fazcoa)<\/a><br \/>\nTel\u00e8fon <a href=\"tel:+34943666283\">+34 943 666 283<\/a><br \/>\n<a href=\"mailto:administracion@sinorcell.com\">administracion@sinorcell.com<\/a><br \/>\n<a href=\"mailto:lr2@sinorcell.com\">lr2@sinorcell.com<\/a>[\/vc_column_text][\/vc_column_inner][vc_column_inner width=&#8221;1\/4&#8243;][\/vc_column_inner][\/vc_row_inner][\/vc_column][\/vc_row][vc_row full_width=&#8221;stretch_row&#8221; css=&#8221;.vc_custom_1605714465618{background-color: #e1e1dd !important;background-position: center !important;background-repeat: no-repeat !important;background-size: cover !important;}&#8221;][vc_column][vc_empty_space][vc_column_text]\n<h4 style=\"margin-bottom: 0px; text-align: center;\">\u00c0REA COMERCIAL<\/h4>\n<p style=\"text-align: center;\">Estem presents en tota la geografia espanyola a m\u00e9s de Fran\u00e7a i Portugal.<br \/>\nEl nostre equip comercial est\u00e0 a disposici\u00f3 dels nostres clients per oferir-los el millor servei.<br \/>\n<span style=\"color: #333333; font-size: 14px;\"><strong>ZONA CATALUNYA | ZONA LEVANTE | ZONA MADRID | ZONA FRAN\u00c7A | ZONA PORTUGAL<\/strong><br \/>\n<\/span><\/p>\n[\/vc_column_text][vc_empty_space height=&#8221;10px&#8221;]<div class=\"textcenter theme-button-wrap wpex-clr\"><a href=\"\/ca\/zona-comercial\/\" class=\"vcex-button theme-button align-center inline\"><span class=\"theme-button-inner\">CONTACTE<\/span><\/a><\/div> [vc_empty_space][\/vc_column][\/vc_row]\n","protected":false},"excerpt":{"rendered":"<p>[vc_row full_width=&#8221;stretch_row&#8221; content_placement=&#8221;middle&#8221; css=&#8221;.vc_custom_1606754385480{background-image: url(http:\/\/sinorcell.com\/www\/wp-content\/uploads\/2020\/11\/banner-sinorcell-contacto.jpg?id=390) !important;background-position: center !important;background-repeat: no-repeat !important;background-size: cover !important;}&#8221;][vc_column][vc_empty_space height=&#8221;62px&#8221;][vc_column_text] CONTACTE [\/vc_column_text][vc_empty_space height=&#8221;62px&#8221;][\/vc_column][\/vc_row][vc_row full_width=&#8221;stretch_row&#8221; css=&#8221;.vc_custom_1606152431365{background-color: #e8e8e8 !important;}&#8221;][vc_column][vc_empty_space][vc_column_text] ATENCI\u00d3 AL CLIENT Planta Productiva \u00d2dena &#8211; Barcelona Tel\u00e8fon +34 93 803 16 86 atencioclients@sinorcell.com [\/vc_column_text][vc_empty_space height=&#8221;20px&#8221;][\/vc_column][\/vc_row][vc_row][vc_column][vc_empty_space height=&#8221;62px&#8221;][vc_text_separator title=&#8221;FORMULARI DE&hellip;<\/p>\n","protected":false},"author":2,"featured_media":0,"parent":0,"menu_order":0,"comment_status":"closed","ping_status":"closed","template":"","meta":{"inline_featured_image":false,"footnotes":""},"class_list":["post-749","page","type-page","status-publish","hentry","entry","no-media"],"yoast_head":"<!-- This site is optimized with the Yoast SEO plugin v25.2 - https:\/\/yoast.com\/wordpress\/plugins\/seo\/ -->\n<title>CONTACTE - Sinorcell<\/title>\n<meta name=\"robots\" content=\"index, follow, max-snippet:-1, max-image-preview:large, max-video-preview:-1\" \/>\n<link rel=\"canonical\" href=\"https:\/\/sinorcell.com\/ca\/contacte\/\" \/>\n<meta property=\"og:locale\" content=\"ca_ES\" \/>\n<meta property=\"og:type\" content=\"article\" \/>\n<meta property=\"og:title\" content=\"CONTACTE - Sinorcell\" \/>\n<meta property=\"og:description\" content=\"[vc_row full_width=&#8221;stretch_row&#8221; content_placement=&#8221;middle&#8221; css=&#8221;.vc_custom_1606754385480{background-image: url(http:\/\/sinorcell.com\/www\/wp-content\/uploads\/2020\/11\/banner-sinorcell-contacto.jpg?id=390) !important;background-position: center !important;background-repeat: no-repeat !important;background-size: cover !important;}&#8221;][vc_column][vc_empty_space height=&#8221;62px&#8221;][vc_column_text] CONTACTE [\/vc_column_text][vc_empty_space height=&#8221;62px&#8221;][\/vc_column][\/vc_row][vc_row full_width=&#8221;stretch_row&#8221; css=&#8221;.vc_custom_1606152431365{background-color: #e8e8e8 !important;}&#8221;][vc_column][vc_empty_space][vc_column_text] ATENCI\u00d3 AL CLIENT Planta Productiva \u00d2dena &#8211; Barcelona Tel\u00e8fon +34 93 803 16 86 atencioclients@sinorcell.com [\/vc_column_text][vc_empty_space height=&#8221;20px&#8221;][\/vc_column][\/vc_row][vc_row][vc_column][vc_empty_space height=&#8221;62px&#8221;][vc_text_separator title=&#8221;FORMULARI DE&hellip;\" \/>\n<meta property=\"og:url\" content=\"https:\/\/sinorcell.com\/ca\/contacte\/\" \/>\n<meta property=\"og:site_name\" content=\"Sinorcell\" \/>\n<meta property=\"article:modified_time\" content=\"2025-04-29T04:20:42+00:00\" \/>\n<meta name=\"twitter:card\" content=\"summary_large_image\" \/>\n<meta name=\"twitter:label1\" content=\"Temps estimat de lectura\" \/>\n\t<meta name=\"twitter:data1\" content=\"1 minut\" \/>\n<script type=\"application\/ld+json\" class=\"yoast-schema-graph\">{\"@context\":\"https:\/\/schema.org\",\"@graph\":[{\"@type\":\"WebPage\",\"@id\":\"https:\/\/sinorcell.com\/ca\/contacte\/\",\"url\":\"https:\/\/sinorcell.com\/ca\/contacte\/\",\"name\":\"CONTACTE - Sinorcell\",\"isPartOf\":{\"@id\":\"https:\/\/sinorcell.com\/#website\"},\"datePublished\":\"2020-11-17T10:32:42+00:00\",\"dateModified\":\"2025-04-29T04:20:42+00:00\",\"breadcrumb\":{\"@id\":\"https:\/\/sinorcell.com\/ca\/contacte\/#breadcrumb\"},\"inLanguage\":\"ca\",\"potentialAction\":[{\"@type\":\"ReadAction\",\"target\":[\"https:\/\/sinorcell.com\/ca\/contacte\/\"]}]},{\"@type\":\"BreadcrumbList\",\"@id\":\"https:\/\/sinorcell.com\/ca\/contacte\/#breadcrumb\",\"itemListElement\":[{\"@type\":\"ListItem\",\"position\":1,\"name\":\"Portada\",\"item\":\"https:\/\/sinorcell.com\/pt-pt\/\"},{\"@type\":\"ListItem\",\"position\":2,\"name\":\"CONTACTE\"}]},{\"@type\":\"WebSite\",\"@id\":\"https:\/\/sinorcell.com\/#website\",\"url\":\"https:\/\/sinorcell.com\/\",\"name\":\"Sinorcell\",\"description\":\"Especialistas en el corte de bobina de cart\u00f3n\",\"publisher\":{\"@id\":\"https:\/\/sinorcell.com\/#organization\"},\"potentialAction\":[{\"@type\":\"SearchAction\",\"target\":{\"@type\":\"EntryPoint\",\"urlTemplate\":\"https:\/\/sinorcell.com\/?s={search_term_string}\"},\"query-input\":{\"@type\":\"PropertyValueSpecification\",\"valueRequired\":true,\"valueName\":\"search_term_string\"}}],\"inLanguage\":\"ca\"},{\"@type\":\"Organization\",\"@id\":\"https:\/\/sinorcell.com\/#organization\",\"name\":\"SINORCELL\",\"url\":\"https:\/\/sinorcell.com\/\",\"logo\":{\"@type\":\"ImageObject\",\"inLanguage\":\"ca\",\"@id\":\"https:\/\/sinorcell.com\/#\/schema\/logo\/image\/\",\"url\":\"https:\/\/sinorcell.com\/www\/wp-content\/uploads\/2020\/11\/logo-sinorcell-svg.svg\",\"contentUrl\":\"https:\/\/sinorcell.com\/www\/wp-content\/uploads\/2020\/11\/logo-sinorcell-svg.svg\",\"width\":420,\"height\":77,\"caption\":\"SINORCELL\"},\"image\":{\"@id\":\"https:\/\/sinorcell.com\/#\/schema\/logo\/image\/\"}}]}<\/script>\n<!-- \/ Yoast SEO plugin. -->","yoast_head_json":{"title":"CONTACTE - Sinorcell","robots":{"index":"index","follow":"follow","max-snippet":"max-snippet:-1","max-image-preview":"max-image-preview:large","max-video-preview":"max-video-preview:-1"},"canonical":"https:\/\/sinorcell.com\/ca\/contacte\/","og_locale":"ca_ES","og_type":"article","og_title":"CONTACTE - Sinorcell","og_description":"[vc_row full_width=&#8221;stretch_row&#8221; content_placement=&#8221;middle&#8221; css=&#8221;.vc_custom_1606754385480{background-image: url(http:\/\/sinorcell.com\/www\/wp-content\/uploads\/2020\/11\/banner-sinorcell-contacto.jpg?id=390) !important;background-position: center !important;background-repeat: no-repeat !important;background-size: cover !important;}&#8221;][vc_column][vc_empty_space height=&#8221;62px&#8221;][vc_column_text] CONTACTE [\/vc_column_text][vc_empty_space height=&#8221;62px&#8221;][\/vc_column][\/vc_row][vc_row full_width=&#8221;stretch_row&#8221; css=&#8221;.vc_custom_1606152431365{background-color: #e8e8e8 !important;}&#8221;][vc_column][vc_empty_space][vc_column_text] ATENCI\u00d3 AL CLIENT Planta Productiva \u00d2dena &#8211; Barcelona Tel\u00e8fon +34 93 803 16 86 atencioclients@sinorcell.com [\/vc_column_text][vc_empty_space height=&#8221;20px&#8221;][\/vc_column][\/vc_row][vc_row][vc_column][vc_empty_space height=&#8221;62px&#8221;][vc_text_separator title=&#8221;FORMULARI DE&hellip;","og_url":"https:\/\/sinorcell.com\/ca\/contacte\/","og_site_name":"Sinorcell","article_modified_time":"2025-04-29T04:20:42+00:00","twitter_card":"summary_large_image","twitter_misc":{"Temps estimat de lectura":"1 minut"},"schema":{"@context":"https:\/\/schema.org","@graph":[{"@type":"WebPage","@id":"https:\/\/sinorcell.com\/ca\/contacte\/","url":"https:\/\/sinorcell.com\/ca\/contacte\/","name":"CONTACTE - Sinorcell","isPartOf":{"@id":"https:\/\/sinorcell.com\/#website"},"datePublished":"2020-11-17T10:32:42+00:00","dateModified":"2025-04-29T04:20:42+00:00","breadcrumb":{"@id":"https:\/\/sinorcell.com\/ca\/contacte\/#breadcrumb"},"inLanguage":"ca","potentialAction":[{"@type":"ReadAction","target":["https:\/\/sinorcell.com\/ca\/contacte\/"]}]},{"@type":"BreadcrumbList","@id":"https:\/\/sinorcell.com\/ca\/contacte\/#breadcrumb","itemListElement":[{"@type":"ListItem","position":1,"name":"Portada","item":"https:\/\/sinorcell.com\/pt-pt\/"},{"@type":"ListItem","position":2,"name":"CONTACTE"}]},{"@type":"WebSite","@id":"https:\/\/sinorcell.com\/#website","url":"https:\/\/sinorcell.com\/","name":"Sinorcell","description":"Especialistas en el corte de bobina de cart\u00f3n","publisher":{"@id":"https:\/\/sinorcell.com\/#organization"},"potentialAction":[{"@type":"SearchAction","target":{"@type":"EntryPoint","urlTemplate":"https:\/\/sinorcell.com\/?s={search_term_string}"},"query-input":{"@type":"PropertyValueSpecification","valueRequired":true,"valueName":"search_term_string"}}],"inLanguage":"ca"},{"@type":"Organization","@id":"https:\/\/sinorcell.com\/#organization","name":"SINORCELL","url":"https:\/\/sinorcell.com\/","logo":{"@type":"ImageObject","inLanguage":"ca","@id":"https:\/\/sinorcell.com\/#\/schema\/logo\/image\/","url":"https:\/\/sinorcell.com\/www\/wp-content\/uploads\/2020\/11\/logo-sinorcell-svg.svg","contentUrl":"https:\/\/sinorcell.com\/www\/wp-content\/uploads\/2020\/11\/logo-sinorcell-svg.svg","width":420,"height":77,"caption":"SINORCELL"},"image":{"@id":"https:\/\/sinorcell.com\/#\/schema\/logo\/image\/"}}]}},"_links":{"self":[{"href":"https:\/\/sinorcell.com\/ca\/wp-json\/wp\/v2\/pages\/749"}],"collection":[{"href":"https:\/\/sinorcell.com\/ca\/wp-json\/wp\/v2\/pages"}],"about":[{"href":"https:\/\/sinorcell.com\/ca\/wp-json\/wp\/v2\/types\/page"}],"author":[{"embeddable":true,"href":"https:\/\/sinorcell.com\/ca\/wp-json\/wp\/v2\/users\/2"}],"replies":[{"embeddable":true,"href":"https:\/\/sinorcell.com\/ca\/wp-json\/wp\/v2\/comments?post=749"}],"version-history":[{"count":6,"href":"https:\/\/sinorcell.com\/ca\/wp-json\/wp\/v2\/pages\/749\/revisions"}],"predecessor-version":[{"id":7505,"href":"https:\/\/sinorcell.com\/ca\/wp-json\/wp\/v2\/pages\/749\/revisions\/7505"}],"wp:attachment":[{"href":"https:\/\/sinorcell.com\/ca\/wp-json\/wp\/v2\/media?parent=749"}],"curies":[{"name":"wp","href":"https:\/\/api.w.org\/{rel}","templated":true}]}}