{"id":757,"date":"2020-11-17T11:30:03","date_gmt":"2020-11-17T10:30:03","guid":{"rendered":"http:\/\/sinorcell.com\/www\/procesos-y-servicios\/"},"modified":"2025-04-29T06:29:27","modified_gmt":"2025-04-29T04:29:27","slug":"processos-i-serveis","status":"publish","type":"page","link":"https:\/\/sinorcell.com\/ca\/processos-i-serveis\/","title":{"rendered":"PROCESSOS I SERVEIS"},"content":{"rendered":"[vc_row full_width=&#8221;stretch_row&#8221; content_placement=&#8221;middle&#8221; css=&#8221;.vc_custom_1606755300562{background-image: url(http:\/\/sinorcell.com\/www\/wp-content\/uploads\/2020\/11\/banner-sinorcell-procesos-servicios.jpg?id=396) !important;background-position: center !important;background-repeat: no-repeat !important;background-size: cover !important;}&#8221;][vc_column][vc_empty_space height=&#8221;62px&#8221;][vc_column_text]\n<h4 style=\"text-align: center; font-size: 30px;\"><span class=\"white-text\">PROCESSOS I SERVEIS<br \/>\n<\/span><\/h4>\n[\/vc_column_text][vc_empty_space height=&#8221;62px&#8221;][\/vc_column][\/vc_row][vc_row][vc_column width=&#8221;1\/6&#8243;][\/vc_column][vc_column width=&#8221;2\/3&#8243;][vc_empty_space][vc_column_text]\n<h1 style=\"text-align: center; margin-bottom: 0px;\">ESPECIALISTES EN TALL DE BOBINA A FORMAT<\/h1>\n<p style=\"text-align: center;\"><span style=\"margin-top: -21px;\"><strong>SERVEI PROFESSIONAL PER INDUSTRIALS DEL CARTR\u00d3<\/strong><\/span><\/p>\n<p style=\"text-align: center;\">A Sinorcell podem garantir als nostres clients un servei industrial de qualitat. Basat en els professionals que treballen a la nostra planta productiva, amb una experi\u00e8ncia dilatada, renovada i actualitzada en tot moment. Evidentment, recolzant-nos en el nostre parc de maquin\u00e0ria d&#8217;\u00faltima generaci\u00f3 i tot aix\u00f2 gestionat per un equip d&#8217;administraci\u00f3 comercial i de planificaci\u00f3 totalment adequat i en contacte directe amb els nostres clients en tot moment. La perfecta sincronitzaci\u00f3 d&#8217;aquests elements, s\u00f3n els que ens permeten reduir el timming en els lliuraments, i tot i aix\u00ed, poder seguir oferint un servei de gran qualitat, efectivitat i seguretat per als nostres clients.<\/p>\n[\/vc_column_text][vc_empty_space height=&#8221;20px&#8221;][\/vc_column][vc_column width=&#8221;1\/6&#8243;][\/vc_column][\/vc_row][vc_row][vc_column][vc_empty_space height=&#8221;20px&#8221;][vc_text_separator title=&#8221;PROCESSOS&#8221;][vc_empty_space][vc_row_inner][vc_column_inner width=&#8221;1\/5&#8243;][vc_single_image image=&#8221;532&#8243; alignment=&#8221;center&#8221; img_hover=&#8221;opacity&#8221;][vc_column_text]\n<h6 style=\"text-align: center;\">CERTIFICATS POL\u00cdTICA DE QUALITAT<\/h6>\n[\/vc_column_text][\/vc_column_inner][vc_column_inner width=&#8221;1\/5&#8243;][vc_single_image image=&#8221;552&#8243; alignment=&#8221;center&#8221; img_hover=&#8221;opacity&#8221;][vc_column_text]\n<h6 style=\"text-align: center;\">IND\u00daSTRIA PRODUCCI\u00d3 BOBINES<\/h6>\n[\/vc_column_text][\/vc_column_inner][vc_column_inner width=&#8221;1\/5&#8243;][vc_single_image image=&#8221;548&#8243; alignment=&#8221;center&#8221; img_hover=&#8221;opacity&#8221;][vc_column_text]\n<h6 style=\"text-align: center;\">SINORCELL TALL A FORMAT<\/h6>\n[\/vc_column_text][\/vc_column_inner][vc_column_inner width=&#8221;1\/5&#8243;][vc_single_image image=&#8221;544&#8243; alignment=&#8221;center&#8221; img_hover=&#8221;opacity&#8221;][vc_column_text]\n<h6 style=\"text-align: center;\">DISTRIBUCI\u00d3 PALETS A MIDA<\/h6>\n[\/vc_column_text][\/vc_column_inner][vc_column_inner width=&#8221;1\/5&#8243;][vc_single_image image=&#8221;540&#8243; alignment=&#8221;center&#8221; img_hover=&#8221;opacity&#8221;][vc_column_text]\n<h6 style=\"text-align: center;\">IND\u00daSTRIA GR\u00c0FICA<\/h6>\n[\/vc_column_text][\/vc_column_inner][\/vc_row_inner][vc_empty_space height=&#8221;10px&#8221;][\/vc_column][\/vc_row][vc_row full_width=&#8221;stretch_row&#8221; css=&#8221;.vc_custom_1605714977729{background-color: #333333 !important;background-position: center !important;background-repeat: no-repeat !important;background-size: cover !important;}&#8221;][vc_column][vc_empty_space][vc_column_text]\n<p style=\"margin-bottom: 0px; text-align: center;\"><span style=\"color: #fff; font-size: 30px; font-weight: 200;\">Descobreix els nostres productes i descarrega&#8217;t les fitxes de producte<\/span><\/p>\n[\/vc_column_text][vc_empty_space height=&#8221;10px&#8221;]<div class=\"textcenter theme-button-wrap wpex-clr\"><a href=\"\/ca\/productes\/\" class=\"vcex-button theme-button align-center inline\"><span class=\"theme-button-inner\">PRODUCTES<\/span><\/a><\/div> [\/vc_column][\/vc_row][vc_row full_width=&#8221;stretch_row&#8221; css=&#8221;.vc_custom_1605714465618{background-color: #e1e1dd !important;background-position: center !important;background-repeat: no-repeat !important;background-size: cover !important;}&#8221;][vc_column][vc_empty_space][vc_column_text]\n<h4 style=\"margin-bottom: 0px; text-align: center;\">\u00c0REA COMERCIAL<\/h4>\n<p style=\"text-align: center;\">Estem presents en tota la geografia espanyola a m\u00e9s de Fran\u00e7a i Portugal.<br \/>\nEl nostre equip comercial est\u00e0 a disposici\u00f3 dels nostres clients per oferir-los el millor servei.<br \/>\n<span style=\"color: #333333; font-size: 14px;\"><strong>ZONA CATALUNYA | ZONA LEVANTE | ZONA MADRID | ZONA FRAN\u00c7A | ZONA PORTUGAL<\/strong><br \/>\n<\/span><\/p>\n[\/vc_column_text][vc_empty_space height=&#8221;10px&#8221;]<div class=\"textcenter theme-button-wrap wpex-clr\"><a href=\"\/ca\/contacte\/\" class=\"vcex-button theme-button align-center inline\"><span class=\"theme-button-inner\">CONTACTE<\/span><\/a><\/div> [vc_empty_space][\/vc_column][\/vc_row]\n","protected":false},"excerpt":{"rendered":"<p>[vc_row full_width=&#8221;stretch_row&#8221; content_placement=&#8221;middle&#8221; css=&#8221;.vc_custom_1606755300562{background-image: url(http:\/\/sinorcell.com\/www\/wp-content\/uploads\/2020\/11\/banner-sinorcell-procesos-servicios.jpg?id=396) !important;background-position: center !important;background-repeat: no-repeat !important;background-size: cover !important;}&#8221;][vc_column][vc_empty_space height=&#8221;62px&#8221;][vc_column_text] PROCESSOS I SERVEIS [\/vc_column_text][vc_empty_space height=&#8221;62px&#8221;][\/vc_column][\/vc_row][vc_row][vc_column width=&#8221;1\/6&#8243;][\/vc_column][vc_column width=&#8221;2\/3&#8243;][vc_empty_space][vc_column_text] ESPECIALISTES EN TALL DE BOBINA A FORMAT SERVEI PROFESSIONAL PER INDUSTRIALS DEL CARTR\u00d3 A Sinorcell podem garantir als nostres clients&hellip;<\/p>\n","protected":false},"author":2,"featured_media":0,"parent":0,"menu_order":0,"comment_status":"closed","ping_status":"closed","template":"","meta":{"inline_featured_image":false,"footnotes":""},"class_list":["post-757","page","type-page","status-publish","hentry","entry","no-media"],"yoast_head":"<!-- This site is optimized with the Yoast SEO plugin v25.2 - https:\/\/yoast.com\/wordpress\/plugins\/seo\/ -->\n<title>PROCESSOS I SERVEIS - Sinorcell<\/title>\n<meta name=\"robots\" content=\"index, follow, max-snippet:-1, max-image-preview:large, max-video-preview:-1\" \/>\n<link rel=\"canonical\" href=\"https:\/\/sinorcell.com\/ca\/processos-i-serveis\/\" \/>\n<meta property=\"og:locale\" content=\"ca_ES\" \/>\n<meta property=\"og:type\" content=\"article\" \/>\n<meta property=\"og:title\" content=\"PROCESSOS I SERVEIS - Sinorcell\" \/>\n<meta property=\"og:description\" content=\"[vc_row full_width=&#8221;stretch_row&#8221; content_placement=&#8221;middle&#8221; css=&#8221;.vc_custom_1606755300562{background-image: url(http:\/\/sinorcell.com\/www\/wp-content\/uploads\/2020\/11\/banner-sinorcell-procesos-servicios.jpg?id=396) !important;background-position: center !important;background-repeat: no-repeat !important;background-size: cover !important;}&#8221;][vc_column][vc_empty_space height=&#8221;62px&#8221;][vc_column_text] PROCESSOS I SERVEIS [\/vc_column_text][vc_empty_space height=&#8221;62px&#8221;][\/vc_column][\/vc_row][vc_row][vc_column width=&#8221;1\/6&#8243;][\/vc_column][vc_column width=&#8221;2\/3&#8243;][vc_empty_space][vc_column_text] ESPECIALISTES EN TALL DE BOBINA A FORMAT SERVEI PROFESSIONAL PER INDUSTRIALS DEL CARTR\u00d3 A Sinorcell podem garantir als nostres clients&hellip;\" \/>\n<meta property=\"og:url\" content=\"https:\/\/sinorcell.com\/ca\/processos-i-serveis\/\" \/>\n<meta property=\"og:site_name\" content=\"Sinorcell\" \/>\n<meta property=\"article:modified_time\" content=\"2025-04-29T04:29:27+00:00\" \/>\n<meta name=\"twitter:card\" content=\"summary_large_image\" \/>\n<meta name=\"twitter:label1\" content=\"Temps estimat de lectura\" \/>\n\t<meta name=\"twitter:data1\" content=\"2 minuts\" \/>\n<script type=\"application\/ld+json\" class=\"yoast-schema-graph\">{\"@context\":\"https:\/\/schema.org\",\"@graph\":[{\"@type\":\"WebPage\",\"@id\":\"https:\/\/sinorcell.com\/ca\/processos-i-serveis\/\",\"url\":\"https:\/\/sinorcell.com\/ca\/processos-i-serveis\/\",\"name\":\"PROCESSOS I SERVEIS - Sinorcell\",\"isPartOf\":{\"@id\":\"https:\/\/sinorcell.com\/#website\"},\"datePublished\":\"2020-11-17T10:30:03+00:00\",\"dateModified\":\"2025-04-29T04:29:27+00:00\",\"breadcrumb\":{\"@id\":\"https:\/\/sinorcell.com\/ca\/processos-i-serveis\/#breadcrumb\"},\"inLanguage\":\"ca\",\"potentialAction\":[{\"@type\":\"ReadAction\",\"target\":[\"https:\/\/sinorcell.com\/ca\/processos-i-serveis\/\"]}]},{\"@type\":\"BreadcrumbList\",\"@id\":\"https:\/\/sinorcell.com\/ca\/processos-i-serveis\/#breadcrumb\",\"itemListElement\":[{\"@type\":\"ListItem\",\"position\":1,\"name\":\"Portada\",\"item\":\"https:\/\/sinorcell.com\/pt-pt\/\"},{\"@type\":\"ListItem\",\"position\":2,\"name\":\"PROCESSOS I SERVEIS\"}]},{\"@type\":\"WebSite\",\"@id\":\"https:\/\/sinorcell.com\/#website\",\"url\":\"https:\/\/sinorcell.com\/\",\"name\":\"Sinorcell\",\"description\":\"Especialistas en el corte de bobina de cart\u00f3n\",\"publisher\":{\"@id\":\"https:\/\/sinorcell.com\/#organization\"},\"potentialAction\":[{\"@type\":\"SearchAction\",\"target\":{\"@type\":\"EntryPoint\",\"urlTemplate\":\"https:\/\/sinorcell.com\/?s={search_term_string}\"},\"query-input\":{\"@type\":\"PropertyValueSpecification\",\"valueRequired\":true,\"valueName\":\"search_term_string\"}}],\"inLanguage\":\"ca\"},{\"@type\":\"Organization\",\"@id\":\"https:\/\/sinorcell.com\/#organization\",\"name\":\"SINORCELL\",\"url\":\"https:\/\/sinorcell.com\/\",\"logo\":{\"@type\":\"ImageObject\",\"inLanguage\":\"ca\",\"@id\":\"https:\/\/sinorcell.com\/#\/schema\/logo\/image\/\",\"url\":\"https:\/\/sinorcell.com\/www\/wp-content\/uploads\/2020\/11\/logo-sinorcell-svg.svg\",\"contentUrl\":\"https:\/\/sinorcell.com\/www\/wp-content\/uploads\/2020\/11\/logo-sinorcell-svg.svg\",\"width\":420,\"height\":77,\"caption\":\"SINORCELL\"},\"image\":{\"@id\":\"https:\/\/sinorcell.com\/#\/schema\/logo\/image\/\"}}]}<\/script>\n<!-- \/ Yoast SEO plugin. -->","yoast_head_json":{"title":"PROCESSOS I SERVEIS - Sinorcell","robots":{"index":"index","follow":"follow","max-snippet":"max-snippet:-1","max-image-preview":"max-image-preview:large","max-video-preview":"max-video-preview:-1"},"canonical":"https:\/\/sinorcell.com\/ca\/processos-i-serveis\/","og_locale":"ca_ES","og_type":"article","og_title":"PROCESSOS I SERVEIS - Sinorcell","og_description":"[vc_row full_width=&#8221;stretch_row&#8221; content_placement=&#8221;middle&#8221; css=&#8221;.vc_custom_1606755300562{background-image: url(http:\/\/sinorcell.com\/www\/wp-content\/uploads\/2020\/11\/banner-sinorcell-procesos-servicios.jpg?id=396) !important;background-position: center !important;background-repeat: no-repeat !important;background-size: cover !important;}&#8221;][vc_column][vc_empty_space height=&#8221;62px&#8221;][vc_column_text] PROCESSOS I SERVEIS [\/vc_column_text][vc_empty_space height=&#8221;62px&#8221;][\/vc_column][\/vc_row][vc_row][vc_column width=&#8221;1\/6&#8243;][\/vc_column][vc_column width=&#8221;2\/3&#8243;][vc_empty_space][vc_column_text] ESPECIALISTES EN TALL DE BOBINA A FORMAT SERVEI PROFESSIONAL PER INDUSTRIALS DEL CARTR\u00d3 A Sinorcell podem garantir als nostres clients&hellip;","og_url":"https:\/\/sinorcell.com\/ca\/processos-i-serveis\/","og_site_name":"Sinorcell","article_modified_time":"2025-04-29T04:29:27+00:00","twitter_card":"summary_large_image","twitter_misc":{"Temps estimat de lectura":"2 minuts"},"schema":{"@context":"https:\/\/schema.org","@graph":[{"@type":"WebPage","@id":"https:\/\/sinorcell.com\/ca\/processos-i-serveis\/","url":"https:\/\/sinorcell.com\/ca\/processos-i-serveis\/","name":"PROCESSOS I SERVEIS - Sinorcell","isPartOf":{"@id":"https:\/\/sinorcell.com\/#website"},"datePublished":"2020-11-17T10:30:03+00:00","dateModified":"2025-04-29T04:29:27+00:00","breadcrumb":{"@id":"https:\/\/sinorcell.com\/ca\/processos-i-serveis\/#breadcrumb"},"inLanguage":"ca","potentialAction":[{"@type":"ReadAction","target":["https:\/\/sinorcell.com\/ca\/processos-i-serveis\/"]}]},{"@type":"BreadcrumbList","@id":"https:\/\/sinorcell.com\/ca\/processos-i-serveis\/#breadcrumb","itemListElement":[{"@type":"ListItem","position":1,"name":"Portada","item":"https:\/\/sinorcell.com\/pt-pt\/"},{"@type":"ListItem","position":2,"name":"PROCESSOS I SERVEIS"}]},{"@type":"WebSite","@id":"https:\/\/sinorcell.com\/#website","url":"https:\/\/sinorcell.com\/","name":"Sinorcell","description":"Especialistas en el corte de bobina de cart\u00f3n","publisher":{"@id":"https:\/\/sinorcell.com\/#organization"},"potentialAction":[{"@type":"SearchAction","target":{"@type":"EntryPoint","urlTemplate":"https:\/\/sinorcell.com\/?s={search_term_string}"},"query-input":{"@type":"PropertyValueSpecification","valueRequired":true,"valueName":"search_term_string"}}],"inLanguage":"ca"},{"@type":"Organization","@id":"https:\/\/sinorcell.com\/#organization","name":"SINORCELL","url":"https:\/\/sinorcell.com\/","logo":{"@type":"ImageObject","inLanguage":"ca","@id":"https:\/\/sinorcell.com\/#\/schema\/logo\/image\/","url":"https:\/\/sinorcell.com\/www\/wp-content\/uploads\/2020\/11\/logo-sinorcell-svg.svg","contentUrl":"https:\/\/sinorcell.com\/www\/wp-content\/uploads\/2020\/11\/logo-sinorcell-svg.svg","width":420,"height":77,"caption":"SINORCELL"},"image":{"@id":"https:\/\/sinorcell.com\/#\/schema\/logo\/image\/"}}]}},"_links":{"self":[{"href":"https:\/\/sinorcell.com\/ca\/wp-json\/wp\/v2\/pages\/757"}],"collection":[{"href":"https:\/\/sinorcell.com\/ca\/wp-json\/wp\/v2\/pages"}],"about":[{"href":"https:\/\/sinorcell.com\/ca\/wp-json\/wp\/v2\/types\/page"}],"author":[{"embeddable":true,"href":"https:\/\/sinorcell.com\/ca\/wp-json\/wp\/v2\/users\/2"}],"replies":[{"embeddable":true,"href":"https:\/\/sinorcell.com\/ca\/wp-json\/wp\/v2\/comments?post=757"}],"version-history":[{"count":7,"href":"https:\/\/sinorcell.com\/ca\/wp-json\/wp\/v2\/pages\/757\/revisions"}],"predecessor-version":[{"id":7519,"href":"https:\/\/sinorcell.com\/ca\/wp-json\/wp\/v2\/pages\/757\/revisions\/7519"}],"wp:attachment":[{"href":"https:\/\/sinorcell.com\/ca\/wp-json\/wp\/v2\/media?parent=757"}],"curies":[{"name":"wp","href":"https:\/\/api.w.org\/{rel}","templated":true}]}}