{"id":768,"date":"2020-11-23T18:58:33","date_gmt":"2020-11-23T17:58:33","guid":{"rendered":"http:\/\/sinorcell.com\/www\/politica-de-cookies\/"},"modified":"2024-07-11T10:14:38","modified_gmt":"2024-07-11T08:14:38","slug":"politica-de-cookies","status":"publish","type":"page","link":"https:\/\/sinorcell.com\/ca\/politica-de-cookies\/","title":{"rendered":"Pol\u00edtica de cookies"},"content":{"rendered":"[vc_row][vc_column][vc_column_text]\n<h1>Pol\u00edtica de Cookies<\/h1>\n<h3>Qu\u00e8 s\u00f3n les cookies?<\/h3>\n<p>Una galeta \u00e9s un fitxer que es descarrega al seu ordinador a l&#8217;accedir a determinades p\u00e0gines web. Les cookies permeten a una p\u00e0gina web, entre altres coses, emmagatzemar i recuperar informaci\u00f3 sobre els h\u00e0bits de navegaci\u00f3 d&#8217;un usuari o del seu equip i, depenent de la informaci\u00f3 que continguin i de la forma en qu\u00e8 utilitzi el seu equip, es poden utilitzar per recon\u00e8ixer a l&#8217;usuari.<\/p>\n<h3>Qui fa servir la informaci\u00f3 emmagatzemada a les cookies?<\/h3>\n<p>La informaci\u00f3 emmagatzemada en les galetes del nostre lloc web \u00e9s usada exclusivament per nosaltres, a excepci\u00f3 de la de Google Analytics, que \u00e9s usada i gestionada per Google i per nosaltres amb fins estad\u00edstics.<\/p>\n<h3>Quins tipus de cookies utilitza aquesta p\u00e0gina web?<\/h3>\n<p><strong>Galetes d&#8217;an\u00e0lisi: <\/strong> S\u00f3n aquelles que ben tractades per nosaltres o per tercers, ens permeten quantificar el nombre d&#8217;usuaris i aix\u00ed realitzar el mesurament i an\u00e0lisi estad\u00edstica de la utilitzaci\u00f3 que fan els usuaris de el servei ofert. Per aix\u00f2 s&#8217;analitza la seva navegaci\u00f3 a la nostra p\u00e0gina web per tal de millorar l&#8217;oferta de productes o serveis que li oferim.<\/p>\n<p><strong><u>Av\u00eds de galetes i idioma:<\/u><\/strong><\/p>\n<ul>\n<li><strong>viewed_cookie_policy<\/strong>\u00a0(propia)<\/li>\n<li>Serveix per indicar que s&#8217;ha mostrat l&#8217;av\u00eds de cookies<\/li>\n<li>El proveeix la pr\u00f2pia web<\/li>\n<li>T\u00e9\u00a0<strong>un any<\/strong>de durada<\/li>\n<li><strong>\u00a0pll_language<\/strong>\u00a0(propia)<\/li>\n<li>Serveix per con\u00e8ixer l&#8217;idioma actual dins de l&#8217;aplicaci\u00f3<\/li>\n<li>El proveeix la pr\u00f2pia web<\/li>\n<li>T\u00e9 <strong>un any<\/strong>de durada<\/li>\n<\/ul>\n<p><strong><u>Google Analytics:<\/u><\/strong><\/p>\n<ul>\n<li><strong>_ga<\/strong>\u00a0(tercers)<\/li>\n<li>Serveix per recopilar estad\u00edstiques an\u00f2nimes al web.<\/li>\n<li>Les proveeix Google<\/li>\n<li>T\u00e9 <strong>dos anys<\/strong>de durada<\/li>\n<\/ul>\n<p>Aquestes galetes s&#8217;utilitzen per recollir informaci\u00f3 sobre l&#8217;\u00fas del nostre lloc web per part dels visitants. Les cookies recopilen informaci\u00f3 de forma an\u00f2nima, i elaborar informes de tend\u00e8ncies de visites sense identificar a usuaris individuals.<\/p>\n<p><strong><u>Cookies publicit\u00e0ries:<\/u><\/strong><\/p>\n<ul>\n<li><strong>_gwcc<\/strong>(tercers)<\/li>\n<\/ul>\n<ol>\n<li>Serveix per fer un seguiment de les trucades telef\u00f2niques realitzades.<\/li>\n<li>El proveeix Google.<\/li>\n<li>T\u00e9 una duraci\u00f3 de<strong>3 mesos.<\/strong><\/li>\n<\/ol>\n<ul>\n<li>Xarxes socials: <span class=\"VIiyi\" lang=\"ca\"><span class=\"JLqJ4b\" data-language-for-alternatives=\"ca\" data-language-to-translate-into=\"es\" data-phrase-index=\"0\">Cada xarxa social utilitza les seves cookies pr\u00f2pies\u00a0 per que vost\u00e8 pugui clickar els botons del tipus<\/span><\/span><em><span class=\"VIiyi\" lang=\"ca\"><span class=\"JLqJ4b\" data-language-for-alternatives=\"ca\" data-language-to-translate-into=\"es\" data-phrase-index=\"0\"> M&#8217;agrada o Compartir<\/span><\/span><\/em><\/li>\n<\/ul>\n<p><span class=\"VIiyi\" lang=\"ca\"><span class=\"JLqJ4b\" data-language-for-alternatives=\"ca\" data-language-to-translate-into=\"es\" data-phrase-index=\"0\">S\u00f3n aquelles que, ben tractades per nosaltres o per tercers, ens permeten gestionar de la forma m\u00e9s efica\u00e7 possible l&#8217;oferta dels espais publicitaris que hi ha a la p\u00e0gina web, adequant el contingut de l&#8217;anunci a l&#8217;contingut de l&#8217;servei sol\u00b7licitat o a l&#8217;\u00fas que faci de la nostra p\u00e0gina web. Per a aix\u00f2 podem analitzar els seus h\u00e0bits de navegaci\u00f3 a Internet i podem mostrar publicitat relacionada amb el seu perfil de navegaci\u00f3.<\/span><\/span><\/p>\n<p><span class=\"VIiyi\" lang=\"ca\"><span class=\"JLqJ4b\" data-language-for-alternatives=\"ca\" data-language-to-translate-into=\"es\" data-phrase-index=\"0\">Aquesta p\u00e0gina web utilitza l&#8217;eina de rem\u00e0rqueting de Google Adwords. Aquesta eina permet publicar a la Xarxa de contingut de Google anuncis basats en visites anteriors d&#8217;usuaris al nostre web. Pel que fa a les galetes de rem\u00e0rqueting, l&#8217;usuari pot desactivar l&#8217;\u00fas de cookies de Google, visitant la p\u00e0gina d&#8217;inhabilitaci\u00f3 de publicitat de Google. L&#8217;usuari t\u00e9 m\u00e9s informaci\u00f3 al seg\u00fcent enlla\u00e7:<\/span><\/span><\/p>\n<p><a href=\"http:\/\/www.google.es\/intl\/es\/policies\/technologies\/ads\/\">http:\/\/www.google.es\/intl\/es\/policies\/technologies\/ads\/<\/a><\/p>\n<p>&nbsp;<\/p>\n<h3>Gesti\u00f3 de cookies.<\/h3>\n<p><span class=\"VIiyi\" lang=\"ca\"><span class=\"JLqJ4b\" data-language-for-alternatives=\"ca\" data-language-to-translate-into=\"es\" data-phrase-index=\"0\">Vost\u00e8 pot permetre, bloquejar o eliminar les cookies instal\u00b7lades en el seu equip mitjan\u00e7ant la configuraci\u00f3 de les opcions de el navegador que utilitzi en el seu terminal o dispositiu. Els passos per fer-ho s\u00f3n diferents en cada navegador. <\/span><\/span><\/p>\n<p><span class=\"VIiyi\" lang=\"ca\"><span class=\"JLqJ4b\" data-language-for-alternatives=\"ca\" data-language-to-translate-into=\"es\" data-phrase-index=\"0\">En cas que no permeti la instal\u00b7laci\u00f3 de cookies, \u00e9s possible que no pugui accedir a totes les seccions de la present p\u00e0gina web o no pugui utilitzar totes les funcionalitats que li ofereix aquesta p\u00e0gina web. <\/span><\/span><\/p>\n<p><span class=\"VIiyi\" lang=\"ca\"><span class=\"JLqJ4b\" data-language-for-alternatives=\"ca\" data-language-to-translate-into=\"es\" data-phrase-index=\"0\">Aqu\u00ed us expliquem els enlla\u00e7os a diferents navegadors on trobar\u00e0 les instruccions per poder controlar les galetes que s&#8217;emmagatzemen en el seu equip depenent del navegador que utilitzi.<\/span><\/span><\/p>\n<p>&nbsp;<\/p>\n<p><strong>Google Chrome<\/strong><br \/>\n<a href=\"https:\/\/support.google.com\/chrome\/answer\/95647?p=cpn_cookies&amp;rd=1\">https:\/\/support.google.com\/chrome\/answer\/95647?p=cpn_cookies&amp;rd=1<\/a><\/p>\n<p><strong>Windows Internet Explorer 7 y Windows Internet Explorer 8<\/strong><br \/>\n<a href=\"http:\/\/windows.microsoft.com\/es-es\/windows-vista\/block-or-allow-cookies\">http:\/\/windows.microsoft.com\/es-es\/windows-vista\/block-or-allow-cookies<\/a><\/p>\n<p><strong>Mozilla Firefox<\/strong><br \/>\n<a href=\"http:\/\/support.mozilla.org\/es\/kb\/habilitar-y-deshabilitar-cookies-que-los-sitios-we\">http:\/\/support.mozilla.org\/es\/kb\/habilitar-y-deshabilitar-cookies-que-los-sitios-we<\/a><\/p>\n<p><strong>Opera<\/strong><br \/>\n<a href=\"http:\/\/help.opera.com\/Linux\/10.60\/es-ES\/cookies.html\">http:\/\/help.opera.com\/Linux\/10.60\/es-ES\/cookies.html<\/a><\/p>\n<p><span class=\"VIiyi\" lang=\"ca\"><span class=\"JLqJ4b\" data-language-for-alternatives=\"ca\" data-language-to-translate-into=\"es\" data-phrase-index=\"0\">Recordeu que el bloqueig de galetes pot afectar totes o algunes de les funcionalitats del nostre web.<\/span><\/span><\/p>\n<h3><strong><br \/>\n<\/strong>Canvis a la pol\u00edtica de cookies<\/h3>\n<p><span class=\"VIiyi\" lang=\"ca\"><span class=\"JLqJ4b\" data-language-for-alternatives=\"ca\" data-language-to-translate-into=\"es\" data-phrase-index=\"0\">Aquesta web pot ser modificada, i en conseq\u00fc\u00e8ncia, ser necessari modificar la present Pol\u00edtica de Cookies, tamb\u00e9 pot ser necessari canviar la mateixa causa de modificacions o exig\u00e8ncies legals, pel que aconsellem als usuaris que la consultin peri\u00f2dicament. <\/span><\/span><\/p>\n<p><span class=\"VIiyi\" lang=\"ca\"><span class=\"JLqJ4b\" data-language-for-alternatives=\"ca\" data-language-to-translate-into=\"es\" data-phrase-index=\"0\">En el cas que els canvis siguin significatius, la nova Pol\u00edtica de Cookies es comunicar\u00e0 als usuaris mitjan\u00e7ant un av\u00eds en la present web.<\/span><\/span><\/p>\n[\/vc_column_text][\/vc_column][\/vc_row]\n","protected":false},"excerpt":{"rendered":"<p>[vc_row][vc_column][vc_column_text] Pol\u00edtica de Cookies Qu\u00e8 s\u00f3n les cookies? Una galeta \u00e9s un fitxer que es descarrega al seu ordinador a l&#8217;accedir a determinades p\u00e0gines web. Les cookies permeten a una p\u00e0gina web, entre altres coses, emmagatzemar i recuperar informaci\u00f3 sobre&hellip;<\/p>\n","protected":false},"author":2,"featured_media":0,"parent":0,"menu_order":0,"comment_status":"closed","ping_status":"closed","template":"","meta":{"inline_featured_image":false,"footnotes":""},"class_list":["post-768","page","type-page","status-publish","hentry","entry","no-media"],"yoast_head":"<!-- This site is optimized with the Yoast SEO plugin v25.2 - https:\/\/yoast.com\/wordpress\/plugins\/seo\/ -->\n<title>Pol\u00edtica de cookies - Sinorcell<\/title>\n<meta name=\"robots\" content=\"index, follow, max-snippet:-1, max-image-preview:large, max-video-preview:-1\" \/>\n<link rel=\"canonical\" href=\"https:\/\/sinorcell.com\/politica-de-cookies\/\" \/>\n<meta property=\"og:locale\" content=\"ca_ES\" \/>\n<meta property=\"og:type\" content=\"article\" \/>\n<meta property=\"og:title\" content=\"Pol\u00edtica de cookies - Sinorcell\" \/>\n<meta property=\"og:description\" content=\"[vc_row][vc_column][vc_column_text] Pol\u00edtica de Cookies Qu\u00e8 s\u00f3n les cookies? Una galeta \u00e9s un fitxer que es descarrega al seu ordinador a l&#8217;accedir a determinades p\u00e0gines web. Les cookies permeten a una p\u00e0gina web, entre altres coses, emmagatzemar i recuperar informaci\u00f3 sobre&hellip;\" \/>\n<meta property=\"og:url\" content=\"https:\/\/sinorcell.com\/politica-de-cookies\/\" \/>\n<meta property=\"og:site_name\" content=\"Sinorcell\" \/>\n<meta property=\"article:modified_time\" content=\"2024-07-11T08:14:38+00:00\" \/>\n<meta name=\"twitter:card\" content=\"summary_large_image\" \/>\n<meta name=\"twitter:label1\" content=\"Temps estimat de lectura\" \/>\n\t<meta name=\"twitter:data1\" content=\"4 minuts\" \/>\n<script type=\"application\/ld+json\" class=\"yoast-schema-graph\">{\"@context\":\"https:\/\/schema.org\",\"@graph\":[{\"@type\":\"WebPage\",\"@id\":\"https:\/\/sinorcell.com\/politica-de-cookies\/\",\"url\":\"https:\/\/sinorcell.com\/politica-de-cookies\/\",\"name\":\"Pol\u00edtica de cookies - Sinorcell\",\"isPartOf\":{\"@id\":\"https:\/\/sinorcell.com\/#website\"},\"datePublished\":\"2020-11-23T17:58:33+00:00\",\"dateModified\":\"2024-07-11T08:14:38+00:00\",\"breadcrumb\":{\"@id\":\"https:\/\/sinorcell.com\/politica-de-cookies\/#breadcrumb\"},\"inLanguage\":\"ca\",\"potentialAction\":[{\"@type\":\"ReadAction\",\"target\":[\"https:\/\/sinorcell.com\/politica-de-cookies\/\"]}]},{\"@type\":\"BreadcrumbList\",\"@id\":\"https:\/\/sinorcell.com\/politica-de-cookies\/#breadcrumb\",\"itemListElement\":[{\"@type\":\"ListItem\",\"position\":1,\"name\":\"Portada\",\"item\":\"https:\/\/sinorcell.com\/pt-pt\/\"},{\"@type\":\"ListItem\",\"position\":2,\"name\":\"Pol\u00edtica de cookies\"}]},{\"@type\":\"WebSite\",\"@id\":\"https:\/\/sinorcell.com\/#website\",\"url\":\"https:\/\/sinorcell.com\/\",\"name\":\"Sinorcell\",\"description\":\"Especialistas en el corte de bobina de cart\u00f3n\",\"publisher\":{\"@id\":\"https:\/\/sinorcell.com\/#organization\"},\"potentialAction\":[{\"@type\":\"SearchAction\",\"target\":{\"@type\":\"EntryPoint\",\"urlTemplate\":\"https:\/\/sinorcell.com\/?s={search_term_string}\"},\"query-input\":{\"@type\":\"PropertyValueSpecification\",\"valueRequired\":true,\"valueName\":\"search_term_string\"}}],\"inLanguage\":\"ca\"},{\"@type\":\"Organization\",\"@id\":\"https:\/\/sinorcell.com\/#organization\",\"name\":\"SINORCELL\",\"url\":\"https:\/\/sinorcell.com\/\",\"logo\":{\"@type\":\"ImageObject\",\"inLanguage\":\"ca\",\"@id\":\"https:\/\/sinorcell.com\/#\/schema\/logo\/image\/\",\"url\":\"https:\/\/sinorcell.com\/www\/wp-content\/uploads\/2020\/11\/logo-sinorcell-svg.svg\",\"contentUrl\":\"https:\/\/sinorcell.com\/www\/wp-content\/uploads\/2020\/11\/logo-sinorcell-svg.svg\",\"width\":420,\"height\":77,\"caption\":\"SINORCELL\"},\"image\":{\"@id\":\"https:\/\/sinorcell.com\/#\/schema\/logo\/image\/\"}}]}<\/script>\n<!-- \/ Yoast SEO plugin. -->","yoast_head_json":{"title":"Pol\u00edtica de cookies - Sinorcell","robots":{"index":"index","follow":"follow","max-snippet":"max-snippet:-1","max-image-preview":"max-image-preview:large","max-video-preview":"max-video-preview:-1"},"canonical":"https:\/\/sinorcell.com\/politica-de-cookies\/","og_locale":"ca_ES","og_type":"article","og_title":"Pol\u00edtica de cookies - Sinorcell","og_description":"[vc_row][vc_column][vc_column_text] Pol\u00edtica de Cookies Qu\u00e8 s\u00f3n les cookies? Una galeta \u00e9s un fitxer que es descarrega al seu ordinador a l&#8217;accedir a determinades p\u00e0gines web. Les cookies permeten a una p\u00e0gina web, entre altres coses, emmagatzemar i recuperar informaci\u00f3 sobre&hellip;","og_url":"https:\/\/sinorcell.com\/politica-de-cookies\/","og_site_name":"Sinorcell","article_modified_time":"2024-07-11T08:14:38+00:00","twitter_card":"summary_large_image","twitter_misc":{"Temps estimat de lectura":"4 minuts"},"schema":{"@context":"https:\/\/schema.org","@graph":[{"@type":"WebPage","@id":"https:\/\/sinorcell.com\/politica-de-cookies\/","url":"https:\/\/sinorcell.com\/politica-de-cookies\/","name":"Pol\u00edtica de cookies - Sinorcell","isPartOf":{"@id":"https:\/\/sinorcell.com\/#website"},"datePublished":"2020-11-23T17:58:33+00:00","dateModified":"2024-07-11T08:14:38+00:00","breadcrumb":{"@id":"https:\/\/sinorcell.com\/politica-de-cookies\/#breadcrumb"},"inLanguage":"ca","potentialAction":[{"@type":"ReadAction","target":["https:\/\/sinorcell.com\/politica-de-cookies\/"]}]},{"@type":"BreadcrumbList","@id":"https:\/\/sinorcell.com\/politica-de-cookies\/#breadcrumb","itemListElement":[{"@type":"ListItem","position":1,"name":"Portada","item":"https:\/\/sinorcell.com\/pt-pt\/"},{"@type":"ListItem","position":2,"name":"Pol\u00edtica de cookies"}]},{"@type":"WebSite","@id":"https:\/\/sinorcell.com\/#website","url":"https:\/\/sinorcell.com\/","name":"Sinorcell","description":"Especialistas en el corte de bobina de cart\u00f3n","publisher":{"@id":"https:\/\/sinorcell.com\/#organization"},"potentialAction":[{"@type":"SearchAction","target":{"@type":"EntryPoint","urlTemplate":"https:\/\/sinorcell.com\/?s={search_term_string}"},"query-input":{"@type":"PropertyValueSpecification","valueRequired":true,"valueName":"search_term_string"}}],"inLanguage":"ca"},{"@type":"Organization","@id":"https:\/\/sinorcell.com\/#organization","name":"SINORCELL","url":"https:\/\/sinorcell.com\/","logo":{"@type":"ImageObject","inLanguage":"ca","@id":"https:\/\/sinorcell.com\/#\/schema\/logo\/image\/","url":"https:\/\/sinorcell.com\/www\/wp-content\/uploads\/2020\/11\/logo-sinorcell-svg.svg","contentUrl":"https:\/\/sinorcell.com\/www\/wp-content\/uploads\/2020\/11\/logo-sinorcell-svg.svg","width":420,"height":77,"caption":"SINORCELL"},"image":{"@id":"https:\/\/sinorcell.com\/#\/schema\/logo\/image\/"}}]}},"_links":{"self":[{"href":"https:\/\/sinorcell.com\/ca\/wp-json\/wp\/v2\/pages\/768"}],"collection":[{"href":"https:\/\/sinorcell.com\/ca\/wp-json\/wp\/v2\/pages"}],"about":[{"href":"https:\/\/sinorcell.com\/ca\/wp-json\/wp\/v2\/types\/page"}],"author":[{"embeddable":true,"href":"https:\/\/sinorcell.com\/ca\/wp-json\/wp\/v2\/users\/2"}],"replies":[{"embeddable":true,"href":"https:\/\/sinorcell.com\/ca\/wp-json\/wp\/v2\/comments?post=768"}],"version-history":[{"count":2,"href":"https:\/\/sinorcell.com\/ca\/wp-json\/wp\/v2\/pages\/768\/revisions"}],"predecessor-version":[{"id":770,"href":"https:\/\/sinorcell.com\/ca\/wp-json\/wp\/v2\/pages\/768\/revisions\/770"}],"wp:attachment":[{"href":"https:\/\/sinorcell.com\/ca\/wp-json\/wp\/v2\/media?parent=768"}],"curies":[{"name":"wp","href":"https:\/\/api.w.org\/{rel}","templated":true}]}}