{"id":777,"date":"2020-11-17T11:30:25","date_gmt":"2020-11-17T10:30:25","guid":{"rendered":"http:\/\/sinorcell.com\/www\/proveedores\/"},"modified":"2025-10-20T06:39:59","modified_gmt":"2025-10-20T04:39:59","slug":"proveidors","status":"publish","type":"page","link":"https:\/\/sinorcell.com\/ca\/proveidors\/","title":{"rendered":"PROVE\u00cfDORS"},"content":{"rendered":"[vc_row full_width=&#8221;stretch_row&#8221; content_placement=&#8221;middle&#8221; css=&#8221;.vc_custom_1606756115981{background-image: url(http:\/\/sinorcell.com\/www\/wp-content\/uploads\/2020\/11\/banner-sinorcell-proveedores.jpg?id=398) !important;background-position: center !important;background-repeat: no-repeat !important;background-size: cover !important;}&#8221;][vc_column][vc_empty_space height=&#8221;62px&#8221;][vc_column_text]\n<h4 style=\"text-align: center; font-size: 30px;\"><span class=\"white-text\">PROVE\u00cfDORS<br \/>\n<\/span><\/h4>\n[\/vc_column_text][vc_empty_space height=&#8221;62px&#8221;][\/vc_column][\/vc_row][vc_row][vc_column width=&#8221;1\/6&#8243;][\/vc_column][vc_column width=&#8221;2\/3&#8243;][vc_empty_space][vc_column_text]\n<h1 style=\"text-align: center; margin-bottom: 0px;\">LA MILLOR QUALITAT DEL MERCAT<\/h1>\n<p style=\"text-align: center;\"><span style=\"margin-top: -21px;\"><strong>TREBALLEM AMB ELS MILLORS PROVE\u00cfDORS I PROFESSIONALS DE CARTR\u00d3 DEL MERCAT INTERNACIONAL<\/strong><\/span><\/p>\n<p style=\"text-align: center;\">Els millors fabricants de Cartr\u00f3 ens avalen i proporcionen les millors qualitats disponibles al mercat internacional. Kraft, Foldings, Cartolines, Reciclats, Materials Especials amb tractaments en PE, PLA, COMPOSTABLES, etc.<\/p>\n[\/vc_column_text][vc_empty_space height=&#8221;20px&#8221;][\/vc_column][vc_column width=&#8221;1\/6&#8243;][\/vc_column][\/vc_row][vc_row][vc_column][vc_empty_space height=&#8221;20px&#8221;][vc_text_separator title=&#8221;PROVE\u00cfDORS PRINCIPALS&#8221;][vc_empty_space]<div class=\"vcex-module wpex-carousel wpex-carousel-images wpex-clr owl-carousel\" data-wpex-carousel=\"{&quot;nav&quot;:false,&quot;dots&quot;:true,&quot;autoplay&quot;:true,&quot;loop&quot;:true,&quot;center&quot;:false,&quot;smartSpeed&quot;:250,&quot;items&quot;:4,&quot;slideBy&quot;:1,&quot;autoplayTimeout&quot;:5000,&quot;margin&quot;:15,&quot;itemsTablet&quot;:3,&quot;itemsMobileLandscape&quot;:2,&quot;itemsMobilePortrait&quot;:1,&quot;autoWidth&quot;:false,&quot;autoHeight&quot;:false}\"><div class=\"wpex-carousel-slide textcenter\"><figure class=\"wpex-carousel-entry-media entry-media wpex-mb-20\"><a href=\"https:\/\/www.smurfitkappa.com\/es\" class=\"wpex-carousel-entry-img\" target=\"_blank\"><img loading=\"lazy\" decoding=\"async\" data-no-lazy=\"1\" class=\"wpex-align-middle skip-lazy\" src=\"https:\/\/sinorcell.com\/www\/wp-content\/uploads\/2024\/08\/LOGOS-SINORCELL-PROVEEDORES-2024_0001_Capa-1-200x112.jpg\" alt=\"\" width=\"200\" height=\"112\" \/><\/a><\/figure><\/div><div class=\"wpex-carousel-slide textcenter\"><figure class=\"wpex-carousel-entry-media entry-media wpex-mb-20\"><a href=\"https:\/\/www.weig-karton.de\/en\/\" class=\"wpex-carousel-entry-img\" target=\"_blank\"><img loading=\"lazy\" decoding=\"async\" data-no-lazy=\"1\" class=\"wpex-align-middle skip-lazy\" src=\"https:\/\/sinorcell.com\/www\/wp-content\/uploads\/2024\/08\/LOGOS-SINORCELL-PROVEEDORES-2024_0000_weig-logo-kompakt-200x112.jpg\" alt=\"\" width=\"200\" height=\"112\" \/><\/a><\/figure><\/div><div class=\"wpex-carousel-slide textcenter\"><figure class=\"wpex-carousel-entry-media entry-media wpex-mb-20\"><a href=\"https:\/\/www.storaenso.com\/\" class=\"wpex-carousel-entry-img\" target=\"_blank\"><img loading=\"lazy\" decoding=\"async\" data-no-lazy=\"1\" class=\"wpex-align-middle skip-lazy\" src=\"https:\/\/sinorcell.com\/www\/wp-content\/uploads\/2024\/08\/LOGOS-SINORCELL-PROVEEDORES-2024_0004_StoraEnso1721217394-200x112.jpg\" alt=\"\" width=\"200\" height=\"112\" \/><\/a><\/figure><\/div><div class=\"wpex-carousel-slide textcenter\"><figure class=\"wpex-carousel-entry-media entry-media wpex-mb-20\"><a href=\"https:\/\/klabin.com.br\/es\/\" class=\"wpex-carousel-entry-img\" target=\"_blank\"><img loading=\"lazy\" decoding=\"async\" data-no-lazy=\"1\" class=\"wpex-align-middle skip-lazy\" src=\"https:\/\/sinorcell.com\/www\/wp-content\/uploads\/2024\/08\/LOGOS-SINORCELL-PROVEEDORES-2024_0003_klabin1721217393-200x112.jpg\" alt=\"\" width=\"200\" height=\"112\" \/><\/a><\/figure><\/div><\/div>[vc_empty_space height=&#8221;10px&#8221;][\/vc_column][\/vc_row][vc_row full_width=&#8221;stretch_row&#8221; css=&#8221;.vc_custom_1605714977729{background-color: #333333 !important;background-position: center !important;background-repeat: no-repeat !important;background-size: cover !important;}&#8221;][vc_column][vc_empty_space][vc_column_text]\n<p style=\"margin-bottom: 0px; text-align: center;\"><span style=\"color: #fff; font-size: 30px; font-weight: 200;\">Descobreix els nostres productes i descarrega&#8217;t les fitxes de producte<\/span><\/p>\n[\/vc_column_text][vc_empty_space height=&#8221;10px&#8221;]<div class=\"textcenter theme-button-wrap wpex-clr\"><a href=\"http:\/\/sinorcell.com\/www\/productos\/\" class=\"vcex-button theme-button align-center inline\"><span class=\"theme-button-inner\">PRODUCTOS<\/span><\/a><\/div> [\/vc_column][\/vc_row][vc_row full_width=&#8221;stretch_row&#8221; css=&#8221;.vc_custom_1605714465618{background-color: #e1e1dd !important;background-position: center !important;background-repeat: no-repeat !important;background-size: cover !important;}&#8221;][vc_column][vc_empty_space][vc_column_text]\n<h4 style=\"margin-bottom: 0px; text-align: center;\">\u00c0REA COMERCIAL<\/h4>\n<p style=\"text-align: center;\">Estem presents en tota la geografia espanyola a m\u00e9s de Fran\u00e7a i Portugal.<br \/>\nEl nostre equip comercial est\u00e0 a disposici\u00f3 dels nostres clients per oferir-los el millor servei.<br \/>\n<span style=\"color: #333333; font-size: 14px;\"><strong>ZONA CATALUNYA | ZONA LEVANTE | ZONA MADRID | ZONA FRAN\u00c7A | ZONA PORTUGAL<\/strong><br \/>\n<\/span><\/p>\n[\/vc_column_text][vc_empty_space height=&#8221;10px&#8221;]<div class=\"textcenter theme-button-wrap wpex-clr\"><a href=\"\/ca\/zona-comercial\/\" class=\"vcex-button theme-button align-center inline\"><span class=\"theme-button-inner\">CONTACTE<\/span><\/a><\/div> [vc_empty_space][\/vc_column][\/vc_row]\n","protected":false},"excerpt":{"rendered":"<p>[vc_row full_width=&#8221;stretch_row&#8221; content_placement=&#8221;middle&#8221; css=&#8221;.vc_custom_1606756115981{background-image: url(http:\/\/sinorcell.com\/www\/wp-content\/uploads\/2020\/11\/banner-sinorcell-proveedores.jpg?id=398) !important;background-position: center !important;background-repeat: no-repeat !important;background-size: cover !important;}&#8221;][vc_column][vc_empty_space height=&#8221;62px&#8221;][vc_column_text] PROVE\u00cfDORS [\/vc_column_text][vc_empty_space height=&#8221;62px&#8221;][\/vc_column][\/vc_row][vc_row][vc_column width=&#8221;1\/6&#8243;][\/vc_column][vc_column width=&#8221;2\/3&#8243;][vc_empty_space][vc_column_text] LA MILLOR QUALITAT DEL MERCAT TREBALLEM AMB ELS MILLORS PROVE\u00cfDORS I PROFESSIONALS DE CARTR\u00d3 DEL MERCAT INTERNACIONAL Els millors fabricants de Cartr\u00f3&hellip;<\/p>\n","protected":false},"author":2,"featured_media":0,"parent":0,"menu_order":0,"comment_status":"closed","ping_status":"closed","template":"","meta":{"inline_featured_image":false,"footnotes":""},"class_list":["post-777","page","type-page","status-publish","hentry","entry","no-media"],"yoast_head":"<!-- This site is optimized with the Yoast SEO plugin v25.2 - https:\/\/yoast.com\/wordpress\/plugins\/seo\/ -->\n<title>PROVE\u00cfDORS - Sinorcell<\/title>\n<meta name=\"robots\" content=\"index, follow, max-snippet:-1, max-image-preview:large, max-video-preview:-1\" \/>\n<link rel=\"canonical\" href=\"https:\/\/sinorcell.com\/ca\/proveidors\/\" \/>\n<meta property=\"og:locale\" content=\"ca_ES\" \/>\n<meta property=\"og:type\" content=\"article\" \/>\n<meta property=\"og:title\" content=\"PROVE\u00cfDORS - Sinorcell\" \/>\n<meta property=\"og:description\" content=\"[vc_row full_width=&#8221;stretch_row&#8221; content_placement=&#8221;middle&#8221; css=&#8221;.vc_custom_1606756115981{background-image: url(http:\/\/sinorcell.com\/www\/wp-content\/uploads\/2020\/11\/banner-sinorcell-proveedores.jpg?id=398) !important;background-position: center !important;background-repeat: no-repeat !important;background-size: cover !important;}&#8221;][vc_column][vc_empty_space height=&#8221;62px&#8221;][vc_column_text] PROVE\u00cfDORS [\/vc_column_text][vc_empty_space height=&#8221;62px&#8221;][\/vc_column][\/vc_row][vc_row][vc_column width=&#8221;1\/6&#8243;][\/vc_column][vc_column width=&#8221;2\/3&#8243;][vc_empty_space][vc_column_text] LA MILLOR QUALITAT DEL MERCAT TREBALLEM AMB ELS MILLORS PROVE\u00cfDORS I PROFESSIONALS DE CARTR\u00d3 DEL MERCAT INTERNACIONAL Els millors fabricants de Cartr\u00f3&hellip;\" \/>\n<meta property=\"og:url\" content=\"https:\/\/sinorcell.com\/ca\/proveidors\/\" \/>\n<meta property=\"og:site_name\" content=\"Sinorcell\" \/>\n<meta property=\"article:modified_time\" content=\"2025-10-20T04:39:59+00:00\" \/>\n<meta name=\"twitter:card\" content=\"summary_large_image\" \/>\n<meta name=\"twitter:label1\" content=\"Temps estimat de lectura\" \/>\n\t<meta name=\"twitter:data1\" content=\"1 minut\" \/>\n<script type=\"application\/ld+json\" class=\"yoast-schema-graph\">{\"@context\":\"https:\/\/schema.org\",\"@graph\":[{\"@type\":\"WebPage\",\"@id\":\"https:\/\/sinorcell.com\/ca\/proveidors\/\",\"url\":\"https:\/\/sinorcell.com\/ca\/proveidors\/\",\"name\":\"PROVE\u00cfDORS - Sinorcell\",\"isPartOf\":{\"@id\":\"https:\/\/sinorcell.com\/#website\"},\"datePublished\":\"2020-11-17T10:30:25+00:00\",\"dateModified\":\"2025-10-20T04:39:59+00:00\",\"breadcrumb\":{\"@id\":\"https:\/\/sinorcell.com\/ca\/proveidors\/#breadcrumb\"},\"inLanguage\":\"ca\",\"potentialAction\":[{\"@type\":\"ReadAction\",\"target\":[\"https:\/\/sinorcell.com\/ca\/proveidors\/\"]}]},{\"@type\":\"BreadcrumbList\",\"@id\":\"https:\/\/sinorcell.com\/ca\/proveidors\/#breadcrumb\",\"itemListElement\":[{\"@type\":\"ListItem\",\"position\":1,\"name\":\"Portada\",\"item\":\"https:\/\/sinorcell.com\/pt-pt\/\"},{\"@type\":\"ListItem\",\"position\":2,\"name\":\"PROVE\u00cfDORS\"}]},{\"@type\":\"WebSite\",\"@id\":\"https:\/\/sinorcell.com\/#website\",\"url\":\"https:\/\/sinorcell.com\/\",\"name\":\"Sinorcell\",\"description\":\"Especialistas en el corte de bobina de cart\u00f3n\",\"publisher\":{\"@id\":\"https:\/\/sinorcell.com\/#organization\"},\"potentialAction\":[{\"@type\":\"SearchAction\",\"target\":{\"@type\":\"EntryPoint\",\"urlTemplate\":\"https:\/\/sinorcell.com\/?s={search_term_string}\"},\"query-input\":{\"@type\":\"PropertyValueSpecification\",\"valueRequired\":true,\"valueName\":\"search_term_string\"}}],\"inLanguage\":\"ca\"},{\"@type\":\"Organization\",\"@id\":\"https:\/\/sinorcell.com\/#organization\",\"name\":\"SINORCELL\",\"url\":\"https:\/\/sinorcell.com\/\",\"logo\":{\"@type\":\"ImageObject\",\"inLanguage\":\"ca\",\"@id\":\"https:\/\/sinorcell.com\/#\/schema\/logo\/image\/\",\"url\":\"https:\/\/sinorcell.com\/www\/wp-content\/uploads\/2020\/11\/logo-sinorcell-svg.svg\",\"contentUrl\":\"https:\/\/sinorcell.com\/www\/wp-content\/uploads\/2020\/11\/logo-sinorcell-svg.svg\",\"width\":420,\"height\":77,\"caption\":\"SINORCELL\"},\"image\":{\"@id\":\"https:\/\/sinorcell.com\/#\/schema\/logo\/image\/\"}}]}<\/script>\n<!-- \/ Yoast SEO plugin. -->","yoast_head_json":{"title":"PROVE\u00cfDORS - Sinorcell","robots":{"index":"index","follow":"follow","max-snippet":"max-snippet:-1","max-image-preview":"max-image-preview:large","max-video-preview":"max-video-preview:-1"},"canonical":"https:\/\/sinorcell.com\/ca\/proveidors\/","og_locale":"ca_ES","og_type":"article","og_title":"PROVE\u00cfDORS - Sinorcell","og_description":"[vc_row full_width=&#8221;stretch_row&#8221; content_placement=&#8221;middle&#8221; css=&#8221;.vc_custom_1606756115981{background-image: url(http:\/\/sinorcell.com\/www\/wp-content\/uploads\/2020\/11\/banner-sinorcell-proveedores.jpg?id=398) !important;background-position: center !important;background-repeat: no-repeat !important;background-size: cover !important;}&#8221;][vc_column][vc_empty_space height=&#8221;62px&#8221;][vc_column_text] PROVE\u00cfDORS [\/vc_column_text][vc_empty_space height=&#8221;62px&#8221;][\/vc_column][\/vc_row][vc_row][vc_column width=&#8221;1\/6&#8243;][\/vc_column][vc_column width=&#8221;2\/3&#8243;][vc_empty_space][vc_column_text] LA MILLOR QUALITAT DEL MERCAT TREBALLEM AMB ELS MILLORS PROVE\u00cfDORS I PROFESSIONALS DE CARTR\u00d3 DEL MERCAT INTERNACIONAL Els millors fabricants de Cartr\u00f3&hellip;","og_url":"https:\/\/sinorcell.com\/ca\/proveidors\/","og_site_name":"Sinorcell","article_modified_time":"2025-10-20T04:39:59+00:00","twitter_card":"summary_large_image","twitter_misc":{"Temps estimat de lectura":"1 minut"},"schema":{"@context":"https:\/\/schema.org","@graph":[{"@type":"WebPage","@id":"https:\/\/sinorcell.com\/ca\/proveidors\/","url":"https:\/\/sinorcell.com\/ca\/proveidors\/","name":"PROVE\u00cfDORS - Sinorcell","isPartOf":{"@id":"https:\/\/sinorcell.com\/#website"},"datePublished":"2020-11-17T10:30:25+00:00","dateModified":"2025-10-20T04:39:59+00:00","breadcrumb":{"@id":"https:\/\/sinorcell.com\/ca\/proveidors\/#breadcrumb"},"inLanguage":"ca","potentialAction":[{"@type":"ReadAction","target":["https:\/\/sinorcell.com\/ca\/proveidors\/"]}]},{"@type":"BreadcrumbList","@id":"https:\/\/sinorcell.com\/ca\/proveidors\/#breadcrumb","itemListElement":[{"@type":"ListItem","position":1,"name":"Portada","item":"https:\/\/sinorcell.com\/pt-pt\/"},{"@type":"ListItem","position":2,"name":"PROVE\u00cfDORS"}]},{"@type":"WebSite","@id":"https:\/\/sinorcell.com\/#website","url":"https:\/\/sinorcell.com\/","name":"Sinorcell","description":"Especialistas en el corte de bobina de cart\u00f3n","publisher":{"@id":"https:\/\/sinorcell.com\/#organization"},"potentialAction":[{"@type":"SearchAction","target":{"@type":"EntryPoint","urlTemplate":"https:\/\/sinorcell.com\/?s={search_term_string}"},"query-input":{"@type":"PropertyValueSpecification","valueRequired":true,"valueName":"search_term_string"}}],"inLanguage":"ca"},{"@type":"Organization","@id":"https:\/\/sinorcell.com\/#organization","name":"SINORCELL","url":"https:\/\/sinorcell.com\/","logo":{"@type":"ImageObject","inLanguage":"ca","@id":"https:\/\/sinorcell.com\/#\/schema\/logo\/image\/","url":"https:\/\/sinorcell.com\/www\/wp-content\/uploads\/2020\/11\/logo-sinorcell-svg.svg","contentUrl":"https:\/\/sinorcell.com\/www\/wp-content\/uploads\/2020\/11\/logo-sinorcell-svg.svg","width":420,"height":77,"caption":"SINORCELL"},"image":{"@id":"https:\/\/sinorcell.com\/#\/schema\/logo\/image\/"}}]}},"_links":{"self":[{"href":"https:\/\/sinorcell.com\/ca\/wp-json\/wp\/v2\/pages\/777"}],"collection":[{"href":"https:\/\/sinorcell.com\/ca\/wp-json\/wp\/v2\/pages"}],"about":[{"href":"https:\/\/sinorcell.com\/ca\/wp-json\/wp\/v2\/types\/page"}],"author":[{"embeddable":true,"href":"https:\/\/sinorcell.com\/ca\/wp-json\/wp\/v2\/users\/2"}],"replies":[{"embeddable":true,"href":"https:\/\/sinorcell.com\/ca\/wp-json\/wp\/v2\/comments?post=777"}],"version-history":[{"count":10,"href":"https:\/\/sinorcell.com\/ca\/wp-json\/wp\/v2\/pages\/777\/revisions"}],"predecessor-version":[{"id":8143,"href":"https:\/\/sinorcell.com\/ca\/wp-json\/wp\/v2\/pages\/777\/revisions\/8143"}],"wp:attachment":[{"href":"https:\/\/sinorcell.com\/ca\/wp-json\/wp\/v2\/media?parent=777"}],"curies":[{"name":"wp","href":"https:\/\/api.w.org\/{rel}","templated":true}]}}