{"id":781,"date":"2020-11-17T11:28:08","date_gmt":"2020-11-17T10:28:08","guid":{"rendered":"http:\/\/sinorcell.com\/www\/sinorcell\/"},"modified":"2026-02-02T10:01:02","modified_gmt":"2026-02-02T09:01:02","slug":"sinorcell","status":"publish","type":"page","link":"https:\/\/sinorcell.com\/ca\/sinorcell\/","title":{"rendered":"SINORCELL"},"content":{"rendered":"[vc_row full_width=&#8221;stretch_row&#8221; content_placement=&#8221;middle&#8221; css=&#8221;.vc_custom_1605716596388{background-image: url(http:\/\/sinorcell.com\/www\/wp-content\/uploads\/2020\/11\/banner-sinorcell-empresa.jpg?id=221) !important;background-position: center !important;background-repeat: no-repeat !important;background-size: cover !important;}&#8221;][vc_column][vc_empty_space height=&#8221;62px&#8221;][vc_column_text]\n<h4 style=\"text-align: center; font-size: 30px;\"><span class=\"white-text\">EMPRESA<\/span><\/h4>\n[\/vc_column_text][vc_empty_space height=&#8221;62px&#8221;][\/vc_column][\/vc_row][vc_row][vc_column width=&#8221;1\/6&#8243;][\/vc_column][vc_column width=&#8221;2\/3&#8243;][vc_empty_space][vc_column_text]\n<h1 style=\"text-align: center; margin-bottom: 0px;\">SINORCELL<\/h1>\n<p style=\"text-align: center;\"><span style=\"margin-top: -21px;\"><strong>SERVEI PROFESSIONAL PER INDUSTRIALS DEL CARTR\u00d3<\/strong><\/span><\/p>\n<p style=\"text-align: center;\">A SINORCELL disposem d&#8217;un ventall de prove\u00efdors internacionals, els quals disposen de les \u00faltimes certificacions en mat\u00e8ria de qualitat. La nostra maquin\u00e0ria de tall i rebobinat \u00e9s d&#8217;\u00faltima generaci\u00f3. L&#8217;equip t\u00e8cnic, comercial i administratiu t\u00e9 \u00e0mplia experi\u00e8ncia en el sector de manipulat de cartr\u00f3 i de les arts gr\u00e0fiques. La nostra situaci\u00f3 geogr\u00e0fica permet optimitzar la log\u00edstica del nostre producte, de manera que el client pugui enfocar-se a la seva activitat sabent que els terminis de lliurament es compleixen. I tot aix\u00f2, sota la nostra m\u00e0xima premissa, qualitat i servei integral per a professionals del cartr\u00f3<\/p>\n[\/vc_column_text][vc_empty_space height=&#8221;20px&#8221;]<div class=\"textcenter theme-button-wrap wpex-clr\"><a href=\"http:\/\/sinorcell.com\/www\/productos\/\" class=\"vcex-button theme-button align-center inline\"><span class=\"theme-button-inner\">LES NOSTRES PRODUCTES<\/span><\/a><\/div> [vc_empty_space][\/vc_column][vc_column width=&#8221;1\/6&#8243;][\/vc_column][\/vc_row][vc_row full_width=&#8221;stretch_row&#8221; css=&#8221;.vc_custom_1605715193963{background-color: #f3f3f0 !important;background-position: center !important;background-repeat: no-repeat !important;background-size: cover !important;}&#8221;][vc_column width=&#8221;1\/3&#8243; css=&#8221;.vc_custom_1605717078880{padding-bottom: -25px !important;}&#8221;][vc_empty_space][vc_column_text]\n<h4 style=\"margin-bottom: 0px; text-align: right;\">10.000M<sup>2<\/sup><\/h4>\n[\/vc_column_text][\/vc_column][vc_column width=&#8221;2\/3&#8243; css=&#8221;.vc_custom_1605717106477{padding-top: -25px !important;}&#8221;][vc_empty_space][vc_column_text]\n<div>La confian\u00e7a dels nostres clients ens ha perm\u00e8s i obligat al seu torn, a cr\u00e9ixer i adequar les nostres instal\u00b7lacions productives. Actualment disposem de m\u00e9s de 10.000 metres quadrats, a la nostra planta d&#8217;\u00d2dena, Barcelona. On rebobinem, tallem i donem servei als nostres clients de tot Espanya, Fran\u00e7a i Portugal.<\/div>\n[\/vc_column_text][\/vc_column][\/vc_row][vc_row][vc_column][vc_empty_space height=&#8221;62px&#8221;][vc_text_separator title=&#8221;LA NOSTRA HIST\u00d2RIA&#8221;][vc_row_inner][vc_column_inner width=&#8221;1\/6&#8243;][\/vc_column_inner][vc_column_inner width=&#8221;2\/3&#8243;][vc_empty_space][vc_column_text]\n<div style=\"text-align: center;\">Havent acostat a l&#8217;mercat ib\u00e8ric des dels seus inicis l&#8217;any 1997 els cartronets per packaging de diversos productors multinacionals, va ser l&#8217;any 2015 quan vam optar per anar un pas m\u00e9s enll\u00e0 i complementar la nostra oferta amb un servei m\u00e9s proper i prec\u00eds mitjan\u00e7ant la primera talladora Passaven instal\u00b7lada a Odena (Barcelona). Des de llavors, la nostra obstinaci\u00f3 a oferir un servei industrial i aix\u00ed mateix flexible ens ha emp\u00e8s a ampliar el nostre parc de maquin\u00e0ria.<\/div>\n<div style=\"text-align: center;\"><\/div>\n<div style=\"text-align: center;\">Avui comptem amb unes instal\u00b7lacions de 9.000 m2, albergant un ampli ventall d&#8217;estoc de diversos milers de tones. Per atorgar un servei proper i \u00e0gil.<\/div>\n<div style=\"text-align: center;\">Gr\u00e0cies per la seva confian\u00e7a en els nostres productes i serveis &#8211; seguim caminant.<\/div>\n[\/vc_column_text][\/vc_column_inner][vc_column_inner width=&#8221;1\/6&#8243;][\/vc_column_inner][\/vc_row_inner][\/vc_column][\/vc_row][vc_row full_width=&#8221;stretch_row_content_no_spaces&#8221;][vc_column]<div class=\"vcex-image-grid-wrap wpex-clr\"><div class=\"vcex-module vcex-image-grid wpex-clr grid-style-no-margins wpex-row gap-none vcex-isotope-grid no-transition vcex-no-margin-grid wpex-lightbox-group\" data-transition-duration=\"0.0\"><div class=\"id-241 vcex-image-grid-entry vcex-grid-item vcex-isotope-entry textcenter vcex-no-margin-entry span_1_of_5 col col-1\"><figure class=\"vcex-image-grid-entry-figure wpex-last-mb-0 wpex-clr\"><div class=\"vcex-image-grid-entry-img entry-media wpex-image-hover grayscale wpex-mb-20\"><a href=\"https:\/\/sinorcell.com\/www\/wp-content\/uploads\/2020\/11\/sinorcell-fabrica_0004_Objeto-inteligente-vectorial.jpg\" class=\"vcex-image-grid-entry-img wpex-lightbox-group-item\" ><img loading=\"lazy\" decoding=\"async\" data-no-lazy=\"1\" class=\"wpex-align-middle skip-lazy\" src=\"https:\/\/sinorcell.com\/www\/wp-content\/uploads\/2020\/11\/sinorcell-fabrica_0004_Objeto-inteligente-vectorial.jpg\" alt=\"\" width=\"703\" height=\"468\" \/><\/a><\/div><\/figure><\/div><div class=\"id-237 vcex-image-grid-entry vcex-grid-item vcex-isotope-entry textcenter vcex-no-margin-entry span_1_of_5 col col-2\"><figure class=\"vcex-image-grid-entry-figure wpex-last-mb-0 wpex-clr\"><div class=\"vcex-image-grid-entry-img entry-media wpex-image-hover grayscale wpex-mb-20\"><a href=\"https:\/\/sinorcell.com\/www\/wp-content\/uploads\/2020\/11\/sinorcell-fabrica_0003_Objeto-inteligente-vectorial.jpg\" class=\"vcex-image-grid-entry-img wpex-lightbox-group-item\" ><img loading=\"lazy\" decoding=\"async\" data-no-lazy=\"1\" class=\"wpex-align-middle skip-lazy\" src=\"https:\/\/sinorcell.com\/www\/wp-content\/uploads\/2020\/11\/sinorcell-fabrica_0003_Objeto-inteligente-vectorial.jpg\" alt=\"\" width=\"703\" height=\"468\" \/><\/a><\/div><\/figure><\/div><div class=\"id-353 vcex-image-grid-entry vcex-grid-item vcex-isotope-entry textcenter vcex-no-margin-entry span_1_of_5 col col-3\"><figure class=\"vcex-image-grid-entry-figure wpex-last-mb-0 wpex-clr\"><div class=\"vcex-image-grid-entry-img entry-media wpex-image-hover grayscale wpex-mb-20\"><a href=\"https:\/\/sinorcell.com\/www\/wp-content\/uploads\/2020\/11\/sinorcell-fabrica-maquinaria.jpg\" class=\"vcex-image-grid-entry-img wpex-lightbox-group-item\" ><img loading=\"lazy\" decoding=\"async\" data-no-lazy=\"1\" class=\"wpex-align-middle skip-lazy\" src=\"https:\/\/sinorcell.com\/www\/wp-content\/uploads\/2020\/11\/sinorcell-fabrica-maquinaria.jpg\" alt=\"\" width=\"703\" height=\"468\" \/><\/a><\/div><\/figure><\/div><div class=\"id-240 vcex-image-grid-entry vcex-grid-item vcex-isotope-entry textcenter vcex-no-margin-entry span_1_of_5 col col-4\"><figure class=\"vcex-image-grid-entry-figure wpex-last-mb-0 wpex-clr\"><div class=\"vcex-image-grid-entry-img entry-media wpex-image-hover grayscale wpex-mb-20\"><a href=\"https:\/\/sinorcell.com\/www\/wp-content\/uploads\/2020\/11\/sinorcell-fabrica_0001_Objeto-inteligente-vectorial.jpg\" class=\"vcex-image-grid-entry-img wpex-lightbox-group-item\" ><img loading=\"lazy\" decoding=\"async\" data-no-lazy=\"1\" class=\"wpex-align-middle skip-lazy\" src=\"https:\/\/sinorcell.com\/www\/wp-content\/uploads\/2020\/11\/sinorcell-fabrica_0001_Objeto-inteligente-vectorial.jpg\" alt=\"\" width=\"703\" height=\"468\" \/><\/a><\/div><\/figure><\/div><div class=\"id-238 vcex-image-grid-entry vcex-grid-item vcex-isotope-entry textcenter vcex-no-margin-entry span_1_of_5 col col-5\"><figure class=\"vcex-image-grid-entry-figure wpex-last-mb-0 wpex-clr\"><div class=\"vcex-image-grid-entry-img entry-media wpex-image-hover grayscale wpex-mb-20\"><a href=\"https:\/\/sinorcell.com\/www\/wp-content\/uploads\/2020\/11\/sinorcell-fabrica_0000_Objeto-inteligente-vectorial.jpg\" class=\"vcex-image-grid-entry-img wpex-lightbox-group-item\" ><img loading=\"lazy\" decoding=\"async\" data-no-lazy=\"1\" class=\"wpex-align-middle skip-lazy\" src=\"https:\/\/sinorcell.com\/www\/wp-content\/uploads\/2020\/11\/sinorcell-fabrica_0000_Objeto-inteligente-vectorial.jpg\" alt=\"\" width=\"703\" height=\"468\" \/><\/a><\/div><\/figure><\/div><\/div><\/div>[\/vc_column][\/vc_row][vc_row full_width=&#8221;stretch_row&#8221; css=&#8221;.vc_custom_1605718588577{margin-top: -42px !important;background-color: #e1e1dd !important;background-position: center !important;background-repeat: no-repeat !important;background-size: cover !important;}&#8221;][vc_column][vc_column_text]\n<h4 style=\"margin-bottom: 0px; text-align: center;\">\u00c0REA COMERCIAL<\/h4>\n<p style=\"text-align: center;\">Estem presents en tota la geografia espanyola a m\u00e9s de Fran\u00e7a i Portugal.<br \/>\nEl nostre equip comercial est\u00e0 a disposici\u00f3 dels nostres clients per oferir-los el millor servei.<br \/>\n<span style=\"color: #333333; font-size: 14px;\"><strong>ZONA CATALUNYA | ZONA LEVANTE | ZONA MADRID | ZONA FRAN\u00c7A | ZONA PORTUGAL<\/strong><br \/>\n<\/span>[\/vc_column_text][vc_empty_space height=&#8221;10px&#8221;]<div class=\"textcenter theme-button-wrap wpex-clr\"><a href=\"\/ca\/zona-comercial\/\" class=\"vcex-button theme-button align-center inline\"><span class=\"theme-button-inner\">CONTACTE<\/span><\/a><\/div> [vc_empty_space][\/vc_column][\/vc_row][vc_row full_width=&#8221;stretch_row&#8221; css=&#8221;.vc_custom_1673277388259{background-position: 0 0 !important;background-repeat: no-repeat !important;}&#8221;][vc_column][vc_empty_space height=&#8221;45px&#8221;][vc_row_inner][vc_column_inner width=&#8221;1\/5&#8243;][vc_single_image image=&#8221;7068&#8243; img_size=&#8221;131&#215;187&#8243; alignment=&#8221;center&#8221; onclick=&#8221;custom_link&#8221; img_link_target=&#8221;_blank&#8221; css=&#8221;.vc_custom_1770022757554{padding-top: -5px !important;padding-right: 15px !important;padding-bottom: 25px !important;padding-left: 15px !important;}&#8221; link=&#8221;https:\/\/sinorcell.com\/www\/wp-content\/uploads\/2026\/02\/Anexo-E-Calidad.pdf&#8221;][\/vc_column_inner][vc_column_inner width=&#8221;1\/5&#8243;][vc_single_image image=&#8221;5922&#8243; img_size=&#8221;131&#215;187&#8243; alignment=&#8221;center&#8221; onclick=&#8221;custom_link&#8221; img_link_target=&#8221;_blank&#8221; css=&#8221;.vc_custom_1770022766309{padding-top: -5px !important;padding-right: 15px !important;padding-bottom: 25px !important;padding-left: 15px !important;}&#8221; link=&#8221;https:\/\/sinorcell.com\/www\/wp-content\/uploads\/2026\/02\/PEFC-SINORCELL-Certificate.pdf&#8221;][\/vc_column_inner][vc_column_inner width=&#8221;1\/5&#8243;][vc_single_image image=&#8221;1266&#8243; alignment=&#8221;center&#8221; onclick=&#8221;custom_link&#8221; img_link_target=&#8221;_blank&#8221; link=&#8221;https:\/\/sinorcell.com\/www\/wp-content\/uploads\/2026\/02\/FSC-SINORCELL-Certificate.pdf&#8221;][\/vc_column_inner][vc_column_inner width=&#8221;1\/5&#8243;][vc_single_image image=&#8221;5930&#8243; img_size=&#8221;131&#215;187&#8243; alignment=&#8221;center&#8221; onclick=&#8221;custom_link&#8221; img_link_target=&#8221;_blank&#8221; link=&#8221;https:\/\/sinorcell.com\/www\/wp-content\/uploads\/2026\/02\/Autodeclaracion-EUTR.pdf&#8221; css=&#8221;.vc_custom_1770022856373{padding-top: -5px !important;padding-right: 15px !important;padding-bottom: 25px !important;padding-left: 15px !important;}&#8221;][\/vc_column_inner][vc_column_inner width=&#8221;1\/5&#8243;][vc_single_image image=&#8221;1272&#8243; alignment=&#8221;center&#8221;][\/vc_column_inner][\/vc_row_inner]<div class=\"textcenter theme-button-wrap wpex-clr\"><a href=\"https:\/\/sinorcell.com\/ca\/sostenibilitat\/\" class=\"vcex-button theme-button align-center inline\"><span class=\"theme-button-inner\">SOSTENIBILITAT<\/span><\/a><\/div> [vc_empty_space height=&#8221;20px&#8221;][\/vc_column][\/vc_row][vc_row full_width=&#8221;stretch_row_content_no_spaces&#8221; css=&#8221;.vc_custom_1605718875388{margin-bottom: -42px !important;padding-bottom: -42px !important;}&#8221;][vc_column css=&#8221;.vc_custom_1606154693989{margin-bottom: -15px !important;}&#8221;][vc_gmaps link=&#8221;#E-8_JTNDaWZyYW1lJTIwc3JjJTNEJTIyaHR0cHMlM0ElMkYlMkZ3d3cuZ29vZ2xlLmNvbSUyRm1hcHMlMkZlbWJlZCUzRnBiJTNEJTIxMW0xNCUyMTFtOCUyMTFtMyUyMTFkNzQ2LjE2MDQyNjIzNzE3MDMlMjEyZDEuNjU1MTE0NyUyMTNkNDEuNTc2OTk4NTAwMDAwMDE2JTIxM20yJTIxMWkxMDI0JTIxMmk3NjglMjE0ZjEzLjElMjEzbTMlMjExbTIlMjExczB4MCUyNTNBMHg2M2Y2NjRkZDg0OTI5NDE3JTIxMnNTSU5PUkNFTEwlMjUyMFMuTC4lMjUyMEJhcmNlbG9uYSUyMTVlMCUyMTNtMiUyMTFzY2ElMjEyc2VzJTIxNHYxNjA1NzE4NzEzOTY1JTIxNW0yJTIxMXNjYSUyMTJzZXMlMjIlMjB3aWR0aCUzRCUyMjEwMCUyNSUyMiUyMGhlaWdodCUzRCUyMjQ1MCUyMiUyMGZyYW1lYm9yZGVyJTNEJTIyMCUyMiUyMHN0eWxlJTNEJTIyYm9yZGVyJTNBMCUzQiUyMiUyMGFsbG93ZnVsbHNjcmVlbiUzRCUyMiUyMiUyMGFyaWEtaGlkZGVuJTNEJTIyZmFsc2UlMjIlMjB0YWJpbmRleCUzRCUyMjAlMjIlM0UlM0MlMkZpZnJhbWUlM0U=&#8221;][\/vc_column][\/vc_row]\n","protected":false},"excerpt":{"rendered":"<p>[vc_row full_width=&#8221;stretch_row&#8221; content_placement=&#8221;middle&#8221; css=&#8221;.vc_custom_1605716596388{background-image: url(http:\/\/sinorcell.com\/www\/wp-content\/uploads\/2020\/11\/banner-sinorcell-empresa.jpg?id=221) !important;background-position: center !important;background-repeat: no-repeat !important;background-size: cover !important;}&#8221;][vc_column][vc_empty_space height=&#8221;62px&#8221;][vc_column_text] EMPRESA [\/vc_column_text][vc_empty_space height=&#8221;62px&#8221;][\/vc_column][\/vc_row][vc_row][vc_column width=&#8221;1\/6&#8243;][\/vc_column][vc_column width=&#8221;2\/3&#8243;][vc_empty_space][vc_column_text] SINORCELL SERVEI PROFESSIONAL PER INDUSTRIALS DEL CARTR\u00d3 A SINORCELL disposem d&#8217;un ventall de prove\u00efdors internacionals, els quals disposen de les \u00faltimes certificacions&hellip;<\/p>\n","protected":false},"author":2,"featured_media":0,"parent":0,"menu_order":0,"comment_status":"closed","ping_status":"closed","template":"","meta":{"inline_featured_image":false,"footnotes":""},"class_list":["post-781","page","type-page","status-publish","hentry","entry","no-media"],"yoast_head":"<!-- This site is optimized with the Yoast SEO plugin v25.2 - https:\/\/yoast.com\/wordpress\/plugins\/seo\/ -->\n<title>SINORCELL - Sinorcell<\/title>\n<meta name=\"robots\" content=\"index, follow, max-snippet:-1, max-image-preview:large, max-video-preview:-1\" \/>\n<link rel=\"canonical\" href=\"https:\/\/sinorcell.com\/pt-pt\/sinorcell\/\" \/>\n<meta property=\"og:locale\" content=\"ca_ES\" \/>\n<meta property=\"og:type\" content=\"article\" \/>\n<meta property=\"og:title\" content=\"SINORCELL - Sinorcell\" \/>\n<meta property=\"og:description\" content=\"[vc_row full_width=&#8221;stretch_row&#8221; content_placement=&#8221;middle&#8221; css=&#8221;.vc_custom_1605716596388{background-image: url(http:\/\/sinorcell.com\/www\/wp-content\/uploads\/2020\/11\/banner-sinorcell-empresa.jpg?id=221) !important;background-position: center !important;background-repeat: no-repeat !important;background-size: cover !important;}&#8221;][vc_column][vc_empty_space height=&#8221;62px&#8221;][vc_column_text] EMPRESA [\/vc_column_text][vc_empty_space height=&#8221;62px&#8221;][\/vc_column][\/vc_row][vc_row][vc_column width=&#8221;1\/6&#8243;][\/vc_column][vc_column width=&#8221;2\/3&#8243;][vc_empty_space][vc_column_text] SINORCELL SERVEI PROFESSIONAL PER INDUSTRIALS DEL CARTR\u00d3 A SINORCELL disposem d&#8217;un ventall de prove\u00efdors internacionals, els quals disposen de les \u00faltimes certificacions&hellip;\" \/>\n<meta property=\"og:url\" content=\"https:\/\/sinorcell.com\/pt-pt\/sinorcell\/\" \/>\n<meta property=\"og:site_name\" content=\"Sinorcell\" \/>\n<meta property=\"article:modified_time\" content=\"2026-02-02T09:01:02+00:00\" \/>\n<meta name=\"twitter:card\" content=\"summary_large_image\" \/>\n<meta name=\"twitter:label1\" content=\"Temps estimat de lectura\" \/>\n\t<meta name=\"twitter:data1\" content=\"3 minuts\" \/>\n<script type=\"application\/ld+json\" class=\"yoast-schema-graph\">{\"@context\":\"https:\/\/schema.org\",\"@graph\":[{\"@type\":\"WebPage\",\"@id\":\"https:\/\/sinorcell.com\/pt-pt\/sinorcell\/\",\"url\":\"https:\/\/sinorcell.com\/pt-pt\/sinorcell\/\",\"name\":\"SINORCELL - Sinorcell\",\"isPartOf\":{\"@id\":\"https:\/\/sinorcell.com\/#website\"},\"datePublished\":\"2020-11-17T10:28:08+00:00\",\"dateModified\":\"2026-02-02T09:01:02+00:00\",\"breadcrumb\":{\"@id\":\"https:\/\/sinorcell.com\/pt-pt\/sinorcell\/#breadcrumb\"},\"inLanguage\":\"ca\",\"potentialAction\":[{\"@type\":\"ReadAction\",\"target\":[\"https:\/\/sinorcell.com\/pt-pt\/sinorcell\/\"]}]},{\"@type\":\"BreadcrumbList\",\"@id\":\"https:\/\/sinorcell.com\/pt-pt\/sinorcell\/#breadcrumb\",\"itemListElement\":[{\"@type\":\"ListItem\",\"position\":1,\"name\":\"Portada\",\"item\":\"https:\/\/sinorcell.com\/pt-pt\/\"},{\"@type\":\"ListItem\",\"position\":2,\"name\":\"SINORCELL\"}]},{\"@type\":\"WebSite\",\"@id\":\"https:\/\/sinorcell.com\/#website\",\"url\":\"https:\/\/sinorcell.com\/\",\"name\":\"Sinorcell\",\"description\":\"Especialistas en el corte de bobina de cart\u00f3n\",\"publisher\":{\"@id\":\"https:\/\/sinorcell.com\/#organization\"},\"potentialAction\":[{\"@type\":\"SearchAction\",\"target\":{\"@type\":\"EntryPoint\",\"urlTemplate\":\"https:\/\/sinorcell.com\/?s={search_term_string}\"},\"query-input\":{\"@type\":\"PropertyValueSpecification\",\"valueRequired\":true,\"valueName\":\"search_term_string\"}}],\"inLanguage\":\"ca\"},{\"@type\":\"Organization\",\"@id\":\"https:\/\/sinorcell.com\/#organization\",\"name\":\"SINORCELL\",\"url\":\"https:\/\/sinorcell.com\/\",\"logo\":{\"@type\":\"ImageObject\",\"inLanguage\":\"ca\",\"@id\":\"https:\/\/sinorcell.com\/#\/schema\/logo\/image\/\",\"url\":\"https:\/\/sinorcell.com\/www\/wp-content\/uploads\/2020\/11\/logo-sinorcell-svg.svg\",\"contentUrl\":\"https:\/\/sinorcell.com\/www\/wp-content\/uploads\/2020\/11\/logo-sinorcell-svg.svg\",\"width\":420,\"height\":77,\"caption\":\"SINORCELL\"},\"image\":{\"@id\":\"https:\/\/sinorcell.com\/#\/schema\/logo\/image\/\"}}]}<\/script>\n<!-- \/ Yoast SEO plugin. -->","yoast_head_json":{"title":"SINORCELL - Sinorcell","robots":{"index":"index","follow":"follow","max-snippet":"max-snippet:-1","max-image-preview":"max-image-preview:large","max-video-preview":"max-video-preview:-1"},"canonical":"https:\/\/sinorcell.com\/pt-pt\/sinorcell\/","og_locale":"ca_ES","og_type":"article","og_title":"SINORCELL - Sinorcell","og_description":"[vc_row full_width=&#8221;stretch_row&#8221; content_placement=&#8221;middle&#8221; css=&#8221;.vc_custom_1605716596388{background-image: url(http:\/\/sinorcell.com\/www\/wp-content\/uploads\/2020\/11\/banner-sinorcell-empresa.jpg?id=221) !important;background-position: center !important;background-repeat: no-repeat !important;background-size: cover !important;}&#8221;][vc_column][vc_empty_space height=&#8221;62px&#8221;][vc_column_text] EMPRESA [\/vc_column_text][vc_empty_space height=&#8221;62px&#8221;][\/vc_column][\/vc_row][vc_row][vc_column width=&#8221;1\/6&#8243;][\/vc_column][vc_column width=&#8221;2\/3&#8243;][vc_empty_space][vc_column_text] SINORCELL SERVEI PROFESSIONAL PER INDUSTRIALS DEL CARTR\u00d3 A SINORCELL disposem d&#8217;un ventall de prove\u00efdors internacionals, els quals disposen de les \u00faltimes certificacions&hellip;","og_url":"https:\/\/sinorcell.com\/pt-pt\/sinorcell\/","og_site_name":"Sinorcell","article_modified_time":"2026-02-02T09:01:02+00:00","twitter_card":"summary_large_image","twitter_misc":{"Temps estimat de lectura":"3 minuts"},"schema":{"@context":"https:\/\/schema.org","@graph":[{"@type":"WebPage","@id":"https:\/\/sinorcell.com\/pt-pt\/sinorcell\/","url":"https:\/\/sinorcell.com\/pt-pt\/sinorcell\/","name":"SINORCELL - Sinorcell","isPartOf":{"@id":"https:\/\/sinorcell.com\/#website"},"datePublished":"2020-11-17T10:28:08+00:00","dateModified":"2026-02-02T09:01:02+00:00","breadcrumb":{"@id":"https:\/\/sinorcell.com\/pt-pt\/sinorcell\/#breadcrumb"},"inLanguage":"ca","potentialAction":[{"@type":"ReadAction","target":["https:\/\/sinorcell.com\/pt-pt\/sinorcell\/"]}]},{"@type":"BreadcrumbList","@id":"https:\/\/sinorcell.com\/pt-pt\/sinorcell\/#breadcrumb","itemListElement":[{"@type":"ListItem","position":1,"name":"Portada","item":"https:\/\/sinorcell.com\/pt-pt\/"},{"@type":"ListItem","position":2,"name":"SINORCELL"}]},{"@type":"WebSite","@id":"https:\/\/sinorcell.com\/#website","url":"https:\/\/sinorcell.com\/","name":"Sinorcell","description":"Especialistas en el corte de bobina de cart\u00f3n","publisher":{"@id":"https:\/\/sinorcell.com\/#organization"},"potentialAction":[{"@type":"SearchAction","target":{"@type":"EntryPoint","urlTemplate":"https:\/\/sinorcell.com\/?s={search_term_string}"},"query-input":{"@type":"PropertyValueSpecification","valueRequired":true,"valueName":"search_term_string"}}],"inLanguage":"ca"},{"@type":"Organization","@id":"https:\/\/sinorcell.com\/#organization","name":"SINORCELL","url":"https:\/\/sinorcell.com\/","logo":{"@type":"ImageObject","inLanguage":"ca","@id":"https:\/\/sinorcell.com\/#\/schema\/logo\/image\/","url":"https:\/\/sinorcell.com\/www\/wp-content\/uploads\/2020\/11\/logo-sinorcell-svg.svg","contentUrl":"https:\/\/sinorcell.com\/www\/wp-content\/uploads\/2020\/11\/logo-sinorcell-svg.svg","width":420,"height":77,"caption":"SINORCELL"},"image":{"@id":"https:\/\/sinorcell.com\/#\/schema\/logo\/image\/"}}]}},"_links":{"self":[{"href":"https:\/\/sinorcell.com\/ca\/wp-json\/wp\/v2\/pages\/781"}],"collection":[{"href":"https:\/\/sinorcell.com\/ca\/wp-json\/wp\/v2\/pages"}],"about":[{"href":"https:\/\/sinorcell.com\/ca\/wp-json\/wp\/v2\/types\/page"}],"author":[{"embeddable":true,"href":"https:\/\/sinorcell.com\/ca\/wp-json\/wp\/v2\/users\/2"}],"replies":[{"embeddable":true,"href":"https:\/\/sinorcell.com\/ca\/wp-json\/wp\/v2\/comments?post=781"}],"version-history":[{"count":14,"href":"https:\/\/sinorcell.com\/ca\/wp-json\/wp\/v2\/pages\/781\/revisions"}],"predecessor-version":[{"id":8488,"href":"https:\/\/sinorcell.com\/ca\/wp-json\/wp\/v2\/pages\/781\/revisions\/8488"}],"wp:attachment":[{"href":"https:\/\/sinorcell.com\/ca\/wp-json\/wp\/v2\/media?parent=781"}],"curies":[{"name":"wp","href":"https:\/\/api.w.org\/{rel}","templated":true}]}}