{"id":785,"date":"2020-11-17T11:30:47","date_gmt":"2020-11-17T10:30:47","guid":{"rendered":"http:\/\/sinorcell.com\/www\/zona-comercial\/"},"modified":"2025-04-24T10:20:07","modified_gmt":"2025-04-24T08:20:07","slug":"zona-comercial","status":"publish","type":"page","link":"https:\/\/sinorcell.com\/ca\/zona-comercial\/","title":{"rendered":"ZONA COMERCIAL"},"content":{"rendered":"[vc_row full_width=&#8221;stretch_row&#8221; content_placement=&#8221;middle&#8221; css=&#8221;.vc_custom_1606754981784{background-image: url(http:\/\/sinorcell.com\/www\/wp-content\/uploads\/2020\/11\/banner-sinorcell-zona-comercial-2.jpg?id=394) !important;background-position: center !important;background-repeat: no-repeat !important;background-size: cover !important;}&#8221;][vc_column][vc_empty_space height=&#8221;62px&#8221;][vc_column_text]\n<h4 style=\"text-align: center; font-size: 30px;\"><span class=\"white-text\">ZONA COMERCIAL<br \/>\n<\/span><\/h4>\n[\/vc_column_text][vc_empty_space height=&#8221;62px&#8221;][\/vc_column][\/vc_row][vc_row][vc_column][vc_empty_space height=&#8221;62px&#8221;][vc_text_separator title=&#8221;CONTACTO COMERCIAL POR ZONAS&#8221;][vc_empty_space][vc_row_inner][vc_column_inner width=&#8221;1\/3&#8243;][vc_column_text]\n<h4><span style=\"color: #333333;\">ZONA CATALUNYA<\/span><\/h4>\n<p><strong><span style=\"color: #59bac3;\">RESPONSABLE DE COMPTES<\/span><br \/>\n<\/strong><strong>\u00c1LEX M\u00c1RQUEZ<\/strong><br \/>\nTel\u00e8fon <a href=\"tel:+34689230598\">+34 689 230 598<\/a><br \/>\n<a href=\"mailto:amarquez@sinorcell.com\">amarquez@sinorcell.com<\/a>[\/vc_column_text][\/vc_column_inner][vc_column_inner width=&#8221;1\/3&#8243;][vc_column_text]\n<h4><span style=\"color: #333333;\">ZONA MADRID<\/span><\/h4>\n<p><strong><span style=\"color: #59bac3;\">RESPONSABLE DE COMPTES<\/span><br \/>\n<\/strong><strong>FRANCISCO VIT\u00d3N \/ FEDERICO POUZOLS<\/strong><br \/>\nTel\u00e8fon <a href=\"tel:+34648032196\">+34 648 032 196<\/a>\u00a0 \/ <a href=\"tel:+34618499748\">+34 618 499 748<\/a><br \/>\n<a href=\"mailto:paco.viton@sinorcell.com\">paco.viton@sinorcell.com<\/a>\u00a0 \/ <a href=\"mailto:federico@sinorcell.com\">federico@sinorcell.com<\/a>[\/vc_column_text][\/vc_column_inner][vc_column_inner width=&#8221;1\/3&#8243;][vc_column_text]\n<h4><span style=\"color: #333333;\">ZONA LLEVANT<\/span><\/h4>\n<p><strong><span style=\"color: #59bac3;\">RESPONSABLE DE COMPTES<\/span><br \/>\n<\/strong><strong>MANUEL PERALES<\/strong><br \/>\nTel\u00e8fon <a href=\"tel:+34697568900\">+34 697 568 900<\/a><br \/>\n<a href=\"mailto:mperales@sinorcell.com\">mperales@sinorcell.com<\/a>[\/vc_column_text][\/vc_column_inner][\/vc_row_inner][vc_row_inner][vc_column_inner width=&#8221;1\/3&#8243;][vc_column_text]\n<h4><span style=\"color: #333333;\">ZONA NORD<br \/>\n<\/span><\/h4>\n<p><strong><span style=\"color: #59bac3;\">DIRECTOR COMERCIAL<\/span><br \/>\n<\/strong><strong>MARCOS OLALLA S\u00c1NCHEZ<\/strong><br \/>\nTel\u00e8fon <a href=\"tel:+34677641938\">+34 677 641 938<\/a><br \/>\n<a href=\"mailto:marcos@sinorcell.com\">marcos@sinorcell.com<\/a>[\/vc_column_text][\/vc_column_inner][vc_column_inner width=&#8221;1\/3&#8243;][vc_column_text]\n<h4><span style=\"color: #333333;\">ZONA SUD<br \/>\n<\/span><\/h4>\n<p><strong><span style=\"color: #59bac3;\">RESPONSABLE DE COMPTES<\/span><br \/>\n<\/strong><strong>FRANCISCO VIT\u00d3N GONZ\u00c1LEZ<\/strong><br \/>\nTel\u00e8fon <a href=\"tel:+34648032196\">+34 648 032 196<\/a><br \/>\n<a href=\"mailto:paco.viton@sinorcell.com\">paco.viton@sinorcell.com<\/a>[\/vc_column_text][\/vc_column_inner][vc_column_inner width=&#8221;1\/3&#8243;][vc_column_text]\n<h4><span style=\"color: #333333;\">ZONA FRAN\u00c7A<br \/>\n<\/span><\/h4>\n<p><strong><span style=\"color: #59bac3;\">DIRECTOR COMERCIAL<\/span><br \/>\n<\/strong><strong>MARCOS OLALLA S\u00c1NCHEZ<\/strong><br \/>\nTel\u00e8fon <a href=\"tel:+34677641938\">+34 677 641 938<\/a><br \/>\n<a href=\"mailto:marcos@sinorcell.com\">marcos@sinorcell.com<\/a>[\/vc_column_text][\/vc_column_inner][\/vc_row_inner][vc_row_inner][vc_column_inner width=&#8221;1\/3&#8243;][vc_column_text]\n<h4><span style=\"color: #333333;\">ZONA PORTUGAL<br \/>\n<\/span><\/h4>\n<p><strong><span style=\"color: #59bac3;\">RESPONSABLE DE COMPTES<\/span><br \/>\n<\/strong><strong>JULIO ALEXANDRE FERREIRA PEREIRA<\/strong><br \/>\nTel\u00e8fon <a href=\"tel:+35194771879\">+351 94 771 879<\/a><br \/>\n<a href=\"mailto:jpereira@sinorcell.com\">jpereira@sinorcell.com<\/a>[\/vc_column_text][\/vc_column_inner][vc_column_inner width=&#8221;1\/3&#8243;][vc_column_text]\n<h4><span style=\"color: #333333;\">INTERNACIONAL<br \/>\n<\/span><\/h4>\n<p><strong><span style=\"color: #59bac3;\">DIRECTOR COMERCIAL<\/span><br \/>\n<\/strong><strong>MARCOS OLALLA S\u00c1NCHEZ<\/strong><br \/>\nTel\u00e8fon <a href=\"tel:+34677641938\">+34 677 641 938<\/a><br \/>\n<a href=\"mailto:marcos@sinorcell.com\">marcos@sinorcell.com<\/a>[\/vc_column_text][\/vc_column_inner][vc_column_inner width=&#8221;1\/3&#8243;][\/vc_column_inner][\/vc_row_inner][\/vc_column][\/vc_row][vc_row full_width=&#8221;stretch_row&#8221; css=&#8221;.vc_custom_1606152431365{background-color: #e8e8e8 !important;}&#8221;][vc_column][vc_empty_space][vc_column_text]\n<h4 style=\"text-align: center;\">ATENCI\u00d3N CLIENTE<\/h4>\n<p style=\"text-align: center;\"><strong>Planta Productiva \u00d3dena &#8211; Barcelona<\/strong><br \/>\nTel\u00e9fono <a href=\"tel:+34938031686\">+34 93 803 16 86<\/a><br \/>\n<a href=\"mailto:atencioclients@sinorcell.com\">atencioclients@sinorcell.com<\/a><\/p>\n[\/vc_column_text][vc_empty_space height=&#8221;20px&#8221;][\/vc_column][\/vc_row][vc_row][vc_column][vc_empty_space height=&#8221;62px&#8221;][vc_text_separator title=&#8221;OFICINAS Y ADMINISTRACI\u00d3N&#8221;][vc_empty_space][vc_row_inner][vc_column_inner width=&#8221;1\/4&#8243;][\/vc_column_inner][vc_column_inner width=&#8221;1\/4&#8243;][vc_column_text]\n<h4><span style=\"color: #59bac3;\">SINORCELL \u00d3DENA<\/span><\/h4>\n<p><strong>Atenci\u00f3n cliente y Planta Productiva<\/strong><br \/>\n<a href=\"https:\/\/goo.gl\/maps\/Bj79LVNnLbpFRKH39\" target=\"_blank\" rel=\"noopener noreferrer\">Avenida de Madrid, # 26 <\/a><br \/>\n<a href=\"https:\/\/goo.gl\/maps\/Bj79LVNnLbpFRKH39\" target=\"_blank\" rel=\"noopener noreferrer\">P.I. Pla de les Gavarreres <\/a><br \/>\n<a href=\"https:\/\/goo.gl\/maps\/Bj79LVNnLbpFRKH39\" target=\"_blank\" rel=\"noopener noreferrer\">08711 Odena (Bcn)<\/a><br \/>\nTel\u00e9fono <a href=\"tel:+34938031686\">+34 93 803 16 86<\/a><br \/>\n<a href=\"mailto:atencioclients@sinorcell.com\">atencioclients@sinorcell.com<\/a><br \/>\nHorario de atenci\u00f3n de 07.00h a 18.00h[\/vc_column_text][\/vc_column_inner][vc_column_inner width=&#8221;1\/4&#8243;][vc_column_text]\n<h4><span style=\"color: #59bac3;\">SINORCELL IR\u00daN<\/span><\/h4>\n<p><strong>Administraci\u00f3n y Log\u00edstica internacional<\/strong><br \/>\n<a href=\"https:\/\/goo.gl\/maps\/wSykMk8gBJqKz8YN8\" target=\"_blank\" rel=\"noopener noreferrer\">Calle Auzolan, #2 *<\/a><br \/>\n<a href=\"https:\/\/goo.gl\/maps\/wSykMk8gBJqKz8YN8\" target=\"_blank\" rel=\"noopener noreferrer\">20303 Ir\u00fan (Guip\u00fazcoa)<\/a><br \/>\nTel\u00e9fono <a href=\"tel:+34943666283\">+34 943 666 283<\/a><br \/>\n<a href=\"mailto:administracion@sinorcell.com\">administracion@sinorcell.com<\/a><br \/>\n<a href=\"mailto:lr2@sinorcell.com\">lr2@sinorcell.com<\/a>[\/vc_column_text][\/vc_column_inner][vc_column_inner width=&#8221;1\/4&#8243;][\/vc_column_inner][\/vc_row_inner][\/vc_column][\/vc_row]\n","protected":false},"excerpt":{"rendered":"<p>[vc_row full_width=&#8221;stretch_row&#8221; content_placement=&#8221;middle&#8221; css=&#8221;.vc_custom_1606754981784{background-image: url(http:\/\/sinorcell.com\/www\/wp-content\/uploads\/2020\/11\/banner-sinorcell-zona-comercial-2.jpg?id=394) !important;background-position: center !important;background-repeat: no-repeat !important;background-size: cover !important;}&#8221;][vc_column][vc_empty_space height=&#8221;62px&#8221;][vc_column_text] ZONA COMERCIAL [\/vc_column_text][vc_empty_space height=&#8221;62px&#8221;][\/vc_column][\/vc_row][vc_row][vc_column][vc_empty_space height=&#8221;62px&#8221;][vc_text_separator title=&#8221;CONTACTO COMERCIAL POR ZONAS&#8221;][vc_empty_space][vc_row_inner][vc_column_inner width=&#8221;1\/3&#8243;][vc_column_text] ZONA CATALUNYA RESPONSABLE DE COMPTES \u00c1LEX M\u00c1RQUEZ Tel\u00e8fon +34 689 230 598 amarquez@sinorcell.com[\/vc_column_text][\/vc_column_inner][vc_column_inner width=&#8221;1\/3&#8243;][vc_column_text] ZONA MADRID RESPONSABLE&hellip;<\/p>\n","protected":false},"author":2,"featured_media":0,"parent":0,"menu_order":0,"comment_status":"closed","ping_status":"closed","template":"","meta":{"inline_featured_image":false,"footnotes":""},"class_list":["post-785","page","type-page","status-publish","hentry","entry","no-media"],"yoast_head":"<!-- This site is optimized with the Yoast SEO plugin v25.2 - https:\/\/yoast.com\/wordpress\/plugins\/seo\/ -->\n<title>Zones Comercials per a Tall i Rebobinat de Paper - Sinorcell<\/title>\n<meta name=\"description\" content=\"A Sinorcell comptem amb diverses seus nacionals perqu\u00e8 puguis contactar de forma immediata i explicar-nos les teves necessitats en maquin\u00e0ria per a tall i rebobinatge de paper.\" \/>\n<meta name=\"robots\" content=\"index, follow, max-snippet:-1, max-image-preview:large, max-video-preview:-1\" \/>\n<link rel=\"canonical\" href=\"https:\/\/sinorcell.com\/ca\/zona-comercial\/\" \/>\n<meta property=\"og:locale\" content=\"ca_ES\" \/>\n<meta property=\"og:type\" content=\"article\" \/>\n<meta property=\"og:title\" content=\"Zones Comercials per a Tall i Rebobinat de Paper - Sinorcell\" \/>\n<meta property=\"og:description\" content=\"A Sinorcell comptem amb diverses seus nacionals perqu\u00e8 puguis contactar de forma immediata i explicar-nos les teves necessitats en maquin\u00e0ria per a tall i rebobinatge de paper.\" \/>\n<meta property=\"og:url\" content=\"https:\/\/sinorcell.com\/ca\/zona-comercial\/\" \/>\n<meta property=\"og:site_name\" content=\"Sinorcell\" \/>\n<meta property=\"article:modified_time\" content=\"2025-04-24T08:20:07+00:00\" \/>\n<meta name=\"twitter:card\" content=\"summary_large_image\" \/>\n<meta name=\"twitter:label1\" content=\"Temps estimat de lectura\" \/>\n\t<meta name=\"twitter:data1\" content=\"2 minuts\" \/>\n<script type=\"application\/ld+json\" class=\"yoast-schema-graph\">{\"@context\":\"https:\/\/schema.org\",\"@graph\":[{\"@type\":\"WebPage\",\"@id\":\"https:\/\/sinorcell.com\/ca\/zona-comercial\/\",\"url\":\"https:\/\/sinorcell.com\/ca\/zona-comercial\/\",\"name\":\"Zones Comercials per a Tall i Rebobinat de Paper - Sinorcell\",\"isPartOf\":{\"@id\":\"https:\/\/sinorcell.com\/#website\"},\"datePublished\":\"2020-11-17T10:30:47+00:00\",\"dateModified\":\"2025-04-24T08:20:07+00:00\",\"description\":\"A Sinorcell comptem amb diverses seus nacionals perqu\u00e8 puguis contactar de forma immediata i explicar-nos les teves necessitats en maquin\u00e0ria per a tall i rebobinatge de paper.\",\"breadcrumb\":{\"@id\":\"https:\/\/sinorcell.com\/ca\/zona-comercial\/#breadcrumb\"},\"inLanguage\":\"ca\",\"potentialAction\":[{\"@type\":\"ReadAction\",\"target\":[\"https:\/\/sinorcell.com\/ca\/zona-comercial\/\"]}]},{\"@type\":\"BreadcrumbList\",\"@id\":\"https:\/\/sinorcell.com\/ca\/zona-comercial\/#breadcrumb\",\"itemListElement\":[{\"@type\":\"ListItem\",\"position\":1,\"name\":\"Portada\",\"item\":\"https:\/\/sinorcell.com\/pt-pt\/\"},{\"@type\":\"ListItem\",\"position\":2,\"name\":\"ZONA COMERCIAL\"}]},{\"@type\":\"WebSite\",\"@id\":\"https:\/\/sinorcell.com\/#website\",\"url\":\"https:\/\/sinorcell.com\/\",\"name\":\"Sinorcell\",\"description\":\"Especialistas en el corte de bobina de cart\u00f3n\",\"publisher\":{\"@id\":\"https:\/\/sinorcell.com\/#organization\"},\"potentialAction\":[{\"@type\":\"SearchAction\",\"target\":{\"@type\":\"EntryPoint\",\"urlTemplate\":\"https:\/\/sinorcell.com\/?s={search_term_string}\"},\"query-input\":{\"@type\":\"PropertyValueSpecification\",\"valueRequired\":true,\"valueName\":\"search_term_string\"}}],\"inLanguage\":\"ca\"},{\"@type\":\"Organization\",\"@id\":\"https:\/\/sinorcell.com\/#organization\",\"name\":\"SINORCELL\",\"url\":\"https:\/\/sinorcell.com\/\",\"logo\":{\"@type\":\"ImageObject\",\"inLanguage\":\"ca\",\"@id\":\"https:\/\/sinorcell.com\/#\/schema\/logo\/image\/\",\"url\":\"https:\/\/sinorcell.com\/www\/wp-content\/uploads\/2020\/11\/logo-sinorcell-svg.svg\",\"contentUrl\":\"https:\/\/sinorcell.com\/www\/wp-content\/uploads\/2020\/11\/logo-sinorcell-svg.svg\",\"width\":420,\"height\":77,\"caption\":\"SINORCELL\"},\"image\":{\"@id\":\"https:\/\/sinorcell.com\/#\/schema\/logo\/image\/\"}}]}<\/script>\n<!-- \/ Yoast SEO plugin. -->","yoast_head_json":{"title":"Zones Comercials per a Tall i Rebobinat de Paper - Sinorcell","description":"A Sinorcell comptem amb diverses seus nacionals perqu\u00e8 puguis contactar de forma immediata i explicar-nos les teves necessitats en maquin\u00e0ria per a tall i rebobinatge de paper.","robots":{"index":"index","follow":"follow","max-snippet":"max-snippet:-1","max-image-preview":"max-image-preview:large","max-video-preview":"max-video-preview:-1"},"canonical":"https:\/\/sinorcell.com\/ca\/zona-comercial\/","og_locale":"ca_ES","og_type":"article","og_title":"Zones Comercials per a Tall i Rebobinat de Paper - Sinorcell","og_description":"A Sinorcell comptem amb diverses seus nacionals perqu\u00e8 puguis contactar de forma immediata i explicar-nos les teves necessitats en maquin\u00e0ria per a tall i rebobinatge de paper.","og_url":"https:\/\/sinorcell.com\/ca\/zona-comercial\/","og_site_name":"Sinorcell","article_modified_time":"2025-04-24T08:20:07+00:00","twitter_card":"summary_large_image","twitter_misc":{"Temps estimat de lectura":"2 minuts"},"schema":{"@context":"https:\/\/schema.org","@graph":[{"@type":"WebPage","@id":"https:\/\/sinorcell.com\/ca\/zona-comercial\/","url":"https:\/\/sinorcell.com\/ca\/zona-comercial\/","name":"Zones Comercials per a Tall i Rebobinat de Paper - Sinorcell","isPartOf":{"@id":"https:\/\/sinorcell.com\/#website"},"datePublished":"2020-11-17T10:30:47+00:00","dateModified":"2025-04-24T08:20:07+00:00","description":"A Sinorcell comptem amb diverses seus nacionals perqu\u00e8 puguis contactar de forma immediata i explicar-nos les teves necessitats en maquin\u00e0ria per a tall i rebobinatge de paper.","breadcrumb":{"@id":"https:\/\/sinorcell.com\/ca\/zona-comercial\/#breadcrumb"},"inLanguage":"ca","potentialAction":[{"@type":"ReadAction","target":["https:\/\/sinorcell.com\/ca\/zona-comercial\/"]}]},{"@type":"BreadcrumbList","@id":"https:\/\/sinorcell.com\/ca\/zona-comercial\/#breadcrumb","itemListElement":[{"@type":"ListItem","position":1,"name":"Portada","item":"https:\/\/sinorcell.com\/pt-pt\/"},{"@type":"ListItem","position":2,"name":"ZONA COMERCIAL"}]},{"@type":"WebSite","@id":"https:\/\/sinorcell.com\/#website","url":"https:\/\/sinorcell.com\/","name":"Sinorcell","description":"Especialistas en el corte de bobina de cart\u00f3n","publisher":{"@id":"https:\/\/sinorcell.com\/#organization"},"potentialAction":[{"@type":"SearchAction","target":{"@type":"EntryPoint","urlTemplate":"https:\/\/sinorcell.com\/?s={search_term_string}"},"query-input":{"@type":"PropertyValueSpecification","valueRequired":true,"valueName":"search_term_string"}}],"inLanguage":"ca"},{"@type":"Organization","@id":"https:\/\/sinorcell.com\/#organization","name":"SINORCELL","url":"https:\/\/sinorcell.com\/","logo":{"@type":"ImageObject","inLanguage":"ca","@id":"https:\/\/sinorcell.com\/#\/schema\/logo\/image\/","url":"https:\/\/sinorcell.com\/www\/wp-content\/uploads\/2020\/11\/logo-sinorcell-svg.svg","contentUrl":"https:\/\/sinorcell.com\/www\/wp-content\/uploads\/2020\/11\/logo-sinorcell-svg.svg","width":420,"height":77,"caption":"SINORCELL"},"image":{"@id":"https:\/\/sinorcell.com\/#\/schema\/logo\/image\/"}}]}},"_links":{"self":[{"href":"https:\/\/sinorcell.com\/ca\/wp-json\/wp\/v2\/pages\/785"}],"collection":[{"href":"https:\/\/sinorcell.com\/ca\/wp-json\/wp\/v2\/pages"}],"about":[{"href":"https:\/\/sinorcell.com\/ca\/wp-json\/wp\/v2\/types\/page"}],"author":[{"embeddable":true,"href":"https:\/\/sinorcell.com\/ca\/wp-json\/wp\/v2\/users\/2"}],"replies":[{"embeddable":true,"href":"https:\/\/sinorcell.com\/ca\/wp-json\/wp\/v2\/comments?post=785"}],"version-history":[{"count":17,"href":"https:\/\/sinorcell.com\/ca\/wp-json\/wp\/v2\/pages\/785\/revisions"}],"predecessor-version":[{"id":7481,"href":"https:\/\/sinorcell.com\/ca\/wp-json\/wp\/v2\/pages\/785\/revisions\/7481"}],"wp:attachment":[{"href":"https:\/\/sinorcell.com\/ca\/wp-json\/wp\/v2\/media?parent=785"}],"curies":[{"name":"wp","href":"https:\/\/api.w.org\/{rel}","templated":true}]}}