{"id":789,"date":"2020-11-17T11:31:49","date_gmt":"2020-11-17T10:31:49","guid":{"rendered":"http:\/\/sinorcell.com\/www\/sostenibilidad\/"},"modified":"2026-02-02T10:05:17","modified_gmt":"2026-02-02T09:05:17","slug":"sostenibilitat","status":"publish","type":"page","link":"https:\/\/sinorcell.com\/ca\/sostenibilitat\/","title":{"rendered":"SOSTENIBILITAT"},"content":{"rendered":"[vc_row full_width=&#8221;stretch_row&#8221; content_placement=&#8221;middle&#8221; css=&#8221;.vc_custom_1606754094010{background-image: url(http:\/\/sinorcell.com\/www\/wp-content\/uploads\/2020\/11\/banner-sinorcell-sostenibilidad.jpg?id=388) !important;background-position: center !important;background-repeat: no-repeat !important;background-size: cover !important;}&#8221;][vc_column][vc_empty_space height=&#8221;62px&#8221;][vc_column_text]\n<h4 style=\"text-align: center; font-size: 30px;\"><span class=\"white-text\">SOSTENIBILITAT<br \/>\n<\/span><\/h4>\n[\/vc_column_text][vc_empty_space height=&#8221;62px&#8221;][\/vc_column][\/vc_row][vc_row][vc_column width=&#8221;1\/6&#8243;][\/vc_column][vc_column width=&#8221;2\/3&#8243;][vc_empty_space][vc_column_text]\n<h1 style=\"text-align: center; margin-bottom: 0px;\">COMPROMESOS AMB EL MEDI AMBIENT<\/h1>\n<p style=\"text-align: center;\"><span style=\"margin-top: -21px;\"><strong>ENS AVALEN LES NOSTRES CERTIFICACIONS<br \/>\n<\/strong><\/span><\/p>\n<p style=\"text-align: center;\">Des del conglomerat de totes les instal\u00b7lacions de Sinorcell i conjuntament amb tots els nostres prove\u00efdors i tots els treballadors de Sinorcell, promovem un codi \u00e8tic i de valors creat per impulsar i preservar una sostenibilitat, basada en respectar l&#8217;ecologia i el medi ambient.<\/p>\n[\/vc_column_text][vc_empty_space height=&#8221;20px&#8221;][\/vc_column][vc_column width=&#8221;1\/6&#8243;][\/vc_column][\/vc_row][vc_row full_width=&#8221;stretch_row&#8221; css=&#8221;.vc_custom_1718796481766{padding-top: 20px !important;background-color: #f3f3f0 !important;background-position: 0 0 !important;background-repeat: no-repeat !important;}&#8221;][vc_column][vc_row_inner][vc_column_inner width=&#8221;1\/4&#8243;][vc_empty_space height=&#8221;42px&#8221;][vc_single_image image=&#8221;5922&#8243; img_size=&#8221;131&#215;187&#8243; alignment=&#8221;center&#8221; onclick=&#8221;custom_link&#8221; img_link_target=&#8221;_blank&#8221; css=&#8221;.vc_custom_1770022914348{padding-top: -5px !important;padding-right: 15px !important;padding-bottom: 7px !important;padding-left: 15px !important;}&#8221; link=&#8221;https:\/\/sinorcell.com\/www\/wp-content\/uploads\/2026\/02\/PEFC-SINORCELL-Certificate.pdf&#8221;][vc_column_text]\n<h4 style=\"margin-bottom: 0px; text-align: center;\"><span style=\"color: #333333; font-size: 14px;\">CERTIFICACI\u00d3 PEFC<br \/>\n<\/span><\/h4>\n[\/vc_column_text][vc_column_text]\n<p style=\"margin-bottom: 0px; text-align: center;\"><span style=\"color: #333333; font-size: 14px;\">Els nostres productes d&#8217;origen forestal (fusta, paper, &#8230;) certificats per <strong>PEFC<\/strong> garanteixen als nostres clients que estan comprant productes de boscos gestionats sosteniblement.<\/span><\/p>\n[\/vc_column_text]<div class=\"textcenter theme-button-wrap wpex-clr\"><a href=\"https:\/\/sinorcell.com\/www\/wp-content\/uploads\/2026\/02\/PEFC-SINORCELL-Certificate.pdf\" class=\"vcex-button theme-button align-center inline\" target=\"_blank\" rel=\"noopener noreferrer\"><span class=\"theme-button-inner\">Descarregar certificat<\/span><\/a><\/div> [\/vc_column_inner][vc_column_inner width=&#8221;1\/4&#8243;][vc_empty_space height=&#8221;42px&#8221;][vc_single_image image=&#8221;1266&#8243; alignment=&#8221;center&#8221; onclick=&#8221;custom_link&#8221; img_link_target=&#8221;_blank&#8221; link=&#8221;https:\/\/sinorcell.com\/www\/wp-content\/uploads\/2026\/02\/FSC-SINORCELL-Certificate.pdf&#8221;][vc_column_text]\n<h4 style=\"margin-bottom: 0px; text-align: center;\"><span style=\"color: #333333; font-size: 14px;\">CERTIFICACI\u00d3 FSC\u00ae<br \/>\n<\/span><\/h4>\n[\/vc_column_text][vc_column_text]\n<p style=\"text-align: center;\">El Certificat<strong> FSC<\/strong> realitza avaluacions a empreses forestals o similars per aconseguir o fomentar una gesti\u00f3 forestal econ\u00f2micament viable, socialment beneficiosa i apropiada des del punt de vista ambiental per als boscos.<\/p>\n[\/vc_column_text]<div class=\"textcenter theme-button-wrap wpex-clr\"><a href=\"https:\/\/sinorcell.com\/www\/wp-content\/uploads\/2026\/02\/FSC-SINORCELL-Certificate.pdf\" class=\"vcex-button theme-button align-center inline\" target=\"_blank\" rel=\"noopener noreferrer\"><span class=\"theme-button-inner\">Descarregar certificat<\/span><\/a><\/div> [\/vc_column_inner][vc_column_inner width=&#8221;1\/4&#8243;][vc_empty_space height=&#8221;42px&#8221;][vc_single_image image=&#8221;5930&#8243; img_size=&#8221;131&#215;187&#8243; alignment=&#8221;center&#8221; onclick=&#8221;custom_link&#8221; img_link_target=&#8221;_blank&#8221; link=&#8221;https:\/\/sinorcell.com\/www\/wp-content\/uploads\/2026\/02\/Autodeclaracion-EUTR.pdf&#8221; css=&#8221;.vc_custom_1770023106964{padding-top: -5px !important;padding-right: 15px !important;padding-bottom: 15px !important;padding-left: 15px !important;}&#8221;][vc_column_text]\n<h4 style=\"margin-bottom: 0px; text-align: center;\"><span style=\"color: #333333; font-size: 14px;\">REGLAMENT EUROPEU DE LA FUSTA<br \/>\n<\/span><\/h4>\n[\/vc_column_text][vc_column_text]\n<p style=\"text-align: center;\">Complim amb el Reglament de la Uni\u00f3 Europea relatiu a la comercialitzaci\u00f3 de fusta que garanteix que la fusta i els productes derivats no s\u00f3n procedents de tala il\u00b7legal.<\/p>\n[\/vc_column_text]<div class=\"textcenter theme-button-wrap wpex-clr\"><a href=\"https:\/\/sinorcell.com\/www\/wp-content\/uploads\/2026\/02\/Autodeclaracion-EUTR.pdf\" class=\"vcex-button theme-button align-center inline\" target=\"_blank\" rel=\"noopener noreferrer\"><span class=\"theme-button-inner\">Descarregar autodeclaraci\u00f3<\/span><\/a><\/div> [\/vc_column_inner][vc_column_inner width=&#8221;1\/4&#8243;][vc_empty_space height=&#8221;42px&#8221;][vc_single_image image=&#8221;1272&#8243; alignment=&#8221;center&#8221;][vc_column_text]\n<h4 style=\"margin-bottom: 0px; text-align: center;\"><span style=\"color: #333333; font-size: 14px;\">CERTIFICACI\u00d3 COMPOSTABLE<br \/>\n<\/span><\/h4>\n[\/vc_column_text][vc_column_text]\n<p style=\"text-align: center;\">Els nostres productes han estat certificats com a <strong>compostables<\/strong> segons el compliment de les normes UNE-EN13432 \/ EN14995. La biodegradabilitat (en condicions de compostabilitat) del producte.<\/p>\n[\/vc_column_text][\/vc_column_inner][\/vc_row_inner][vc_column_text]\n<p style=\"text-align: center;\">La <strong>Pol\u00edtica de la Cadena de Cust\u00f2dia<\/strong> de Sinorcell, es troba a disposici\u00f3 de qualsevol interessat que la requereixi.<br \/>\nPer sol\u00b7licitar-la envi\u00ef un correu electr\u00f2nic a <a href=\"mailto:calidad@sinorcell.com\">calidad@sinorcell.com<\/a>.[\/vc_column_text][\/vc_column][\/vc_row][vc_row][vc_column width=&#8221;1\/2&#8243;][vc_empty_space][vc_column_text]\n<h4 style=\"margin-bottom: 0px; text-align: left;\">FABRICACI\u00d3\u00a0 PR\u00d2PIA DE PALETS A MIDA<\/h4>\n[\/vc_column_text][vc_empty_space]<div class=\"wpex-slider-preloaderimg\"><img loading=\"lazy\" decoding=\"async\" data-no-lazy=\"1\" class=\"skip-lazy\" src=\"https:\/\/sinorcell.com\/www\/wp-content\/uploads\/2020\/11\/sinorcell-sostenibilidad-carpinteria-2.jpg\" alt=\"\" width=\"1200\" height=\"638\" \/><\/div><div class=\"vcex-module wpex-slider slider-pro vcex-image-slider wpex-clr\" data-auto-play-delay=\"5000\" data-animation-speed=\"600\" data-height-animation-duration=\"500\" data-thumbnail-height=\"70\" data-thumbnail-width=\"70\"><div class=\"wpex-slider-slides sp-slides\"><div class=\"wpex-slider-slide sp-slide\"><div class=\"wpex-slider-media\"><img loading=\"lazy\" decoding=\"async\" data-no-lazy=\"1\" class=\"skip-lazy\" src=\"https:\/\/sinorcell.com\/www\/wp-content\/uploads\/2020\/11\/sinorcell-sostenibilidad-carpinteria-2.jpg\" alt=\"\" width=\"1200\" height=\"638\" \/><\/div><\/div><div class=\"wpex-slider-slide sp-slide\"><div class=\"wpex-slider-media\"><img loading=\"lazy\" decoding=\"async\" data-no-lazy=\"1\" class=\"skip-lazy\" src=\"https:\/\/sinorcell.com\/www\/wp-content\/uploads\/2020\/11\/sinorcell-sostenibilidad-carpinteria-1.jpg\" alt=\"\" width=\"1200\" height=\"638\" \/><\/div><\/div><\/div><\/div>[vc_empty_space][\/vc_column][vc_column width=&#8221;1\/2&#8243;][vc_empty_space][vc_column_text]\n<h4 style=\"margin-bottom: 0px; text-align: left;\"><span style=\"color: #333333; font-size: 14px;\">ESTALVIEM FUSTA<br \/>\n<\/span><\/h4>\n<p>Mitjan\u00e7ant la nostra fusteria interna reciclem i produ\u00efm els nostres propis palets a mida per a cada producte.[\/vc_column_text][vc_column_text]\n<h4 style=\"margin-bottom: 0px; text-align: left;\"><span style=\"color: #333333; font-size: 14px;\">ESTALVIEM ESPAI A MAGATZEM<br \/>\n<\/span><\/h4>\n<p>Crear els nostres palets a mida ens permet aprofitar al m\u00e0xim l&#8217;espai a la nostra nau industrial i la dels nostres clients.[\/vc_column_text][vc_column_text]\n<h4 style=\"margin-bottom: 0px; text-align: left;\"><span style=\"color: #333333; font-size: 14px;\">ESTALVIEM VOLUM I COSTOS DE TRANSPORT<br \/>\n<\/span><\/h4>\n<p>Creant palets a mida redu\u00efm els costos de transport ja que aprofitem al m\u00e0xim la nostra capacitat d&#8217;enviament.[\/vc_column_text][vc_column_text]\n<h4 style=\"margin-bottom: 0px; text-align: left;\"><span style=\"color: #333333; font-size: 14px;\">PALETS A MIDA<br \/>\n<\/span><\/h4>\n<p>Sinorcell aposta per un proc\u00e9s a mida per a cada comanda.[\/vc_column_text][vc_empty_space height=&#8221;12px&#8221;][\/vc_column][\/vc_row][vc_row full_width=&#8221;stretch_row&#8221; content_placement=&#8221;middle&#8221; css=&#8221;.vc_custom_1606812664924{background-color: #333333 !important;background-position: center !important;background-repeat: no-repeat !important;background-size: cover !important;}&#8221;][vc_column width=&#8221;1\/4&#8243;][\/vc_column][vc_column width=&#8221;1\/2&#8243;][vc_empty_space height=&#8221;26px&#8221;][vc_row_inner][vc_column_inner width=&#8221;1\/5&#8243;][\/vc_column_inner][vc_column_inner width=&#8221;1\/5&#8243;][\/vc_column_inner][vc_column_inner width=&#8221;1\/5&#8243;][vc_single_image image=&#8221;656&#8243; css=&#8221;.vc_custom_1606748318083{margin-bottom: -42px !important;}&#8221;][\/vc_column_inner][vc_column_inner width=&#8221;1\/5&#8243;][\/vc_column_inner][vc_column_inner width=&#8221;1\/5&#8243;][\/vc_column_inner][\/vc_row_inner][vc_column_text css=&#8221;.vc_custom_1607093942078{margin-top: -20px !important;padding-top: -20px !important;}&#8221;]\n<h4 style=\"text-align: center; font-size: 30px;\"><span class=\"white-text\" style=\"color: #333333; font-size: 24px;\">RECICLEM TOT EL CARTR\u00d3 SOBRANT<\/span><span class=\"white-text\"><br \/>\n<\/span><\/h4>\n[\/vc_column_text][\/vc_column][vc_column width=&#8221;1\/4&#8243;][\/vc_column][\/vc_row][vc_row full_width=&#8221;stretch_row&#8221; css=&#8221;.vc_custom_1605714465618{background-color: #e1e1dd !important;background-position: center !important;background-repeat: no-repeat !important;background-size: cover !important;}&#8221;][vc_column][vc_empty_space][vc_column_text]\n<h4 style=\"margin-bottom: 0px; text-align: center;\">\u00c0REA COMERCIAL<\/h4>\n<p style=\"text-align: center;\">Estem presents en tota la geografia espanyola a m\u00e9s de Fran\u00e7a i Portugal.<br \/>\nEl nostre equip comercial est\u00e0 a disposici\u00f3 dels nostres clients per oferir-los el millor servei.<br \/>\n<span style=\"color: #333333; font-size: 14px;\"><strong>ZONA CATALUNYA | ZONA LEVANTE | ZONA MADRID | ZONA FRAN\u00c7A | ZONA PORTUGAL<\/strong><br \/>\n<\/span>[\/vc_column_text][vc_empty_space height=&#8221;10px&#8221;]<div class=\"textcenter theme-button-wrap wpex-clr\"><a href=\"\/ca\/zona-comercial\/\" class=\"vcex-button theme-button align-center inline\"><span class=\"theme-button-inner\">CONTACTE<\/span><\/a><\/div> [vc_empty_space][\/vc_column][\/vc_row]\n","protected":false},"excerpt":{"rendered":"<p>[vc_row full_width=&#8221;stretch_row&#8221; content_placement=&#8221;middle&#8221; css=&#8221;.vc_custom_1606754094010{background-image: url(http:\/\/sinorcell.com\/www\/wp-content\/uploads\/2020\/11\/banner-sinorcell-sostenibilidad.jpg?id=388) !important;background-position: center !important;background-repeat: no-repeat !important;background-size: cover !important;}&#8221;][vc_column][vc_empty_space height=&#8221;62px&#8221;][vc_column_text] SOSTENIBILITAT [\/vc_column_text][vc_empty_space height=&#8221;62px&#8221;][\/vc_column][\/vc_row][vc_row][vc_column width=&#8221;1\/6&#8243;][\/vc_column][vc_column width=&#8221;2\/3&#8243;][vc_empty_space][vc_column_text] COMPROMESOS AMB EL MEDI AMBIENT ENS AVALEN LES NOSTRES CERTIFICACIONS Des del conglomerat de totes les instal\u00b7lacions de Sinorcell i conjuntament amb&hellip;<\/p>\n","protected":false},"author":2,"featured_media":0,"parent":0,"menu_order":0,"comment_status":"closed","ping_status":"closed","template":"","meta":{"inline_featured_image":false,"footnotes":""},"class_list":["post-789","page","type-page","status-publish","hentry","entry","no-media"],"yoast_head":"<!-- This site is optimized with the Yoast SEO plugin v25.2 - https:\/\/yoast.com\/wordpress\/plugins\/seo\/ -->\n<title>SOSTENIBILITAT - Sinorcell<\/title>\n<meta name=\"robots\" content=\"index, follow, max-snippet:-1, max-image-preview:large, max-video-preview:-1\" \/>\n<link rel=\"canonical\" href=\"https:\/\/sinorcell.com\/pt-pt\/sustentabilidade\/\" \/>\n<meta property=\"og:locale\" content=\"ca_ES\" \/>\n<meta property=\"og:type\" content=\"article\" \/>\n<meta property=\"og:title\" content=\"SOSTENIBILITAT - Sinorcell\" \/>\n<meta property=\"og:description\" content=\"[vc_row full_width=&#8221;stretch_row&#8221; content_placement=&#8221;middle&#8221; css=&#8221;.vc_custom_1606754094010{background-image: url(http:\/\/sinorcell.com\/www\/wp-content\/uploads\/2020\/11\/banner-sinorcell-sostenibilidad.jpg?id=388) !important;background-position: center !important;background-repeat: no-repeat !important;background-size: cover !important;}&#8221;][vc_column][vc_empty_space height=&#8221;62px&#8221;][vc_column_text] SOSTENIBILITAT [\/vc_column_text][vc_empty_space height=&#8221;62px&#8221;][\/vc_column][\/vc_row][vc_row][vc_column width=&#8221;1\/6&#8243;][\/vc_column][vc_column width=&#8221;2\/3&#8243;][vc_empty_space][vc_column_text] COMPROMESOS AMB EL MEDI AMBIENT ENS AVALEN LES NOSTRES CERTIFICACIONS Des del conglomerat de totes les instal\u00b7lacions de Sinorcell i conjuntament amb&hellip;\" \/>\n<meta property=\"og:url\" content=\"https:\/\/sinorcell.com\/pt-pt\/sustentabilidade\/\" \/>\n<meta property=\"og:site_name\" content=\"Sinorcell\" \/>\n<meta property=\"article:modified_time\" content=\"2026-02-02T09:05:17+00:00\" \/>\n<meta name=\"twitter:card\" content=\"summary_large_image\" \/>\n<meta name=\"twitter:label1\" content=\"Temps estimat de lectura\" \/>\n\t<meta name=\"twitter:data1\" content=\"3 minuts\" \/>\n<script type=\"application\/ld+json\" class=\"yoast-schema-graph\">{\"@context\":\"https:\/\/schema.org\",\"@graph\":[{\"@type\":\"WebPage\",\"@id\":\"https:\/\/sinorcell.com\/pt-pt\/sustentabilidade\/\",\"url\":\"https:\/\/sinorcell.com\/pt-pt\/sustentabilidade\/\",\"name\":\"SOSTENIBILITAT - Sinorcell\",\"isPartOf\":{\"@id\":\"https:\/\/sinorcell.com\/#website\"},\"datePublished\":\"2020-11-17T10:31:49+00:00\",\"dateModified\":\"2026-02-02T09:05:17+00:00\",\"breadcrumb\":{\"@id\":\"https:\/\/sinorcell.com\/pt-pt\/sustentabilidade\/#breadcrumb\"},\"inLanguage\":\"ca\",\"potentialAction\":[{\"@type\":\"ReadAction\",\"target\":[\"https:\/\/sinorcell.com\/pt-pt\/sustentabilidade\/\"]}]},{\"@type\":\"BreadcrumbList\",\"@id\":\"https:\/\/sinorcell.com\/pt-pt\/sustentabilidade\/#breadcrumb\",\"itemListElement\":[{\"@type\":\"ListItem\",\"position\":1,\"name\":\"Portada\",\"item\":\"https:\/\/sinorcell.com\/pt-pt\/\"},{\"@type\":\"ListItem\",\"position\":2,\"name\":\"SOSTENIBILITAT\"}]},{\"@type\":\"WebSite\",\"@id\":\"https:\/\/sinorcell.com\/#website\",\"url\":\"https:\/\/sinorcell.com\/\",\"name\":\"Sinorcell\",\"description\":\"Especialistas en el corte de bobina de cart\u00f3n\",\"publisher\":{\"@id\":\"https:\/\/sinorcell.com\/#organization\"},\"potentialAction\":[{\"@type\":\"SearchAction\",\"target\":{\"@type\":\"EntryPoint\",\"urlTemplate\":\"https:\/\/sinorcell.com\/?s={search_term_string}\"},\"query-input\":{\"@type\":\"PropertyValueSpecification\",\"valueRequired\":true,\"valueName\":\"search_term_string\"}}],\"inLanguage\":\"ca\"},{\"@type\":\"Organization\",\"@id\":\"https:\/\/sinorcell.com\/#organization\",\"name\":\"SINORCELL\",\"url\":\"https:\/\/sinorcell.com\/\",\"logo\":{\"@type\":\"ImageObject\",\"inLanguage\":\"ca\",\"@id\":\"https:\/\/sinorcell.com\/#\/schema\/logo\/image\/\",\"url\":\"https:\/\/sinorcell.com\/www\/wp-content\/uploads\/2020\/11\/logo-sinorcell-svg.svg\",\"contentUrl\":\"https:\/\/sinorcell.com\/www\/wp-content\/uploads\/2020\/11\/logo-sinorcell-svg.svg\",\"width\":420,\"height\":77,\"caption\":\"SINORCELL\"},\"image\":{\"@id\":\"https:\/\/sinorcell.com\/#\/schema\/logo\/image\/\"}}]}<\/script>\n<!-- \/ Yoast SEO plugin. -->","yoast_head_json":{"title":"SOSTENIBILITAT - Sinorcell","robots":{"index":"index","follow":"follow","max-snippet":"max-snippet:-1","max-image-preview":"max-image-preview:large","max-video-preview":"max-video-preview:-1"},"canonical":"https:\/\/sinorcell.com\/pt-pt\/sustentabilidade\/","og_locale":"ca_ES","og_type":"article","og_title":"SOSTENIBILITAT - Sinorcell","og_description":"[vc_row full_width=&#8221;stretch_row&#8221; content_placement=&#8221;middle&#8221; css=&#8221;.vc_custom_1606754094010{background-image: url(http:\/\/sinorcell.com\/www\/wp-content\/uploads\/2020\/11\/banner-sinorcell-sostenibilidad.jpg?id=388) !important;background-position: center !important;background-repeat: no-repeat !important;background-size: cover !important;}&#8221;][vc_column][vc_empty_space height=&#8221;62px&#8221;][vc_column_text] SOSTENIBILITAT [\/vc_column_text][vc_empty_space height=&#8221;62px&#8221;][\/vc_column][\/vc_row][vc_row][vc_column width=&#8221;1\/6&#8243;][\/vc_column][vc_column width=&#8221;2\/3&#8243;][vc_empty_space][vc_column_text] COMPROMESOS AMB EL MEDI AMBIENT ENS AVALEN LES NOSTRES CERTIFICACIONS Des del conglomerat de totes les instal\u00b7lacions de Sinorcell i conjuntament amb&hellip;","og_url":"https:\/\/sinorcell.com\/pt-pt\/sustentabilidade\/","og_site_name":"Sinorcell","article_modified_time":"2026-02-02T09:05:17+00:00","twitter_card":"summary_large_image","twitter_misc":{"Temps estimat de lectura":"3 minuts"},"schema":{"@context":"https:\/\/schema.org","@graph":[{"@type":"WebPage","@id":"https:\/\/sinorcell.com\/pt-pt\/sustentabilidade\/","url":"https:\/\/sinorcell.com\/pt-pt\/sustentabilidade\/","name":"SOSTENIBILITAT - Sinorcell","isPartOf":{"@id":"https:\/\/sinorcell.com\/#website"},"datePublished":"2020-11-17T10:31:49+00:00","dateModified":"2026-02-02T09:05:17+00:00","breadcrumb":{"@id":"https:\/\/sinorcell.com\/pt-pt\/sustentabilidade\/#breadcrumb"},"inLanguage":"ca","potentialAction":[{"@type":"ReadAction","target":["https:\/\/sinorcell.com\/pt-pt\/sustentabilidade\/"]}]},{"@type":"BreadcrumbList","@id":"https:\/\/sinorcell.com\/pt-pt\/sustentabilidade\/#breadcrumb","itemListElement":[{"@type":"ListItem","position":1,"name":"Portada","item":"https:\/\/sinorcell.com\/pt-pt\/"},{"@type":"ListItem","position":2,"name":"SOSTENIBILITAT"}]},{"@type":"WebSite","@id":"https:\/\/sinorcell.com\/#website","url":"https:\/\/sinorcell.com\/","name":"Sinorcell","description":"Especialistas en el corte de bobina de cart\u00f3n","publisher":{"@id":"https:\/\/sinorcell.com\/#organization"},"potentialAction":[{"@type":"SearchAction","target":{"@type":"EntryPoint","urlTemplate":"https:\/\/sinorcell.com\/?s={search_term_string}"},"query-input":{"@type":"PropertyValueSpecification","valueRequired":true,"valueName":"search_term_string"}}],"inLanguage":"ca"},{"@type":"Organization","@id":"https:\/\/sinorcell.com\/#organization","name":"SINORCELL","url":"https:\/\/sinorcell.com\/","logo":{"@type":"ImageObject","inLanguage":"ca","@id":"https:\/\/sinorcell.com\/#\/schema\/logo\/image\/","url":"https:\/\/sinorcell.com\/www\/wp-content\/uploads\/2020\/11\/logo-sinorcell-svg.svg","contentUrl":"https:\/\/sinorcell.com\/www\/wp-content\/uploads\/2020\/11\/logo-sinorcell-svg.svg","width":420,"height":77,"caption":"SINORCELL"},"image":{"@id":"https:\/\/sinorcell.com\/#\/schema\/logo\/image\/"}}]}},"_links":{"self":[{"href":"https:\/\/sinorcell.com\/ca\/wp-json\/wp\/v2\/pages\/789"}],"collection":[{"href":"https:\/\/sinorcell.com\/ca\/wp-json\/wp\/v2\/pages"}],"about":[{"href":"https:\/\/sinorcell.com\/ca\/wp-json\/wp\/v2\/types\/page"}],"author":[{"embeddable":true,"href":"https:\/\/sinorcell.com\/ca\/wp-json\/wp\/v2\/users\/2"}],"replies":[{"embeddable":true,"href":"https:\/\/sinorcell.com\/ca\/wp-json\/wp\/v2\/comments?post=789"}],"version-history":[{"count":19,"href":"https:\/\/sinorcell.com\/ca\/wp-json\/wp\/v2\/pages\/789\/revisions"}],"predecessor-version":[{"id":8495,"href":"https:\/\/sinorcell.com\/ca\/wp-json\/wp\/v2\/pages\/789\/revisions\/8495"}],"wp:attachment":[{"href":"https:\/\/sinorcell.com\/ca\/wp-json\/wp\/v2\/media?parent=789"}],"curies":[{"name":"wp","href":"https:\/\/api.w.org\/{rel}","templated":true}]}}