{"id":793,"date":"2020-11-23T18:58:14","date_gmt":"2020-11-23T17:58:14","guid":{"rendered":"http:\/\/sinorcell.com\/www\/politica-de-privacidad\/"},"modified":"2020-12-04T16:09:14","modified_gmt":"2020-12-04T15:09:14","slug":"politica-de-privacitat","status":"publish","type":"page","link":"https:\/\/sinorcell.com\/ca\/politica-de-privacitat\/","title":{"rendered":"Pol\u00edtica de privacitat"},"content":{"rendered":"<h1><u>POL\u00cdTICA DE PRIVACITAT<\/u><\/h1>\n<p><strong>SINORCELL<\/strong> garanteix el compliment de les obligacions disposades en la normativa de protecci\u00f3 de dades de car\u00e0cter personal, i en concret amb el Reglament (UE) 2016\/679 de el Parlament Europeu i de Consell, de 27 d&#8217;abril de 2016 relatiu a la protecci\u00f3 de les persones f\u00edsiques pel que fa a el tractament de dades personals i la lliure circulaci\u00f3 d&#8217;aquestes dades.<\/p>\n<p>A la p\u00e0gina web no es sol\u00b7liciten dades personals dels usuaris que la visiten, llevat de les dades que subministren per mitj\u00e0 del correu electr\u00f2nic de contacte o mitjan\u00e7ant l&#8217;emplenament del corresponent formulari, o b\u00e9 per l&#8217;acceptaci\u00f3 de la pol\u00edtica de cookies del web.<\/p>\n<p>L&#8217;usuari s&#8217;obliga a facilitar les dades veraces, exactes i completes sobre la seva identitat. L&#8217;usuari respondr\u00e0, en qualsevol cas, de la veracitat de les dades facilitades, reservant <strong>SINORCELL SLU<\/strong> el dret a excloure dels serveis prestats a tot usuari que hagi facilitat dades falses, sense perjudici de les altres accions legals que es puguin exercitar.<\/p>\n<h3>RESPONSABLE DEL TRACTAMENT<\/h3>\n<p><strong>SINORCELL SLU,<\/strong><br \/>\nCIF: B20605572<br \/>\nAuzolan 2, 2\u00aa planta<br \/>\n20303 Ir\u00fan (Gipuzkoa)<br \/>\nTel\u00e8fon: 943 66 62 83<br \/>\nEmail: <a href=\"mailto:administracion@sinorcell.com\">administracion@sinorcell.com<\/a><\/p>\n<h3>FINALITAT DEL TRACTAMENT<\/h3>\n<p>Les dades subministrades per correu electr\u00f2nic o completant el corresponent formulari seran tractades per <strong>SINORCELL<\/strong> com a responsable del tractament per a contestar a les sol\u00b7licituds realitzades pels usuaris.<\/p>\n<p>En el cas que l&#8217;usuari hagi acceptat mitjan\u00e7ant la marcaci\u00f3 de la corresponent casella, se li enviaran comunicacions comercials relatives a productes i \/ o serveis de <strong>SINORCELL.<\/strong><\/p>\n<p>Posteriorment, l&#8217;usuari si no vol continuar rebent comunicacions comercials remeses per <strong>SINORCELL<\/strong> podeu clicar al link &#8220;Baixa&#8221; a qualsevol comunicaci\u00f3 comercial electr\u00f2nica.<\/p>\n<p><strong>Per quant de temps conservarem les seves dades?<\/strong><\/p>\n<p>Les dades personals proporcionades es conservaran mentre es mantingui la relaci\u00f3 contractual pels per\u00edodes legalment previstos, sense perjudici de la sol\u00b7licitud de supressi\u00f3 per l&#8217;interessat. A la data de finalitzaci\u00f3 del contracte les dades seran bloquejats per tal d&#8217;impedir el seu tractament excepte per posar a disposici\u00f3 d&#8217;Administracions P\u00fabliques i Tribunals, per a l&#8217;atenci\u00f3 de les possibles responsabilitats nascudes del tractament i nom\u00e9s durant el termini de prescripci\u00f3 d&#8217;aquestes responsabilitats .<\/p>\n<p><strong>LEGITIMACI\u00d3 DEL TRACTAMENT<\/strong><\/p>\n<p>La base legal per al tractament de les seves dades \u00e9s el consentiment de l&#8217;usuari a l&#8217;acceptar les presents condicions.<\/p>\n<h3>DESTINATARIS DE CESSIONS O TRANSFER\u00c8NCIES<\/h3>\n<p><strong>SINORCELL<\/strong> informa i garanteix expressament als usuaris que les seves dades personals no seran cedides en cap cas a tercers, i que sempre que fos a realitzar algun tipus de cessi\u00f3 de dades personals, de forma pr\u00e8via, es demanaria el consentiment expr\u00e9s, informat, i inequ\u00edvoc per part dels usuaris.<\/p>\n<p>Aix\u00ed mateix, <strong>SINORCELL<\/strong> t\u00e9 concertats contractes amb diferents prove\u00efdors, que tracten les dades per compte de <strong>SINORCELL<\/strong> en cas que en la prestaci\u00f3 d&#8217;un servei fos necess\u00e0ria la seva intervenci\u00f3.<\/p>\n<h3>DRETS DE LES PERSONES INTERESSADES<\/h3>\n<p>Qualsevol persona t\u00e9 dret a obtenir confirmaci\u00f3 sobre si a <strong>SINORCELL<\/strong> estem tractant dades personals que els concerneixin, o no.<\/p>\n<p>Les persones interessades tenen dret a si accedir a les seves dades personals, aix\u00ed com a sol\u00b7licitar la rectificaci\u00f3 de les dades inexactes o, si escau, sol\u00b7licitar la seva supressi\u00f3 quan, entre d&#8217;altres motius, les dades ja no siguin necessaris per als fins que van ser recollits .<\/p>\n<p>En determinades circumst\u00e0ncies, els interessats podran sol\u00b7licitar la limitaci\u00f3 del tractament de les seves dades, en aquest cas \u00fanicament els conservarem per a l&#8217;exercici o la defensa de reclamacions.<\/p>\n<p>En determinades circumst\u00e0ncies i per motius relacionats amb la seva situaci\u00f3 particular, els interessats podran oposar-se oposar-se a el tractament de les seves dades. <strong>SINORCELL<\/strong> deixar\u00e0 de tractar les dades, excepte per motius leg\u00edtims imperiosos, o l&#8217;exercici o la defensa de possibles reclamacions.<\/p>\n<p>L&#8217;usuari tindr\u00e0 dret a la portabilitat, \u00e9s a dir, al fet que les dades personals que hagu\u00e9s facilitat, es transmeten directament a un altre responsable en format estructurat, d&#8217;\u00fas com\u00fa i lectura mec\u00e0nica, quan t\u00e8cnicament fos possible.<\/p>\n<p>El titular de les dades, o el seu representant legal, acreditant la seva identitat poden exercir els drets esmentats dirigint un correu electr\u00f2nic a l&#8217;adre\u00e7a electr\u00f2nica <a href=\"mailto:administracion@sinorcell.com\">administracion@sinorcell.com<\/a> o mitjan\u00e7ant correu postal a: Auzolan 2, 2a planta 20303 Irun Guip\u00fascoa)<\/p>\n<p>Podeu obtenir informaci\u00f3 addicional sobre els seus drets davant l&#8217;Ag\u00e8ncia Espanyola de Protecci\u00f3 de Dades en <a href=\"http:\/\/www.agpd.es\">http:\/\/www.agpd.es<\/a> o l&#8217;autoritat corresponent de pa\u00eds en el qual es trobi. Quan el titular dels drets no hagi obtingut satisfacci\u00f3 en l&#8217;exercici dels mateixos, pot reclamar l&#8217;assist\u00e8ncia de l&#8217;Ag\u00e8ncia Espanyola de Protecci\u00f3 de Dades (o de l&#8217;autoritat corresponent) perqu\u00e8 l&#8217;exercici dels seus drets sigui efectiu, mitjan\u00e7ant la presentaci\u00f3 de una Reclamaci\u00f3 de Tutela de Drets (<a href=\"http:\/\/www.agpd.es\">http:\/\/www.agpd.es<\/a>)<\/p>\n<p><strong>SINORCELL<\/strong> garanteix en tot cas a l&#8217;usuari l&#8217;exercici dels drets de previstos a la normativa en els termes que disposa la legislaci\u00f3 vigent.<\/p>\n<p>&nbsp;<\/p>\n<p><strong>DIRECCIONS IP<\/strong><\/p>\n<p><span class=\"VIiyi\" lang=\"ca\"><span class=\"JLqJ4b ChMk0b\" data-language-for-alternatives=\"ca\" data-language-to-translate-into=\"es\" data-phrase-index=\"0\">Els<\/span> <span class=\"JLqJ4b ChMk0b\" data-language-for-alternatives=\"ca\" data-language-to-translate-into=\"es\" data-phrase-index=\"1\">servidors<\/span> <span class=\"JLqJ4b ChMk0b\" data-language-for-alternatives=\"ca\" data-language-to-translate-into=\"es\" data-phrase-index=\"2\">del lloc web<\/span> <span class=\"JLqJ4b ChMk0b\" data-language-for-alternatives=\"ca\" data-language-to-translate-into=\"es\" data-phrase-index=\"3\">podran detectar de<\/span> <span class=\"JLqJ4b ChMk0b\" data-language-for-alternatives=\"ca\" data-language-to-translate-into=\"es\" data-phrase-index=\"4\">manera autom\u00e0tica l&#8217;adre\u00e7a<\/span> <span class=\"JLqJ4b ChMk0b\" data-language-for-alternatives=\"ca\" data-language-to-translate-into=\"es\" data-phrase-index=\"5\">IP i el<\/span> <span class=\"JLqJ4b ChMk0b\" data-language-for-alternatives=\"ca\" data-language-to-translate-into=\"es\" data-phrase-index=\"6\">nom<\/span> <span class=\"JLqJ4b ChMk0b\" data-language-for-alternatives=\"ca\" data-language-to-translate-into=\"es\" data-phrase-index=\"7\">de domini<\/span> <span class=\"JLqJ4b ChMk0b\" data-language-for-alternatives=\"ca\" data-language-to-translate-into=\"es\" data-phrase-index=\"8\">utilitzats<\/span> <span class=\"JLqJ4b ChMk0b\" data-language-for-alternatives=\"ca\" data-language-to-translate-into=\"es\" data-phrase-index=\"9\">per l&#8217;usuari.<\/span> <span class=\"JLqJ4b ChMk0b\" data-language-for-alternatives=\"ca\" data-language-to-translate-into=\"es\" data-phrase-index=\"10\">Una adre\u00e7a<\/span> <span class=\"JLqJ4b ChMk0b\" data-language-for-alternatives=\"ca\" data-language-to-translate-into=\"es\" data-phrase-index=\"11\">IP \u00e9s<\/span> <span class=\"JLqJ4b ChMk0b\" data-language-for-alternatives=\"ca\" data-language-to-translate-into=\"es\" data-phrase-index=\"12\">un nombre<\/span> <span class=\"JLqJ4b ChMk0b\" data-language-for-alternatives=\"ca\" data-language-to-translate-into=\"es\" data-phrase-index=\"13\">assignat<\/span> <span class=\"JLqJ4b ChMk0b\" data-language-for-alternatives=\"ca\" data-language-to-translate-into=\"es\" data-phrase-index=\"14\">autom\u00e0ticament a un<\/span> <span class=\"JLqJ4b ChMk0b\" data-language-for-alternatives=\"ca\" data-language-to-translate-into=\"es\" data-phrase-index=\"15\">ordinador<\/span> <span class=\"JLqJ4b ChMk0b\" data-language-for-alternatives=\"ca\" data-language-to-translate-into=\"es\" data-phrase-index=\"16\">quan aquesta es<\/span> <span class=\"JLqJ4b ChMk0b\" data-language-for-alternatives=\"ca\" data-language-to-translate-into=\"es\" data-phrase-index=\"17\">connecta a Internet.<\/span> <span class=\"JLqJ4b ChMk0b\" data-language-for-alternatives=\"ca\" data-language-to-translate-into=\"es\" data-phrase-index=\"18\">Tota<\/span> <span class=\"JLqJ4b ChMk0b\" data-language-for-alternatives=\"ca\" data-language-to-translate-into=\"es\" data-phrase-index=\"19\">aquesta<\/span> <span class=\"JLqJ4b ChMk0b\" data-language-for-alternatives=\"ca\" data-language-to-translate-into=\"es\" data-phrase-index=\"20\">informaci\u00f3<\/span> <span class=\"JLqJ4b ChMk0b\" data-language-for-alternatives=\"ca\" data-language-to-translate-into=\"es\" data-phrase-index=\"21\">\u00e9s registrada en<\/span> <span class=\"JLqJ4b ChMk0b\" data-language-for-alternatives=\"ca\" data-language-to-translate-into=\"es\" data-phrase-index=\"22\">un fitxer d&#8217;activitat<\/span> <span class=\"JLqJ4b ChMk0b\" data-language-for-alternatives=\"ca\" data-language-to-translate-into=\"es\" data-phrase-index=\"23\">de<\/span> <span class=\"JLqJ4b ChMk0b\" data-language-for-alternatives=\"ca\" data-language-to-translate-into=\"es\" data-phrase-index=\"24\">l&#8217;<\/span><span class=\"JLqJ4b ChMk0b\" data-language-for-alternatives=\"ca\" data-language-to-translate-into=\"es\" data-phrase-index=\"25\">servidor<\/span> <span class=\"JLqJ4b ChMk0b\" data-language-for-alternatives=\"ca\" data-language-to-translate-into=\"es\" data-phrase-index=\"26\">degudament<\/span> <span class=\"JLqJ4b ChMk0b\" data-language-for-alternatives=\"ca\" data-language-to-translate-into=\"es\" data-phrase-index=\"27\">inscrit que<\/span> <span class=\"JLqJ4b ChMk0b\" data-language-for-alternatives=\"ca\" data-language-to-translate-into=\"es\" data-phrase-index=\"28\">permet el posterior<\/span> <span class=\"JLqJ4b ChMk0b\" data-language-for-alternatives=\"ca\" data-language-to-translate-into=\"es\" data-phrase-index=\"29\">processament<\/span> <span class=\"JLqJ4b ChMk0b\" data-language-for-alternatives=\"ca\" data-language-to-translate-into=\"es\" data-phrase-index=\"30\">de les dades<\/span> <span class=\"JLqJ4b ChMk0b\" data-language-for-alternatives=\"ca\" data-language-to-translate-into=\"es\" data-phrase-index=\"31\">amb<\/span> <span class=\"JLqJ4b ChMk0b\" data-language-for-alternatives=\"ca\" data-language-to-translate-into=\"es\" data-phrase-index=\"32\">la finalitat d&#8217;obtenir<\/span> <span class=\"JLqJ4b ChMk0b\" data-language-for-alternatives=\"ca\" data-language-to-translate-into=\"es\" data-phrase-index=\"33\">mesures \u00fanicament<\/span> <span class=\"JLqJ4b ChMk0b\" data-language-for-alternatives=\"ca\" data-language-to-translate-into=\"es\" data-phrase-index=\"34\">estad\u00edstiques que<\/span> <span class=\"JLqJ4b ChMk0b\" data-language-for-alternatives=\"ca\" data-language-to-translate-into=\"es\" data-phrase-index=\"35\">permetin<\/span> <span class=\"JLqJ4b ChMk0b\" data-language-for-alternatives=\"ca\" data-language-to-translate-into=\"es\" data-phrase-index=\"36\">con\u00e8ixer el nombre<\/span> <span class=\"JLqJ4b ChMk0b\" data-language-for-alternatives=\"ca\" data-language-to-translate-into=\"es\" data-phrase-index=\"37\">d&#8217;impressions<\/span> <span class=\"JLqJ4b ChMk0b\" data-language-for-alternatives=\"ca\" data-language-to-translate-into=\"es\" data-phrase-index=\"38\">de p\u00e0gines<\/span><span class=\"JLqJ4b ChMk0b\" data-language-for-alternatives=\"ca\" data-language-to-translate-into=\"es\" data-phrase-index=\"39\">, el nombre<\/span> <span class=\"JLqJ4b ChMk0b\" data-language-for-alternatives=\"ca\" data-language-to-translate-into=\"es\" data-phrase-index=\"40\">de visites<\/span> <span class=\"JLqJ4b ChMk0b\" data-language-for-alternatives=\"ca\" data-language-to-translate-into=\"es\" data-phrase-index=\"41\">realitzades als<\/span> <span class=\"JLqJ4b ChMk0b\" data-language-for-alternatives=\"ca\" data-language-to-translate-into=\"es\" data-phrase-index=\"42\">serveis web,<\/span> <span class=\"JLqJ4b ChMk0b\" data-language-for-alternatives=\"ca\" data-language-to-translate-into=\"es\" data-phrase-index=\"43\">l&#8217;ordre<\/span> <span class=\"JLqJ4b ChMk0b\" data-language-for-alternatives=\"ca\" data-language-to-translate-into=\"es\" data-phrase-index=\"44\">de visites<\/span><span class=\"JLqJ4b ChMk0b\" data-language-for-alternatives=\"ca\" data-language-to-translate-into=\"es\" data-phrase-index=\"45\">, el punt<\/span> <span class=\"JLqJ4b ChMk0b\" data-language-for-alternatives=\"ca\" data-language-to-translate-into=\"es\" data-phrase-index=\"46\">d&#8217;acc\u00e9s, etc.<\/span><\/span><\/p>\n","protected":false},"excerpt":{"rendered":"<p>POL\u00cdTICA DE PRIVACITAT SINORCELL garanteix el compliment de les obligacions disposades en la normativa de protecci\u00f3 de dades de car\u00e0cter personal, i en concret amb el Reglament (UE) 2016\/679 de el Parlament Europeu i de Consell, de 27 d&#8217;abril de&hellip;<\/p>\n","protected":false},"author":2,"featured_media":0,"parent":0,"menu_order":0,"comment_status":"closed","ping_status":"closed","template":"","meta":{"inline_featured_image":false,"footnotes":""},"class_list":["post-793","page","type-page","status-publish","hentry","entry","no-media"],"yoast_head":"<!-- This site is optimized with the Yoast SEO plugin v25.2 - https:\/\/yoast.com\/wordpress\/plugins\/seo\/ -->\n<title>Pol\u00edtica de privacitat - Sinorcell<\/title>\n<meta name=\"robots\" content=\"index, follow, max-snippet:-1, max-image-preview:large, max-video-preview:-1\" \/>\n<link rel=\"canonical\" href=\"https:\/\/sinorcell.com\/politica-de-privacidad\/\" \/>\n<meta property=\"og:locale\" content=\"ca_ES\" \/>\n<meta property=\"og:type\" content=\"article\" \/>\n<meta property=\"og:title\" content=\"Pol\u00edtica de privacitat - Sinorcell\" \/>\n<meta property=\"og:description\" content=\"POL\u00cdTICA DE PRIVACITAT SINORCELL garanteix el compliment de les obligacions disposades en la normativa de protecci\u00f3 de dades de car\u00e0cter personal, i en concret amb el Reglament (UE) 2016\/679 de el Parlament Europeu i de Consell, de 27 d&#8217;abril de&hellip;\" \/>\n<meta property=\"og:url\" content=\"https:\/\/sinorcell.com\/politica-de-privacidad\/\" \/>\n<meta property=\"og:site_name\" content=\"Sinorcell\" \/>\n<meta property=\"article:modified_time\" content=\"2020-12-04T15:09:14+00:00\" \/>\n<meta name=\"twitter:card\" content=\"summary_large_image\" \/>\n<meta name=\"twitter:label1\" content=\"Temps estimat de lectura\" \/>\n\t<meta name=\"twitter:data1\" content=\"5 minuts\" \/>\n<script type=\"application\/ld+json\" class=\"yoast-schema-graph\">{\"@context\":\"https:\/\/schema.org\",\"@graph\":[{\"@type\":\"WebPage\",\"@id\":\"https:\/\/sinorcell.com\/politica-de-privacidad\/\",\"url\":\"https:\/\/sinorcell.com\/politica-de-privacidad\/\",\"name\":\"Pol\u00edtica de privacitat - Sinorcell\",\"isPartOf\":{\"@id\":\"https:\/\/sinorcell.com\/#website\"},\"datePublished\":\"2020-11-23T17:58:14+00:00\",\"dateModified\":\"2020-12-04T15:09:14+00:00\",\"breadcrumb\":{\"@id\":\"https:\/\/sinorcell.com\/politica-de-privacidad\/#breadcrumb\"},\"inLanguage\":\"ca\",\"potentialAction\":[{\"@type\":\"ReadAction\",\"target\":[\"https:\/\/sinorcell.com\/politica-de-privacidad\/\"]}]},{\"@type\":\"BreadcrumbList\",\"@id\":\"https:\/\/sinorcell.com\/politica-de-privacidad\/#breadcrumb\",\"itemListElement\":[{\"@type\":\"ListItem\",\"position\":1,\"name\":\"Portada\",\"item\":\"https:\/\/sinorcell.com\/pt-pt\/\"},{\"@type\":\"ListItem\",\"position\":2,\"name\":\"Pol\u00edtica de privacitat\"}]},{\"@type\":\"WebSite\",\"@id\":\"https:\/\/sinorcell.com\/#website\",\"url\":\"https:\/\/sinorcell.com\/\",\"name\":\"Sinorcell\",\"description\":\"Especialistas en el corte de bobina de cart\u00f3n\",\"publisher\":{\"@id\":\"https:\/\/sinorcell.com\/#organization\"},\"potentialAction\":[{\"@type\":\"SearchAction\",\"target\":{\"@type\":\"EntryPoint\",\"urlTemplate\":\"https:\/\/sinorcell.com\/?s={search_term_string}\"},\"query-input\":{\"@type\":\"PropertyValueSpecification\",\"valueRequired\":true,\"valueName\":\"search_term_string\"}}],\"inLanguage\":\"ca\"},{\"@type\":\"Organization\",\"@id\":\"https:\/\/sinorcell.com\/#organization\",\"name\":\"SINORCELL\",\"url\":\"https:\/\/sinorcell.com\/\",\"logo\":{\"@type\":\"ImageObject\",\"inLanguage\":\"ca\",\"@id\":\"https:\/\/sinorcell.com\/#\/schema\/logo\/image\/\",\"url\":\"https:\/\/sinorcell.com\/www\/wp-content\/uploads\/2020\/11\/logo-sinorcell-svg.svg\",\"contentUrl\":\"https:\/\/sinorcell.com\/www\/wp-content\/uploads\/2020\/11\/logo-sinorcell-svg.svg\",\"width\":420,\"height\":77,\"caption\":\"SINORCELL\"},\"image\":{\"@id\":\"https:\/\/sinorcell.com\/#\/schema\/logo\/image\/\"}}]}<\/script>\n<!-- \/ Yoast SEO plugin. -->","yoast_head_json":{"title":"Pol\u00edtica de privacitat - Sinorcell","robots":{"index":"index","follow":"follow","max-snippet":"max-snippet:-1","max-image-preview":"max-image-preview:large","max-video-preview":"max-video-preview:-1"},"canonical":"https:\/\/sinorcell.com\/politica-de-privacidad\/","og_locale":"ca_ES","og_type":"article","og_title":"Pol\u00edtica de privacitat - Sinorcell","og_description":"POL\u00cdTICA DE PRIVACITAT SINORCELL garanteix el compliment de les obligacions disposades en la normativa de protecci\u00f3 de dades de car\u00e0cter personal, i en concret amb el Reglament (UE) 2016\/679 de el Parlament Europeu i de Consell, de 27 d&#8217;abril de&hellip;","og_url":"https:\/\/sinorcell.com\/politica-de-privacidad\/","og_site_name":"Sinorcell","article_modified_time":"2020-12-04T15:09:14+00:00","twitter_card":"summary_large_image","twitter_misc":{"Temps estimat de lectura":"5 minuts"},"schema":{"@context":"https:\/\/schema.org","@graph":[{"@type":"WebPage","@id":"https:\/\/sinorcell.com\/politica-de-privacidad\/","url":"https:\/\/sinorcell.com\/politica-de-privacidad\/","name":"Pol\u00edtica de privacitat - Sinorcell","isPartOf":{"@id":"https:\/\/sinorcell.com\/#website"},"datePublished":"2020-11-23T17:58:14+00:00","dateModified":"2020-12-04T15:09:14+00:00","breadcrumb":{"@id":"https:\/\/sinorcell.com\/politica-de-privacidad\/#breadcrumb"},"inLanguage":"ca","potentialAction":[{"@type":"ReadAction","target":["https:\/\/sinorcell.com\/politica-de-privacidad\/"]}]},{"@type":"BreadcrumbList","@id":"https:\/\/sinorcell.com\/politica-de-privacidad\/#breadcrumb","itemListElement":[{"@type":"ListItem","position":1,"name":"Portada","item":"https:\/\/sinorcell.com\/pt-pt\/"},{"@type":"ListItem","position":2,"name":"Pol\u00edtica de privacitat"}]},{"@type":"WebSite","@id":"https:\/\/sinorcell.com\/#website","url":"https:\/\/sinorcell.com\/","name":"Sinorcell","description":"Especialistas en el corte de bobina de cart\u00f3n","publisher":{"@id":"https:\/\/sinorcell.com\/#organization"},"potentialAction":[{"@type":"SearchAction","target":{"@type":"EntryPoint","urlTemplate":"https:\/\/sinorcell.com\/?s={search_term_string}"},"query-input":{"@type":"PropertyValueSpecification","valueRequired":true,"valueName":"search_term_string"}}],"inLanguage":"ca"},{"@type":"Organization","@id":"https:\/\/sinorcell.com\/#organization","name":"SINORCELL","url":"https:\/\/sinorcell.com\/","logo":{"@type":"ImageObject","inLanguage":"ca","@id":"https:\/\/sinorcell.com\/#\/schema\/logo\/image\/","url":"https:\/\/sinorcell.com\/www\/wp-content\/uploads\/2020\/11\/logo-sinorcell-svg.svg","contentUrl":"https:\/\/sinorcell.com\/www\/wp-content\/uploads\/2020\/11\/logo-sinorcell-svg.svg","width":420,"height":77,"caption":"SINORCELL"},"image":{"@id":"https:\/\/sinorcell.com\/#\/schema\/logo\/image\/"}}]}},"_links":{"self":[{"href":"https:\/\/sinorcell.com\/ca\/wp-json\/wp\/v2\/pages\/793"}],"collection":[{"href":"https:\/\/sinorcell.com\/ca\/wp-json\/wp\/v2\/pages"}],"about":[{"href":"https:\/\/sinorcell.com\/ca\/wp-json\/wp\/v2\/types\/page"}],"author":[{"embeddable":true,"href":"https:\/\/sinorcell.com\/ca\/wp-json\/wp\/v2\/users\/2"}],"replies":[{"embeddable":true,"href":"https:\/\/sinorcell.com\/ca\/wp-json\/wp\/v2\/comments?post=793"}],"version-history":[{"count":2,"href":"https:\/\/sinorcell.com\/ca\/wp-json\/wp\/v2\/pages\/793\/revisions"}],"predecessor-version":[{"id":796,"href":"https:\/\/sinorcell.com\/ca\/wp-json\/wp\/v2\/pages\/793\/revisions\/796"}],"wp:attachment":[{"href":"https:\/\/sinorcell.com\/ca\/wp-json\/wp\/v2\/media?parent=793"}],"curies":[{"name":"wp","href":"https:\/\/api.w.org\/{rel}","templated":true}]}}