{"id":1019,"date":"2020-11-23T18:58:14","date_gmt":"2020-11-23T17:58:14","guid":{"rendered":"http:\/\/sinorcell.com\/www\/politica-de-privacidad\/"},"modified":"2020-12-16T12:33:58","modified_gmt":"2020-12-16T11:33:58","slug":"politique-de-confidentialite","status":"publish","type":"page","link":"https:\/\/sinorcell.com\/fr\/politique-de-confidentialite\/","title":{"rendered":"Politique de confidentialit\u00e9"},"content":{"rendered":"[vc_row][vc_column][vc_column_text]\n<h1><u>POLITIQUE DE CONFIDENTIALIT\u00c9<\/u><\/h1>\n<p>SINORCELL garantit le respect des obligations \u00e9nonc\u00e9es dans le r\u00e8glement sur la protection des donn\u00e9es personnelles, et plus particuli\u00e8rement avec le r\u00e8glement (UE) 2016\/679 du Parlement europ\u00e9en et du Conseil du 27 avril 2016 relatif \u00e0 la protection de la personnes physiques en ce qui concerne le traitement des donn\u00e9es personnelles et la libre circulation de ces donn\u00e9es.<\/p>\n<p>Le site Web ne demande pas de donn\u00e9es personnelles aux utilisateurs qui le visitent, \u00e0 l&rsquo;exception des donn\u00e9es fournies au moyen de l&#8217;email de contact ou en remplissant le formulaire correspondant, ou en acceptant la politique de cookies du site Web.<\/p>\n<p>L&rsquo;utilisateur est tenu de fournir des informations vraies, exactes et compl\u00e8tes sur son identit\u00e9. L&rsquo;utilisateur r\u00e9pondra, dans tous les cas, pour la v\u00e9racit\u00e9 des donn\u00e9es fournies, SINORCELL SLU se r\u00e9serve le droit d&rsquo;exclure des services fournis \u00e0 tout utilisateur qui a fourni de fausses donn\u00e9es, sans pr\u00e9judice d&rsquo;autres actions en justice qui pourraient \u00eatre exerc\u00e9es.<\/p>\n<h3>RESPONSABLE DU TRAITEMENT<\/h3>\n<p><strong>SINORCELL SLU,<\/strong><br \/>\nCIF: B20605572<br \/>\nAuzolan 2, 2\u00aa planta<br \/>\n20303 Ir\u00fan (Gipuzkoa)<br \/>\nTel\u00e9fono: 943 66 62 83<br \/>\nEmail:\u00a0<a href=\"mailto:administracion@sinorcell.com\">administracion@sinorcell.com<\/a><\/p>\n<h3>BUT DU TRAITEMENT<\/h3>\n<p>Les donn\u00e9es fournies par email ou en remplissant le formulaire correspondant seront trait\u00e9es par SINORCELL en tant que responsable du traitement pour r\u00e9pondre aux demandes des utilisateurs.<\/p>\n<p>Dans le cas o\u00f9 l&rsquo;utilisateur a accept\u00e9 en cochant la case correspondante, des communications commerciales concernant les produits et \/ ou services SINORCELL seront envoy\u00e9es.<\/p>\n<p>Par la suite, si l&rsquo;utilisateur ne souhaite pas continuer \u00e0 recevoir les communications commerciales envoy\u00e9es par SINORCELL, il peut cliquer sur le lien \u00abSe d\u00e9sinscrire\u00bb dans toute communication commerciale \u00e9lectronique.<\/p>\n<p><strong>Combien de temps conserverons-nous vos donn\u00e9es?<\/strong><\/p>\n<p>Les donn\u00e9es personnelles fournies seront conserv\u00e9es aussi longtemps que la relation contractuelle est maintenue pendant les p\u00e9riodes l\u00e9galement \u00e9tablies, sans pr\u00e9judice de la demande de suppression par l&rsquo;int\u00e9ress\u00e9. A la date de fin du contrat, les donn\u00e9es seront bloqu\u00e9es afin d&#8217;emp\u00eacher leur traitement sauf pour les mettre \u00e0 disposition des Administrations Publiques et des Tribunaux, \u00e0 l&rsquo;attention d&rsquo;\u00e9ventuelles responsabilit\u00e9s d\u00e9coulant du traitement et uniquement pendant la p\u00e9riode de prescription desdites responsabilit\u00e9s. .L\u00c9GITIMATION DU TRAITEMENT<\/p>\n<p>La base l\u00e9gale pour le traitement de vos donn\u00e9es est le consentement de l&rsquo;utilisateur en acceptant ces conditions.<\/p>\n<h3>B\u00c9N\u00c9FICIAIRES DE CESSIONS OU DE TRANSFERTS<\/h3>\n<p>SINORCELL informe et garantit express\u00e9ment les utilisateurs que leurs donn\u00e9es personnelles ne seront en aucun cas transf\u00e9r\u00e9es \u00e0 des tiers et que chaque fois qu&rsquo;un type de transfert de donn\u00e9es personnelles doit \u00eatre effectu\u00e9, un consentement pr\u00e9alable, expr\u00e8s et \u00e9clair\u00e9 sera demand\u00e9, et sans \u00e9quivoque par les utilisateurs.<\/p>\n<p>De m\u00eame, SINORCELL a conclu des contrats avec diff\u00e9rents prestataires, qui traitent les donn\u00e9es pour le compte de SINORCELL dans le cas o\u00f9 leur intervention serait n\u00e9cessaire dans la fourniture d&rsquo;un service.<\/p>\n<h3>DROITS DES PERSONNES INT\u00c9RESS\u00c9ES<\/h3>\n<p>Toute personne a le droit d&rsquo;obtenir la confirmation que SINORCELL traite ou non les donn\u00e9es personnelles qui la concernent.<\/p>\n<p>Les personnes int\u00e9ress\u00e9es ont le droit d&rsquo;acc\u00e9der \u00e0 leurs donn\u00e9es personnelles, de demander la rectification de donn\u00e9es inexactes ou, le cas \u00e9ch\u00e9ant, de demander leur suppression lorsque, entre autres raisons, les donn\u00e9es ne sont plus n\u00e9cessaires aux fins pour lesquelles elles ont \u00e9t\u00e9 collect\u00e9es. .<\/p>\n<p>Dans certaines circonstances, les parties int\u00e9ress\u00e9es peuvent demander la limitation du traitement de leurs donn\u00e9es, auquel cas nous ne les conserverons que pour l&rsquo;exercice ou la d\u00e9fense de r\u00e9clamations.<\/p>\n<p>Dans certaines circonstances et pour des raisons li\u00e9es \u00e0 leur situation particuli\u00e8re, les parties int\u00e9ress\u00e9es peuvent s&rsquo;opposer au traitement de leurs donn\u00e9es. SINORCELL cessera de traiter les donn\u00e9es, sauf pour des raisons l\u00e9gitimes imp\u00e9rieuses, ou pour l&rsquo;exercice ou la d\u00e9fense d&rsquo;\u00e9ventuelles r\u00e9clamations.<\/p>\n<p>L&rsquo;utilisateur aura le droit \u00e0 la portabilit\u00e9, c&rsquo;est-\u00e0-dire \u00e0 ce que les donn\u00e9es personnelles qu&rsquo;il a fournies soient transmises directement \u00e0 un autre responsable dans un format structur\u00e9, pour une utilisation commune et une lecture m\u00e9canique, lorsque cela est techniquement possible.<\/p>\n<p>Le propri\u00e9taire des donn\u00e9es, ou son repr\u00e9sentant l\u00e9gal, prouvant son identit\u00e9, peut exercer les droits susmentionn\u00e9s en envoyant un courrier \u00e9lectronique \u00e0 l&rsquo;adresse \u00e9lectronique administracion@sinorcell.com ou par courrier postal \u00e0: Auzolan 2, 2\u00aa planta 20303 Ir\u00fan Gipuzkoa)<\/p>\n<p>Vous pouvez obtenir des informations suppl\u00e9mentaires sur vos droits aupr\u00e8s de l&rsquo;Agence espagnole de protection des donn\u00e9es \u00e0 l&rsquo;adresse http:\/\/www.agpd.es ou aupr\u00e8s de l&rsquo;autorit\u00e9 correspondante du pays dans lequel vous vous trouvez. Lorsque le titulaire des droits n&rsquo;a pas obtenu satisfaction dans l&rsquo;exercice de ceux-ci, il peut demander l&rsquo;assistance de l&rsquo;Agence espagnole de protection des donn\u00e9es (ou de l&rsquo;autorit\u00e9 correspondante) afin que l&rsquo;exercice de leurs droits soit effectif, en soumettant une revendication de protection des droits (http:\/\/www.agpd.es)<\/p>\n<p>SINORCELL garantit en tout \u00e9tat de cause \u00e0 l&rsquo;utilisateur l&rsquo;exercice des droits pr\u00e9vus par la r\u00e9glementation dans les conditions pr\u00e9vues par la l\u00e9gislation en vigueur.<\/p>\n<p><strong>ADRESSES IP<\/strong><\/p>\n<p>Les serveurs du site Web pourront d\u00e9tecter automatiquement l&rsquo;adresse IP et le nom de domaine utilis\u00e9s par l&rsquo;utilisateur. Une adresse IP est un num\u00e9ro attribu\u00e9 automatiquement \u00e0 un ordinateur lorsqu&rsquo;il se connecte \u00e0 Internet. Toutes ces informations sont enregistr\u00e9es dans un fichier d&rsquo;activit\u00e9 du serveur d\u00fbment enregistr\u00e9 qui permet le traitement ult\u00e9rieur des donn\u00e9es afin d&rsquo;obtenir uniquement des mesures statistiques permettant de conna\u00eetre le nombre d&rsquo;impressions de pages, le nombre de visites effectu\u00e9es sur les services web, l&rsquo;ordre des visites, le point d&rsquo;acc\u00e8s, etc.[\/vc_column_text][\/vc_column][\/vc_row]\n","protected":false},"excerpt":{"rendered":"<p>[vc_row][vc_column][vc_column_text] POLITIQUE DE CONFIDENTIALIT\u00c9 SINORCELL garantit le respect des obligations \u00e9nonc\u00e9es dans le r\u00e8glement sur la protection des donn\u00e9es personnelles, et plus particuli\u00e8rement avec le r\u00e8glement (UE) 2016\/679 du Parlement europ\u00e9en et du Conseil du 27 avril 2016 relatif \u00e0&hellip;<\/p>\n","protected":false},"author":2,"featured_media":0,"parent":0,"menu_order":0,"comment_status":"closed","ping_status":"closed","template":"","meta":{"inline_featured_image":false,"footnotes":""},"class_list":["post-1019","page","type-page","status-publish","hentry","entry","no-media"],"yoast_head":"<!-- This site is optimized with the Yoast SEO plugin v25.2 - https:\/\/yoast.com\/wordpress\/plugins\/seo\/ -->\n<title>Politique de confidentialit\u00e9 - Sinorcell<\/title>\n<meta name=\"robots\" content=\"index, follow, max-snippet:-1, max-image-preview:large, max-video-preview:-1\" \/>\n<link rel=\"canonical\" href=\"https:\/\/sinorcell.com\/politica-de-privacidad\/\" \/>\n<meta property=\"og:locale\" content=\"fr_FR\" \/>\n<meta property=\"og:type\" content=\"article\" \/>\n<meta property=\"og:title\" content=\"Politique de confidentialit\u00e9 - Sinorcell\" \/>\n<meta property=\"og:description\" content=\"[vc_row][vc_column][vc_column_text] POLITIQUE DE CONFIDENTIALIT\u00c9 SINORCELL garantit le respect des obligations \u00e9nonc\u00e9es dans le r\u00e8glement sur la protection des donn\u00e9es personnelles, et plus particuli\u00e8rement avec le r\u00e8glement (UE) 2016\/679 du Parlement europ\u00e9en et du Conseil du 27 avril 2016 relatif \u00e0&hellip;\" \/>\n<meta property=\"og:url\" content=\"https:\/\/sinorcell.com\/politica-de-privacidad\/\" \/>\n<meta property=\"og:site_name\" content=\"Sinorcell\" \/>\n<meta property=\"article:modified_time\" content=\"2020-12-16T11:33:58+00:00\" \/>\n<meta name=\"twitter:card\" content=\"summary_large_image\" \/>\n<meta name=\"twitter:label1\" content=\"Dur\u00e9e de lecture estim\u00e9e\" \/>\n\t<meta name=\"twitter:data1\" content=\"5 minutes\" \/>\n<script type=\"application\/ld+json\" class=\"yoast-schema-graph\">{\"@context\":\"https:\/\/schema.org\",\"@graph\":[{\"@type\":\"WebPage\",\"@id\":\"https:\/\/sinorcell.com\/politica-de-privacidad\/\",\"url\":\"https:\/\/sinorcell.com\/politica-de-privacidad\/\",\"name\":\"Politique de confidentialit\u00e9 - Sinorcell\",\"isPartOf\":{\"@id\":\"https:\/\/sinorcell.com\/#website\"},\"datePublished\":\"2020-11-23T17:58:14+00:00\",\"dateModified\":\"2020-12-16T11:33:58+00:00\",\"breadcrumb\":{\"@id\":\"https:\/\/sinorcell.com\/politica-de-privacidad\/#breadcrumb\"},\"inLanguage\":\"fr-FR\",\"potentialAction\":[{\"@type\":\"ReadAction\",\"target\":[\"https:\/\/sinorcell.com\/politica-de-privacidad\/\"]}]},{\"@type\":\"BreadcrumbList\",\"@id\":\"https:\/\/sinorcell.com\/politica-de-privacidad\/#breadcrumb\",\"itemListElement\":[{\"@type\":\"ListItem\",\"position\":1,\"name\":\"Portada\",\"item\":\"https:\/\/sinorcell.com\/pt-pt\/\"},{\"@type\":\"ListItem\",\"position\":2,\"name\":\"Politique de confidentialit\u00e9\"}]},{\"@type\":\"WebSite\",\"@id\":\"https:\/\/sinorcell.com\/#website\",\"url\":\"https:\/\/sinorcell.com\/\",\"name\":\"Sinorcell\",\"description\":\"Especialistas en el corte de bobina de cart\u00f3n\",\"publisher\":{\"@id\":\"https:\/\/sinorcell.com\/#organization\"},\"potentialAction\":[{\"@type\":\"SearchAction\",\"target\":{\"@type\":\"EntryPoint\",\"urlTemplate\":\"https:\/\/sinorcell.com\/?s={search_term_string}\"},\"query-input\":{\"@type\":\"PropertyValueSpecification\",\"valueRequired\":true,\"valueName\":\"search_term_string\"}}],\"inLanguage\":\"fr-FR\"},{\"@type\":\"Organization\",\"@id\":\"https:\/\/sinorcell.com\/#organization\",\"name\":\"SINORCELL\",\"url\":\"https:\/\/sinorcell.com\/\",\"logo\":{\"@type\":\"ImageObject\",\"inLanguage\":\"fr-FR\",\"@id\":\"https:\/\/sinorcell.com\/#\/schema\/logo\/image\/\",\"url\":\"https:\/\/sinorcell.com\/www\/wp-content\/uploads\/2020\/11\/logo-sinorcell-svg.svg\",\"contentUrl\":\"https:\/\/sinorcell.com\/www\/wp-content\/uploads\/2020\/11\/logo-sinorcell-svg.svg\",\"width\":420,\"height\":77,\"caption\":\"SINORCELL\"},\"image\":{\"@id\":\"https:\/\/sinorcell.com\/#\/schema\/logo\/image\/\"}}]}<\/script>\n<!-- \/ Yoast SEO plugin. -->","yoast_head_json":{"title":"Politique de confidentialit\u00e9 - Sinorcell","robots":{"index":"index","follow":"follow","max-snippet":"max-snippet:-1","max-image-preview":"max-image-preview:large","max-video-preview":"max-video-preview:-1"},"canonical":"https:\/\/sinorcell.com\/politica-de-privacidad\/","og_locale":"fr_FR","og_type":"article","og_title":"Politique de confidentialit\u00e9 - Sinorcell","og_description":"[vc_row][vc_column][vc_column_text] POLITIQUE DE CONFIDENTIALIT\u00c9 SINORCELL garantit le respect des obligations \u00e9nonc\u00e9es dans le r\u00e8glement sur la protection des donn\u00e9es personnelles, et plus particuli\u00e8rement avec le r\u00e8glement (UE) 2016\/679 du Parlement europ\u00e9en et du Conseil du 27 avril 2016 relatif \u00e0&hellip;","og_url":"https:\/\/sinorcell.com\/politica-de-privacidad\/","og_site_name":"Sinorcell","article_modified_time":"2020-12-16T11:33:58+00:00","twitter_card":"summary_large_image","twitter_misc":{"Dur\u00e9e de lecture estim\u00e9e":"5 minutes"},"schema":{"@context":"https:\/\/schema.org","@graph":[{"@type":"WebPage","@id":"https:\/\/sinorcell.com\/politica-de-privacidad\/","url":"https:\/\/sinorcell.com\/politica-de-privacidad\/","name":"Politique de confidentialit\u00e9 - Sinorcell","isPartOf":{"@id":"https:\/\/sinorcell.com\/#website"},"datePublished":"2020-11-23T17:58:14+00:00","dateModified":"2020-12-16T11:33:58+00:00","breadcrumb":{"@id":"https:\/\/sinorcell.com\/politica-de-privacidad\/#breadcrumb"},"inLanguage":"fr-FR","potentialAction":[{"@type":"ReadAction","target":["https:\/\/sinorcell.com\/politica-de-privacidad\/"]}]},{"@type":"BreadcrumbList","@id":"https:\/\/sinorcell.com\/politica-de-privacidad\/#breadcrumb","itemListElement":[{"@type":"ListItem","position":1,"name":"Portada","item":"https:\/\/sinorcell.com\/pt-pt\/"},{"@type":"ListItem","position":2,"name":"Politique de confidentialit\u00e9"}]},{"@type":"WebSite","@id":"https:\/\/sinorcell.com\/#website","url":"https:\/\/sinorcell.com\/","name":"Sinorcell","description":"Especialistas en el corte de bobina de cart\u00f3n","publisher":{"@id":"https:\/\/sinorcell.com\/#organization"},"potentialAction":[{"@type":"SearchAction","target":{"@type":"EntryPoint","urlTemplate":"https:\/\/sinorcell.com\/?s={search_term_string}"},"query-input":{"@type":"PropertyValueSpecification","valueRequired":true,"valueName":"search_term_string"}}],"inLanguage":"fr-FR"},{"@type":"Organization","@id":"https:\/\/sinorcell.com\/#organization","name":"SINORCELL","url":"https:\/\/sinorcell.com\/","logo":{"@type":"ImageObject","inLanguage":"fr-FR","@id":"https:\/\/sinorcell.com\/#\/schema\/logo\/image\/","url":"https:\/\/sinorcell.com\/www\/wp-content\/uploads\/2020\/11\/logo-sinorcell-svg.svg","contentUrl":"https:\/\/sinorcell.com\/www\/wp-content\/uploads\/2020\/11\/logo-sinorcell-svg.svg","width":420,"height":77,"caption":"SINORCELL"},"image":{"@id":"https:\/\/sinorcell.com\/#\/schema\/logo\/image\/"}}]}},"_links":{"self":[{"href":"https:\/\/sinorcell.com\/fr\/wp-json\/wp\/v2\/pages\/1019"}],"collection":[{"href":"https:\/\/sinorcell.com\/fr\/wp-json\/wp\/v2\/pages"}],"about":[{"href":"https:\/\/sinorcell.com\/fr\/wp-json\/wp\/v2\/types\/page"}],"author":[{"embeddable":true,"href":"https:\/\/sinorcell.com\/fr\/wp-json\/wp\/v2\/users\/2"}],"replies":[{"embeddable":true,"href":"https:\/\/sinorcell.com\/fr\/wp-json\/wp\/v2\/comments?post=1019"}],"version-history":[{"count":3,"href":"https:\/\/sinorcell.com\/fr\/wp-json\/wp\/v2\/pages\/1019\/revisions"}],"predecessor-version":[{"id":1025,"href":"https:\/\/sinorcell.com\/fr\/wp-json\/wp\/v2\/pages\/1019\/revisions\/1025"}],"wp:attachment":[{"href":"https:\/\/sinorcell.com\/fr\/wp-json\/wp\/v2\/media?parent=1019"}],"curies":[{"name":"wp","href":"https:\/\/api.w.org\/{rel}","templated":true}]}}