{"id":841,"date":"2020-12-16T09:57:37","date_gmt":"2020-12-16T08:57:37","guid":{"rendered":"http:\/\/sinorcell.com\/www\/sinorcell\/"},"modified":"2026-02-02T10:01:05","modified_gmt":"2026-02-02T09:01:05","slug":"sinorcell","status":"publish","type":"page","link":"https:\/\/sinorcell.com\/fr\/sinorcell\/","title":{"rendered":"SINORCELL"},"content":{"rendered":"[vc_row full_width=\u00a0\u00bbstretch_row\u00a0\u00bb content_placement=\u00a0\u00bbmiddle\u00a0\u00bb css=\u00a0\u00bb.vc_custom_1605716596388{background-image: url(http:\/\/sinorcell.com\/www\/wp-content\/uploads\/2020\/11\/banner-sinorcell-empresa.jpg?id=221) !important;background-position: center !important;background-repeat: no-repeat !important;background-size: cover !important;}\u00a0\u00bb][vc_column][vc_empty_space height=\u00a0\u00bb62px\u00a0\u00bb][vc_column_text]\n<h4 style=\"text-align: center; font-size: 30px;\"><span class=\"white-text\">ENTREPRISE<\/span><\/h4>\n[\/vc_column_text][vc_empty_space height=\u00a0\u00bb62px\u00a0\u00bb][\/vc_column][\/vc_row][vc_row][vc_column width=\u00a0\u00bb1\/6&Prime;][\/vc_column][vc_column width=\u00a0\u00bb2\/3&Prime;][vc_empty_space][vc_column_text]\n<h1 style=\"text-align: center; margin-bottom: 0px;\">SINORCELL<\/h1>\n<p style=\"text-align: center;\"><span style=\"margin-top: -21px;\"><strong>UN SERVICE PROFESSIONNEL POUR LES INDUSTRIELS DU CARTON<\/strong><\/span><\/p>\n<p style=\"text-align: center;\">SINORCELL dispose d\u2019un \u00e9ventail de fournisseurs internationaux qui d\u00e9tiennent les certifications les plus r\u00e9centes en mati\u00e8re de qualit\u00e9. Nous poss\u00e9dons des machines refendeuses et bobineuses de derni\u00e8re g\u00e9n\u00e9ration. Les \u00e9quipes technique, commerciale et administrative sont fortes d\u2019une large exp\u00e9rience dans le secteur de la manipulation du carton et des arts graphiques. Notre emplacement g\u00e9ographique nous permet d&rsquo;optimiser la logistique de notre produit, de fa\u00e7on \u00e0 ce que le client puisse se concentrer sur son activit\u00e9 en sachant que les d\u00e9lais de livraison seront respect\u00e9s. Toute notre activit\u00e9 ob\u00e9it \u00e0 un seul principe : la qualit\u00e9 et un service \u00e0 100 % pour les professionnels du carton<\/p>\n[\/vc_column_text][vc_empty_space height=\u00a0\u00bb20px\u00a0\u00bb]<div class=\"textcenter theme-button-wrap wpex-clr\"><a href=\"\/fr\/produits\/\" class=\"vcex-button theme-button align-center inline\"><span class=\"theme-button-inner\">NOS PRODUITS<\/span><\/a><\/div> [vc_empty_space][\/vc_column][vc_column width=\u00a0\u00bb1\/6&Prime;][\/vc_column][\/vc_row][vc_row full_width=\u00a0\u00bbstretch_row\u00a0\u00bb css=\u00a0\u00bb.vc_custom_1605715193963{background-color: #f3f3f0 !important;background-position: center !important;background-repeat: no-repeat !important;background-size: cover !important;}\u00a0\u00bb][vc_column width=\u00a0\u00bb1\/3&Prime; css=\u00a0\u00bb.vc_custom_1605717078880{padding-bottom: -25px !important;}\u00a0\u00bb][vc_empty_space][vc_column_text]\n<h4 style=\"margin-bottom: 0px; text-align: right;\">10.000M<sup>2<\/sup><\/h4>\n[\/vc_column_text][\/vc_column][vc_column width=\u00a0\u00bb2\/3&Prime; css=\u00a0\u00bb.vc_custom_1605717106477{padding-top: -25px !important;}\u00a0\u00bb][vc_empty_space][vc_column_text]La confiance accord\u00e9e par nos clients nous a permis et oblig\u00e9s \u00e0 la fois \u00e0 nous d\u00e9velopper et \u00e0 adapter nos installations de production. Nous disposons actuellement de plus de 10.000 m\u00e8tres carr\u00e9s dans notre usine situ\u00e9e \u00e0 \u00d3dena, dans la p\u00e9riph\u00e9rie de Barcelone. Dans cette usine, nous bobinons, fendons et servons nos clients provenant de toute l\u2019Espagne, de la France et du Portugal.[\/vc_column_text][\/vc_column][\/vc_row][vc_row][vc_column][vc_empty_space height=\u00a0\u00bb62px\u00a0\u00bb][vc_text_separator title=\u00a0\u00bbNOTRE HISTOIRE\u00a0\u00bb][vc_row_inner][vc_column_inner width=\u00a0\u00bb1\/6&Prime;][\/vc_column_inner][vc_column_inner width=\u00a0\u00bb2\/3&Prime;][vc_empty_space][vc_column_text]\n<p style=\"text-align: center;\">\u00c0 partir de 1997, nous avons propos\u00e9 des cartons d\u2019emballage sur le march\u00e9 ib\u00e9rique \u00e0 l\u2019usage de divers producteurs multinationaux. En 2015, nous avons d\u00e9cid\u00e9 de franchir un cap en compl\u00e9tant notre offre par un service plus convivial et plus pr\u00e9cis, gr\u00e2ce \u00e0 la premi\u00e8re refendeuse Pasaban install\u00e9e \u00e0 l\u2019usine d\u2019Odena (Barcelone). D\u00e8s lors, nous avons tout mis en \u0153uvre pour proposer un service industriel et flexible \u00e0 la fois, qui nous a pouss\u00e9s \u00e0 \u00e9largir notre parc de machines et d\u2019\u00e9quipements. Aujourd\u2019hui, nous disposons d\u2019installations sur 9 000 m2 qui abritent une large vari\u00e9t\u00e9 de stock de plusieurs milliers de tonnes. Pour offrir un service convivial et agile. Merci pour la confiance que vous placez dans nos produits et nos services \u2013 nous continuons \u00e0 avancer.<\/p>\n[\/vc_column_text][\/vc_column_inner][vc_column_inner width=\u00a0\u00bb1\/6&Prime;][\/vc_column_inner][\/vc_row_inner][\/vc_column][\/vc_row][vc_row full_width=\u00a0\u00bbstretch_row_content_no_spaces\u00a0\u00bb][vc_column]<div class=\"vcex-image-grid-wrap wpex-clr\"><div class=\"vcex-module vcex-image-grid wpex-clr grid-style-no-margins wpex-row gap-none vcex-isotope-grid no-transition vcex-no-margin-grid wpex-lightbox-group\" data-transition-duration=\"0.0\"><div class=\"id-241 vcex-image-grid-entry vcex-grid-item vcex-isotope-entry textcenter vcex-no-margin-entry span_1_of_5 col col-1\"><figure class=\"vcex-image-grid-entry-figure wpex-last-mb-0 wpex-clr\"><div class=\"vcex-image-grid-entry-img entry-media wpex-image-hover grayscale wpex-mb-20\"><a href=\"https:\/\/sinorcell.com\/www\/wp-content\/uploads\/2020\/11\/sinorcell-fabrica_0004_Objeto-inteligente-vectorial.jpg\" class=\"vcex-image-grid-entry-img wpex-lightbox-group-item\" ><img loading=\"lazy\" decoding=\"async\" data-no-lazy=\"1\" class=\"wpex-align-middle skip-lazy\" src=\"https:\/\/sinorcell.com\/www\/wp-content\/uploads\/2020\/11\/sinorcell-fabrica_0004_Objeto-inteligente-vectorial.jpg\" alt=\"\" width=\"703\" height=\"468\" \/><\/a><\/div><\/figure><\/div><div class=\"id-237 vcex-image-grid-entry vcex-grid-item vcex-isotope-entry textcenter vcex-no-margin-entry span_1_of_5 col col-2\"><figure class=\"vcex-image-grid-entry-figure wpex-last-mb-0 wpex-clr\"><div class=\"vcex-image-grid-entry-img entry-media wpex-image-hover grayscale wpex-mb-20\"><a href=\"https:\/\/sinorcell.com\/www\/wp-content\/uploads\/2020\/11\/sinorcell-fabrica_0003_Objeto-inteligente-vectorial.jpg\" class=\"vcex-image-grid-entry-img wpex-lightbox-group-item\" ><img loading=\"lazy\" decoding=\"async\" data-no-lazy=\"1\" class=\"wpex-align-middle skip-lazy\" src=\"https:\/\/sinorcell.com\/www\/wp-content\/uploads\/2020\/11\/sinorcell-fabrica_0003_Objeto-inteligente-vectorial.jpg\" alt=\"\" width=\"703\" height=\"468\" \/><\/a><\/div><\/figure><\/div><div class=\"id-353 vcex-image-grid-entry vcex-grid-item vcex-isotope-entry textcenter vcex-no-margin-entry span_1_of_5 col col-3\"><figure class=\"vcex-image-grid-entry-figure wpex-last-mb-0 wpex-clr\"><div class=\"vcex-image-grid-entry-img entry-media wpex-image-hover grayscale wpex-mb-20\"><a href=\"https:\/\/sinorcell.com\/www\/wp-content\/uploads\/2020\/11\/sinorcell-fabrica-maquinaria.jpg\" class=\"vcex-image-grid-entry-img wpex-lightbox-group-item\" ><img loading=\"lazy\" decoding=\"async\" data-no-lazy=\"1\" class=\"wpex-align-middle skip-lazy\" src=\"https:\/\/sinorcell.com\/www\/wp-content\/uploads\/2020\/11\/sinorcell-fabrica-maquinaria.jpg\" alt=\"\" width=\"703\" height=\"468\" \/><\/a><\/div><\/figure><\/div><div class=\"id-240 vcex-image-grid-entry vcex-grid-item vcex-isotope-entry textcenter vcex-no-margin-entry span_1_of_5 col col-4\"><figure class=\"vcex-image-grid-entry-figure wpex-last-mb-0 wpex-clr\"><div class=\"vcex-image-grid-entry-img entry-media wpex-image-hover grayscale wpex-mb-20\"><a href=\"https:\/\/sinorcell.com\/www\/wp-content\/uploads\/2020\/11\/sinorcell-fabrica_0001_Objeto-inteligente-vectorial.jpg\" class=\"vcex-image-grid-entry-img wpex-lightbox-group-item\" ><img loading=\"lazy\" decoding=\"async\" data-no-lazy=\"1\" class=\"wpex-align-middle skip-lazy\" src=\"https:\/\/sinorcell.com\/www\/wp-content\/uploads\/2020\/11\/sinorcell-fabrica_0001_Objeto-inteligente-vectorial.jpg\" alt=\"\" width=\"703\" height=\"468\" \/><\/a><\/div><\/figure><\/div><div class=\"id-238 vcex-image-grid-entry vcex-grid-item vcex-isotope-entry textcenter vcex-no-margin-entry span_1_of_5 col col-5\"><figure class=\"vcex-image-grid-entry-figure wpex-last-mb-0 wpex-clr\"><div class=\"vcex-image-grid-entry-img entry-media wpex-image-hover grayscale wpex-mb-20\"><a href=\"https:\/\/sinorcell.com\/www\/wp-content\/uploads\/2020\/11\/sinorcell-fabrica_0000_Objeto-inteligente-vectorial.jpg\" class=\"vcex-image-grid-entry-img wpex-lightbox-group-item\" ><img loading=\"lazy\" decoding=\"async\" data-no-lazy=\"1\" class=\"wpex-align-middle skip-lazy\" src=\"https:\/\/sinorcell.com\/www\/wp-content\/uploads\/2020\/11\/sinorcell-fabrica_0000_Objeto-inteligente-vectorial.jpg\" alt=\"\" width=\"703\" height=\"468\" \/><\/a><\/div><\/figure><\/div><\/div><\/div>[\/vc_column][\/vc_row][vc_row full_width=\u00a0\u00bbstretch_row\u00a0\u00bb css=\u00a0\u00bb.vc_custom_1605718588577{margin-top: -42px !important;background-color: #e1e1dd !important;background-position: center !important;background-repeat: no-repeat !important;background-size: cover !important;}\u00a0\u00bb][vc_column][vc_column_text]\n<h4 style=\"margin-bottom: 0px; text-align: center;\">SECTEUR COMMERCIAL<\/h4>\n<p style=\"text-align: center;\">Nous sommes pr\u00e9sents dans tout le pays, ainsi qu\u2019en France et au Portugal. Notre \u00e9quipe commerciale se met \u00e0 la disposition des clients pour leur offrir le meilleur service.<br \/>\n<span style=\"color: #333333; font-size: 14px;\"><strong>ZONE CATALOGNE | ZONE LEVANT | ZONE MADRID | ZONA FRANCE | ZONE PORTUGAL<\/strong> <\/span>[\/vc_column_text][vc_empty_space height=\u00a0\u00bb10px\u00a0\u00bb]<div class=\"textcenter theme-button-wrap wpex-clr\"><a href=\"\/fr\/zone-commerciale\/\" class=\"vcex-button theme-button align-center inline\"><span class=\"theme-button-inner\">CONTACT<\/span><\/a><\/div> [vc_empty_space][\/vc_column][\/vc_row][vc_row full_width=\u00a0\u00bbstretch_row\u00a0\u00bb css=\u00a0\u00bb.vc_custom_1673277388259{background-position: 0 0 !important;background-repeat: no-repeat !important;}\u00a0\u00bb][vc_column][vc_empty_space height=\u00a0\u00bb45px\u00a0\u00bb][vc_row_inner][vc_column_inner width=\u00a0\u00bb1\/5&Prime;][vc_single_image image=\u00a0\u00bb7065&Prime; img_size=\u00a0\u00bb131&#215;187&Prime; alignment=\u00a0\u00bbcenter\u00a0\u00bb onclick=\u00a0\u00bbcustom_link\u00a0\u00bb img_link_target=\u00a0\u00bb_blank\u00a0\u00bb css=\u00a0\u00bb.vc_custom_1770022752011{padding-top: -5px !important;padding-right: 15px !important;padding-bottom: 25px !important;padding-left: 15px !important;}\u00a0\u00bb link=\u00a0\u00bbhttps:\/\/sinorcell.com\/www\/wp-content\/uploads\/2026\/02\/Anexo-E-Calidad.pdf\u00a0\u00bb][\/vc_column_inner][vc_column_inner width=\u00a0\u00bb1\/5&Prime;][vc_single_image image=\u00a0\u00bb5924&Prime; img_size=\u00a0\u00bb131&#215;187&Prime; alignment=\u00a0\u00bbcenter\u00a0\u00bb onclick=\u00a0\u00bbcustom_link\u00a0\u00bb img_link_target=\u00a0\u00bb_blank\u00a0\u00bb css=\u00a0\u00bb.vc_custom_1770022779160{padding-top: -5px !important;padding-right: 15px !important;padding-bottom: 25px !important;padding-left: 15px !important;}\u00a0\u00bb link=\u00a0\u00bbhttps:\/\/sinorcell.com\/www\/wp-content\/uploads\/2026\/02\/PEFC-SINORCELL-Certificate.pdf\u00a0\u00bb][\/vc_column_inner][vc_column_inner width=\u00a0\u00bb1\/5&Prime;][vc_single_image image=\u00a0\u00bb1268&Prime; alignment=\u00a0\u00bbcenter\u00a0\u00bb onclick=\u00a0\u00bbcustom_link\u00a0\u00bb img_link_target=\u00a0\u00bb_blank\u00a0\u00bb link=\u00a0\u00bbhttps:\/\/sinorcell.com\/www\/wp-content\/uploads\/2026\/02\/FSC-SINORCELL-Certificate.pdf\u00a0\u00bb][\/vc_column_inner][vc_column_inner width=\u00a0\u00bb1\/5&Prime;][vc_single_image image=\u00a0\u00bb5932&Prime; img_size=\u00a0\u00bb131&#215;187&Prime; alignment=\u00a0\u00bbcenter\u00a0\u00bb onclick=\u00a0\u00bbcustom_link\u00a0\u00bb img_link_target=\u00a0\u00bb_blank\u00a0\u00bb link=\u00a0\u00bbhttps:\/\/sinorcell.com\/www\/wp-content\/uploads\/2026\/02\/Autodeclaracion-EUTR.pdf\u00a0\u00bb css=\u00a0\u00bb.vc_custom_1770022843267{padding-top: -5px !important;padding-right: 15px !important;padding-bottom: 25px !important;padding-left: 15px !important;}\u00a0\u00bb][\/vc_column_inner][vc_column_inner width=\u00a0\u00bb1\/5&Prime;][vc_single_image image=\u00a0\u00bb1274&Prime; alignment=\u00a0\u00bbcenter\u00a0\u00bb][\/vc_column_inner][\/vc_row_inner]<div class=\"textcenter theme-button-wrap wpex-clr\"><a href=\"https:\/\/sinorcell.com\/fr\/durabilite\/\" class=\"vcex-button theme-button align-center inline\"><span class=\"theme-button-inner\">DURABILIT\u00c9<\/span><\/a><\/div> [vc_empty_space height=\u00a0\u00bb20px\u00a0\u00bb][\/vc_column][\/vc_row][vc_row full_width=\u00a0\u00bbstretch_row_content_no_spaces\u00a0\u00bb css=\u00a0\u00bb.vc_custom_1605718875388{margin-bottom: -42px !important;padding-bottom: -42px !important;}\u00a0\u00bb][vc_column css=\u00a0\u00bb.vc_custom_1606154693989{margin-bottom: -15px !important;}\u00a0\u00bb][vc_gmaps link=\u00a0\u00bb#E-8_JTNDaWZyYW1lJTIwc3JjJTNEJTIyaHR0cHMlM0ElMkYlMkZ3d3cuZ29vZ2xlLmNvbSUyRm1hcHMlMkZlbWJlZCUzRnBiJTNEJTIxMW0xNCUyMTFtOCUyMTFtMyUyMTFkNzQ2LjE2MDQyNjIzNzE3MDMlMjEyZDEuNjU1MTE0NyUyMTNkNDEuNTc2OTk4NTAwMDAwMDE2JTIxM20yJTIxMWkxMDI0JTIxMmk3NjglMjE0ZjEzLjElMjEzbTMlMjExbTIlMjExczB4MCUyNTNBMHg2M2Y2NjRkZDg0OTI5NDE3JTIxMnNTSU5PUkNFTEwlMjUyMFMuTC4lMjUyMEJhcmNlbG9uYSUyMTVlMCUyMTNtMiUyMTFzY2ElMjEyc2VzJTIxNHYxNjA1NzE4NzEzOTY1JTIxNW0yJTIxMXNjYSUyMTJzZXMlMjIlMjB3aWR0aCUzRCUyMjEwMCUyNSUyMiUyMGhlaWdodCUzRCUyMjQ1MCUyMiUyMGZyYW1lYm9yZGVyJTNEJTIyMCUyMiUyMHN0eWxlJTNEJTIyYm9yZGVyJTNBMCUzQiUyMiUyMGFsbG93ZnVsbHNjcmVlbiUzRCUyMiUyMiUyMGFyaWEtaGlkZGVuJTNEJTIyZmFsc2UlMjIlMjB0YWJpbmRleCUzRCUyMjAlMjIlM0UlM0MlMkZpZnJhbWUlM0U=\u00a0\u00bb][\/vc_column][\/vc_row]\n","protected":false},"excerpt":{"rendered":"<p>[vc_row full_width=\u00a0\u00bbstretch_row\u00a0\u00bb content_placement=\u00a0\u00bbmiddle\u00a0\u00bb css=\u00a0\u00bb.vc_custom_1605716596388{background-image: url(http:\/\/sinorcell.com\/www\/wp-content\/uploads\/2020\/11\/banner-sinorcell-empresa.jpg?id=221) !important;background-position: center !important;background-repeat: no-repeat !important;background-size: cover !important;}\u00a0\u00bb][vc_column][vc_empty_space height=\u00a0\u00bb62px\u00a0\u00bb][vc_column_text] ENTREPRISE [\/vc_column_text][vc_empty_space height=\u00a0\u00bb62px\u00a0\u00bb][\/vc_column][\/vc_row][vc_row][vc_column width=\u00a0\u00bb1\/6&Prime;][\/vc_column][vc_column width=\u00a0\u00bb2\/3&Prime;][vc_empty_space][vc_column_text] SINORCELL UN SERVICE PROFESSIONNEL POUR LES INDUSTRIELS DU CARTON SINORCELL dispose d\u2019un \u00e9ventail de fournisseurs internationaux qui d\u00e9tiennent les certifications les plus&hellip;<\/p>\n","protected":false},"author":2,"featured_media":0,"parent":0,"menu_order":0,"comment_status":"closed","ping_status":"closed","template":"","meta":{"inline_featured_image":false,"footnotes":""},"class_list":["post-841","page","type-page","status-publish","hentry","entry","no-media"],"yoast_head":"<!-- This site is optimized with the Yoast SEO plugin v25.2 - https:\/\/yoast.com\/wordpress\/plugins\/seo\/ -->\n<title>SINORCELL - Sinorcell<\/title>\n<meta name=\"robots\" content=\"index, follow, max-snippet:-1, max-image-preview:large, max-video-preview:-1\" \/>\n<link rel=\"canonical\" href=\"https:\/\/sinorcell.com\/pt-pt\/sinorcell\/\" \/>\n<meta property=\"og:locale\" content=\"fr_FR\" \/>\n<meta property=\"og:type\" content=\"article\" \/>\n<meta property=\"og:title\" content=\"SINORCELL - Sinorcell\" \/>\n<meta property=\"og:description\" content=\"[vc_row full_width=\u00a0\u00bbstretch_row\u00a0\u00bb content_placement=\u00a0\u00bbmiddle\u00a0\u00bb css=\u00a0\u00bb.vc_custom_1605716596388{background-image: url(http:\/\/sinorcell.com\/www\/wp-content\/uploads\/2020\/11\/banner-sinorcell-empresa.jpg?id=221) !important;background-position: center !important;background-repeat: no-repeat !important;background-size: cover !important;}\u00a0\u00bb][vc_column][vc_empty_space height=\u00a0\u00bb62px\u00a0\u00bb][vc_column_text] ENTREPRISE [\/vc_column_text][vc_empty_space height=\u00a0\u00bb62px\u00a0\u00bb][\/vc_column][\/vc_row][vc_row][vc_column width=\u00a0\u00bb1\/6&Prime;][\/vc_column][vc_column width=\u00a0\u00bb2\/3&Prime;][vc_empty_space][vc_column_text] SINORCELL UN SERVICE PROFESSIONNEL POUR LES INDUSTRIELS DU CARTON SINORCELL dispose d\u2019un \u00e9ventail de fournisseurs internationaux qui d\u00e9tiennent les certifications les plus&hellip;\" \/>\n<meta property=\"og:url\" content=\"https:\/\/sinorcell.com\/pt-pt\/sinorcell\/\" \/>\n<meta property=\"og:site_name\" content=\"Sinorcell\" \/>\n<meta property=\"article:modified_time\" content=\"2026-02-02T09:01:05+00:00\" \/>\n<meta name=\"twitter:card\" content=\"summary_large_image\" \/>\n<meta name=\"twitter:label1\" content=\"Dur\u00e9e de lecture estim\u00e9e\" \/>\n\t<meta name=\"twitter:data1\" content=\"3 minutes\" \/>\n<script type=\"application\/ld+json\" class=\"yoast-schema-graph\">{\"@context\":\"https:\/\/schema.org\",\"@graph\":[{\"@type\":\"WebPage\",\"@id\":\"https:\/\/sinorcell.com\/pt-pt\/sinorcell\/\",\"url\":\"https:\/\/sinorcell.com\/pt-pt\/sinorcell\/\",\"name\":\"SINORCELL - Sinorcell\",\"isPartOf\":{\"@id\":\"https:\/\/sinorcell.com\/#website\"},\"datePublished\":\"2020-12-16T08:57:37+00:00\",\"dateModified\":\"2026-02-02T09:01:05+00:00\",\"breadcrumb\":{\"@id\":\"https:\/\/sinorcell.com\/pt-pt\/sinorcell\/#breadcrumb\"},\"inLanguage\":\"fr-FR\",\"potentialAction\":[{\"@type\":\"ReadAction\",\"target\":[\"https:\/\/sinorcell.com\/pt-pt\/sinorcell\/\"]}]},{\"@type\":\"BreadcrumbList\",\"@id\":\"https:\/\/sinorcell.com\/pt-pt\/sinorcell\/#breadcrumb\",\"itemListElement\":[{\"@type\":\"ListItem\",\"position\":1,\"name\":\"Portada\",\"item\":\"https:\/\/sinorcell.com\/pt-pt\/\"},{\"@type\":\"ListItem\",\"position\":2,\"name\":\"SINORCELL\"}]},{\"@type\":\"WebSite\",\"@id\":\"https:\/\/sinorcell.com\/#website\",\"url\":\"https:\/\/sinorcell.com\/\",\"name\":\"Sinorcell\",\"description\":\"Especialistas en el corte de bobina de cart\u00f3n\",\"publisher\":{\"@id\":\"https:\/\/sinorcell.com\/#organization\"},\"potentialAction\":[{\"@type\":\"SearchAction\",\"target\":{\"@type\":\"EntryPoint\",\"urlTemplate\":\"https:\/\/sinorcell.com\/?s={search_term_string}\"},\"query-input\":{\"@type\":\"PropertyValueSpecification\",\"valueRequired\":true,\"valueName\":\"search_term_string\"}}],\"inLanguage\":\"fr-FR\"},{\"@type\":\"Organization\",\"@id\":\"https:\/\/sinorcell.com\/#organization\",\"name\":\"SINORCELL\",\"url\":\"https:\/\/sinorcell.com\/\",\"logo\":{\"@type\":\"ImageObject\",\"inLanguage\":\"fr-FR\",\"@id\":\"https:\/\/sinorcell.com\/#\/schema\/logo\/image\/\",\"url\":\"https:\/\/sinorcell.com\/www\/wp-content\/uploads\/2020\/11\/logo-sinorcell-svg.svg\",\"contentUrl\":\"https:\/\/sinorcell.com\/www\/wp-content\/uploads\/2020\/11\/logo-sinorcell-svg.svg\",\"width\":420,\"height\":77,\"caption\":\"SINORCELL\"},\"image\":{\"@id\":\"https:\/\/sinorcell.com\/#\/schema\/logo\/image\/\"}}]}<\/script>\n<!-- \/ Yoast SEO plugin. -->","yoast_head_json":{"title":"SINORCELL - Sinorcell","robots":{"index":"index","follow":"follow","max-snippet":"max-snippet:-1","max-image-preview":"max-image-preview:large","max-video-preview":"max-video-preview:-1"},"canonical":"https:\/\/sinorcell.com\/pt-pt\/sinorcell\/","og_locale":"fr_FR","og_type":"article","og_title":"SINORCELL - Sinorcell","og_description":"[vc_row full_width=\u00a0\u00bbstretch_row\u00a0\u00bb content_placement=\u00a0\u00bbmiddle\u00a0\u00bb css=\u00a0\u00bb.vc_custom_1605716596388{background-image: url(http:\/\/sinorcell.com\/www\/wp-content\/uploads\/2020\/11\/banner-sinorcell-empresa.jpg?id=221) !important;background-position: center !important;background-repeat: no-repeat !important;background-size: cover !important;}\u00a0\u00bb][vc_column][vc_empty_space height=\u00a0\u00bb62px\u00a0\u00bb][vc_column_text] ENTREPRISE [\/vc_column_text][vc_empty_space height=\u00a0\u00bb62px\u00a0\u00bb][\/vc_column][\/vc_row][vc_row][vc_column width=\u00a0\u00bb1\/6&Prime;][\/vc_column][vc_column width=\u00a0\u00bb2\/3&Prime;][vc_empty_space][vc_column_text] SINORCELL UN SERVICE PROFESSIONNEL POUR LES INDUSTRIELS DU CARTON SINORCELL dispose d\u2019un \u00e9ventail de fournisseurs internationaux qui d\u00e9tiennent les certifications les plus&hellip;","og_url":"https:\/\/sinorcell.com\/pt-pt\/sinorcell\/","og_site_name":"Sinorcell","article_modified_time":"2026-02-02T09:01:05+00:00","twitter_card":"summary_large_image","twitter_misc":{"Dur\u00e9e de lecture estim\u00e9e":"3 minutes"},"schema":{"@context":"https:\/\/schema.org","@graph":[{"@type":"WebPage","@id":"https:\/\/sinorcell.com\/pt-pt\/sinorcell\/","url":"https:\/\/sinorcell.com\/pt-pt\/sinorcell\/","name":"SINORCELL - Sinorcell","isPartOf":{"@id":"https:\/\/sinorcell.com\/#website"},"datePublished":"2020-12-16T08:57:37+00:00","dateModified":"2026-02-02T09:01:05+00:00","breadcrumb":{"@id":"https:\/\/sinorcell.com\/pt-pt\/sinorcell\/#breadcrumb"},"inLanguage":"fr-FR","potentialAction":[{"@type":"ReadAction","target":["https:\/\/sinorcell.com\/pt-pt\/sinorcell\/"]}]},{"@type":"BreadcrumbList","@id":"https:\/\/sinorcell.com\/pt-pt\/sinorcell\/#breadcrumb","itemListElement":[{"@type":"ListItem","position":1,"name":"Portada","item":"https:\/\/sinorcell.com\/pt-pt\/"},{"@type":"ListItem","position":2,"name":"SINORCELL"}]},{"@type":"WebSite","@id":"https:\/\/sinorcell.com\/#website","url":"https:\/\/sinorcell.com\/","name":"Sinorcell","description":"Especialistas en el corte de bobina de cart\u00f3n","publisher":{"@id":"https:\/\/sinorcell.com\/#organization"},"potentialAction":[{"@type":"SearchAction","target":{"@type":"EntryPoint","urlTemplate":"https:\/\/sinorcell.com\/?s={search_term_string}"},"query-input":{"@type":"PropertyValueSpecification","valueRequired":true,"valueName":"search_term_string"}}],"inLanguage":"fr-FR"},{"@type":"Organization","@id":"https:\/\/sinorcell.com\/#organization","name":"SINORCELL","url":"https:\/\/sinorcell.com\/","logo":{"@type":"ImageObject","inLanguage":"fr-FR","@id":"https:\/\/sinorcell.com\/#\/schema\/logo\/image\/","url":"https:\/\/sinorcell.com\/www\/wp-content\/uploads\/2020\/11\/logo-sinorcell-svg.svg","contentUrl":"https:\/\/sinorcell.com\/www\/wp-content\/uploads\/2020\/11\/logo-sinorcell-svg.svg","width":420,"height":77,"caption":"SINORCELL"},"image":{"@id":"https:\/\/sinorcell.com\/#\/schema\/logo\/image\/"}}]}},"_links":{"self":[{"href":"https:\/\/sinorcell.com\/fr\/wp-json\/wp\/v2\/pages\/841"}],"collection":[{"href":"https:\/\/sinorcell.com\/fr\/wp-json\/wp\/v2\/pages"}],"about":[{"href":"https:\/\/sinorcell.com\/fr\/wp-json\/wp\/v2\/types\/page"}],"author":[{"embeddable":true,"href":"https:\/\/sinorcell.com\/fr\/wp-json\/wp\/v2\/users\/2"}],"replies":[{"embeddable":true,"href":"https:\/\/sinorcell.com\/fr\/wp-json\/wp\/v2\/comments?post=841"}],"version-history":[{"count":23,"href":"https:\/\/sinorcell.com\/fr\/wp-json\/wp\/v2\/pages\/841\/revisions"}],"predecessor-version":[{"id":8490,"href":"https:\/\/sinorcell.com\/fr\/wp-json\/wp\/v2\/pages\/841\/revisions\/8490"}],"wp:attachment":[{"href":"https:\/\/sinorcell.com\/fr\/wp-json\/wp\/v2\/media?parent=841"}],"curies":[{"name":"wp","href":"https:\/\/api.w.org\/{rel}","templated":true}]}}