{"id":844,"date":"2020-12-16T09:57:37","date_gmt":"2020-12-16T08:57:37","guid":{"rendered":"http:\/\/sinorcell.com\/www\/processus-et-services\/"},"modified":"2025-04-29T06:29:54","modified_gmt":"2025-04-29T04:29:54","slug":"processus-et-services","status":"publish","type":"page","link":"https:\/\/sinorcell.com\/fr\/processus-et-services\/","title":{"rendered":"PROCESSUS ET SERVICES"},"content":{"rendered":"[vc_row full_width=\u00a0\u00bbstretch_row\u00a0\u00bb content_placement=\u00a0\u00bbmiddle\u00a0\u00bb css=\u00a0\u00bb.vc_custom_1606755300562{background-image: url(http:\/\/sinorcell.com\/www\/wp-content\/uploads\/2020\/11\/banner-sinorcell-procesos-servicios.jpg?id=396) !important;background-position: center !important;background-repeat: no-repeat !important;background-size: cover !important;}\u00a0\u00bb][vc_column][vc_empty_space height=\u00a0\u00bb62px\u00a0\u00bb][vc_column_text]\n<h4 style=\"text-align: center; font-size: 30px;\"><span class=\"white-text\">PROCESSUS ET SERVICES<br \/>\n<\/span><\/h4>\n[\/vc_column_text][vc_empty_space height=\u00a0\u00bb62px\u00a0\u00bb][\/vc_column][\/vc_row][vc_row][vc_column width=\u00a0\u00bb1\/6&Prime;][\/vc_column][vc_column width=\u00a0\u00bb2\/3&Prime;][vc_empty_space][vc_column_text]\n<h1 style=\"text-align: center; margin-bottom: 0px;\">SP\u00c9CIALISTES EN D\u00c9COUPE DE BOBINE AU FORMAT<\/h1>\n<p style=\"text-align: center;\"><span style=\"margin-top: -21px;\"><strong>UN SERVICE PROFESSIONNEL POUR LES INDUSTRIELS DU CARTON<\/strong><\/span><\/p>\n<p style=\"text-align: center;\">Chez Sinorcell, nous pouvons garantir \u00e0 nos clients un service industriel de qualit\u00e9. Il est bas\u00e9 sur les professionnels qui travaillent dans notre usine de production, forts d\u2019une exp\u00e9rience \u00e9prouv\u00e9e et d&rsquo;une remise \u00e0 jour en permanence. Nous nous appuyons \u00e9videmment sur notre parc de machines de derni\u00e8re g\u00e9n\u00e9ration, g\u00e9r\u00e9 par une \u00e9quipe d\u2019administration commerciale et de planification totalement adapt\u00e9e et en contact direct avec nos clients en permanence. C\u2019est une parfaite synchronisation entre tous ces \u00e9l\u00e9ments qui permet de r\u00e9duire les temps de livraisons, tout en continuant \u00e0 proposer \u00e0 nos clients un service de qualit\u00e9, d\u2019efficacit\u00e9 et de s\u00e9curit\u00e9 optimales.<\/p>\n[\/vc_column_text][vc_empty_space height=\u00a0\u00bb20px\u00a0\u00bb][\/vc_column][vc_column width=\u00a0\u00bb1\/6&Prime;][\/vc_column][\/vc_row][vc_row][vc_column][vc_empty_space height=\u00a0\u00bb20px\u00a0\u00bb][vc_text_separator title=\u00a0\u00bbPROCESSUS\u00a0\u00bb][vc_empty_space][vc_row_inner][vc_column_inner width=\u00a0\u00bb1\/5&Prime;][vc_single_image image=\u00a0\u00bb534&Prime; alignment=\u00a0\u00bbcenter\u00a0\u00bb img_hover=\u00a0\u00bbopacity\u00a0\u00bb][vc_column_text]\n<h6 style=\"text-align: center;\">CERTIFICATS POLITIQUE DE QUALIT\u00c9<\/h6>\n[\/vc_column_text][\/vc_column_inner][vc_column_inner width=\u00a0\u00bb1\/5&Prime;][vc_single_image image=\u00a0\u00bb554&Prime; alignment=\u00a0\u00bbcenter\u00a0\u00bb img_hover=\u00a0\u00bbopacity\u00a0\u00bb][vc_column_text]\n<h6 style=\"text-align: center;\">INDUSTRIE PRODUCTION BOBINES<\/h6>\n[\/vc_column_text][\/vc_column_inner][vc_column_inner width=\u00a0\u00bb1\/5&Prime;][vc_single_image image=\u00a0\u00bb550&Prime; alignment=\u00a0\u00bbcenter\u00a0\u00bb img_hover=\u00a0\u00bbopacity\u00a0\u00bb][vc_column_text]\n<h6 style=\"text-align: center;\">SINORCELL D\u00c9COUPE AU FORMAT<\/h6>\n[\/vc_column_text][\/vc_column_inner][vc_column_inner width=\u00a0\u00bb1\/5&Prime;][vc_single_image image=\u00a0\u00bb546&Prime; alignment=\u00a0\u00bbcenter\u00a0\u00bb img_hover=\u00a0\u00bbopacity\u00a0\u00bb][vc_column_text]\n<h6 style=\"text-align: center;\">DISTRIBUTION PALETTES SUR MESURE<\/h6>\n[\/vc_column_text][\/vc_column_inner][vc_column_inner width=\u00a0\u00bb1\/5&Prime;][vc_single_image image=\u00a0\u00bb542&Prime; alignment=\u00a0\u00bbcenter\u00a0\u00bb img_hover=\u00a0\u00bbopacity\u00a0\u00bb][vc_column_text]\n<h6 style=\"text-align: center;\">INDUSTRIE GRAPHIQUE<\/h6>\n[\/vc_column_text][\/vc_column_inner][\/vc_row_inner][vc_empty_space height=\u00a0\u00bb10px\u00a0\u00bb][\/vc_column][\/vc_row][vc_row full_width=\u00a0\u00bbstretch_row\u00a0\u00bb css=\u00a0\u00bb.vc_custom_1605714977729{background-color: #333333 !important;background-position: center !important;background-repeat: no-repeat !important;background-size: cover !important;}\u00a0\u00bb][vc_column][vc_empty_space][vc_column_text]\n<p style=\"margin-bottom: 0px; text-align: center;\"><span style=\"color: #fff; font-size: 30px; font-weight: 200;\">D\u00e9couvrez nos produits et t\u00e9l\u00e9chargez les fiches-produits<\/span><\/p>\n[\/vc_column_text][vc_empty_space height=\u00a0\u00bb10px\u00a0\u00bb]<div class=\"textcenter theme-button-wrap wpex-clr\"><a href=\"\/fr\/produits\/\" class=\"vcex-button theme-button align-center inline\"><span class=\"theme-button-inner\">PRODUITS<\/span><\/a><\/div> [\/vc_column][\/vc_row][vc_row full_width=\u00a0\u00bbstretch_row\u00a0\u00bb css=\u00a0\u00bb.vc_custom_1605714465618{background-color: #e1e1dd !important;background-position: center !important;background-repeat: no-repeat !important;background-size: cover !important;}\u00a0\u00bb][vc_column][vc_empty_space][vc_column_text]\n<h4 style=\"margin-bottom: 0px; text-align: center;\">SECTEUR COMMERCIAL<\/h4>\n<p style=\"text-align: center;\">Nous sommes pr\u00e9sents dans tout le pays, ainsi qu\u2019en France et au Portugal.<br \/>\nNotre \u00e9quipe commerciale se met \u00e0 la disposition des clients pour leur offrir le meilleur service.<br \/>\n<span style=\"color: #333333; font-size: 14px;\"><strong>ZONE CATALOGNE | ZONE LEVANT | ZONE MADRID | ZONE FRANCE | ZONE PORTUGAL<\/strong><br \/>\n<\/span><\/p>\n[\/vc_column_text][vc_empty_space height=\u00a0\u00bb10px\u00a0\u00bb]<div class=\"textcenter theme-button-wrap wpex-clr\"><a href=\"\/fr\/contact\/\" class=\"vcex-button theme-button align-center inline\"><span class=\"theme-button-inner\">CONTACT<\/span><\/a><\/div> [vc_empty_space][\/vc_column][\/vc_row]\n","protected":false},"excerpt":{"rendered":"<p>[vc_row full_width=\u00a0\u00bbstretch_row\u00a0\u00bb content_placement=\u00a0\u00bbmiddle\u00a0\u00bb css=\u00a0\u00bb.vc_custom_1606755300562{background-image: url(http:\/\/sinorcell.com\/www\/wp-content\/uploads\/2020\/11\/banner-sinorcell-procesos-servicios.jpg?id=396) !important;background-position: center !important;background-repeat: no-repeat !important;background-size: cover !important;}\u00a0\u00bb][vc_column][vc_empty_space height=\u00a0\u00bb62px\u00a0\u00bb][vc_column_text] PROCESSUS ET SERVICES [\/vc_column_text][vc_empty_space height=\u00a0\u00bb62px\u00a0\u00bb][\/vc_column][\/vc_row][vc_row][vc_column width=\u00a0\u00bb1\/6&Prime;][\/vc_column][vc_column width=\u00a0\u00bb2\/3&Prime;][vc_empty_space][vc_column_text] SP\u00c9CIALISTES EN D\u00c9COUPE DE BOBINE AU FORMAT UN SERVICE PROFESSIONNEL POUR LES INDUSTRIELS DU CARTON Chez Sinorcell, nous pouvons garantir&hellip;<\/p>\n","protected":false},"author":2,"featured_media":0,"parent":0,"menu_order":0,"comment_status":"closed","ping_status":"closed","template":"","meta":{"inline_featured_image":false,"footnotes":""},"class_list":["post-844","page","type-page","status-publish","hentry","entry","no-media"],"yoast_head":"<!-- This site is optimized with the Yoast SEO plugin v25.2 - https:\/\/yoast.com\/wordpress\/plugins\/seo\/ -->\n<title>PROCESSUS ET SERVICES - Sinorcell<\/title>\n<meta name=\"robots\" content=\"index, follow, max-snippet:-1, max-image-preview:large, max-video-preview:-1\" \/>\n<link rel=\"canonical\" href=\"https:\/\/sinorcell.com\/fr\/processus-et-services\/\" \/>\n<meta property=\"og:locale\" content=\"fr_FR\" \/>\n<meta property=\"og:type\" content=\"article\" \/>\n<meta property=\"og:title\" content=\"PROCESSUS ET SERVICES - Sinorcell\" \/>\n<meta property=\"og:description\" content=\"[vc_row full_width=\u00a0\u00bbstretch_row\u00a0\u00bb content_placement=\u00a0\u00bbmiddle\u00a0\u00bb css=\u00a0\u00bb.vc_custom_1606755300562{background-image: url(http:\/\/sinorcell.com\/www\/wp-content\/uploads\/2020\/11\/banner-sinorcell-procesos-servicios.jpg?id=396) !important;background-position: center !important;background-repeat: no-repeat !important;background-size: cover !important;}\u00a0\u00bb][vc_column][vc_empty_space height=\u00a0\u00bb62px\u00a0\u00bb][vc_column_text] PROCESSUS ET SERVICES [\/vc_column_text][vc_empty_space height=\u00a0\u00bb62px\u00a0\u00bb][\/vc_column][\/vc_row][vc_row][vc_column width=\u00a0\u00bb1\/6&Prime;][\/vc_column][vc_column width=\u00a0\u00bb2\/3&Prime;][vc_empty_space][vc_column_text] SP\u00c9CIALISTES EN D\u00c9COUPE DE BOBINE AU FORMAT UN SERVICE PROFESSIONNEL POUR LES INDUSTRIELS DU CARTON Chez Sinorcell, nous pouvons garantir&hellip;\" \/>\n<meta property=\"og:url\" content=\"https:\/\/sinorcell.com\/fr\/processus-et-services\/\" \/>\n<meta property=\"og:site_name\" content=\"Sinorcell\" \/>\n<meta property=\"article:modified_time\" content=\"2025-04-29T04:29:54+00:00\" \/>\n<meta name=\"twitter:card\" content=\"summary_large_image\" \/>\n<meta name=\"twitter:label1\" content=\"Dur\u00e9e de lecture estim\u00e9e\" \/>\n\t<meta name=\"twitter:data1\" content=\"2 minutes\" \/>\n<script type=\"application\/ld+json\" class=\"yoast-schema-graph\">{\"@context\":\"https:\/\/schema.org\",\"@graph\":[{\"@type\":\"WebPage\",\"@id\":\"https:\/\/sinorcell.com\/fr\/processus-et-services\/\",\"url\":\"https:\/\/sinorcell.com\/fr\/processus-et-services\/\",\"name\":\"PROCESSUS ET SERVICES - Sinorcell\",\"isPartOf\":{\"@id\":\"https:\/\/sinorcell.com\/#website\"},\"datePublished\":\"2020-12-16T08:57:37+00:00\",\"dateModified\":\"2025-04-29T04:29:54+00:00\",\"breadcrumb\":{\"@id\":\"https:\/\/sinorcell.com\/fr\/processus-et-services\/#breadcrumb\"},\"inLanguage\":\"fr-FR\",\"potentialAction\":[{\"@type\":\"ReadAction\",\"target\":[\"https:\/\/sinorcell.com\/fr\/processus-et-services\/\"]}]},{\"@type\":\"BreadcrumbList\",\"@id\":\"https:\/\/sinorcell.com\/fr\/processus-et-services\/#breadcrumb\",\"itemListElement\":[{\"@type\":\"ListItem\",\"position\":1,\"name\":\"Portada\",\"item\":\"https:\/\/sinorcell.com\/pt-pt\/\"},{\"@type\":\"ListItem\",\"position\":2,\"name\":\"PROCESSUS ET SERVICES\"}]},{\"@type\":\"WebSite\",\"@id\":\"https:\/\/sinorcell.com\/#website\",\"url\":\"https:\/\/sinorcell.com\/\",\"name\":\"Sinorcell\",\"description\":\"Especialistas en el corte de bobina de cart\u00f3n\",\"publisher\":{\"@id\":\"https:\/\/sinorcell.com\/#organization\"},\"potentialAction\":[{\"@type\":\"SearchAction\",\"target\":{\"@type\":\"EntryPoint\",\"urlTemplate\":\"https:\/\/sinorcell.com\/?s={search_term_string}\"},\"query-input\":{\"@type\":\"PropertyValueSpecification\",\"valueRequired\":true,\"valueName\":\"search_term_string\"}}],\"inLanguage\":\"fr-FR\"},{\"@type\":\"Organization\",\"@id\":\"https:\/\/sinorcell.com\/#organization\",\"name\":\"SINORCELL\",\"url\":\"https:\/\/sinorcell.com\/\",\"logo\":{\"@type\":\"ImageObject\",\"inLanguage\":\"fr-FR\",\"@id\":\"https:\/\/sinorcell.com\/#\/schema\/logo\/image\/\",\"url\":\"https:\/\/sinorcell.com\/www\/wp-content\/uploads\/2020\/11\/logo-sinorcell-svg.svg\",\"contentUrl\":\"https:\/\/sinorcell.com\/www\/wp-content\/uploads\/2020\/11\/logo-sinorcell-svg.svg\",\"width\":420,\"height\":77,\"caption\":\"SINORCELL\"},\"image\":{\"@id\":\"https:\/\/sinorcell.com\/#\/schema\/logo\/image\/\"}}]}<\/script>\n<!-- \/ Yoast SEO plugin. -->","yoast_head_json":{"title":"PROCESSUS ET SERVICES - Sinorcell","robots":{"index":"index","follow":"follow","max-snippet":"max-snippet:-1","max-image-preview":"max-image-preview:large","max-video-preview":"max-video-preview:-1"},"canonical":"https:\/\/sinorcell.com\/fr\/processus-et-services\/","og_locale":"fr_FR","og_type":"article","og_title":"PROCESSUS ET SERVICES - Sinorcell","og_description":"[vc_row full_width=\u00a0\u00bbstretch_row\u00a0\u00bb content_placement=\u00a0\u00bbmiddle\u00a0\u00bb css=\u00a0\u00bb.vc_custom_1606755300562{background-image: url(http:\/\/sinorcell.com\/www\/wp-content\/uploads\/2020\/11\/banner-sinorcell-procesos-servicios.jpg?id=396) !important;background-position: center !important;background-repeat: no-repeat !important;background-size: cover !important;}\u00a0\u00bb][vc_column][vc_empty_space height=\u00a0\u00bb62px\u00a0\u00bb][vc_column_text] PROCESSUS ET SERVICES [\/vc_column_text][vc_empty_space height=\u00a0\u00bb62px\u00a0\u00bb][\/vc_column][\/vc_row][vc_row][vc_column width=\u00a0\u00bb1\/6&Prime;][\/vc_column][vc_column width=\u00a0\u00bb2\/3&Prime;][vc_empty_space][vc_column_text] SP\u00c9CIALISTES EN D\u00c9COUPE DE BOBINE AU FORMAT UN SERVICE PROFESSIONNEL POUR LES INDUSTRIELS DU CARTON Chez Sinorcell, nous pouvons garantir&hellip;","og_url":"https:\/\/sinorcell.com\/fr\/processus-et-services\/","og_site_name":"Sinorcell","article_modified_time":"2025-04-29T04:29:54+00:00","twitter_card":"summary_large_image","twitter_misc":{"Dur\u00e9e de lecture estim\u00e9e":"2 minutes"},"schema":{"@context":"https:\/\/schema.org","@graph":[{"@type":"WebPage","@id":"https:\/\/sinorcell.com\/fr\/processus-et-services\/","url":"https:\/\/sinorcell.com\/fr\/processus-et-services\/","name":"PROCESSUS ET SERVICES - Sinorcell","isPartOf":{"@id":"https:\/\/sinorcell.com\/#website"},"datePublished":"2020-12-16T08:57:37+00:00","dateModified":"2025-04-29T04:29:54+00:00","breadcrumb":{"@id":"https:\/\/sinorcell.com\/fr\/processus-et-services\/#breadcrumb"},"inLanguage":"fr-FR","potentialAction":[{"@type":"ReadAction","target":["https:\/\/sinorcell.com\/fr\/processus-et-services\/"]}]},{"@type":"BreadcrumbList","@id":"https:\/\/sinorcell.com\/fr\/processus-et-services\/#breadcrumb","itemListElement":[{"@type":"ListItem","position":1,"name":"Portada","item":"https:\/\/sinorcell.com\/pt-pt\/"},{"@type":"ListItem","position":2,"name":"PROCESSUS ET SERVICES"}]},{"@type":"WebSite","@id":"https:\/\/sinorcell.com\/#website","url":"https:\/\/sinorcell.com\/","name":"Sinorcell","description":"Especialistas en el corte de bobina de cart\u00f3n","publisher":{"@id":"https:\/\/sinorcell.com\/#organization"},"potentialAction":[{"@type":"SearchAction","target":{"@type":"EntryPoint","urlTemplate":"https:\/\/sinorcell.com\/?s={search_term_string}"},"query-input":{"@type":"PropertyValueSpecification","valueRequired":true,"valueName":"search_term_string"}}],"inLanguage":"fr-FR"},{"@type":"Organization","@id":"https:\/\/sinorcell.com\/#organization","name":"SINORCELL","url":"https:\/\/sinorcell.com\/","logo":{"@type":"ImageObject","inLanguage":"fr-FR","@id":"https:\/\/sinorcell.com\/#\/schema\/logo\/image\/","url":"https:\/\/sinorcell.com\/www\/wp-content\/uploads\/2020\/11\/logo-sinorcell-svg.svg","contentUrl":"https:\/\/sinorcell.com\/www\/wp-content\/uploads\/2020\/11\/logo-sinorcell-svg.svg","width":420,"height":77,"caption":"SINORCELL"},"image":{"@id":"https:\/\/sinorcell.com\/#\/schema\/logo\/image\/"}}]}},"_links":{"self":[{"href":"https:\/\/sinorcell.com\/fr\/wp-json\/wp\/v2\/pages\/844"}],"collection":[{"href":"https:\/\/sinorcell.com\/fr\/wp-json\/wp\/v2\/pages"}],"about":[{"href":"https:\/\/sinorcell.com\/fr\/wp-json\/wp\/v2\/types\/page"}],"author":[{"embeddable":true,"href":"https:\/\/sinorcell.com\/fr\/wp-json\/wp\/v2\/users\/2"}],"replies":[{"embeddable":true,"href":"https:\/\/sinorcell.com\/fr\/wp-json\/wp\/v2\/comments?post=844"}],"version-history":[{"count":5,"href":"https:\/\/sinorcell.com\/fr\/wp-json\/wp\/v2\/pages\/844\/revisions"}],"predecessor-version":[{"id":7521,"href":"https:\/\/sinorcell.com\/fr\/wp-json\/wp\/v2\/pages\/844\/revisions\/7521"}],"wp:attachment":[{"href":"https:\/\/sinorcell.com\/fr\/wp-json\/wp\/v2\/media?parent=844"}],"curies":[{"name":"wp","href":"https:\/\/api.w.org\/{rel}","templated":true}]}}