{"id":852,"date":"2020-12-16T09:57:38","date_gmt":"2020-12-16T08:57:38","guid":{"rendered":"http:\/\/sinorcell.com\/www\/zone-commerciale\/"},"modified":"2025-04-24T10:19:38","modified_gmt":"2025-04-24T08:19:38","slug":"zone-commerciale","status":"publish","type":"page","link":"https:\/\/sinorcell.com\/fr\/zone-commerciale\/","title":{"rendered":"ZONE COMMERCIALE"},"content":{"rendered":"[vc_row full_width=\u00a0\u00bbstretch_row\u00a0\u00bb content_placement=\u00a0\u00bbmiddle\u00a0\u00bb css=\u00a0\u00bb.vc_custom_1606754981784{background-image: url(http:\/\/sinorcell.com\/www\/wp-content\/uploads\/2020\/11\/banner-sinorcell-zona-comercial-2.jpg?id=394) !important;background-position: center !important;background-repeat: no-repeat !important;background-size: cover !important;}\u00a0\u00bb][vc_column][vc_empty_space height=\u00a0\u00bb62px\u00a0\u00bb][vc_column_text]\n<h4 style=\"text-align: center; font-size: 30px;\"><span class=\"white-text\">ZONE COMMERCIALE <\/span><\/h4>\n[\/vc_column_text][vc_empty_space height=\u00a0\u00bb62px\u00a0\u00bb][\/vc_column][\/vc_row][vc_row][vc_column][vc_empty_space height=\u00a0\u00bb62px\u00a0\u00bb][vc_text_separator title=\u00a0\u00bbCONTACT COMMERCIAL PAR ZONES\u00a0\u00bb][vc_empty_space][vc_row_inner][vc_column_inner width=\u00a0\u00bb1\/3&Prime;][vc_column_text]\n<h4><span style=\"color: #333333;\">ZONE CATALOGNE<\/span><\/h4>\n<p><strong><span style=\"color: #59bac3;\">RESPONSABLE DES COMPTES<\/span><br \/>\n<\/strong><strong>\u00c1LEX M\u00c1RQUEZ<\/strong><br \/>\nT\u00e9l\u00e9phone <a href=\"tel:+34689230598\">+34 689 230 598<\/a><br \/>\n<a href=\"mailto:amarquez@sinorcell.com\">amarquez@sinorcell.com<\/a>[\/vc_column_text][\/vc_column_inner][vc_column_inner width=\u00a0\u00bb1\/3&Prime;][vc_column_text]\n<h4><span style=\"color: #333333;\">ZONE MADRID<\/span><\/h4>\n<p><strong><span style=\"color: #59bac3;\">RESPONSABLE DES COMPTES<\/span><br \/>\n<\/strong><strong>FRANCISCO VIT\u00d3N \/ FEDERICO POUZOLS<\/strong><br \/>\nT\u00e9l\u00e9phone <a href=\"tel:+34648032196\">+34 648 032 196<\/a>\u00a0 \/ <a href=\"tel:+34618499748\">+34 618 499 748<\/a><br \/>\n<a href=\"mailto:paco.viton@sinorcell.com\">paco.viton@sinorcell.com<\/a>\u00a0 \/ <a href=\"mailto:federico@sinorcell.com\">federico@sinorcell.com<\/a>[\/vc_column_text][\/vc_column_inner][vc_column_inner width=\u00a0\u00bb1\/3&Prime;][vc_column_text]\n<h4><span style=\"color: #333333;\">ZONE LEVANT<\/span><\/h4>\n<p><strong><span style=\"color: #59bac3;\">RESPONSABLE DES COMPTES<br \/>\n<\/span><\/strong><strong>MANUEL PERALES<\/strong><br \/>\nT\u00e9l\u00e9phone <a href=\"tel:+34697568900\">+34 697 568 900<\/a><br \/>\n<a href=\"mailto:mperales@sinorcell.com\">mperales@sinorcell.com<\/a>[\/vc_column_text][\/vc_column_inner][\/vc_row_inner][vc_row_inner][vc_column_inner width=\u00a0\u00bb1\/3&Prime;][vc_column_text]\n<h4><span style=\"color: #333333;\">ZONE NORD<\/span><\/h4>\n<p><strong><span style=\"color: #59bac3;\">DIRECTEUR COMMERCIAL<\/span><br \/>\n<\/strong><strong>MARCOS OLALLA S\u00c1NCHEZ<\/strong><br \/>\nT\u00e9l\u00e9phone <a href=\"tel:+34677641938\">+34 677 641 938<\/a><br \/>\n<a href=\"mailto:marcos@sinorcell.com\">marcos@sinorcell.com<\/a>[\/vc_column_text][\/vc_column_inner][vc_column_inner width=\u00a0\u00bb1\/3&Prime;][vc_column_text]\n<h4><span style=\"color: #333333;\">ZONE SUD<br \/>\n<\/span><\/h4>\n<p><strong><span style=\"color: #59bac3;\">RESPONSABLE DES COMPTES<\/span><br \/>\n<\/strong><strong>FRANCISCO VIT\u00d3N GONZ\u00c1LEZ<\/strong><br \/>\nT\u00e9l\u00e9phone <a href=\"tel:+34648032196\">+34 648 032 196<\/a><br \/>\n<a href=\"mailto:paco.viton@sinorcell.com\">paco.viton@sinorcell.com<\/a>[\/vc_column_text][\/vc_column_inner][vc_column_inner width=\u00a0\u00bb1\/3&Prime;][vc_column_text]\n<h4><span style=\"color: #333333;\">ZONE FRANCE<br \/>\n<\/span><\/h4>\n<p><strong><span style=\"color: #59bac3;\">DIRECTEUR COMMERCIAL<\/span><br \/>\n<\/strong><strong>MARCOS OLALLA S\u00c1NCHEZ<\/strong><br \/>\nTelephone <a href=\"tel:+34677641938\">+34 677 641 938<\/a><br \/>\n<a href=\"mailto:marcos@sinorcell.com\">marcos@sinorcell.com<\/a>[\/vc_column_text][\/vc_column_inner][\/vc_row_inner][vc_row_inner][vc_column_inner width=\u00a0\u00bb1\/3&Prime;][vc_column_text]\n<h4><span style=\"color: #333333;\">ZONE PORTUGAL<br \/>\n<\/span><\/h4>\n<p><strong><span style=\"color: #59bac3;\">RESPONSABLE DES COMPTES<\/span><br \/>\n<\/strong><strong>JULIO ALEXANDRE FERREIRA PEREIRA<\/strong><br \/>\nT\u00e9l\u00e9phone <a href=\"tel:+35194771879\">+351 94 771 879<\/a><br \/>\n<a href=\"mailto:jpereira@sinorcell.com\">jpereira@sinorcell.com<\/a>[\/vc_column_text][\/vc_column_inner][vc_column_inner width=\u00a0\u00bb1\/3&Prime;][vc_column_text]\n<h4><span style=\"color: #333333;\">INTERNATIONAL<br \/>\n<\/span><\/h4>\n<p><strong><span style=\"color: #59bac3;\">DIRECTEUR COMMERCIAL<\/span><br \/>\n<\/strong><strong>MARCOS OLALLA S\u00c1NCHEZ<\/strong><br \/>\nT\u00e9l\u00e9phone <a href=\"tel:+34677641938\">+34 677 641 938<\/a><br \/>\n<a href=\"mailto:marcos@sinorcell.com\">marcos@sinorcell.com<\/a>[\/vc_column_text][\/vc_column_inner][vc_column_inner width=\u00a0\u00bb1\/3&Prime;][\/vc_column_inner][\/vc_row_inner][\/vc_column][\/vc_row][vc_row full_width=\u00a0\u00bbstretch_row\u00a0\u00bb css=\u00a0\u00bb.vc_custom_1606152431365{background-color: #e8e8e8 !important;}\u00a0\u00bb][vc_column][vc_empty_space][vc_column_text]\n<h4 style=\"text-align: center;\">SERVICE CLIENT<\/h4>\n<p style=\"text-align: center;\"><strong>Usine de production \u00d3dena &#8211; Barcelone<\/strong> T\u00e9l\u00e9phone <a href=\"tel:+34938031686\">+34 93 803 16 86<\/a> <a href=\"mailto:atencioclients@sinorcell.com\">atencioclients@sinorcell.com<\/a><\/p>\n[\/vc_column_text][vc_empty_space height=\u00a0\u00bb20px\u00a0\u00bb][\/vc_column][\/vc_row][vc_row][vc_column][vc_empty_space height=\u00a0\u00bb62px\u00a0\u00bb][vc_text_separator title=\u00a0\u00bbBUREAUX ET ADMINISTRATION\u00a0\u00bb][vc_empty_space][vc_row_inner][vc_column_inner width=\u00a0\u00bb1\/4&Prime;][\/vc_column_inner][vc_column_inner width=\u00a0\u00bb1\/4&Prime;][vc_column_text]\n<h4><span style=\"color: #59bac3;\">SINORCELL \u00d3DENA<\/span><\/h4>\n<p><strong>Service client et usine de production<\/strong> <a href=\"https:\/\/goo.gl\/maps\/Bj79LVNnLbpFRKH39\" target=\"_blank\" rel=\"noopener noreferrer\">Avenida de Madrid, # 26 <\/a> <a href=\"https:\/\/goo.gl\/maps\/Bj79LVNnLbpFRKH39\" target=\"_blank\" rel=\"noopener noreferrer\">P.I. Pla de les Gavarreres <\/a> <a href=\"https:\/\/goo.gl\/maps\/Bj79LVNnLbpFRKH39\" target=\"_blank\" rel=\"noopener noreferrer\">08711 Odena (Barcelone)<\/a> T\u00e9l\u00e9phone <a href=\"tel:+34938031686\">+34 93 803 16 86<\/a> <a href=\"mailto:atencioclients@sinorcell.com\">atencioclients@sinorcell.com<\/a> Horaires du service client : de 07h00 \u00e0 18h00[\/vc_column_text][\/vc_column_inner][vc_column_inner width=\u00a0\u00bb1\/4&Prime;][vc_column_text]\n<h4><span style=\"color: #59bac3;\">SINORCELL IR\u00daN<\/span><\/h4>\n<p><strong>Administration et logistique internationale<\/strong> <a href=\"https:\/\/goo.gl\/maps\/wSykMk8gBJqKz8YN8\" target=\"_blank\" rel=\"noopener noreferrer\">Calle Auzolan, #2 *<\/a> <a href=\"https:\/\/goo.gl\/maps\/wSykMk8gBJqKz8YN8\" target=\"_blank\" rel=\"noopener noreferrer\">20303 Ir\u00fan (Guipuscoa)<\/a> T\u00e9l\u00e9phone <a href=\"tel:+34943666283\">+34 943 666 283<\/a> <a href=\"mailto:administracion@sinorcell.com\">administracion@sinorcell.com<\/a> <a href=\"mailto:lr2@sinorcell.com\">lr2@sinorcell.com<\/a>[\/vc_column_text][\/vc_column_inner][vc_column_inner width=\u00a0\u00bb1\/4&Prime;][\/vc_column_inner][\/vc_row_inner][\/vc_column][\/vc_row]\n","protected":false},"excerpt":{"rendered":"<p>[vc_row full_width=\u00a0\u00bbstretch_row\u00a0\u00bb content_placement=\u00a0\u00bbmiddle\u00a0\u00bb css=\u00a0\u00bb.vc_custom_1606754981784{background-image: url(http:\/\/sinorcell.com\/www\/wp-content\/uploads\/2020\/11\/banner-sinorcell-zona-comercial-2.jpg?id=394) !important;background-position: center !important;background-repeat: no-repeat !important;background-size: cover !important;}\u00a0\u00bb][vc_column][vc_empty_space height=\u00a0\u00bb62px\u00a0\u00bb][vc_column_text] ZONE COMMERCIALE [\/vc_column_text][vc_empty_space height=\u00a0\u00bb62px\u00a0\u00bb][\/vc_column][\/vc_row][vc_row][vc_column][vc_empty_space height=\u00a0\u00bb62px\u00a0\u00bb][vc_text_separator title=\u00a0\u00bbCONTACT COMMERCIAL PAR ZONES\u00a0\u00bb][vc_empty_space][vc_row_inner][vc_column_inner width=\u00a0\u00bb1\/3&Prime;][vc_column_text] ZONE CATALOGNE RESPONSABLE DES COMPTES \u00c1LEX M\u00c1RQUEZ T\u00e9l\u00e9phone +34 689 230 598 amarquez@sinorcell.com[\/vc_column_text][\/vc_column_inner][vc_column_inner width=\u00a0\u00bb1\/3&Prime;][vc_column_text] ZONE MADRID RESPONSABLE&hellip;<\/p>\n","protected":false},"author":2,"featured_media":0,"parent":0,"menu_order":0,"comment_status":"closed","ping_status":"closed","template":"","meta":{"inline_featured_image":false,"footnotes":""},"class_list":["post-852","page","type-page","status-publish","hentry","entry","no-media"],"yoast_head":"<!-- This site is optimized with the Yoast SEO plugin v25.2 - https:\/\/yoast.com\/wordpress\/plugins\/seo\/ -->\n<title>Zones commerciales pour le d\u00e9coupage et le rembobinage du papier - Sinorcell<\/title>\n<meta name=\"description\" content=\"Chez Sinorcell, nous disposons de plusieurs bureaux nationaux afin que vous puissiez nous contacter imm\u00e9diatement et nous expliquer vos besoins en machines de d\u00e9coupe et de rembobinage du papier.\" \/>\n<meta name=\"robots\" content=\"index, follow, max-snippet:-1, max-image-preview:large, max-video-preview:-1\" \/>\n<link rel=\"canonical\" href=\"https:\/\/sinorcell.com\/fr\/zone-commerciale\/\" \/>\n<meta property=\"og:locale\" content=\"fr_FR\" \/>\n<meta property=\"og:type\" content=\"article\" \/>\n<meta property=\"og:title\" content=\"Zones commerciales pour le d\u00e9coupage et le rembobinage du papier - Sinorcell\" \/>\n<meta property=\"og:description\" content=\"Chez Sinorcell, nous disposons de plusieurs bureaux nationaux afin que vous puissiez nous contacter imm\u00e9diatement et nous expliquer vos besoins en machines de d\u00e9coupe et de rembobinage du papier.\" \/>\n<meta property=\"og:url\" content=\"https:\/\/sinorcell.com\/fr\/zone-commerciale\/\" \/>\n<meta property=\"og:site_name\" content=\"Sinorcell\" \/>\n<meta property=\"article:modified_time\" content=\"2025-04-24T08:19:38+00:00\" \/>\n<meta name=\"twitter:card\" content=\"summary_large_image\" \/>\n<meta name=\"twitter:label1\" content=\"Dur\u00e9e de lecture estim\u00e9e\" \/>\n\t<meta name=\"twitter:data1\" content=\"2 minutes\" \/>\n<script type=\"application\/ld+json\" class=\"yoast-schema-graph\">{\"@context\":\"https:\/\/schema.org\",\"@graph\":[{\"@type\":\"WebPage\",\"@id\":\"https:\/\/sinorcell.com\/fr\/zone-commerciale\/\",\"url\":\"https:\/\/sinorcell.com\/fr\/zone-commerciale\/\",\"name\":\"Zones commerciales pour le d\u00e9coupage et le rembobinage du papier - Sinorcell\",\"isPartOf\":{\"@id\":\"https:\/\/sinorcell.com\/#website\"},\"datePublished\":\"2020-12-16T08:57:38+00:00\",\"dateModified\":\"2025-04-24T08:19:38+00:00\",\"description\":\"Chez Sinorcell, nous disposons de plusieurs bureaux nationaux afin que vous puissiez nous contacter imm\u00e9diatement et nous expliquer vos besoins en machines de d\u00e9coupe et de rembobinage du papier.\",\"breadcrumb\":{\"@id\":\"https:\/\/sinorcell.com\/fr\/zone-commerciale\/#breadcrumb\"},\"inLanguage\":\"fr-FR\",\"potentialAction\":[{\"@type\":\"ReadAction\",\"target\":[\"https:\/\/sinorcell.com\/fr\/zone-commerciale\/\"]}]},{\"@type\":\"BreadcrumbList\",\"@id\":\"https:\/\/sinorcell.com\/fr\/zone-commerciale\/#breadcrumb\",\"itemListElement\":[{\"@type\":\"ListItem\",\"position\":1,\"name\":\"Portada\",\"item\":\"https:\/\/sinorcell.com\/pt-pt\/\"},{\"@type\":\"ListItem\",\"position\":2,\"name\":\"ZONE COMMERCIALE\"}]},{\"@type\":\"WebSite\",\"@id\":\"https:\/\/sinorcell.com\/#website\",\"url\":\"https:\/\/sinorcell.com\/\",\"name\":\"Sinorcell\",\"description\":\"Especialistas en el corte de bobina de cart\u00f3n\",\"publisher\":{\"@id\":\"https:\/\/sinorcell.com\/#organization\"},\"potentialAction\":[{\"@type\":\"SearchAction\",\"target\":{\"@type\":\"EntryPoint\",\"urlTemplate\":\"https:\/\/sinorcell.com\/?s={search_term_string}\"},\"query-input\":{\"@type\":\"PropertyValueSpecification\",\"valueRequired\":true,\"valueName\":\"search_term_string\"}}],\"inLanguage\":\"fr-FR\"},{\"@type\":\"Organization\",\"@id\":\"https:\/\/sinorcell.com\/#organization\",\"name\":\"SINORCELL\",\"url\":\"https:\/\/sinorcell.com\/\",\"logo\":{\"@type\":\"ImageObject\",\"inLanguage\":\"fr-FR\",\"@id\":\"https:\/\/sinorcell.com\/#\/schema\/logo\/image\/\",\"url\":\"https:\/\/sinorcell.com\/www\/wp-content\/uploads\/2020\/11\/logo-sinorcell-svg.svg\",\"contentUrl\":\"https:\/\/sinorcell.com\/www\/wp-content\/uploads\/2020\/11\/logo-sinorcell-svg.svg\",\"width\":420,\"height\":77,\"caption\":\"SINORCELL\"},\"image\":{\"@id\":\"https:\/\/sinorcell.com\/#\/schema\/logo\/image\/\"}}]}<\/script>\n<!-- \/ Yoast SEO plugin. -->","yoast_head_json":{"title":"Zones commerciales pour le d\u00e9coupage et le rembobinage du papier - Sinorcell","description":"Chez Sinorcell, nous disposons de plusieurs bureaux nationaux afin que vous puissiez nous contacter imm\u00e9diatement et nous expliquer vos besoins en machines de d\u00e9coupe et de rembobinage du papier.","robots":{"index":"index","follow":"follow","max-snippet":"max-snippet:-1","max-image-preview":"max-image-preview:large","max-video-preview":"max-video-preview:-1"},"canonical":"https:\/\/sinorcell.com\/fr\/zone-commerciale\/","og_locale":"fr_FR","og_type":"article","og_title":"Zones commerciales pour le d\u00e9coupage et le rembobinage du papier - Sinorcell","og_description":"Chez Sinorcell, nous disposons de plusieurs bureaux nationaux afin que vous puissiez nous contacter imm\u00e9diatement et nous expliquer vos besoins en machines de d\u00e9coupe et de rembobinage du papier.","og_url":"https:\/\/sinorcell.com\/fr\/zone-commerciale\/","og_site_name":"Sinorcell","article_modified_time":"2025-04-24T08:19:38+00:00","twitter_card":"summary_large_image","twitter_misc":{"Dur\u00e9e de lecture estim\u00e9e":"2 minutes"},"schema":{"@context":"https:\/\/schema.org","@graph":[{"@type":"WebPage","@id":"https:\/\/sinorcell.com\/fr\/zone-commerciale\/","url":"https:\/\/sinorcell.com\/fr\/zone-commerciale\/","name":"Zones commerciales pour le d\u00e9coupage et le rembobinage du papier - Sinorcell","isPartOf":{"@id":"https:\/\/sinorcell.com\/#website"},"datePublished":"2020-12-16T08:57:38+00:00","dateModified":"2025-04-24T08:19:38+00:00","description":"Chez Sinorcell, nous disposons de plusieurs bureaux nationaux afin que vous puissiez nous contacter imm\u00e9diatement et nous expliquer vos besoins en machines de d\u00e9coupe et de rembobinage du papier.","breadcrumb":{"@id":"https:\/\/sinorcell.com\/fr\/zone-commerciale\/#breadcrumb"},"inLanguage":"fr-FR","potentialAction":[{"@type":"ReadAction","target":["https:\/\/sinorcell.com\/fr\/zone-commerciale\/"]}]},{"@type":"BreadcrumbList","@id":"https:\/\/sinorcell.com\/fr\/zone-commerciale\/#breadcrumb","itemListElement":[{"@type":"ListItem","position":1,"name":"Portada","item":"https:\/\/sinorcell.com\/pt-pt\/"},{"@type":"ListItem","position":2,"name":"ZONE COMMERCIALE"}]},{"@type":"WebSite","@id":"https:\/\/sinorcell.com\/#website","url":"https:\/\/sinorcell.com\/","name":"Sinorcell","description":"Especialistas en el corte de bobina de cart\u00f3n","publisher":{"@id":"https:\/\/sinorcell.com\/#organization"},"potentialAction":[{"@type":"SearchAction","target":{"@type":"EntryPoint","urlTemplate":"https:\/\/sinorcell.com\/?s={search_term_string}"},"query-input":{"@type":"PropertyValueSpecification","valueRequired":true,"valueName":"search_term_string"}}],"inLanguage":"fr-FR"},{"@type":"Organization","@id":"https:\/\/sinorcell.com\/#organization","name":"SINORCELL","url":"https:\/\/sinorcell.com\/","logo":{"@type":"ImageObject","inLanguage":"fr-FR","@id":"https:\/\/sinorcell.com\/#\/schema\/logo\/image\/","url":"https:\/\/sinorcell.com\/www\/wp-content\/uploads\/2020\/11\/logo-sinorcell-svg.svg","contentUrl":"https:\/\/sinorcell.com\/www\/wp-content\/uploads\/2020\/11\/logo-sinorcell-svg.svg","width":420,"height":77,"caption":"SINORCELL"},"image":{"@id":"https:\/\/sinorcell.com\/#\/schema\/logo\/image\/"}}]}},"_links":{"self":[{"href":"https:\/\/sinorcell.com\/fr\/wp-json\/wp\/v2\/pages\/852"}],"collection":[{"href":"https:\/\/sinorcell.com\/fr\/wp-json\/wp\/v2\/pages"}],"about":[{"href":"https:\/\/sinorcell.com\/fr\/wp-json\/wp\/v2\/types\/page"}],"author":[{"embeddable":true,"href":"https:\/\/sinorcell.com\/fr\/wp-json\/wp\/v2\/users\/2"}],"replies":[{"embeddable":true,"href":"https:\/\/sinorcell.com\/fr\/wp-json\/wp\/v2\/comments?post=852"}],"version-history":[{"count":14,"href":"https:\/\/sinorcell.com\/fr\/wp-json\/wp\/v2\/pages\/852\/revisions"}],"predecessor-version":[{"id":7484,"href":"https:\/\/sinorcell.com\/fr\/wp-json\/wp\/v2\/pages\/852\/revisions\/7484"}],"wp:attachment":[{"href":"https:\/\/sinorcell.com\/fr\/wp-json\/wp\/v2\/media?parent=852"}],"curies":[{"name":"wp","href":"https:\/\/api.w.org\/{rel}","templated":true}]}}