{"id":858,"date":"2020-12-16T09:57:49","date_gmt":"2020-12-16T08:57:49","guid":{"rendered":"http:\/\/sinorcell.com\/www\/durabilite\/"},"modified":"2026-02-02T10:04:43","modified_gmt":"2026-02-02T09:04:43","slug":"durabilite","status":"publish","type":"page","link":"https:\/\/sinorcell.com\/fr\/durabilite\/","title":{"rendered":"DURABILIT\u00c9"},"content":{"rendered":"[vc_row full_width=\u00a0\u00bbstretch_row\u00a0\u00bb content_placement=\u00a0\u00bbmiddle\u00a0\u00bb css=\u00a0\u00bb.vc_custom_1606754094010{background-image: url(http:\/\/sinorcell.com\/www\/wp-content\/uploads\/2020\/11\/banner-sinorcell-sostenibilidad.jpg?id=388) !important;background-position: center !important;background-repeat: no-repeat !important;background-size: cover !important;}\u00a0\u00bb][vc_column][vc_empty_space height=\u00a0\u00bb62px\u00a0\u00bb][vc_column_text]\n<h4 style=\"text-align: center; font-size: 30px;\"><span class=\"white-text\">DURABILIT\u00c9 <\/span><\/h4>\n[\/vc_column_text][vc_empty_space height=\u00a0\u00bb62px\u00a0\u00bb][\/vc_column][\/vc_row][vc_row][vc_column width=\u00a0\u00bb1\/6&Prime;][\/vc_column][vc_column width=\u00a0\u00bb2\/3&Prime;][vc_empty_space][vc_column_text]\n<h1 style=\"text-align: center; margin-bottom: 0px;\">NOUS NOUS ENGAGEONS EN FAVEUR DE L\u2019ENVIRONNEMENT<\/h1>\n<p style=\"text-align: center;\"><span style=\"margin-top: -21px;\"><strong>NOS CERTIFICATIONS CONSTITUENT UN GAGE DE QUALIT\u00c9 <\/strong><\/span><\/p>\n<p style=\"text-align: center;\">Le conglom\u00e9rat form\u00e9 par toutes les installations de Sinorcell se joint \u00e0 tous ses fournisseurs et \u00e0 tous ses employ\u00e9s afin de promouvoir l\u2019utilisation d\u2019un code \u00e9thique et de valeurs, \u00e9labor\u00e9 pour d\u00e9velopper et pr\u00e9server une durabilit\u00e9 qui repose sur le respect de l\u2019\u00e9cologie et de l\u2019environnement.<\/p>\n[\/vc_column_text][vc_empty_space height=\u00a0\u00bb20px\u00a0\u00bb][\/vc_column][vc_column width=\u00a0\u00bb1\/6&Prime;][\/vc_column][\/vc_row][vc_row full_width=\u00a0\u00bbstretch_row\u00a0\u00bb css=\u00a0\u00bb.vc_custom_1718796481766{padding-top: 20px !important;background-color: #f3f3f0 !important;background-position: 0 0 !important;background-repeat: no-repeat !important;}\u00a0\u00bb][vc_column][vc_row_inner][vc_column_inner width=\u00a0\u00bb1\/4&Prime;][vc_empty_space height=\u00a0\u00bb42px\u00a0\u00bb][vc_single_image image=\u00a0\u00bb5924&Prime; img_size=\u00a0\u00bb131&#215;187&Prime; alignment=\u00a0\u00bbcenter\u00a0\u00bb onclick=\u00a0\u00bbcustom_link\u00a0\u00bb img_link_target=\u00a0\u00bb_blank\u00a0\u00bb css=\u00a0\u00bb.vc_custom_1770022945805{padding-top: -5px !important;padding-right: 15px !important;padding-bottom: 7px !important;padding-left: 15px !important;}\u00a0\u00bb link=\u00a0\u00bbhttps:\/\/sinorcell.com\/www\/wp-content\/uploads\/2026\/02\/PEFC-SINORCELL-Certificate.pdf\u00a0\u00bb][vc_column_text]\n<h4 style=\"margin-bottom: 0px; text-align: center;\"><span style=\"color: #333333; font-size: 14px;\">CERTIFICATION PEFC <\/span><\/h4>\n[\/vc_column_text][vc_column_text]\n<p style=\"margin-bottom: 0px; text-align: center;\"><span style=\"color: #333333; font-size: 14px;\">Nos produits appartenant \u00e0 la fili\u00e8re bois (bois, papier,&#8230;) certifi\u00e9s par <strong>PEFC<\/strong> garantissent vis-\u00e0-vis de nos clients l\u2019achat de produits issus de for\u00eats g\u00e9r\u00e9es de mani\u00e8re durable.<\/span><\/p>\n[\/vc_column_text]<div class=\"textcenter theme-button-wrap wpex-clr\"><a href=\"https:\/\/sinorcell.com\/www\/wp-content\/uploads\/2026\/02\/PEFC-SINORCELL-Certificate.pdf\" class=\"vcex-button theme-button align-center inline\" target=\"_blank\" rel=\"noopener noreferrer\"><span class=\"theme-button-inner\">T\u00e9l\u00e9charger le certificat<\/span><\/a><\/div> [\/vc_column_inner][vc_column_inner width=\u00a0\u00bb1\/4&Prime;][vc_empty_space height=\u00a0\u00bb42px\u00a0\u00bb][vc_single_image image=\u00a0\u00bb1268&Prime; alignment=\u00a0\u00bbcenter\u00a0\u00bb onclick=\u00a0\u00bbcustom_link\u00a0\u00bb img_link_target=\u00a0\u00bb_blank\u00a0\u00bb link=\u00a0\u00bbhttps:\/\/sinorcell.com\/www\/wp-content\/uploads\/2026\/02\/FSC-SINORCELL-Certificate.pdf\u00a0\u00bb][vc_column_text]\n<h4 style=\"margin-bottom: 0px; text-align: center;\"><span style=\"color: #333333; font-size: 14px;\">CERTIFICATION FSC\u00ae <\/span><\/h4>\n[\/vc_column_text][vc_column_text]\n<p style=\"text-align: center;\">Le certificat <strong>FSC<\/strong> effectue des \u00e9valuations sur des entreprises foresti\u00e8res ou similaires afin de parvenir \u00e0 une gestion foresti\u00e8re fiable d&rsquo;un point de vue \u00e9conomique, socialement profitable et ad\u00e9quate pour les for\u00eats au niveau environnemental.<\/p>\n[\/vc_column_text]<div class=\"textcenter theme-button-wrap wpex-clr\"><a href=\"https:\/\/sinorcell.com\/www\/wp-content\/uploads\/2026\/02\/FSC-SINORCELL-Certificate.pdf\" class=\"vcex-button theme-button align-center inline\" target=\"_blank\" rel=\"noopener noreferrer\"><span class=\"theme-button-inner\">T\u00e9l\u00e9charger le certificat<\/span><\/a><\/div> [\/vc_column_inner][vc_column_inner width=\u00a0\u00bb1\/4&Prime;][vc_empty_space height=\u00a0\u00bb42px\u00a0\u00bb][vc_single_image image=\u00a0\u00bb5932&Prime; img_size=\u00a0\u00bb131&#215;187&Prime; alignment=\u00a0\u00bbcenter\u00a0\u00bb onclick=\u00a0\u00bbcustom_link\u00a0\u00bb img_link_target=\u00a0\u00bb_blank\u00a0\u00bb link=\u00a0\u00bbhttps:\/\/sinorcell.com\/www\/wp-content\/uploads\/2026\/02\/Autodeclaracion-EUTR.pdf\u00a0\u00bb css=\u00a0\u00bb.vc_custom_1770023072543{padding-top: -5px !important;padding-right: 15px !important;padding-bottom: 15px !important;padding-left: 15px !important;}\u00a0\u00bb][vc_column_text]\n<h4 style=\"margin-bottom: 0px; text-align: center;\"><span style=\"color: #333333; font-size: 14px;\">R\u00c9GLEMENTATION EUROP\u00c9ENNE SUR LE BOIS<\/span><\/h4>\n[\/vc_column_text][vc_column_text]\n<p style=\"text-align: center;\">Nous respectons le r\u00e8glement de l&rsquo;Union europ\u00e9enne sur la commercialisation du bois qui garantit que le bois et les produits d\u00e9riv\u00e9s ne proviennent pas d&rsquo;une exploitation foresti\u00e8re ill\u00e9gale.<\/p>\n[\/vc_column_text]<div class=\"textcenter theme-button-wrap wpex-clr\"><a href=\"https:\/\/sinorcell.com\/www\/wp-content\/uploads\/2026\/02\/Autodeclaracion-EUTR.pdf\" class=\"vcex-button theme-button align-center inline\" target=\"_blank\" rel=\"noopener noreferrer\"><span class=\"theme-button-inner\">T\u00e9l\u00e9charger l&rsquo;auto-d\u00e9claration<\/span><\/a><\/div> [\/vc_column_inner][vc_column_inner width=\u00a0\u00bb1\/4&Prime;][vc_empty_space height=\u00a0\u00bb42px\u00a0\u00bb][vc_single_image image=\u00a0\u00bb1274&Prime; alignment=\u00a0\u00bbcenter\u00a0\u00bb][vc_column_text]\n<h4 style=\"margin-bottom: 0px; text-align: center;\"><span style=\"color: #333333; font-size: 14px;\">CERTIFICATION COMPOSTABLE <\/span><\/h4>\n[\/vc_column_text][vc_column_text]\n<p style=\"text-align: center;\">Nos produits ont \u00e9t\u00e9 certifi\u00e9s <strong>compostables<\/strong> conform\u00e9ment aux crit\u00e8res des normes UNE-EN13432 \/ EN14995. La biod\u00e9gradabilit\u00e9 (dans un \u00e9tat de compostabilit\u00e9) du produit.<\/p>\n[\/vc_column_text][\/vc_column_inner][\/vc_row_inner][vc_column_text]\n<p style=\"text-align: center;\">La <strong>politique de cha\u00eene de tra\u00e7abilit\u00e9<\/strong> de Sinorcell est accessible \u00e0 toute partie int\u00e9ress\u00e9e qui en a besoin.<br \/>\nPour en faire la demande, envoyez un email \u00e0 <a href=\"mailto:calidad@sinorcell.com\">calidad@sinorcell.com<\/a>.[\/vc_column_text][\/vc_column][\/vc_row][vc_row][vc_column width=\u00a0\u00bb1\/2&Prime;][vc_empty_space][vc_column_text]\n<h4 style=\"margin-bottom: 0px; text-align: left;\">FABRICATION DE PALETTES SUR MESURE<\/h4>\n[\/vc_column_text][vc_empty_space]<div class=\"wpex-slider-preloaderimg\"><img loading=\"lazy\" decoding=\"async\" data-no-lazy=\"1\" class=\"skip-lazy\" src=\"https:\/\/sinorcell.com\/www\/wp-content\/uploads\/2020\/11\/sinorcell-sostenibilidad-carpinteria-2.jpg\" alt=\"\" width=\"1200\" height=\"638\" \/><\/div><div class=\"vcex-module wpex-slider slider-pro vcex-image-slider wpex-clr\" data-auto-play-delay=\"5000\" data-animation-speed=\"600\" data-height-animation-duration=\"500\" data-thumbnail-height=\"70\" data-thumbnail-width=\"70\"><div class=\"wpex-slider-slides sp-slides\"><div class=\"wpex-slider-slide sp-slide\"><div class=\"wpex-slider-media\"><img loading=\"lazy\" decoding=\"async\" data-no-lazy=\"1\" class=\"skip-lazy\" src=\"https:\/\/sinorcell.com\/www\/wp-content\/uploads\/2020\/11\/sinorcell-sostenibilidad-carpinteria-2.jpg\" alt=\"\" width=\"1200\" height=\"638\" \/><\/div><\/div><div class=\"wpex-slider-slide sp-slide\"><div class=\"wpex-slider-media\"><img loading=\"lazy\" decoding=\"async\" data-no-lazy=\"1\" class=\"skip-lazy\" src=\"https:\/\/sinorcell.com\/www\/wp-content\/uploads\/2020\/11\/sinorcell-sostenibilidad-carpinteria-1.jpg\" alt=\"\" width=\"1200\" height=\"638\" \/><\/div><\/div><\/div><\/div>[vc_empty_space][\/vc_column][vc_column width=\u00a0\u00bb1\/2&Prime;][vc_empty_space][vc_column_text]\n<h4 style=\"margin-bottom: 0px; text-align: left;\"><span style=\"color: #333333; font-size: 14px;\">NOUS \u00c9CONOMISONS LE BOIS <\/span><\/h4>\n<p>Gr\u00e2ce \u00e0 notre menuiserie interne, nous recyclons et produisons nos propres palettes sur mesure pour chaque produit.[\/vc_column_text][vc_column_text]\n<h4 style=\"margin-bottom: 0px; text-align: left;\"><span style=\"color: #333333; font-size: 14px;\">NOUS \u00c9CONOMISONS DE L\u2019ESPACE DANS LES ENTREP\u00d4TS <\/span><\/h4>\n<p>En cr\u00e9ant nos palettes sur mesure, nous pouvons tirer parti au maximum de l\u2019espace dans notre b\u00e2timent industriel et dans ceux de nos clients.[\/vc_column_text][vc_column_text]\n<h4 style=\"margin-bottom: 0px; text-align: left;\"><span style=\"color: #333333; font-size: 14px;\">NOUS \u00c9CONOMISONS DU VOLUME ET DES FRAIS DE TRANSPORT <\/span><\/h4>\n<p>En cr\u00e9ant des palettes sur mesure, nous r\u00e9duisons les frais de transport, car nous tirons parti au maximum de notre capacit\u00e9 d\u2019envoi.[\/vc_column_text][vc_column_text]\n<h4 style=\"margin-bottom: 0px; text-align: left;\"><span style=\"color: #333333; font-size: 14px;\">PALETTES SUR MESURE <\/span><\/h4>\n<p>Sinorcell mise sur un processus sur mesure pour chaque commande.[\/vc_column_text][vc_empty_space height=\u00a0\u00bb12px\u00a0\u00bb][\/vc_column][\/vc_row][vc_row full_width=\u00a0\u00bbstretch_row\u00a0\u00bb content_placement=\u00a0\u00bbmiddle\u00a0\u00bb css=\u00a0\u00bb.vc_custom_1606812664924{background-color: #333333 !important;background-position: center !important;background-repeat: no-repeat !important;background-size: cover !important;}\u00a0\u00bb][vc_column width=\u00a0\u00bb1\/4&Prime;][\/vc_column][vc_column width=\u00a0\u00bb1\/2&Prime;][vc_empty_space height=\u00a0\u00bb26px\u00a0\u00bb][vc_row_inner][vc_column_inner width=\u00a0\u00bb1\/5&Prime;][\/vc_column_inner][vc_column_inner width=\u00a0\u00bb1\/5&Prime;][\/vc_column_inner][vc_column_inner width=\u00a0\u00bb1\/5&Prime;][vc_single_image image=\u00a0\u00bb658&Prime; css=\u00a0\u00bb.vc_custom_1606748318083{margin-bottom: -42px !important;}\u00a0\u00bb][\/vc_column_inner][vc_column_inner width=\u00a0\u00bb1\/5&Prime;][\/vc_column_inner][vc_column_inner width=\u00a0\u00bb1\/5&Prime;][\/vc_column_inner][\/vc_row_inner][vc_column_text css=\u00a0\u00bb.vc_custom_1608111981489{margin-top: -20px !important;padding-top: -20px !important;}\u00a0\u00bb]\n<h4 style=\"text-align: center; font-size: 30px;\"><span class=\"white-text\" style=\"color: #333333; font-size: 21px;\">NOUS RECYCLONS LA TOTALIT\u00c9 DU CARTON RESTANT<\/span><\/h4>\n[\/vc_column_text][\/vc_column][vc_column width=\u00a0\u00bb1\/4&Prime;][\/vc_column][\/vc_row][vc_row full_width=\u00a0\u00bbstretch_row\u00a0\u00bb css=\u00a0\u00bb.vc_custom_1605714465618{background-color: #e1e1dd !important;background-position: center !important;background-repeat: no-repeat !important;background-size: cover !important;}\u00a0\u00bb][vc_column][vc_empty_space][vc_column_text]\n<h4 style=\"margin-bottom: 0px; text-align: center;\">SECTEUR COMMERCIAL<\/h4>\n<p style=\"text-align: center;\">Nous sommes pr\u00e9sents dans tout le pays, ainsi qu\u2019en France et au Portugal. Notre \u00e9quipe commerciale se met \u00e0 la disposition des clients pour leur offrir le meilleur service.<br \/>\n<span style=\"color: #333333; font-size: 14px;\"><strong>ZONE CATALOGNE | ZONE LEVANT | ZONE MADRID | ZONE FRANCE | ZONE PORTUGAL<\/strong> <\/span>[\/vc_column_text][vc_empty_space height=\u00a0\u00bb10px\u00a0\u00bb]<div class=\"textcenter theme-button-wrap wpex-clr\"><a href=\"\/fr\/zone-commerciale\/\" class=\"vcex-button theme-button align-center inline\"><span class=\"theme-button-inner\">CONTACT<\/span><\/a><\/div> [vc_empty_space][\/vc_column][\/vc_row]\n","protected":false},"excerpt":{"rendered":"<p>[vc_row full_width=\u00a0\u00bbstretch_row\u00a0\u00bb content_placement=\u00a0\u00bbmiddle\u00a0\u00bb css=\u00a0\u00bb.vc_custom_1606754094010{background-image: url(http:\/\/sinorcell.com\/www\/wp-content\/uploads\/2020\/11\/banner-sinorcell-sostenibilidad.jpg?id=388) !important;background-position: center !important;background-repeat: no-repeat !important;background-size: cover !important;}\u00a0\u00bb][vc_column][vc_empty_space height=\u00a0\u00bb62px\u00a0\u00bb][vc_column_text] DURABILIT\u00c9 [\/vc_column_text][vc_empty_space height=\u00a0\u00bb62px\u00a0\u00bb][\/vc_column][\/vc_row][vc_row][vc_column width=\u00a0\u00bb1\/6&Prime;][\/vc_column][vc_column width=\u00a0\u00bb2\/3&Prime;][vc_empty_space][vc_column_text] NOUS NOUS ENGAGEONS EN FAVEUR DE L\u2019ENVIRONNEMENT NOS CERTIFICATIONS CONSTITUENT UN GAGE DE QUALIT\u00c9 Le conglom\u00e9rat form\u00e9 par toutes les installations de&hellip;<\/p>\n","protected":false},"author":2,"featured_media":0,"parent":0,"menu_order":0,"comment_status":"closed","ping_status":"closed","template":"","meta":{"inline_featured_image":false,"footnotes":""},"class_list":["post-858","page","type-page","status-publish","hentry","entry","no-media"],"yoast_head":"<!-- This site is optimized with the Yoast SEO plugin v25.2 - https:\/\/yoast.com\/wordpress\/plugins\/seo\/ -->\n<title>DURABILIT\u00c9 - Sinorcell<\/title>\n<meta name=\"robots\" content=\"index, follow, max-snippet:-1, max-image-preview:large, max-video-preview:-1\" \/>\n<link rel=\"canonical\" href=\"https:\/\/sinorcell.com\/pt-pt\/sustentabilidade\/\" \/>\n<meta property=\"og:locale\" content=\"fr_FR\" \/>\n<meta property=\"og:type\" content=\"article\" \/>\n<meta property=\"og:title\" content=\"DURABILIT\u00c9 - Sinorcell\" \/>\n<meta property=\"og:description\" content=\"[vc_row full_width=\u00a0\u00bbstretch_row\u00a0\u00bb content_placement=\u00a0\u00bbmiddle\u00a0\u00bb css=\u00a0\u00bb.vc_custom_1606754094010{background-image: url(http:\/\/sinorcell.com\/www\/wp-content\/uploads\/2020\/11\/banner-sinorcell-sostenibilidad.jpg?id=388) !important;background-position: center !important;background-repeat: no-repeat !important;background-size: cover !important;}\u00a0\u00bb][vc_column][vc_empty_space height=\u00a0\u00bb62px\u00a0\u00bb][vc_column_text] DURABILIT\u00c9 [\/vc_column_text][vc_empty_space height=\u00a0\u00bb62px\u00a0\u00bb][\/vc_column][\/vc_row][vc_row][vc_column width=\u00a0\u00bb1\/6&Prime;][\/vc_column][vc_column width=\u00a0\u00bb2\/3&Prime;][vc_empty_space][vc_column_text] NOUS NOUS ENGAGEONS EN FAVEUR DE L\u2019ENVIRONNEMENT NOS CERTIFICATIONS CONSTITUENT UN GAGE DE QUALIT\u00c9 Le conglom\u00e9rat form\u00e9 par toutes les installations de&hellip;\" \/>\n<meta property=\"og:url\" content=\"https:\/\/sinorcell.com\/pt-pt\/sustentabilidade\/\" \/>\n<meta property=\"og:site_name\" content=\"Sinorcell\" \/>\n<meta property=\"article:modified_time\" content=\"2026-02-02T09:04:43+00:00\" \/>\n<meta name=\"twitter:card\" content=\"summary_large_image\" \/>\n<meta name=\"twitter:label1\" content=\"Dur\u00e9e de lecture estim\u00e9e\" \/>\n\t<meta name=\"twitter:data1\" content=\"3 minutes\" \/>\n<script type=\"application\/ld+json\" class=\"yoast-schema-graph\">{\"@context\":\"https:\/\/schema.org\",\"@graph\":[{\"@type\":\"WebPage\",\"@id\":\"https:\/\/sinorcell.com\/pt-pt\/sustentabilidade\/\",\"url\":\"https:\/\/sinorcell.com\/pt-pt\/sustentabilidade\/\",\"name\":\"DURABILIT\u00c9 - Sinorcell\",\"isPartOf\":{\"@id\":\"https:\/\/sinorcell.com\/#website\"},\"datePublished\":\"2020-12-16T08:57:49+00:00\",\"dateModified\":\"2026-02-02T09:04:43+00:00\",\"breadcrumb\":{\"@id\":\"https:\/\/sinorcell.com\/pt-pt\/sustentabilidade\/#breadcrumb\"},\"inLanguage\":\"fr-FR\",\"potentialAction\":[{\"@type\":\"ReadAction\",\"target\":[\"https:\/\/sinorcell.com\/pt-pt\/sustentabilidade\/\"]}]},{\"@type\":\"BreadcrumbList\",\"@id\":\"https:\/\/sinorcell.com\/pt-pt\/sustentabilidade\/#breadcrumb\",\"itemListElement\":[{\"@type\":\"ListItem\",\"position\":1,\"name\":\"Portada\",\"item\":\"https:\/\/sinorcell.com\/pt-pt\/\"},{\"@type\":\"ListItem\",\"position\":2,\"name\":\"DURABILIT\u00c9\"}]},{\"@type\":\"WebSite\",\"@id\":\"https:\/\/sinorcell.com\/#website\",\"url\":\"https:\/\/sinorcell.com\/\",\"name\":\"Sinorcell\",\"description\":\"Especialistas en el corte de bobina de cart\u00f3n\",\"publisher\":{\"@id\":\"https:\/\/sinorcell.com\/#organization\"},\"potentialAction\":[{\"@type\":\"SearchAction\",\"target\":{\"@type\":\"EntryPoint\",\"urlTemplate\":\"https:\/\/sinorcell.com\/?s={search_term_string}\"},\"query-input\":{\"@type\":\"PropertyValueSpecification\",\"valueRequired\":true,\"valueName\":\"search_term_string\"}}],\"inLanguage\":\"fr-FR\"},{\"@type\":\"Organization\",\"@id\":\"https:\/\/sinorcell.com\/#organization\",\"name\":\"SINORCELL\",\"url\":\"https:\/\/sinorcell.com\/\",\"logo\":{\"@type\":\"ImageObject\",\"inLanguage\":\"fr-FR\",\"@id\":\"https:\/\/sinorcell.com\/#\/schema\/logo\/image\/\",\"url\":\"https:\/\/sinorcell.com\/www\/wp-content\/uploads\/2020\/11\/logo-sinorcell-svg.svg\",\"contentUrl\":\"https:\/\/sinorcell.com\/www\/wp-content\/uploads\/2020\/11\/logo-sinorcell-svg.svg\",\"width\":420,\"height\":77,\"caption\":\"SINORCELL\"},\"image\":{\"@id\":\"https:\/\/sinorcell.com\/#\/schema\/logo\/image\/\"}}]}<\/script>\n<!-- \/ Yoast SEO plugin. -->","yoast_head_json":{"title":"DURABILIT\u00c9 - Sinorcell","robots":{"index":"index","follow":"follow","max-snippet":"max-snippet:-1","max-image-preview":"max-image-preview:large","max-video-preview":"max-video-preview:-1"},"canonical":"https:\/\/sinorcell.com\/pt-pt\/sustentabilidade\/","og_locale":"fr_FR","og_type":"article","og_title":"DURABILIT\u00c9 - Sinorcell","og_description":"[vc_row full_width=\u00a0\u00bbstretch_row\u00a0\u00bb content_placement=\u00a0\u00bbmiddle\u00a0\u00bb css=\u00a0\u00bb.vc_custom_1606754094010{background-image: url(http:\/\/sinorcell.com\/www\/wp-content\/uploads\/2020\/11\/banner-sinorcell-sostenibilidad.jpg?id=388) !important;background-position: center !important;background-repeat: no-repeat !important;background-size: cover !important;}\u00a0\u00bb][vc_column][vc_empty_space height=\u00a0\u00bb62px\u00a0\u00bb][vc_column_text] DURABILIT\u00c9 [\/vc_column_text][vc_empty_space height=\u00a0\u00bb62px\u00a0\u00bb][\/vc_column][\/vc_row][vc_row][vc_column width=\u00a0\u00bb1\/6&Prime;][\/vc_column][vc_column width=\u00a0\u00bb2\/3&Prime;][vc_empty_space][vc_column_text] NOUS NOUS ENGAGEONS EN FAVEUR DE L\u2019ENVIRONNEMENT NOS CERTIFICATIONS CONSTITUENT UN GAGE DE QUALIT\u00c9 Le conglom\u00e9rat form\u00e9 par toutes les installations de&hellip;","og_url":"https:\/\/sinorcell.com\/pt-pt\/sustentabilidade\/","og_site_name":"Sinorcell","article_modified_time":"2026-02-02T09:04:43+00:00","twitter_card":"summary_large_image","twitter_misc":{"Dur\u00e9e de lecture estim\u00e9e":"3 minutes"},"schema":{"@context":"https:\/\/schema.org","@graph":[{"@type":"WebPage","@id":"https:\/\/sinorcell.com\/pt-pt\/sustentabilidade\/","url":"https:\/\/sinorcell.com\/pt-pt\/sustentabilidade\/","name":"DURABILIT\u00c9 - Sinorcell","isPartOf":{"@id":"https:\/\/sinorcell.com\/#website"},"datePublished":"2020-12-16T08:57:49+00:00","dateModified":"2026-02-02T09:04:43+00:00","breadcrumb":{"@id":"https:\/\/sinorcell.com\/pt-pt\/sustentabilidade\/#breadcrumb"},"inLanguage":"fr-FR","potentialAction":[{"@type":"ReadAction","target":["https:\/\/sinorcell.com\/pt-pt\/sustentabilidade\/"]}]},{"@type":"BreadcrumbList","@id":"https:\/\/sinorcell.com\/pt-pt\/sustentabilidade\/#breadcrumb","itemListElement":[{"@type":"ListItem","position":1,"name":"Portada","item":"https:\/\/sinorcell.com\/pt-pt\/"},{"@type":"ListItem","position":2,"name":"DURABILIT\u00c9"}]},{"@type":"WebSite","@id":"https:\/\/sinorcell.com\/#website","url":"https:\/\/sinorcell.com\/","name":"Sinorcell","description":"Especialistas en el corte de bobina de cart\u00f3n","publisher":{"@id":"https:\/\/sinorcell.com\/#organization"},"potentialAction":[{"@type":"SearchAction","target":{"@type":"EntryPoint","urlTemplate":"https:\/\/sinorcell.com\/?s={search_term_string}"},"query-input":{"@type":"PropertyValueSpecification","valueRequired":true,"valueName":"search_term_string"}}],"inLanguage":"fr-FR"},{"@type":"Organization","@id":"https:\/\/sinorcell.com\/#organization","name":"SINORCELL","url":"https:\/\/sinorcell.com\/","logo":{"@type":"ImageObject","inLanguage":"fr-FR","@id":"https:\/\/sinorcell.com\/#\/schema\/logo\/image\/","url":"https:\/\/sinorcell.com\/www\/wp-content\/uploads\/2020\/11\/logo-sinorcell-svg.svg","contentUrl":"https:\/\/sinorcell.com\/www\/wp-content\/uploads\/2020\/11\/logo-sinorcell-svg.svg","width":420,"height":77,"caption":"SINORCELL"},"image":{"@id":"https:\/\/sinorcell.com\/#\/schema\/logo\/image\/"}}]}},"_links":{"self":[{"href":"https:\/\/sinorcell.com\/fr\/wp-json\/wp\/v2\/pages\/858"}],"collection":[{"href":"https:\/\/sinorcell.com\/fr\/wp-json\/wp\/v2\/pages"}],"about":[{"href":"https:\/\/sinorcell.com\/fr\/wp-json\/wp\/v2\/types\/page"}],"author":[{"embeddable":true,"href":"https:\/\/sinorcell.com\/fr\/wp-json\/wp\/v2\/users\/2"}],"replies":[{"embeddable":true,"href":"https:\/\/sinorcell.com\/fr\/wp-json\/wp\/v2\/comments?post=858"}],"version-history":[{"count":20,"href":"https:\/\/sinorcell.com\/fr\/wp-json\/wp\/v2\/pages\/858\/revisions"}],"predecessor-version":[{"id":8493,"href":"https:\/\/sinorcell.com\/fr\/wp-json\/wp\/v2\/pages\/858\/revisions\/8493"}],"wp:attachment":[{"href":"https:\/\/sinorcell.com\/fr\/wp-json\/wp\/v2\/media?parent=858"}],"curies":[{"name":"wp","href":"https:\/\/api.w.org\/{rel}","templated":true}]}}