{"id":957,"date":"2020-12-04T12:23:27","date_gmt":"2020-12-04T11:23:27","guid":{"rendered":"http:\/\/sinorcell.com\/www\/aviso-legal\/"},"modified":"2020-12-16T11:21:57","modified_gmt":"2020-12-16T10:21:57","slug":"mentions-legales","status":"publish","type":"page","link":"https:\/\/sinorcell.com\/fr\/mentions-legales\/","title":{"rendered":"Mentions L\u00e9gales"},"content":{"rendered":"[vc_row][vc_column][vc_column_text]\n<h1><u>MENTIONS L\u00c9GALES<\/u><\/h1>\n<p>SINORCELL SLU, (ci-apr\u00e8s, peut \u00e9galement \u00eatre d\u00e9sign\u00e9 comme le fournisseur) se conforme aux exigences \u00e9tablies dans la loi 34\/2002, du 11 juillet, sur les services de la soci\u00e9t\u00e9 de l&rsquo;information et du commerce \u00e9lectronique, et \u00e0 cet effet a cr\u00e9\u00e9 la notice l\u00e9gale suivante.<\/p>\n<p>Toute personne qui acc\u00e8de \u00e0 ce site Web (www.sinorcell.com) assume et accepte d&rsquo;observer et de se conformer \u00e0 ces conditions, ainsi qu&rsquo;\u00e0 toute autre disposition l\u00e9gale \u00e9ventuellement applicable. La navigation sur ce site Web implique la parfaite compr\u00e9hension et l&rsquo;acceptation expresse de ces conditions par l&rsquo;utilisateur, et des modifications qui peuvent y intervenir.<\/p>\n<h3>INFORMATIONS G\u00c9N\u00c9RALES<\/h3>\n<p><strong>SINORCELL SLU,.<\/strong><br \/>\nCIF: B20605572<br \/>\nAuzolan 2, 2\u00aa planta<br \/>\n20303 Ir\u00fan (Gipuzkoa)<br \/>\nDonn\u00e9es d&rsquo;inscription au registre: TOMO 1664, LIBRO 0, FOLIO 75, SECCION 8, HOJA SS-13399 INSCRIP. 1\u00aa Sn.Sn 24-11-1997- NIF-B20605572<br \/>\nT\u00e9l\u00e9phone: 943 66 62 83<br \/>\nEmail: <a href=\"mailto:info@borobil.com\">sinorcell@sinorcellcom<\/a><\/p>\n<h3>CONTENU WEB<\/h3>\n<p>En g\u00e9n\u00e9ral, les services et contenus propos\u00e9s sur ce site Web seront disponibles en fran\u00e7ais, sans pr\u00e9judice de l&rsquo;utilisation d&rsquo;autres langues, sous r\u00e9serve de SINORCELL. SINORCELL n&rsquo;est pas responsable du manque de compr\u00e9hension ou de compr\u00e9hension de la langue du Web par l&rsquo;utilisateur, ni de ses cons\u00e9quences.<br \/>\nSINORCELL se r\u00e9serve le droit d&rsquo;apporter librement et sans pr\u00e9avis les modifications qu&rsquo;elle juge appropri\u00e9es dans cette page Web, en pouvant changer, supprimer ou ajouter les contenus et services qui sont fournis, tels que la mani\u00e8re dont ils sont pr\u00e9sent\u00e9s ou situ\u00e9s, non Assumer la responsabilit\u00e9 des cons\u00e9quences que cela peut entra\u00eener pour les utilisateurs.<\/p>\n<h3>PROPRI\u00c9T\u00c9 INTELLECTUELLE ET INDUSTRIELLE<\/h3>\n<p>Tous les contenus de cette page Web, y compris, sans limitation, les textes, graphiques, images, son design et les droits de propri\u00e9t\u00e9 intellectuelle qui peuvent correspondre \u00e0 ces contenus, ainsi que toutes les marques, noms commerciaux ou tout autre signe distinctif sont la propri\u00e9t\u00e9 du propri\u00e9taire du site, ou de ses propri\u00e9taires l\u00e9gitimes, tous les droits sur ceux-ci \u00e9tant r\u00e9serv\u00e9s. Tous les contenus du site sont d\u00fbment prot\u00e9g\u00e9s par la r\u00e9glementation de la propri\u00e9t\u00e9 intellectuelle et industrielle, ainsi que enregistr\u00e9s dans les registres publics correspondants.<\/p>\n<p>Tout acte de reproduction du contenu, en tout ou en partie, sous quelque forme ou support, qu&rsquo;il soit m\u00e9canique, \u00e9lectronique, reprographique ou autre, ainsi que tout acte de diffusion, communication publique ou distribution, sans l&rsquo;autorisation \u00e9crite pr\u00e9alable de SINORCELL ou ses propri\u00e9taires l\u00e9gitimes. Toute utilisation non pr\u00e9alablement autoris\u00e9e par SINORCELL sera consid\u00e9r\u00e9e comme une violation grave des droits de propri\u00e9t\u00e9 intellectuelle ou industrielle.<\/p>\n<p>Les dessins, logos, textes et \/ ou graphismes ext\u00e9rieurs \u00e0 SINORCELL et susceptibles d&rsquo;appara\u00eetre sur le site appartiennent \u00e0 leurs propri\u00e9taires respectifs, qui sont eux-m\u00eames responsables de toute controverse pouvant survenir \u00e0 leur \u00e9gard.<\/p>\n<p>SINORCELL ne sera pas responsable des dommages pouvant r\u00e9sulter de l&rsquo;utilisation du contenu par les personnes qui acc\u00e8dent \u00e0 ce site Web, ou de la violation par elles de toute disposition l\u00e9gale en vigueur.<\/p>\n<p>Pour faire tout type d&rsquo;observation concernant d&rsquo;\u00e9ventuelles violations des droits de propri\u00e9t\u00e9 intellectuelle ou industrielle, ainsi que de tout contenu du site Web, vous pouvez le faire via les coordonn\u00e9es fournies dans ce document.<\/p>\n<h3>RESPONSABILIT\u00c9<\/h3>\n<p>Les utilisateurs qui acc\u00e8dent \u00e0 ce site Web le feront conform\u00e9ment \u00e0 la loi, et sont tenus \u00e0 tout moment de ne pas y acc\u00e9der et de ne pas y acc\u00e9der d&rsquo;une mani\u00e8re contraire \u00e0 celle \u00e9tablie et \/ ou \u00e0 des fins ill\u00e9gales, portant atteinte aux droits et libert\u00e9s de tiers. , ou qui pourrait endommager, d\u00e9t\u00e9riorer, saturer ou ralentir le Web, au d\u00e9triment de SINORCELL ou d&rsquo;utilisateurs tiers.<\/p>\n<p>SINORCELL peut tenir les utilisateurs responsables d&rsquo;une mauvaise utilisation du site Web, causant des dommages ou des pr\u00e9judices \u00e0 des tiers.<\/p>\n<p>SINORCELL est exon\u00e9r\u00e9 de tout type de responsabilit\u00e9 d\u00e9coulant des informations publi\u00e9es sur ce site, \u00e0 condition que ces informations aient \u00e9t\u00e9 manipul\u00e9es ou saisies par un tiers ext\u00e9rieur \u00e0 celui-ci.<\/p>\n<p>SINORCELL n&rsquo;est pas responsable des informations et du contenu stock\u00e9s, \u00e0 titre d&rsquo;exemple mais sans s&rsquo;y limiter, dans les forums, les chats, les g\u00e9n\u00e9rateurs de blogs, les commentaires, les r\u00e9seaux sociaux ou tout autre moyen permettant \u00e0 des tiers de publier du contenu ind\u00e9pendamment dans ce page Web.<\/p>\n<p>Dans tous les cas, SINORCELL d\u00e9clare qu&rsquo;il proc\u00e9dera au retrait imm\u00e9diat de tout contenu qui pourrait contrevenir \u00e0 la l\u00e9gislation nationale ou internationale, aux bonnes m\u0153urs ou \u00e0 l&rsquo;ordre public, ou le cas \u00e9ch\u00e9ant, il retirera imm\u00e9diatement la redirection vers ledit site, en informant le autorit\u00e9s comp\u00e9tentes le contenu en question. Dans le cas o\u00f9 l&rsquo;utilisateur consid\u00e8re qu&rsquo;il y a un contenu sur ce site Web qui pourrait contrevenir \u00e0 la l\u00e9gislation nationale ou internationale, aux bonnes m\u0153urs ou \u00e0 l&rsquo;ordre public, veuillez en informer imm\u00e9diatement le propri\u00e9taire du site Web.<\/p>\n<p>Les utilisateurs n&rsquo;utiliseront pas le contenu de ce site Web d&rsquo;une mani\u00e8re contraire \u00e0 la loi, aux usages et \u00e0 l&rsquo;ordre public, ni ne les copieront, les distribueront, les diffuseront, les transformeront, les modifieront ou les manipuleront.<\/p>\n<p>Tout utilisateur qui a connaissance d&rsquo;une action d\u00e9t\u00e9riorant ou susceptible de d\u00e9t\u00e9riorer le bon fonctionnement de ce site, de modifier ou d&rsquo;alt\u00e9rer son contenu, doit en informer imm\u00e9diatement le propri\u00e9taire.<\/p>\n<p>Ce site Web a \u00e9t\u00e9 revu et test\u00e9 pour s&rsquo;assurer qu&rsquo;il fonctionne correctement. En principe, un fonctionnement correct peut \u00eatre garanti 365 jours par an, 24 heures par jour. Cependant, SINORCELL n&rsquo;exclut pas la possibilit\u00e9 de certaines erreurs de programmation, ou que des cas de force majeure, des catastrophes naturelles, des gr\u00e8ves ou des circonstances similaires peuvent survenir et rendre l&rsquo;acc\u00e8s \u00e0 ce site impossible.<\/p>\n<h3>MINEURS<\/h3>\n<p>L&rsquo;enti\u00e8re responsabilit\u00e9 du contenu et \/ ou des services auxquels les mineurs ont acc\u00e8s correspond aux personnes dont ils ont la charge.<\/p>\n<h3>LIENS<\/h3>\n<p>Le fournisseur n&rsquo;assume aucune responsabilit\u00e9 pour les liens externes vers des sites Web tiers ou pour les informations qu&rsquo;ils contiennent, qui peuvent \u00eatre incluses sur le site Web, de sorte que l&rsquo;utilisateur acc\u00e8de au contenu et aux conditions d&rsquo;utilisation sous sa seule responsabilit\u00e9. qui les gouvernent.<\/p>\n<p>SINORCELL se r\u00e9serve le droit de retirer tout lien, d\u00e8s qu&rsquo;il prend connaissance de l&rsquo;ill\u00e9galit\u00e9 de son contenu ou qu&rsquo;il endommage la propri\u00e9t\u00e9 ou les droits de tiers.<\/p>\n<p>SINORCELL n&rsquo;est pas responsable de la fiabilit\u00e9 et de la rapidit\u00e9 des liens hypertextes qui sont incorpor\u00e9s dans le Web pour l&rsquo;ouverture d&rsquo;autres. SINORCELL ne garantit pas l&rsquo;utilit\u00e9 de ces liens, ni n&rsquo;est responsable du contenu ou des services auxquels les utilisateurs peuvent acc\u00e9der via ces liens, ni du bon fonctionnement de ces sites.[\/vc_column_text][\/vc_column][\/vc_row]\n","protected":false},"excerpt":{"rendered":"<p>[vc_row][vc_column][vc_column_text] MENTIONS L\u00c9GALES SINORCELL SLU, (ci-apr\u00e8s, peut \u00e9galement \u00eatre d\u00e9sign\u00e9 comme le fournisseur) se conforme aux exigences \u00e9tablies dans la loi 34\/2002, du 11 juillet, sur les services de la soci\u00e9t\u00e9 de l&rsquo;information et du commerce \u00e9lectronique, et \u00e0 cet&hellip;<\/p>\n","protected":false},"author":2,"featured_media":0,"parent":0,"menu_order":0,"comment_status":"closed","ping_status":"closed","template":"","meta":{"inline_featured_image":false,"footnotes":""},"class_list":["post-957","page","type-page","status-publish","hentry","entry","no-media"],"yoast_head":"<!-- This site is optimized with the Yoast SEO plugin v25.2 - https:\/\/yoast.com\/wordpress\/plugins\/seo\/ -->\n<title>Mentions L\u00e9gales - Sinorcell<\/title>\n<meta name=\"robots\" content=\"index, follow, max-snippet:-1, max-image-preview:large, max-video-preview:-1\" \/>\n<link rel=\"canonical\" href=\"https:\/\/sinorcell.com\/aviso-legal\/\" \/>\n<meta property=\"og:locale\" content=\"fr_FR\" \/>\n<meta property=\"og:type\" content=\"article\" \/>\n<meta property=\"og:title\" content=\"Mentions L\u00e9gales - Sinorcell\" \/>\n<meta property=\"og:description\" content=\"[vc_row][vc_column][vc_column_text] MENTIONS L\u00c9GALES SINORCELL SLU, (ci-apr\u00e8s, peut \u00e9galement \u00eatre d\u00e9sign\u00e9 comme le fournisseur) se conforme aux exigences \u00e9tablies dans la loi 34\/2002, du 11 juillet, sur les services de la soci\u00e9t\u00e9 de l&rsquo;information et du commerce \u00e9lectronique, et \u00e0 cet&hellip;\" \/>\n<meta property=\"og:url\" content=\"https:\/\/sinorcell.com\/aviso-legal\/\" \/>\n<meta property=\"og:site_name\" content=\"Sinorcell\" \/>\n<meta property=\"article:modified_time\" content=\"2020-12-16T10:21:57+00:00\" \/>\n<meta name=\"twitter:card\" content=\"summary_large_image\" \/>\n<meta name=\"twitter:label1\" content=\"Dur\u00e9e de lecture estim\u00e9e\" \/>\n\t<meta name=\"twitter:data1\" content=\"6 minutes\" \/>\n<script type=\"application\/ld+json\" class=\"yoast-schema-graph\">{\"@context\":\"https:\/\/schema.org\",\"@graph\":[{\"@type\":\"WebPage\",\"@id\":\"https:\/\/sinorcell.com\/aviso-legal\/\",\"url\":\"https:\/\/sinorcell.com\/aviso-legal\/\",\"name\":\"Mentions L\u00e9gales - Sinorcell\",\"isPartOf\":{\"@id\":\"https:\/\/sinorcell.com\/#website\"},\"datePublished\":\"2020-12-04T11:23:27+00:00\",\"dateModified\":\"2020-12-16T10:21:57+00:00\",\"breadcrumb\":{\"@id\":\"https:\/\/sinorcell.com\/aviso-legal\/#breadcrumb\"},\"inLanguage\":\"fr-FR\",\"potentialAction\":[{\"@type\":\"ReadAction\",\"target\":[\"https:\/\/sinorcell.com\/aviso-legal\/\"]}]},{\"@type\":\"BreadcrumbList\",\"@id\":\"https:\/\/sinorcell.com\/aviso-legal\/#breadcrumb\",\"itemListElement\":[{\"@type\":\"ListItem\",\"position\":1,\"name\":\"Portada\",\"item\":\"https:\/\/sinorcell.com\/pt-pt\/\"},{\"@type\":\"ListItem\",\"position\":2,\"name\":\"Mentions L\u00e9gales\"}]},{\"@type\":\"WebSite\",\"@id\":\"https:\/\/sinorcell.com\/#website\",\"url\":\"https:\/\/sinorcell.com\/\",\"name\":\"Sinorcell\",\"description\":\"Especialistas en el corte de bobina de cart\u00f3n\",\"publisher\":{\"@id\":\"https:\/\/sinorcell.com\/#organization\"},\"potentialAction\":[{\"@type\":\"SearchAction\",\"target\":{\"@type\":\"EntryPoint\",\"urlTemplate\":\"https:\/\/sinorcell.com\/?s={search_term_string}\"},\"query-input\":{\"@type\":\"PropertyValueSpecification\",\"valueRequired\":true,\"valueName\":\"search_term_string\"}}],\"inLanguage\":\"fr-FR\"},{\"@type\":\"Organization\",\"@id\":\"https:\/\/sinorcell.com\/#organization\",\"name\":\"SINORCELL\",\"url\":\"https:\/\/sinorcell.com\/\",\"logo\":{\"@type\":\"ImageObject\",\"inLanguage\":\"fr-FR\",\"@id\":\"https:\/\/sinorcell.com\/#\/schema\/logo\/image\/\",\"url\":\"https:\/\/sinorcell.com\/www\/wp-content\/uploads\/2020\/11\/logo-sinorcell-svg.svg\",\"contentUrl\":\"https:\/\/sinorcell.com\/www\/wp-content\/uploads\/2020\/11\/logo-sinorcell-svg.svg\",\"width\":420,\"height\":77,\"caption\":\"SINORCELL\"},\"image\":{\"@id\":\"https:\/\/sinorcell.com\/#\/schema\/logo\/image\/\"}}]}<\/script>\n<!-- \/ Yoast SEO plugin. -->","yoast_head_json":{"title":"Mentions L\u00e9gales - Sinorcell","robots":{"index":"index","follow":"follow","max-snippet":"max-snippet:-1","max-image-preview":"max-image-preview:large","max-video-preview":"max-video-preview:-1"},"canonical":"https:\/\/sinorcell.com\/aviso-legal\/","og_locale":"fr_FR","og_type":"article","og_title":"Mentions L\u00e9gales - Sinorcell","og_description":"[vc_row][vc_column][vc_column_text] MENTIONS L\u00c9GALES SINORCELL SLU, (ci-apr\u00e8s, peut \u00e9galement \u00eatre d\u00e9sign\u00e9 comme le fournisseur) se conforme aux exigences \u00e9tablies dans la loi 34\/2002, du 11 juillet, sur les services de la soci\u00e9t\u00e9 de l&rsquo;information et du commerce \u00e9lectronique, et \u00e0 cet&hellip;","og_url":"https:\/\/sinorcell.com\/aviso-legal\/","og_site_name":"Sinorcell","article_modified_time":"2020-12-16T10:21:57+00:00","twitter_card":"summary_large_image","twitter_misc":{"Dur\u00e9e de lecture estim\u00e9e":"6 minutes"},"schema":{"@context":"https:\/\/schema.org","@graph":[{"@type":"WebPage","@id":"https:\/\/sinorcell.com\/aviso-legal\/","url":"https:\/\/sinorcell.com\/aviso-legal\/","name":"Mentions L\u00e9gales - Sinorcell","isPartOf":{"@id":"https:\/\/sinorcell.com\/#website"},"datePublished":"2020-12-04T11:23:27+00:00","dateModified":"2020-12-16T10:21:57+00:00","breadcrumb":{"@id":"https:\/\/sinorcell.com\/aviso-legal\/#breadcrumb"},"inLanguage":"fr-FR","potentialAction":[{"@type":"ReadAction","target":["https:\/\/sinorcell.com\/aviso-legal\/"]}]},{"@type":"BreadcrumbList","@id":"https:\/\/sinorcell.com\/aviso-legal\/#breadcrumb","itemListElement":[{"@type":"ListItem","position":1,"name":"Portada","item":"https:\/\/sinorcell.com\/pt-pt\/"},{"@type":"ListItem","position":2,"name":"Mentions L\u00e9gales"}]},{"@type":"WebSite","@id":"https:\/\/sinorcell.com\/#website","url":"https:\/\/sinorcell.com\/","name":"Sinorcell","description":"Especialistas en el corte de bobina de cart\u00f3n","publisher":{"@id":"https:\/\/sinorcell.com\/#organization"},"potentialAction":[{"@type":"SearchAction","target":{"@type":"EntryPoint","urlTemplate":"https:\/\/sinorcell.com\/?s={search_term_string}"},"query-input":{"@type":"PropertyValueSpecification","valueRequired":true,"valueName":"search_term_string"}}],"inLanguage":"fr-FR"},{"@type":"Organization","@id":"https:\/\/sinorcell.com\/#organization","name":"SINORCELL","url":"https:\/\/sinorcell.com\/","logo":{"@type":"ImageObject","inLanguage":"fr-FR","@id":"https:\/\/sinorcell.com\/#\/schema\/logo\/image\/","url":"https:\/\/sinorcell.com\/www\/wp-content\/uploads\/2020\/11\/logo-sinorcell-svg.svg","contentUrl":"https:\/\/sinorcell.com\/www\/wp-content\/uploads\/2020\/11\/logo-sinorcell-svg.svg","width":420,"height":77,"caption":"SINORCELL"},"image":{"@id":"https:\/\/sinorcell.com\/#\/schema\/logo\/image\/"}}]}},"_links":{"self":[{"href":"https:\/\/sinorcell.com\/fr\/wp-json\/wp\/v2\/pages\/957"}],"collection":[{"href":"https:\/\/sinorcell.com\/fr\/wp-json\/wp\/v2\/pages"}],"about":[{"href":"https:\/\/sinorcell.com\/fr\/wp-json\/wp\/v2\/types\/page"}],"author":[{"embeddable":true,"href":"https:\/\/sinorcell.com\/fr\/wp-json\/wp\/v2\/users\/2"}],"replies":[{"embeddable":true,"href":"https:\/\/sinorcell.com\/fr\/wp-json\/wp\/v2\/comments?post=957"}],"version-history":[{"count":3,"href":"https:\/\/sinorcell.com\/fr\/wp-json\/wp\/v2\/pages\/957\/revisions"}],"predecessor-version":[{"id":986,"href":"https:\/\/sinorcell.com\/fr\/wp-json\/wp\/v2\/pages\/957\/revisions\/986"}],"wp:attachment":[{"href":"https:\/\/sinorcell.com\/fr\/wp-json\/wp\/v2\/media?parent=957"}],"curies":[{"name":"wp","href":"https:\/\/api.w.org\/{rel}","templated":true}]}}