{"id":993,"date":"2020-11-23T18:58:33","date_gmt":"2020-11-23T17:58:33","guid":{"rendered":"http:\/\/sinorcell.com\/www\/politica-de-cookies\/"},"modified":"2020-12-16T12:14:40","modified_gmt":"2020-12-16T11:14:40","slug":"politique-de-cookies","status":"publish","type":"page","link":"https:\/\/sinorcell.com\/fr\/politique-de-cookies\/","title":{"rendered":"Politique de cookies"},"content":{"rendered":"[vc_row][vc_column][vc_column_text]\n<h1>Politique de cookies<\/h1>\n<h3>Que sont les cookies?<\/h3>\n<p>Un cookie est un fichier t\u00e9l\u00e9charg\u00e9 sur votre ordinateur lorsque vous acc\u00e9dez \u00e0 certaines pages Web. Les cookies permettent, entre autres, \u00e0 une page Web de stocker et de r\u00e9cup\u00e9rer des informations sur les habitudes de navigation d&rsquo;un utilisateur ou de son \u00e9quipement et, en fonction des informations qu&rsquo;ils contiennent et de la mani\u00e8re dont ils utilisent leur \u00e9quipement, ils peuvent \u00eatre utilis\u00e9s pour reconna\u00eetre \u00e0 l&rsquo;utilisateur.<\/p>\n<h3>Qui utilise les informations stock\u00e9es dans les cookies?<\/h3>\n<p>Les informations stock\u00e9es dans les cookies sur notre site Web sont utilis\u00e9es exclusivement par nous, \u00e0 l&rsquo;exception de Google Analytics, qui est utilis\u00e9 et g\u00e9r\u00e9 par Google et par nous \u00e0 des fins statistiques.<\/p>\n<h3>Quels types de cookies ce site utilise-t-il?<\/h3>\n<p>Cookies d&rsquo;analyse: ce sont ceux qui sont bien trait\u00e9s par nous ou par des tiers, qui nous permettent de quantifier le nombre d&rsquo;utilisateurs et ainsi de r\u00e9aliser des mesures et analyses statistiques de l&rsquo;utilisation que les utilisateurs font du service propos\u00e9. Pour cela, votre navigation sur notre site internet est analys\u00e9e afin d&rsquo;am\u00e9liorer l&rsquo;offre de produits ou services que nous vous proposons.<\/p>\n<p><strong><u>Aviso de cookies e idioma:<\/u><\/strong><\/p>\n<p><strong><u>Google Analytics:<\/u><\/strong><\/p>\n<p>Estas cookies se utilizan para recoger informaci\u00f3n sobre el uso de nuestro sitio web por parte de los visitantes. Las cookies recopilan informaci\u00f3n de forma an\u00f3nima, y elaborar informes de tendencias de visitas sin identificar a usuarios individuales.<\/p>\n<p><strong><u>Cookies publicitarias:<\/u><\/strong><\/p>\n<p>Son aqu\u00e9llas que, bien tratadas por nosotros o por terceros, nos permiten gestionar de la forma m\u00e1s eficaz posible la oferta de los espacios publicitarios que hay en la p\u00e1gina web, adecuando el contenido del anuncio al contenido del servicio solicitado o al uso que realice de nuestra p\u00e1gina web. Para ello podemos analizar sus h\u00e1bitos de navegaci\u00f3n en Internet y podemos mostrarle publicidad relacionada con su perfil de navegaci\u00f3n.<\/p>\n<h3>Gestion des cookies.<\/h3>\n<p>Vous pouvez autoriser, bloquer ou supprimer les cookies install\u00e9s sur votre ordinateur en configurant les options du navigateur que vous utilisez sur votre terminal ou appareil. Les \u00e9tapes pour ce faire sont diff\u00e9rentes pour chaque navigateur.<\/p>\n<p>Si vous n&rsquo;autorisez pas l&rsquo;installation de cookies, vous ne pourrez peut-\u00eatre pas acc\u00e9der \u00e0 toutes les sections de ce site Web ou vous ne pourrez peut-\u00eatre pas utiliser toutes les fonctionnalit\u00e9s offertes par ce site Web.<\/p>\n<p>Ci-dessous, nous indiquons les liens vers diff\u00e9rents navigateurs o\u00f9 vous trouverez les instructions pour contr\u00f4ler les cookies qui sont stock\u00e9s sur votre ordinateur en fonction du navigateur que vous utilisez.<\/p>\n<p><strong>Google Chrome<\/strong><br \/>\n<a href=\"https:\/\/support.google.com\/chrome\/answer\/95647?p=cpn_cookies&amp;rd=1\">https:\/\/support.google.com\/chrome\/answer\/95647?p=cpn_cookies&amp;rd=1<\/a><\/p>\n<p><strong>Windows Internet Explorer 7 y Windows Internet Explorer 8<\/strong><br \/>\n<a href=\"http:\/\/windows.microsoft.com\/es-es\/windows-vista\/block-or-allow-cookies\">http:\/\/windows.microsoft.com\/es-es\/windows-vista\/block-or-allow-cookies<\/a><\/p>\n<p><strong>Mozilla Firefox<\/strong><br \/>\n<a href=\"http:\/\/support.mozilla.org\/es\/kb\/habilitar-y-deshabilitar-cookies-que-los-sitios-we\">http:\/\/support.mozilla.org\/es\/kb\/habilitar-y-deshabilitar-cookies-que-los-sitios-we<\/a><\/p>\n<p><strong>Opera<\/strong><br \/>\n<a href=\"http:\/\/help.opera.com\/Linux\/10.60\/es-ES\/cookies.html\">http:\/\/help.opera.com\/Linux\/10.60\/es-ES\/cookies.html<\/a><\/p>\n<p>Le blocage des cookies peut affecter tout ou partie des fonctionnalit\u00e9s de notre site Web.<\/p>\n<h3>Modifications de la politique de cookies<\/h3>\n<p>Ce site Web peut \u00eatre modifi\u00e9, et par cons\u00e9quent, il peut \u00eatre n\u00e9cessaire de modifier cette politique de cookies, il peut \u00e9galement \u00eatre n\u00e9cessaire de la changer en raison de modifications ou d&rsquo;exigences l\u00e9gales, nous conseillons donc aux utilisateurs de la consulter p\u00e9riodiquement.<\/p>\n<p>Dans le cas o\u00f9 les changements sont importants, la nouvelle politique de cookies sera communiqu\u00e9e aux utilisateurs par le biais d&rsquo;un avis sur ce site Web.[\/vc_column_text][\/vc_column][\/vc_row]\n","protected":false},"excerpt":{"rendered":"<p>[vc_row][vc_column][vc_column_text] Politique de cookies Que sont les cookies? Un cookie est un fichier t\u00e9l\u00e9charg\u00e9 sur votre ordinateur lorsque vous acc\u00e9dez \u00e0 certaines pages Web. Les cookies permettent, entre autres, \u00e0 une page Web de stocker et de r\u00e9cup\u00e9rer des informations&hellip;<\/p>\n","protected":false},"author":2,"featured_media":0,"parent":0,"menu_order":0,"comment_status":"closed","ping_status":"closed","template":"","meta":{"inline_featured_image":false,"footnotes":""},"class_list":["post-993","page","type-page","status-publish","hentry","entry","no-media"],"yoast_head":"<!-- This site is optimized with the Yoast SEO plugin v25.2 - https:\/\/yoast.com\/wordpress\/plugins\/seo\/ -->\n<title>Politique de cookies - Sinorcell<\/title>\n<meta name=\"robots\" content=\"index, follow, max-snippet:-1, max-image-preview:large, max-video-preview:-1\" \/>\n<link rel=\"canonical\" href=\"https:\/\/sinorcell.com\/politica-de-cookies\/\" \/>\n<meta property=\"og:locale\" content=\"fr_FR\" \/>\n<meta property=\"og:type\" content=\"article\" \/>\n<meta property=\"og:title\" content=\"Politique de cookies - Sinorcell\" \/>\n<meta property=\"og:description\" content=\"[vc_row][vc_column][vc_column_text] Politique de cookies Que sont les cookies? Un cookie est un fichier t\u00e9l\u00e9charg\u00e9 sur votre ordinateur lorsque vous acc\u00e9dez \u00e0 certaines pages Web. Les cookies permettent, entre autres, \u00e0 une page Web de stocker et de r\u00e9cup\u00e9rer des informations&hellip;\" \/>\n<meta property=\"og:url\" content=\"https:\/\/sinorcell.com\/politica-de-cookies\/\" \/>\n<meta property=\"og:site_name\" content=\"Sinorcell\" \/>\n<meta property=\"article:modified_time\" content=\"2020-12-16T11:14:40+00:00\" \/>\n<meta name=\"twitter:card\" content=\"summary_large_image\" \/>\n<meta name=\"twitter:label1\" content=\"Dur\u00e9e de lecture estim\u00e9e\" \/>\n\t<meta name=\"twitter:data1\" content=\"3 minutes\" \/>\n<script type=\"application\/ld+json\" class=\"yoast-schema-graph\">{\"@context\":\"https:\/\/schema.org\",\"@graph\":[{\"@type\":\"WebPage\",\"@id\":\"https:\/\/sinorcell.com\/politica-de-cookies\/\",\"url\":\"https:\/\/sinorcell.com\/politica-de-cookies\/\",\"name\":\"Politique de cookies - Sinorcell\",\"isPartOf\":{\"@id\":\"https:\/\/sinorcell.com\/#website\"},\"datePublished\":\"2020-11-23T17:58:33+00:00\",\"dateModified\":\"2020-12-16T11:14:40+00:00\",\"breadcrumb\":{\"@id\":\"https:\/\/sinorcell.com\/politica-de-cookies\/#breadcrumb\"},\"inLanguage\":\"fr-FR\",\"potentialAction\":[{\"@type\":\"ReadAction\",\"target\":[\"https:\/\/sinorcell.com\/politica-de-cookies\/\"]}]},{\"@type\":\"BreadcrumbList\",\"@id\":\"https:\/\/sinorcell.com\/politica-de-cookies\/#breadcrumb\",\"itemListElement\":[{\"@type\":\"ListItem\",\"position\":1,\"name\":\"Portada\",\"item\":\"https:\/\/sinorcell.com\/pt-pt\/\"},{\"@type\":\"ListItem\",\"position\":2,\"name\":\"Politique de cookies\"}]},{\"@type\":\"WebSite\",\"@id\":\"https:\/\/sinorcell.com\/#website\",\"url\":\"https:\/\/sinorcell.com\/\",\"name\":\"Sinorcell\",\"description\":\"Especialistas en el corte de bobina de cart\u00f3n\",\"publisher\":{\"@id\":\"https:\/\/sinorcell.com\/#organization\"},\"potentialAction\":[{\"@type\":\"SearchAction\",\"target\":{\"@type\":\"EntryPoint\",\"urlTemplate\":\"https:\/\/sinorcell.com\/?s={search_term_string}\"},\"query-input\":{\"@type\":\"PropertyValueSpecification\",\"valueRequired\":true,\"valueName\":\"search_term_string\"}}],\"inLanguage\":\"fr-FR\"},{\"@type\":\"Organization\",\"@id\":\"https:\/\/sinorcell.com\/#organization\",\"name\":\"SINORCELL\",\"url\":\"https:\/\/sinorcell.com\/\",\"logo\":{\"@type\":\"ImageObject\",\"inLanguage\":\"fr-FR\",\"@id\":\"https:\/\/sinorcell.com\/#\/schema\/logo\/image\/\",\"url\":\"https:\/\/sinorcell.com\/www\/wp-content\/uploads\/2020\/11\/logo-sinorcell-svg.svg\",\"contentUrl\":\"https:\/\/sinorcell.com\/www\/wp-content\/uploads\/2020\/11\/logo-sinorcell-svg.svg\",\"width\":420,\"height\":77,\"caption\":\"SINORCELL\"},\"image\":{\"@id\":\"https:\/\/sinorcell.com\/#\/schema\/logo\/image\/\"}}]}<\/script>\n<!-- \/ Yoast SEO plugin. -->","yoast_head_json":{"title":"Politique de cookies - Sinorcell","robots":{"index":"index","follow":"follow","max-snippet":"max-snippet:-1","max-image-preview":"max-image-preview:large","max-video-preview":"max-video-preview:-1"},"canonical":"https:\/\/sinorcell.com\/politica-de-cookies\/","og_locale":"fr_FR","og_type":"article","og_title":"Politique de cookies - Sinorcell","og_description":"[vc_row][vc_column][vc_column_text] Politique de cookies Que sont les cookies? Un cookie est un fichier t\u00e9l\u00e9charg\u00e9 sur votre ordinateur lorsque vous acc\u00e9dez \u00e0 certaines pages Web. Les cookies permettent, entre autres, \u00e0 une page Web de stocker et de r\u00e9cup\u00e9rer des informations&hellip;","og_url":"https:\/\/sinorcell.com\/politica-de-cookies\/","og_site_name":"Sinorcell","article_modified_time":"2020-12-16T11:14:40+00:00","twitter_card":"summary_large_image","twitter_misc":{"Dur\u00e9e de lecture estim\u00e9e":"3 minutes"},"schema":{"@context":"https:\/\/schema.org","@graph":[{"@type":"WebPage","@id":"https:\/\/sinorcell.com\/politica-de-cookies\/","url":"https:\/\/sinorcell.com\/politica-de-cookies\/","name":"Politique de cookies - Sinorcell","isPartOf":{"@id":"https:\/\/sinorcell.com\/#website"},"datePublished":"2020-11-23T17:58:33+00:00","dateModified":"2020-12-16T11:14:40+00:00","breadcrumb":{"@id":"https:\/\/sinorcell.com\/politica-de-cookies\/#breadcrumb"},"inLanguage":"fr-FR","potentialAction":[{"@type":"ReadAction","target":["https:\/\/sinorcell.com\/politica-de-cookies\/"]}]},{"@type":"BreadcrumbList","@id":"https:\/\/sinorcell.com\/politica-de-cookies\/#breadcrumb","itemListElement":[{"@type":"ListItem","position":1,"name":"Portada","item":"https:\/\/sinorcell.com\/pt-pt\/"},{"@type":"ListItem","position":2,"name":"Politique de cookies"}]},{"@type":"WebSite","@id":"https:\/\/sinorcell.com\/#website","url":"https:\/\/sinorcell.com\/","name":"Sinorcell","description":"Especialistas en el corte de bobina de cart\u00f3n","publisher":{"@id":"https:\/\/sinorcell.com\/#organization"},"potentialAction":[{"@type":"SearchAction","target":{"@type":"EntryPoint","urlTemplate":"https:\/\/sinorcell.com\/?s={search_term_string}"},"query-input":{"@type":"PropertyValueSpecification","valueRequired":true,"valueName":"search_term_string"}}],"inLanguage":"fr-FR"},{"@type":"Organization","@id":"https:\/\/sinorcell.com\/#organization","name":"SINORCELL","url":"https:\/\/sinorcell.com\/","logo":{"@type":"ImageObject","inLanguage":"fr-FR","@id":"https:\/\/sinorcell.com\/#\/schema\/logo\/image\/","url":"https:\/\/sinorcell.com\/www\/wp-content\/uploads\/2020\/11\/logo-sinorcell-svg.svg","contentUrl":"https:\/\/sinorcell.com\/www\/wp-content\/uploads\/2020\/11\/logo-sinorcell-svg.svg","width":420,"height":77,"caption":"SINORCELL"},"image":{"@id":"https:\/\/sinorcell.com\/#\/schema\/logo\/image\/"}}]}},"_links":{"self":[{"href":"https:\/\/sinorcell.com\/fr\/wp-json\/wp\/v2\/pages\/993"}],"collection":[{"href":"https:\/\/sinorcell.com\/fr\/wp-json\/wp\/v2\/pages"}],"about":[{"href":"https:\/\/sinorcell.com\/fr\/wp-json\/wp\/v2\/types\/page"}],"author":[{"embeddable":true,"href":"https:\/\/sinorcell.com\/fr\/wp-json\/wp\/v2\/users\/2"}],"replies":[{"embeddable":true,"href":"https:\/\/sinorcell.com\/fr\/wp-json\/wp\/v2\/comments?post=993"}],"version-history":[{"count":4,"href":"https:\/\/sinorcell.com\/fr\/wp-json\/wp\/v2\/pages\/993\/revisions"}],"predecessor-version":[{"id":1010,"href":"https:\/\/sinorcell.com\/fr\/wp-json\/wp\/v2\/pages\/993\/revisions\/1010"}],"wp:attachment":[{"href":"https:\/\/sinorcell.com\/fr\/wp-json\/wp\/v2\/media?parent=993"}],"curies":[{"name":"wp","href":"https:\/\/api.w.org\/{rel}","templated":true}]}}