{"id":1020,"date":"2020-11-23T18:58:14","date_gmt":"2020-11-23T17:58:14","guid":{"rendered":"http:\/\/sinorcell.com\/www\/politica-de-privacidad\/"},"modified":"2020-12-16T12:34:51","modified_gmt":"2020-12-16T11:34:51","slug":"politica-de-privacidade","status":"publish","type":"page","link":"https:\/\/sinorcell.com\/pt-pt\/politica-de-privacidade\/","title":{"rendered":"POL\u00cdTICA DE PRIVACIDADE"},"content":{"rendered":"[vc_row][vc_column][vc_column_text]\n<h1><u>POL\u00cdTICA DE PRIVACIDADE<\/u><\/h1>\n<p>A SINORCELL garante o cumprimento das obriga\u00e7\u00f5es estabelecidas no regulamento de prote\u00e7\u00e3o de dados pessoais, e especificamente no Regulamento (UE) 2016\/679 do Parlamento Europeu e do Conselho, de 27 de abril de 2016, relativo \u00e0 prote\u00e7\u00e3o do pessoas singulares no que diz respeito ao tratamento de dados pessoais e \u00e0 livre circula\u00e7\u00e3o desses dados.<\/p>\n<p>O site n\u00e3o solicita dados pessoais dos usu\u00e1rios que o visitam, exceto os dados fornecidos por meio do e-mail de contato ou pelo preenchimento do formul\u00e1rio correspondente, ou pela aceita\u00e7\u00e3o da pol\u00edtica de cookies do site.<\/p>\n<p>O usu\u00e1rio \u00e9 obrigado a fornecer informa\u00e7\u00f5es verdadeiras, precisas e completas sobre sua identidade. O utilizador responder\u00e1, em qualquer caso, pela veracidade dos dados fornecidos, SINORCELL SLU reserva-se o direito de excluir dos servi\u00e7os prestados qualquer utilizador que tenha fornecido dados falsos, sem preju\u00edzo das demais ac\u00e7\u00f5es judiciais que venham a ser exercidas.<\/p>\n<h3>RESPONS\u00c1VEL PELO TRATAMENTO<\/h3>\n<p><strong>SINORCELL SLU,<\/strong><br \/>\nCIF: B20605572<br \/>\nAuzolan 2, 2\u00aa planta<br \/>\n20303 Ir\u00fan (Gipuzkoa)<br \/>\nTel\u00e9fono: 943 66 62 83<br \/>\nEmail:\u00a0<a href=\"mailto:administracion@sinorcell.com\">administracion@sinorcell.com<\/a><\/p>\n<h3>OBJETIVO DO TRATAMENTO<\/h3>\n<p>Os dados fornecidos por email ou atrav\u00e9s do preenchimento do formul\u00e1rio correspondente ser\u00e3o tratados pela SINORCELL como a controladora dos dados para responder \u00e0s solicita\u00e7\u00f5es dos utilizadores.<\/p>\n<p>Caso o usu\u00e1rio aceite marcando a caixa correspondente, ser\u00e3o enviadas comunica\u00e7\u00f5es comerciais sobre os produtos e \/ ou servi\u00e7os da SINORCELL.<\/p>\n<p>Posteriormente, caso o usu\u00e1rio n\u00e3o deseje continuar recebendo comunica\u00e7\u00f5es comerciais enviadas pela SINORCELL, poder\u00e1 clicar no link &#8220;Cancelar inscri\u00e7\u00e3o&#8221; em qualquer comunica\u00e7\u00e3o comercial eletr\u00f4nica.<\/p>\n<p><strong>Por quanto tempo vamos manter seus dados?<\/strong><\/p>\n<p>Os dados pessoais fornecidos ser\u00e3o conservados enquanto a rela\u00e7\u00e3o contratual se mantiver pelos prazos legalmente estabelecidos, sem preju\u00edzo do pedido de elimina\u00e7\u00e3o pelo interessado. Na data de t\u00e9rmino do contrato, os dados ser\u00e3o bloqueados de forma a impedir o seu tratamento, salvo para serem colocados \u00e0 disposi\u00e7\u00e3o das Administra\u00e7\u00f5es P\u00fablicas e Tribunais, para aten\u00e7\u00e3o de eventuais responsabilidades decorrentes do tratamento e apenas durante o prazo de prescri\u00e7\u00e3o das referidas responsabilidades .LEGITIMA\u00c7\u00c3O DO TRATAMENTO<\/p>\n<p>A base legal para o tratamento dos seus dados \u00e9 o consentimento do utilizador em aceitar estas condi\u00e7\u00f5es.<\/p>\n<h3>DESTINAT\u00c1RIOS DE CESS\u00d5ES OU TRANSFER\u00caNCIAS<\/h3>\n<p>O SINORCELL expressamente informa e garante aos usu\u00e1rios que seus dados pessoais n\u00e3o ser\u00e3o transferidos em nenhum caso a terceiros, e que sempre que algum tipo de transfer\u00eancia de dados pessoais deva ser feita, ser\u00e1 solicitado consentimento pr\u00e9vio, expresso e informado, e inequ\u00edvoca pelos usu\u00e1rios.<\/p>\n<p>Da mesma forma, a SINORCELL celebrou contratos com diversos prestadores, que tratam os dados por conta da SINORCELL, caso a sua interven\u00e7\u00e3o seja necess\u00e1ria na presta\u00e7\u00e3o de um servi\u00e7o.<\/p>\n<h3>DIREITOS DAS PESSOAS INTERESSADAS<\/h3>\n<p>Qualquer pessoa tem o direito de obter confirma\u00e7\u00e3o se o SINORCELL trata ou n\u00e3o os dados pessoais que lhe dizem respeito.<\/p>\n<p>As pessoas interessadas t\u00eam o direito de acesso aos seus dados pessoais, bem como de solicitar a retifica\u00e7\u00e3o de dados inexatos ou, se for caso disso, solicitar a sua elimina\u00e7\u00e3o quando, entre outros motivos, os dados j\u00e1 n\u00e3o sejam necess\u00e1rios para os fins para que foram recolhidos. .<\/p>\n<p>Em determinadas circunst\u00e2ncias, os interessados \u200b\u200bpodem solicitar a limita\u00e7\u00e3o do tratamento dos seus dados, caso em que apenas os guardaremos para o exerc\u00edcio ou defesa de reclama\u00e7\u00f5es.<\/p>\n<p>Em certas circunst\u00e2ncias e por raz\u00f5es relacionadas com a sua situa\u00e7\u00e3o particular, as partes interessadas podem opor-se ao tratamento dos seus dados. A SINORCELL interromper\u00e1 o processamento dos dados, exceto por motivos leg\u00edtimos imperiosos ou para o exerc\u00edcio ou defesa de poss\u00edveis reivindica\u00e7\u00f5es.<\/p>\n<p>O utilizador ter\u00e1 direito \u00e0 portabilidade, ou seja, a que os dados pessoais que forneceu sejam transmitidos directamente a outro respons\u00e1vel em formato estruturado, para uso comum e leitura mec\u00e2nica, quando tecnicamente poss\u00edvel.<\/p>\n<p>O titular dos dados, ou o seu representante legal, comprovando a sua identidade, pode exercer os referidos direitos enviando um email para o endere\u00e7o eletr\u00f3nico administracion@sinorcell.com ou por correio para: Auzolan 2, 2\u00aa planta 20303 Ir\u00fan Gipuzkoa)<\/p>\n<p>Voc\u00ea pode obter informa\u00e7\u00f5es adicionais sobre seus direitos com a Ag\u00eancia Espanhola de Prote\u00e7\u00e3o de Dados em http:\/\/www.agpd.es ou com a autoridade correspondente do pa\u00eds onde voc\u00ea est\u00e1 localizado. Quando o titular dos direitos n\u00e3o tenha obtido satisfa\u00e7\u00e3o no exerc\u00edcio dos mesmos, pode solicitar a assist\u00eancia da Ag\u00eancia Espanhola de Protec\u00e7\u00e3o de Dados (ou da autoridade correspondente) para que o exerc\u00edcio dos seus direitos seja eficaz, mediante apresenta\u00e7\u00e3o uma reivindica\u00e7\u00e3o de prote\u00e7\u00e3o de direitos (http:\/\/www.agpd.es)<\/p>\n<p>O SINORCELL garante ao utilizador em qualquer caso o exerc\u00edcio dos direitos previstos na regulamenta\u00e7\u00e3o nos termos previstos na legisla\u00e7\u00e3o em vigor.<\/p>\n<p><strong>ENDERE\u00c7OS IP<\/strong><\/p>\n<p>Os servidores do site ser\u00e3o capazes de detectar automaticamente o endere\u00e7o IP e o nome de dom\u00ednio usados \u200b\u200bpelo usu\u00e1rio. Um endere\u00e7o IP \u00e9 um n\u00famero atribu\u00eddo automaticamente a um computador quando ele se conecta \u00e0 Internet. Toda esta informa\u00e7\u00e3o \u00e9 registada num ficheiro de actividade do servidor devidamente registado que permite o posterior tratamento dos dados de forma a obter apenas medi\u00e7\u00f5es estat\u00edsticas que permitem conhecer o n\u00famero de impress\u00f5es de p\u00e1ginas, o n\u00famero de visitas efectuadas a servi\u00e7os web, a ordem das visitas, o ponto de acesso, etc.[\/vc_column_text][\/vc_column][\/vc_row]\n","protected":false},"excerpt":{"rendered":"<p>[vc_row][vc_column][vc_column_text] POL\u00cdTICA DE PRIVACIDADE A SINORCELL garante o cumprimento das obriga\u00e7\u00f5es estabelecidas no regulamento de prote\u00e7\u00e3o de dados pessoais, e especificamente no Regulamento (UE) 2016\/679 do Parlamento Europeu e do Conselho, de 27 de abril de 2016, relativo \u00e0 prote\u00e7\u00e3o&hellip;<\/p>\n","protected":false},"author":2,"featured_media":0,"parent":0,"menu_order":0,"comment_status":"closed","ping_status":"closed","template":"","meta":{"inline_featured_image":false,"footnotes":""},"class_list":["post-1020","page","type-page","status-publish","hentry","entry","no-media"],"yoast_head":"<!-- This site is optimized with the Yoast SEO plugin v25.2 - https:\/\/yoast.com\/wordpress\/plugins\/seo\/ -->\n<title>POL\u00cdTICA DE PRIVACIDADE - Sinorcell<\/title>\n<meta name=\"robots\" content=\"index, follow, max-snippet:-1, max-image-preview:large, max-video-preview:-1\" \/>\n<link rel=\"canonical\" href=\"https:\/\/sinorcell.com\/politica-de-privacidad\/\" \/>\n<meta property=\"og:locale\" content=\"pt_PT\" \/>\n<meta property=\"og:type\" content=\"article\" \/>\n<meta property=\"og:title\" content=\"POL\u00cdTICA DE PRIVACIDADE - Sinorcell\" \/>\n<meta property=\"og:description\" content=\"[vc_row][vc_column][vc_column_text] POL\u00cdTICA DE PRIVACIDADE A SINORCELL garante o cumprimento das obriga\u00e7\u00f5es estabelecidas no regulamento de prote\u00e7\u00e3o de dados pessoais, e especificamente no Regulamento (UE) 2016\/679 do Parlamento Europeu e do Conselho, de 27 de abril de 2016, relativo \u00e0 prote\u00e7\u00e3o&hellip;\" \/>\n<meta property=\"og:url\" content=\"https:\/\/sinorcell.com\/politica-de-privacidad\/\" \/>\n<meta property=\"og:site_name\" content=\"Sinorcell\" \/>\n<meta property=\"article:modified_time\" content=\"2020-12-16T11:34:51+00:00\" \/>\n<meta name=\"twitter:card\" content=\"summary_large_image\" \/>\n<meta name=\"twitter:label1\" content=\"Tempo estimado de leitura\" \/>\n\t<meta name=\"twitter:data1\" content=\"5 minutos\" \/>\n<script type=\"application\/ld+json\" class=\"yoast-schema-graph\">{\"@context\":\"https:\/\/schema.org\",\"@graph\":[{\"@type\":\"WebPage\",\"@id\":\"https:\/\/sinorcell.com\/politica-de-privacidad\/\",\"url\":\"https:\/\/sinorcell.com\/politica-de-privacidad\/\",\"name\":\"POL\u00cdTICA DE PRIVACIDADE - Sinorcell\",\"isPartOf\":{\"@id\":\"https:\/\/sinorcell.com\/#website\"},\"datePublished\":\"2020-11-23T17:58:14+00:00\",\"dateModified\":\"2020-12-16T11:34:51+00:00\",\"breadcrumb\":{\"@id\":\"https:\/\/sinorcell.com\/politica-de-privacidad\/#breadcrumb\"},\"inLanguage\":\"pt-PT\",\"potentialAction\":[{\"@type\":\"ReadAction\",\"target\":[\"https:\/\/sinorcell.com\/politica-de-privacidad\/\"]}]},{\"@type\":\"BreadcrumbList\",\"@id\":\"https:\/\/sinorcell.com\/politica-de-privacidad\/#breadcrumb\",\"itemListElement\":[{\"@type\":\"ListItem\",\"position\":1,\"name\":\"Portada\",\"item\":\"https:\/\/sinorcell.com\/pt-pt\/\"},{\"@type\":\"ListItem\",\"position\":2,\"name\":\"POL\u00cdTICA DE PRIVACIDADE\"}]},{\"@type\":\"WebSite\",\"@id\":\"https:\/\/sinorcell.com\/#website\",\"url\":\"https:\/\/sinorcell.com\/\",\"name\":\"Sinorcell\",\"description\":\"Especialistas en el corte de bobina de cart\u00f3n\",\"publisher\":{\"@id\":\"https:\/\/sinorcell.com\/#organization\"},\"potentialAction\":[{\"@type\":\"SearchAction\",\"target\":{\"@type\":\"EntryPoint\",\"urlTemplate\":\"https:\/\/sinorcell.com\/?s={search_term_string}\"},\"query-input\":{\"@type\":\"PropertyValueSpecification\",\"valueRequired\":true,\"valueName\":\"search_term_string\"}}],\"inLanguage\":\"pt-PT\"},{\"@type\":\"Organization\",\"@id\":\"https:\/\/sinorcell.com\/#organization\",\"name\":\"SINORCELL\",\"url\":\"https:\/\/sinorcell.com\/\",\"logo\":{\"@type\":\"ImageObject\",\"inLanguage\":\"pt-PT\",\"@id\":\"https:\/\/sinorcell.com\/#\/schema\/logo\/image\/\",\"url\":\"https:\/\/sinorcell.com\/www\/wp-content\/uploads\/2020\/11\/logo-sinorcell-svg.svg\",\"contentUrl\":\"https:\/\/sinorcell.com\/www\/wp-content\/uploads\/2020\/11\/logo-sinorcell-svg.svg\",\"width\":420,\"height\":77,\"caption\":\"SINORCELL\"},\"image\":{\"@id\":\"https:\/\/sinorcell.com\/#\/schema\/logo\/image\/\"}}]}<\/script>\n<!-- \/ Yoast SEO plugin. -->","yoast_head_json":{"title":"POL\u00cdTICA DE PRIVACIDADE - Sinorcell","robots":{"index":"index","follow":"follow","max-snippet":"max-snippet:-1","max-image-preview":"max-image-preview:large","max-video-preview":"max-video-preview:-1"},"canonical":"https:\/\/sinorcell.com\/politica-de-privacidad\/","og_locale":"pt_PT","og_type":"article","og_title":"POL\u00cdTICA DE PRIVACIDADE - Sinorcell","og_description":"[vc_row][vc_column][vc_column_text] POL\u00cdTICA DE PRIVACIDADE A SINORCELL garante o cumprimento das obriga\u00e7\u00f5es estabelecidas no regulamento de prote\u00e7\u00e3o de dados pessoais, e especificamente no Regulamento (UE) 2016\/679 do Parlamento Europeu e do Conselho, de 27 de abril de 2016, relativo \u00e0 prote\u00e7\u00e3o&hellip;","og_url":"https:\/\/sinorcell.com\/politica-de-privacidad\/","og_site_name":"Sinorcell","article_modified_time":"2020-12-16T11:34:51+00:00","twitter_card":"summary_large_image","twitter_misc":{"Tempo estimado de leitura":"5 minutos"},"schema":{"@context":"https:\/\/schema.org","@graph":[{"@type":"WebPage","@id":"https:\/\/sinorcell.com\/politica-de-privacidad\/","url":"https:\/\/sinorcell.com\/politica-de-privacidad\/","name":"POL\u00cdTICA DE PRIVACIDADE - Sinorcell","isPartOf":{"@id":"https:\/\/sinorcell.com\/#website"},"datePublished":"2020-11-23T17:58:14+00:00","dateModified":"2020-12-16T11:34:51+00:00","breadcrumb":{"@id":"https:\/\/sinorcell.com\/politica-de-privacidad\/#breadcrumb"},"inLanguage":"pt-PT","potentialAction":[{"@type":"ReadAction","target":["https:\/\/sinorcell.com\/politica-de-privacidad\/"]}]},{"@type":"BreadcrumbList","@id":"https:\/\/sinorcell.com\/politica-de-privacidad\/#breadcrumb","itemListElement":[{"@type":"ListItem","position":1,"name":"Portada","item":"https:\/\/sinorcell.com\/pt-pt\/"},{"@type":"ListItem","position":2,"name":"POL\u00cdTICA DE PRIVACIDADE"}]},{"@type":"WebSite","@id":"https:\/\/sinorcell.com\/#website","url":"https:\/\/sinorcell.com\/","name":"Sinorcell","description":"Especialistas en el corte de bobina de cart\u00f3n","publisher":{"@id":"https:\/\/sinorcell.com\/#organization"},"potentialAction":[{"@type":"SearchAction","target":{"@type":"EntryPoint","urlTemplate":"https:\/\/sinorcell.com\/?s={search_term_string}"},"query-input":{"@type":"PropertyValueSpecification","valueRequired":true,"valueName":"search_term_string"}}],"inLanguage":"pt-PT"},{"@type":"Organization","@id":"https:\/\/sinorcell.com\/#organization","name":"SINORCELL","url":"https:\/\/sinorcell.com\/","logo":{"@type":"ImageObject","inLanguage":"pt-PT","@id":"https:\/\/sinorcell.com\/#\/schema\/logo\/image\/","url":"https:\/\/sinorcell.com\/www\/wp-content\/uploads\/2020\/11\/logo-sinorcell-svg.svg","contentUrl":"https:\/\/sinorcell.com\/www\/wp-content\/uploads\/2020\/11\/logo-sinorcell-svg.svg","width":420,"height":77,"caption":"SINORCELL"},"image":{"@id":"https:\/\/sinorcell.com\/#\/schema\/logo\/image\/"}}]}},"_links":{"self":[{"href":"https:\/\/sinorcell.com\/pt-pt\/wp-json\/wp\/v2\/pages\/1020"}],"collection":[{"href":"https:\/\/sinorcell.com\/pt-pt\/wp-json\/wp\/v2\/pages"}],"about":[{"href":"https:\/\/sinorcell.com\/pt-pt\/wp-json\/wp\/v2\/types\/page"}],"author":[{"embeddable":true,"href":"https:\/\/sinorcell.com\/pt-pt\/wp-json\/wp\/v2\/users\/2"}],"replies":[{"embeddable":true,"href":"https:\/\/sinorcell.com\/pt-pt\/wp-json\/wp\/v2\/comments?post=1020"}],"version-history":[{"count":3,"href":"https:\/\/sinorcell.com\/pt-pt\/wp-json\/wp\/v2\/pages\/1020\/revisions"}],"predecessor-version":[{"id":1026,"href":"https:\/\/sinorcell.com\/pt-pt\/wp-json\/wp\/v2\/pages\/1020\/revisions\/1026"}],"wp:attachment":[{"href":"https:\/\/sinorcell.com\/pt-pt\/wp-json\/wp\/v2\/media?parent=1020"}],"curies":[{"name":"wp","href":"https:\/\/api.w.org\/{rel}","templated":true}]}}