{"id":878,"date":"2020-12-16T09:59:24","date_gmt":"2020-12-16T08:59:24","guid":{"rendered":"http:\/\/sinorcell.com\/www\/processos-e-servicos\/"},"modified":"2025-04-29T06:30:07","modified_gmt":"2025-04-29T04:30:07","slug":"processos-e-servicos","status":"publish","type":"page","link":"https:\/\/sinorcell.com\/pt-pt\/processos-e-servicos\/","title":{"rendered":"PROCESSOS E SERVI\u00c7OS"},"content":{"rendered":"[vc_row full_width=&#8221;stretch_row&#8221; content_placement=&#8221;middle&#8221; css=&#8221;.vc_custom_1606755300562{background-image: url(http:\/\/sinorcell.com\/www\/wp-content\/uploads\/2020\/11\/banner-sinorcell-procesos-servicios.jpg?id=396) !important;background-position: center !important;background-repeat: no-repeat !important;background-size: cover !important;}&#8221;][vc_column][vc_empty_space height=&#8221;62px&#8221;][vc_column_text]\n<h4 style=\"text-align: center; font-size: 30px;\"><span class=\"white-text\">PROCESSOS E SERVI\u00c7OS<br \/>\n<\/span><\/h4>\n[\/vc_column_text][vc_empty_space height=&#8221;62px&#8221;][\/vc_column][\/vc_row][vc_row][vc_column][vc_empty_space][vc_column_text]\n<h1 style=\"text-align: center; margin-bottom: 0px;\">ESPECIALISTAS EM CORTE DE BOBINA PARA FORMATO<\/h1>\n<p style=\"text-align: center;\"><span style=\"margin-top: -21px;\"><strong>SERVI\u00c7O PROFISSIONAL PARA INDUSTRIAIS DO CART\u00c3O<\/strong><\/span><\/p>\n<p style=\"text-align: center;\">Na Sinorcell podemos garantir aos nossos clientes um servi\u00e7o industrial de qualidade. Com base nos profissionais que trabalham na nossa unidade de produ\u00e7\u00e3o, com uma experi\u00eancia ampla, renovada e atualizada em qualquer momento.<br \/>\nEvidentemente, apoiando-nos no nosso parque de maquinaria de \u00faltima gera\u00e7\u00e3o e tudo isto gerido por uma equipa de administra\u00e7\u00e3o comercial e de planifica\u00e7\u00e3o totalmente adequada e em contacto direto com os nossos clientes em qualquer momento. A sincroniza\u00e7\u00e3o perfeita destes elementos \u00e9 o que nos permite reduzir o timming nas entregas, e ainda assim, continuar a oferecer um servi\u00e7o de grande qualidade, efic\u00e1cia e seguran\u00e7a para os nossos clientes.<\/p>\n[\/vc_column_text][vc_empty_space height=&#8221;20px&#8221;][\/vc_column][\/vc_row][vc_row][vc_column][vc_empty_space height=&#8221;20px&#8221;][vc_text_separator title=&#8221;PROCESSOS&#8221;][vc_empty_space][vc_row_inner][vc_column_inner width=&#8221;1\/5&#8243;][vc_single_image image=&#8221;535&#8243; alignment=&#8221;center&#8221; img_hover=&#8221;opacity&#8221;][vc_column_text]\n<h6 style=\"text-align: center;\">CERTIFICADOS POL\u00cdTICA DE QUALIDADE<\/h6>\n[\/vc_column_text][\/vc_column_inner][vc_column_inner width=&#8221;1\/5&#8243;][vc_single_image image=&#8221;555&#8243; alignment=&#8221;center&#8221; img_hover=&#8221;opacity&#8221;][vc_column_text]\n<h6 style=\"text-align: center;\">IND\u00daSTRIA PRODU\u00c7\u00c3O BOBINAS<\/h6>\n[\/vc_column_text][\/vc_column_inner][vc_column_inner width=&#8221;1\/5&#8243;][vc_single_image image=&#8221;551&#8243; alignment=&#8221;center&#8221; img_hover=&#8221;opacity&#8221;][vc_column_text]\n<h6 style=\"text-align: center;\">SINORCELL CORTE PARA FORMATO<\/h6>\n[\/vc_column_text][\/vc_column_inner][vc_column_inner width=&#8221;1\/5&#8243;][vc_single_image image=&#8221;547&#8243; alignment=&#8221;center&#8221; img_hover=&#8221;opacity&#8221;][vc_column_text]\n<h6 style=\"text-align: center;\">DISTRIBUI\u00c7\u00c3O PALETES \u00c0 MEDIDA<\/h6>\n[\/vc_column_text][\/vc_column_inner][vc_column_inner width=&#8221;1\/5&#8243;][vc_single_image image=&#8221;543&#8243; alignment=&#8221;center&#8221; img_hover=&#8221;opacity&#8221;][vc_column_text]\n<h6 style=\"text-align: center;\">IND\u00daSTRIA GR\u00c1FICA<\/h6>\n[\/vc_column_text][\/vc_column_inner][\/vc_row_inner][vc_empty_space height=&#8221;10px&#8221;][\/vc_column][\/vc_row][vc_row full_width=&#8221;stretch_row&#8221; css=&#8221;.vc_custom_1605714977729{background-color: #333333 !important;background-position: center !important;background-repeat: no-repeat !important;background-size: cover !important;}&#8221;][vc_column][vc_empty_space][vc_column_text]\n<p style=\"margin-bottom: 0px; text-align: center;\"><span style=\"color: #fff; font-size: 30px; font-weight: 200;\">Conhe\u00e7a os nossos produtos e descarregue as fichas de produto<\/span><\/p>\n[\/vc_column_text][vc_empty_space height=&#8221;10px&#8221;]<div class=\"textcenter theme-button-wrap wpex-clr\"><a href=\"\/pt-pt\/produtos\/\" class=\"vcex-button theme-button align-center inline\"><span class=\"theme-button-inner\">PRODUTOS<\/span><\/a><\/div> [\/vc_column][\/vc_row][vc_row full_width=&#8221;stretch_row&#8221; css=&#8221;.vc_custom_1605714465618{background-color: #e1e1dd !important;background-position: center !important;background-repeat: no-repeat !important;background-size: cover !important;}&#8221;][vc_column][vc_empty_space][vc_column_text]\n<h4 style=\"margin-bottom: 0px; text-align: center;\">\u00c1REA COMERCIAL<\/h4>\n<p style=\"text-align: center;\">Estamos presentes em toda a geografia espanhola e tamb\u00e9m em Fran\u00e7a e Portugal.<br \/>\nA nossa equipa comercial est\u00e1 \u00e0 disposi\u00e7\u00e3o dos nossos clientes para lhes oferecer o melhor servi\u00e7o.<br \/>\n<span style=\"color: #333333; font-size: 14px;\"><strong>ZONA CATALUNHA | ZONA LEVANTE | ZONA MADRID | ZONA FRAN\u00c7A | ZONA PORTUGAL<\/strong><br \/>\n<\/span><\/p>\n[\/vc_column_text][vc_empty_space height=&#8221;10px&#8221;]<div class=\"textcenter theme-button-wrap wpex-clr\"><a href=\"\/pt-pt\/zona-comercial\/\" class=\"vcex-button theme-button align-center inline\"><span class=\"theme-button-inner\">CONTACTO<\/span><\/a><\/div> [vc_empty_space][\/vc_column][\/vc_row]\n","protected":false},"excerpt":{"rendered":"<p>[vc_row full_width=&#8221;stretch_row&#8221; content_placement=&#8221;middle&#8221; css=&#8221;.vc_custom_1606755300562{background-image: url(http:\/\/sinorcell.com\/www\/wp-content\/uploads\/2020\/11\/banner-sinorcell-procesos-servicios.jpg?id=396) !important;background-position: center !important;background-repeat: no-repeat !important;background-size: cover !important;}&#8221;][vc_column][vc_empty_space height=&#8221;62px&#8221;][vc_column_text] PROCESSOS E SERVI\u00c7OS [\/vc_column_text][vc_empty_space height=&#8221;62px&#8221;][\/vc_column][\/vc_row][vc_row][vc_column][vc_empty_space][vc_column_text] ESPECIALISTAS EM CORTE DE BOBINA PARA FORMATO SERVI\u00c7O PROFISSIONAL PARA INDUSTRIAIS DO CART\u00c3O Na Sinorcell podemos garantir aos nossos clientes um servi\u00e7o&hellip;<\/p>\n","protected":false},"author":2,"featured_media":0,"parent":0,"menu_order":0,"comment_status":"closed","ping_status":"closed","template":"","meta":{"inline_featured_image":false,"footnotes":""},"class_list":["post-878","page","type-page","status-publish","hentry","entry","no-media"],"yoast_head":"<!-- This site is optimized with the Yoast SEO plugin v25.2 - https:\/\/yoast.com\/wordpress\/plugins\/seo\/ -->\n<title>PROCESSOS E SERVI\u00c7OS - Sinorcell<\/title>\n<meta name=\"robots\" content=\"index, follow, max-snippet:-1, max-image-preview:large, max-video-preview:-1\" \/>\n<link rel=\"canonical\" href=\"https:\/\/sinorcell.com\/pt-pt\/processos-e-servicos\/\" \/>\n<meta property=\"og:locale\" content=\"pt_PT\" \/>\n<meta property=\"og:type\" content=\"article\" \/>\n<meta property=\"og:title\" content=\"PROCESSOS E SERVI\u00c7OS - Sinorcell\" \/>\n<meta property=\"og:description\" content=\"[vc_row full_width=&#8221;stretch_row&#8221; content_placement=&#8221;middle&#8221; css=&#8221;.vc_custom_1606755300562{background-image: url(http:\/\/sinorcell.com\/www\/wp-content\/uploads\/2020\/11\/banner-sinorcell-procesos-servicios.jpg?id=396) !important;background-position: center !important;background-repeat: no-repeat !important;background-size: cover !important;}&#8221;][vc_column][vc_empty_space height=&#8221;62px&#8221;][vc_column_text] PROCESSOS E SERVI\u00c7OS [\/vc_column_text][vc_empty_space height=&#8221;62px&#8221;][\/vc_column][\/vc_row][vc_row][vc_column][vc_empty_space][vc_column_text] ESPECIALISTAS EM CORTE DE BOBINA PARA FORMATO SERVI\u00c7O PROFISSIONAL PARA INDUSTRIAIS DO CART\u00c3O Na Sinorcell podemos garantir aos nossos clientes um servi\u00e7o&hellip;\" \/>\n<meta property=\"og:url\" content=\"https:\/\/sinorcell.com\/pt-pt\/processos-e-servicos\/\" \/>\n<meta property=\"og:site_name\" content=\"Sinorcell\" \/>\n<meta property=\"article:modified_time\" content=\"2025-04-29T04:30:07+00:00\" \/>\n<meta name=\"twitter:card\" content=\"summary_large_image\" \/>\n<meta name=\"twitter:label1\" content=\"Tempo estimado de leitura\" \/>\n\t<meta name=\"twitter:data1\" content=\"2 minutos\" \/>\n<script type=\"application\/ld+json\" class=\"yoast-schema-graph\">{\"@context\":\"https:\/\/schema.org\",\"@graph\":[{\"@type\":\"WebPage\",\"@id\":\"https:\/\/sinorcell.com\/pt-pt\/processos-e-servicos\/\",\"url\":\"https:\/\/sinorcell.com\/pt-pt\/processos-e-servicos\/\",\"name\":\"PROCESSOS E SERVI\u00c7OS - Sinorcell\",\"isPartOf\":{\"@id\":\"https:\/\/sinorcell.com\/#website\"},\"datePublished\":\"2020-12-16T08:59:24+00:00\",\"dateModified\":\"2025-04-29T04:30:07+00:00\",\"breadcrumb\":{\"@id\":\"https:\/\/sinorcell.com\/pt-pt\/processos-e-servicos\/#breadcrumb\"},\"inLanguage\":\"pt-PT\",\"potentialAction\":[{\"@type\":\"ReadAction\",\"target\":[\"https:\/\/sinorcell.com\/pt-pt\/processos-e-servicos\/\"]}]},{\"@type\":\"BreadcrumbList\",\"@id\":\"https:\/\/sinorcell.com\/pt-pt\/processos-e-servicos\/#breadcrumb\",\"itemListElement\":[{\"@type\":\"ListItem\",\"position\":1,\"name\":\"Portada\",\"item\":\"https:\/\/sinorcell.com\/pt-pt\/\"},{\"@type\":\"ListItem\",\"position\":2,\"name\":\"PROCESSOS E SERVI\u00c7OS\"}]},{\"@type\":\"WebSite\",\"@id\":\"https:\/\/sinorcell.com\/#website\",\"url\":\"https:\/\/sinorcell.com\/\",\"name\":\"Sinorcell\",\"description\":\"Especialistas en el corte de bobina de cart\u00f3n\",\"publisher\":{\"@id\":\"https:\/\/sinorcell.com\/#organization\"},\"potentialAction\":[{\"@type\":\"SearchAction\",\"target\":{\"@type\":\"EntryPoint\",\"urlTemplate\":\"https:\/\/sinorcell.com\/?s={search_term_string}\"},\"query-input\":{\"@type\":\"PropertyValueSpecification\",\"valueRequired\":true,\"valueName\":\"search_term_string\"}}],\"inLanguage\":\"pt-PT\"},{\"@type\":\"Organization\",\"@id\":\"https:\/\/sinorcell.com\/#organization\",\"name\":\"SINORCELL\",\"url\":\"https:\/\/sinorcell.com\/\",\"logo\":{\"@type\":\"ImageObject\",\"inLanguage\":\"pt-PT\",\"@id\":\"https:\/\/sinorcell.com\/#\/schema\/logo\/image\/\",\"url\":\"https:\/\/sinorcell.com\/www\/wp-content\/uploads\/2020\/11\/logo-sinorcell-svg.svg\",\"contentUrl\":\"https:\/\/sinorcell.com\/www\/wp-content\/uploads\/2020\/11\/logo-sinorcell-svg.svg\",\"width\":420,\"height\":77,\"caption\":\"SINORCELL\"},\"image\":{\"@id\":\"https:\/\/sinorcell.com\/#\/schema\/logo\/image\/\"}}]}<\/script>\n<!-- \/ Yoast SEO plugin. -->","yoast_head_json":{"title":"PROCESSOS E SERVI\u00c7OS - Sinorcell","robots":{"index":"index","follow":"follow","max-snippet":"max-snippet:-1","max-image-preview":"max-image-preview:large","max-video-preview":"max-video-preview:-1"},"canonical":"https:\/\/sinorcell.com\/pt-pt\/processos-e-servicos\/","og_locale":"pt_PT","og_type":"article","og_title":"PROCESSOS E SERVI\u00c7OS - Sinorcell","og_description":"[vc_row full_width=&#8221;stretch_row&#8221; content_placement=&#8221;middle&#8221; css=&#8221;.vc_custom_1606755300562{background-image: url(http:\/\/sinorcell.com\/www\/wp-content\/uploads\/2020\/11\/banner-sinorcell-procesos-servicios.jpg?id=396) !important;background-position: center !important;background-repeat: no-repeat !important;background-size: cover !important;}&#8221;][vc_column][vc_empty_space height=&#8221;62px&#8221;][vc_column_text] PROCESSOS E SERVI\u00c7OS [\/vc_column_text][vc_empty_space height=&#8221;62px&#8221;][\/vc_column][\/vc_row][vc_row][vc_column][vc_empty_space][vc_column_text] ESPECIALISTAS EM CORTE DE BOBINA PARA FORMATO SERVI\u00c7O PROFISSIONAL PARA INDUSTRIAIS DO CART\u00c3O Na Sinorcell podemos garantir aos nossos clientes um servi\u00e7o&hellip;","og_url":"https:\/\/sinorcell.com\/pt-pt\/processos-e-servicos\/","og_site_name":"Sinorcell","article_modified_time":"2025-04-29T04:30:07+00:00","twitter_card":"summary_large_image","twitter_misc":{"Tempo estimado de leitura":"2 minutos"},"schema":{"@context":"https:\/\/schema.org","@graph":[{"@type":"WebPage","@id":"https:\/\/sinorcell.com\/pt-pt\/processos-e-servicos\/","url":"https:\/\/sinorcell.com\/pt-pt\/processos-e-servicos\/","name":"PROCESSOS E SERVI\u00c7OS - Sinorcell","isPartOf":{"@id":"https:\/\/sinorcell.com\/#website"},"datePublished":"2020-12-16T08:59:24+00:00","dateModified":"2025-04-29T04:30:07+00:00","breadcrumb":{"@id":"https:\/\/sinorcell.com\/pt-pt\/processos-e-servicos\/#breadcrumb"},"inLanguage":"pt-PT","potentialAction":[{"@type":"ReadAction","target":["https:\/\/sinorcell.com\/pt-pt\/processos-e-servicos\/"]}]},{"@type":"BreadcrumbList","@id":"https:\/\/sinorcell.com\/pt-pt\/processos-e-servicos\/#breadcrumb","itemListElement":[{"@type":"ListItem","position":1,"name":"Portada","item":"https:\/\/sinorcell.com\/pt-pt\/"},{"@type":"ListItem","position":2,"name":"PROCESSOS E SERVI\u00c7OS"}]},{"@type":"WebSite","@id":"https:\/\/sinorcell.com\/#website","url":"https:\/\/sinorcell.com\/","name":"Sinorcell","description":"Especialistas en el corte de bobina de cart\u00f3n","publisher":{"@id":"https:\/\/sinorcell.com\/#organization"},"potentialAction":[{"@type":"SearchAction","target":{"@type":"EntryPoint","urlTemplate":"https:\/\/sinorcell.com\/?s={search_term_string}"},"query-input":{"@type":"PropertyValueSpecification","valueRequired":true,"valueName":"search_term_string"}}],"inLanguage":"pt-PT"},{"@type":"Organization","@id":"https:\/\/sinorcell.com\/#organization","name":"SINORCELL","url":"https:\/\/sinorcell.com\/","logo":{"@type":"ImageObject","inLanguage":"pt-PT","@id":"https:\/\/sinorcell.com\/#\/schema\/logo\/image\/","url":"https:\/\/sinorcell.com\/www\/wp-content\/uploads\/2020\/11\/logo-sinorcell-svg.svg","contentUrl":"https:\/\/sinorcell.com\/www\/wp-content\/uploads\/2020\/11\/logo-sinorcell-svg.svg","width":420,"height":77,"caption":"SINORCELL"},"image":{"@id":"https:\/\/sinorcell.com\/#\/schema\/logo\/image\/"}}]}},"_links":{"self":[{"href":"https:\/\/sinorcell.com\/pt-pt\/wp-json\/wp\/v2\/pages\/878"}],"collection":[{"href":"https:\/\/sinorcell.com\/pt-pt\/wp-json\/wp\/v2\/pages"}],"about":[{"href":"https:\/\/sinorcell.com\/pt-pt\/wp-json\/wp\/v2\/types\/page"}],"author":[{"embeddable":true,"href":"https:\/\/sinorcell.com\/pt-pt\/wp-json\/wp\/v2\/users\/2"}],"replies":[{"embeddable":true,"href":"https:\/\/sinorcell.com\/pt-pt\/wp-json\/wp\/v2\/comments?post=878"}],"version-history":[{"count":5,"href":"https:\/\/sinorcell.com\/pt-pt\/wp-json\/wp\/v2\/pages\/878\/revisions"}],"predecessor-version":[{"id":7522,"href":"https:\/\/sinorcell.com\/pt-pt\/wp-json\/wp\/v2\/pages\/878\/revisions\/7522"}],"wp:attachment":[{"href":"https:\/\/sinorcell.com\/pt-pt\/wp-json\/wp\/v2\/media?parent=878"}],"curies":[{"name":"wp","href":"https:\/\/api.w.org\/{rel}","templated":true}]}}