{"id":886,"date":"2020-12-16T09:59:25","date_gmt":"2020-12-16T08:59:25","guid":{"rendered":"http:\/\/sinorcell.com\/www\/zona-comercial\/"},"modified":"2025-04-24T10:17:54","modified_gmt":"2025-04-24T08:17:54","slug":"zona-comercial","status":"publish","type":"page","link":"https:\/\/sinorcell.com\/pt-pt\/zona-comercial\/","title":{"rendered":"ZONA COMERCIAL"},"content":{"rendered":"[vc_row full_width=&#8221;stretch_row&#8221; content_placement=&#8221;middle&#8221; css=&#8221;.vc_custom_1606754981784{background-image: url(http:\/\/sinorcell.com\/www\/wp-content\/uploads\/2020\/11\/banner-sinorcell-zona-comercial-2.jpg?id=394) !important;background-position: center !important;background-repeat: no-repeat !important;background-size: cover !important;}&#8221;][vc_column][vc_empty_space height=&#8221;62px&#8221;][vc_column_text]\n<h4 style=\"text-align: center; font-size: 30px;\"><span class=\"white-text\">ZONA COMERCIAL <\/span><\/h4>\n[\/vc_column_text][vc_empty_space height=&#8221;62px&#8221;][\/vc_column][\/vc_row][vc_row][vc_column][vc_empty_space height=&#8221;62px&#8221;][vc_text_separator title=&#8221;CONTATO COMERCIAL POR ZONA&#8221;][vc_empty_space][vc_row_inner][vc_column_inner width=&#8221;1\/3&#8243;][vc_column_text]\n<h4><span style=\"color: #333333;\">ZONA CATALUNHA<\/span><\/h4>\n<p><strong><span style=\"color: #59bac3;\">RESPONS\u00c1VEL DE CONTAS<\/span><br \/>\n<\/strong><strong>\u00c1LEX M\u00c1RQUEZ<\/strong><br \/>\nTelefone <a href=\"tel:+34689230598\">+34 689 230 598<\/a><br \/>\n<a href=\"mailto:amarquez@sinorcell.com\">amarquez@sinorcell.com<\/a>[\/vc_column_text][\/vc_column_inner][vc_column_inner width=&#8221;1\/3&#8243;][vc_column_text]\n<h4><span style=\"color: #333333;\">ZONA MADRID<\/span><\/h4>\n<p><strong><span style=\"color: #59bac3;\">RESPONS\u00c1VEL DE CONTAS<\/span><br \/>\n<\/strong><strong>FRANCISCO VIT\u00d3N \/ FEDERICO POUZOLS<\/strong><br \/>\nTelefone <a href=\"tel:+34648032196\">+34 648 032 196<\/a>\u00a0 \/ <a href=\"tel:+34618499748\">+34 618 499 748<\/a><br \/>\n<a href=\"mailto:paco.viton@sinorcell.com\">paco.viton@sinorcell.com<\/a>\u00a0 \/ <a href=\"mailto:federico@sinorcell.com\">federico@sinorcell.com<\/a>[\/vc_column_text][\/vc_column_inner][vc_column_inner width=&#8221;1\/3&#8243;][vc_column_text]\n<h4><span style=\"color: #333333;\">ZONA LEVANTE<\/span><\/h4>\n<p><strong><span style=\"color: #59bac3;\">RESPONS\u00c1VEL DE CONTAS<\/span><br \/>\n<\/strong><strong>MANUEL PERALES<\/strong><br \/>\nTelefone <a href=\"tel:+34697568900\">+34 697 568 900<\/a><br \/>\n<a href=\"mailto:mperales@sinorcell.com\">mperales@sinorcell.com<\/a>[\/vc_column_text][\/vc_column_inner][\/vc_row_inner][vc_row_inner][vc_column_inner width=&#8221;1\/3&#8243;][vc_column_text]\n<h4><span style=\"color: #333333;\">ZONA NORTE<br \/>\n<\/span><\/h4>\n<p><strong><span style=\"color: #59bac3;\">DIRETOR COMERCIAL<\/span><br \/>\n<\/strong><strong>MARCOS OLALLA S\u00c1NCHEZ<\/strong><br \/>\nTelefone <a href=\"tel:+34677641938\">+34 677 641 938<\/a><br \/>\n<a href=\"mailto:marcos@sinorcell.com\">marcos@sinorcell.com<\/a>[\/vc_column_text][\/vc_column_inner][vc_column_inner width=&#8221;1\/3&#8243;][vc_column_text]\n<h4><span style=\"color: #333333;\">ZONA SUL<br \/>\n<\/span><\/h4>\n<p><strong><span style=\"color: #59bac3;\">RESPONS\u00c1VEL DE CONTAS<br \/>\n<\/span><\/strong><strong>FRANCISCO VIT\u00d3N GONZ\u00c1LEZ<\/strong><br \/>\nTelefone <a href=\"tel:+34648032196\">+34 648 032 196<\/a><br \/>\n<a href=\"mailto:paco.viton@sinorcell.com\">paco.viton@sinorcell.com<\/a>[\/vc_column_text][\/vc_column_inner][vc_column_inner width=&#8221;1\/3&#8243;][vc_column_text]\n<h4><span style=\"color: #333333;\">ZONA FRAN\u00c7A<br \/>\n<\/span><\/h4>\n<p><strong><span style=\"color: #59bac3;\">DIRETOR COMERCIAL<\/span><br \/>\n<\/strong><strong>MARCOS OLALLA S\u00c1NCHEZ<\/strong><br \/>\nTelefone <a href=\"tel:+34677641938\">+34 677 641 938<\/a><br \/>\n<a href=\"mailto:marcos@sinorcell.com\">marcos@sinorcell.com<\/a>[\/vc_column_text][\/vc_column_inner][\/vc_row_inner][vc_row_inner][vc_column_inner width=&#8221;1\/3&#8243;][vc_column_text]\n<h4><span style=\"color: #333333;\">ZONA PORTUGAL<br \/>\n<\/span><\/h4>\n<p><strong><span style=\"color: #59bac3;\">RESPONS\u00c1VEL DE CONTAS<br \/>\n<\/span><\/strong><strong>JULIO ALEXANDRE FERREIRA PEREIRA<\/strong><br \/>\nTelefone\u00a0<a href=\"tel:+35194771879\">+351 94 771 879<\/a><br \/>\n<a href=\"mailto:jpereira@sinorcell.com\">jpereira@sinorcell.com<\/a>[\/vc_column_text][\/vc_column_inner][vc_column_inner width=&#8221;1\/3&#8243;][vc_column_text]\n<h4><span style=\"color: #333333;\">INTERNACIONAL<br \/>\n<\/span><\/h4>\n<p><strong><span style=\"color: #59bac3;\">DIRETOR COMERCIAL<\/span><br \/>\n<\/strong><strong>MARCOS OLALLA S\u00c1NCHEZ<\/strong><br \/>\nTelefone <a href=\"tel:+34677641938\">+34 677 641 938<\/a><br \/>\n<a href=\"mailto:marcos@sinorcell.com\">marcos@sinorcell.com<\/a>[\/vc_column_text][\/vc_column_inner][vc_column_inner width=&#8221;1\/3&#8243;][\/vc_column_inner][\/vc_row_inner][\/vc_column][\/vc_row][vc_row full_width=&#8221;stretch_row&#8221; css=&#8221;.vc_custom_1606152431365{background-color: #e8e8e8 !important;}&#8221;][vc_column][vc_empty_space][vc_column_text]\n<h4 style=\"text-align: center;\">ATEN\u00c7\u00c3O AO CLIENTE<\/h4>\n<p style=\"text-align: center;\"><strong>Unidade de produ\u00e7\u00e3o \u00d3dena &#8211; Barcelona<\/strong> Telefone <a href=\"tel:+34938031686\">+34 93 803 16 86<\/a> <a href=\"mailto:atencioclients@sinorcell.com\">atencioclients@sinorcell.com<\/a><\/p>\n[\/vc_column_text][vc_empty_space height=&#8221;20px&#8221;][\/vc_column][\/vc_row][vc_row][vc_column][vc_empty_space height=&#8221;62px&#8221;][vc_text_separator title=&#8221;ESCRIT\u00d3RIOS E ADMINISTRA\u00c7\u00c3O&#8221;][vc_empty_space][vc_row_inner][vc_column_inner width=&#8221;1\/4&#8243;][\/vc_column_inner][vc_column_inner width=&#8221;1\/4&#8243;][vc_column_text]\n<h4><span style=\"color: #59bac3;\">SINORCELL \u00d3DENA<\/span><\/h4>\n<p><strong>Aten\u00e7\u00e3o ao cliente e Unidade de produ\u00e7\u00e3o<\/strong> <a href=\"https:\/\/goo.gl\/maps\/Bj79LVNnLbpFRKH39\" target=\"_blank\" rel=\"noopener noreferrer\">Avenida de Madrid, # 26 <\/a> <a href=\"https:\/\/goo.gl\/maps\/Bj79LVNnLbpFRKH39\" target=\"_blank\" rel=\"noopener noreferrer\">P.I. Pla de les Gavarreres <\/a> <a href=\"https:\/\/goo.gl\/maps\/Bj79LVNnLbpFRKH39\" target=\"_blank\" rel=\"noopener noreferrer\">08711 Odena (Bcn)<\/a> Telefone <a href=\"tel:+34938031686\">+34 93 803 16 86<\/a> <a href=\"mailto:atencioclients@sinorcell.com\">atencioclients@sinorcell.com<\/a> Hor\u00e1rio de aten\u00e7\u00e3o ao cliente das 07.00 h \u00e0s 18.00 h[\/vc_column_text][\/vc_column_inner][vc_column_inner width=&#8221;1\/4&#8243;][vc_column_text]\n<h4><span style=\"color: #59bac3;\">SINORCELL IR\u00daN<\/span><\/h4>\n<p><strong>Administra\u00e7\u00e3o e Log\u00edstica internacional<\/strong> <a href=\"https:\/\/goo.gl\/maps\/wSykMk8gBJqKz8YN8\" target=\"_blank\" rel=\"noopener noreferrer\">Calle Auzolan, #2 *<\/a> <a href=\"https:\/\/goo.gl\/maps\/wSykMk8gBJqKz8YN8\" target=\"_blank\" rel=\"noopener noreferrer\">20303 Ir\u00fan (Guip\u00fazcoa)<\/a> Telefone <a href=\"tel:+34943666283\">+34 943 666 283<\/a> <a href=\"mailto:administracion@sinorcell.com\">administracion@sinorcell.com<\/a> <a href=\"mailto:lr2@sinorcell.com\">lr2@sinorcell.com<\/a>[\/vc_column_text][\/vc_column_inner][vc_column_inner width=&#8221;1\/4&#8243;][\/vc_column_inner][\/vc_row_inner][\/vc_column][\/vc_row]\n","protected":false},"excerpt":{"rendered":"<p>[vc_row full_width=&#8221;stretch_row&#8221; content_placement=&#8221;middle&#8221; css=&#8221;.vc_custom_1606754981784{background-image: url(http:\/\/sinorcell.com\/www\/wp-content\/uploads\/2020\/11\/banner-sinorcell-zona-comercial-2.jpg?id=394) !important;background-position: center !important;background-repeat: no-repeat !important;background-size: cover !important;}&#8221;][vc_column][vc_empty_space height=&#8221;62px&#8221;][vc_column_text] ZONA COMERCIAL [\/vc_column_text][vc_empty_space height=&#8221;62px&#8221;][\/vc_column][\/vc_row][vc_row][vc_column][vc_empty_space height=&#8221;62px&#8221;][vc_text_separator title=&#8221;CONTATO COMERCIAL POR ZONA&#8221;][vc_empty_space][vc_row_inner][vc_column_inner width=&#8221;1\/3&#8243;][vc_column_text] ZONA CATALUNHA RESPONS\u00c1VEL DE CONTAS \u00c1LEX M\u00c1RQUEZ Telefone +34 689 230 598 amarquez@sinorcell.com[\/vc_column_text][\/vc_column_inner][vc_column_inner width=&#8221;1\/3&#8243;][vc_column_text] ZONA MADRID RESPONS\u00c1VEL&hellip;<\/p>\n","protected":false},"author":2,"featured_media":0,"parent":0,"menu_order":0,"comment_status":"closed","ping_status":"closed","template":"","meta":{"inline_featured_image":false,"footnotes":""},"class_list":["post-886","page","type-page","status-publish","hentry","entry","no-media"],"yoast_head":"<!-- This site is optimized with the Yoast SEO plugin v25.2 - https:\/\/yoast.com\/wordpress\/plugins\/seo\/ -->\n<title>\u00c1reas Comerciais de Corte e Rebobinagem de Papel - Sinorcell<\/title>\n<meta name=\"description\" content=\"Na Sinorcell temos v\u00e1rios escrit\u00f3rios nacionais para que nos possa contactar imediatamente e explicar as suas necessidades em m\u00e1quinas de corte e rebobinagem de papel.\" \/>\n<meta name=\"robots\" content=\"index, follow, max-snippet:-1, max-image-preview:large, max-video-preview:-1\" \/>\n<link rel=\"canonical\" href=\"https:\/\/sinorcell.com\/pt-pt\/zona-comercial\/\" \/>\n<meta property=\"og:locale\" content=\"pt_PT\" \/>\n<meta property=\"og:type\" content=\"article\" \/>\n<meta property=\"og:title\" content=\"\u00c1reas Comerciais de Corte e Rebobinagem de Papel - Sinorcell\" \/>\n<meta property=\"og:description\" content=\"Na Sinorcell temos v\u00e1rios escrit\u00f3rios nacionais para que nos possa contactar imediatamente e explicar as suas necessidades em m\u00e1quinas de corte e rebobinagem de papel.\" \/>\n<meta property=\"og:url\" content=\"https:\/\/sinorcell.com\/pt-pt\/zona-comercial\/\" \/>\n<meta property=\"og:site_name\" content=\"Sinorcell\" \/>\n<meta property=\"article:modified_time\" content=\"2025-04-24T08:17:54+00:00\" \/>\n<meta name=\"twitter:card\" content=\"summary_large_image\" \/>\n<meta name=\"twitter:label1\" content=\"Tempo estimado de leitura\" \/>\n\t<meta name=\"twitter:data1\" content=\"2 minutos\" \/>\n<script type=\"application\/ld+json\" class=\"yoast-schema-graph\">{\"@context\":\"https:\/\/schema.org\",\"@graph\":[{\"@type\":\"WebPage\",\"@id\":\"https:\/\/sinorcell.com\/pt-pt\/zona-comercial\/\",\"url\":\"https:\/\/sinorcell.com\/pt-pt\/zona-comercial\/\",\"name\":\"\u00c1reas Comerciais de Corte e Rebobinagem de Papel - Sinorcell\",\"isPartOf\":{\"@id\":\"https:\/\/sinorcell.com\/#website\"},\"datePublished\":\"2020-12-16T08:59:25+00:00\",\"dateModified\":\"2025-04-24T08:17:54+00:00\",\"description\":\"Na Sinorcell temos v\u00e1rios escrit\u00f3rios nacionais para que nos possa contactar imediatamente e explicar as suas necessidades em m\u00e1quinas de corte e rebobinagem de papel.\",\"breadcrumb\":{\"@id\":\"https:\/\/sinorcell.com\/pt-pt\/zona-comercial\/#breadcrumb\"},\"inLanguage\":\"pt-PT\",\"potentialAction\":[{\"@type\":\"ReadAction\",\"target\":[\"https:\/\/sinorcell.com\/pt-pt\/zona-comercial\/\"]}]},{\"@type\":\"BreadcrumbList\",\"@id\":\"https:\/\/sinorcell.com\/pt-pt\/zona-comercial\/#breadcrumb\",\"itemListElement\":[{\"@type\":\"ListItem\",\"position\":1,\"name\":\"Portada\",\"item\":\"https:\/\/sinorcell.com\/pt-pt\/\"},{\"@type\":\"ListItem\",\"position\":2,\"name\":\"ZONA COMERCIAL\"}]},{\"@type\":\"WebSite\",\"@id\":\"https:\/\/sinorcell.com\/#website\",\"url\":\"https:\/\/sinorcell.com\/\",\"name\":\"Sinorcell\",\"description\":\"Especialistas en el corte de bobina de cart\u00f3n\",\"publisher\":{\"@id\":\"https:\/\/sinorcell.com\/#organization\"},\"potentialAction\":[{\"@type\":\"SearchAction\",\"target\":{\"@type\":\"EntryPoint\",\"urlTemplate\":\"https:\/\/sinorcell.com\/?s={search_term_string}\"},\"query-input\":{\"@type\":\"PropertyValueSpecification\",\"valueRequired\":true,\"valueName\":\"search_term_string\"}}],\"inLanguage\":\"pt-PT\"},{\"@type\":\"Organization\",\"@id\":\"https:\/\/sinorcell.com\/#organization\",\"name\":\"SINORCELL\",\"url\":\"https:\/\/sinorcell.com\/\",\"logo\":{\"@type\":\"ImageObject\",\"inLanguage\":\"pt-PT\",\"@id\":\"https:\/\/sinorcell.com\/#\/schema\/logo\/image\/\",\"url\":\"https:\/\/sinorcell.com\/www\/wp-content\/uploads\/2020\/11\/logo-sinorcell-svg.svg\",\"contentUrl\":\"https:\/\/sinorcell.com\/www\/wp-content\/uploads\/2020\/11\/logo-sinorcell-svg.svg\",\"width\":420,\"height\":77,\"caption\":\"SINORCELL\"},\"image\":{\"@id\":\"https:\/\/sinorcell.com\/#\/schema\/logo\/image\/\"}}]}<\/script>\n<!-- \/ Yoast SEO plugin. -->","yoast_head_json":{"title":"\u00c1reas Comerciais de Corte e Rebobinagem de Papel - Sinorcell","description":"Na Sinorcell temos v\u00e1rios escrit\u00f3rios nacionais para que nos possa contactar imediatamente e explicar as suas necessidades em m\u00e1quinas de corte e rebobinagem de papel.","robots":{"index":"index","follow":"follow","max-snippet":"max-snippet:-1","max-image-preview":"max-image-preview:large","max-video-preview":"max-video-preview:-1"},"canonical":"https:\/\/sinorcell.com\/pt-pt\/zona-comercial\/","og_locale":"pt_PT","og_type":"article","og_title":"\u00c1reas Comerciais de Corte e Rebobinagem de Papel - Sinorcell","og_description":"Na Sinorcell temos v\u00e1rios escrit\u00f3rios nacionais para que nos possa contactar imediatamente e explicar as suas necessidades em m\u00e1quinas de corte e rebobinagem de papel.","og_url":"https:\/\/sinorcell.com\/pt-pt\/zona-comercial\/","og_site_name":"Sinorcell","article_modified_time":"2025-04-24T08:17:54+00:00","twitter_card":"summary_large_image","twitter_misc":{"Tempo estimado de leitura":"2 minutos"},"schema":{"@context":"https:\/\/schema.org","@graph":[{"@type":"WebPage","@id":"https:\/\/sinorcell.com\/pt-pt\/zona-comercial\/","url":"https:\/\/sinorcell.com\/pt-pt\/zona-comercial\/","name":"\u00c1reas Comerciais de Corte e Rebobinagem de Papel - Sinorcell","isPartOf":{"@id":"https:\/\/sinorcell.com\/#website"},"datePublished":"2020-12-16T08:59:25+00:00","dateModified":"2025-04-24T08:17:54+00:00","description":"Na Sinorcell temos v\u00e1rios escrit\u00f3rios nacionais para que nos possa contactar imediatamente e explicar as suas necessidades em m\u00e1quinas de corte e rebobinagem de papel.","breadcrumb":{"@id":"https:\/\/sinorcell.com\/pt-pt\/zona-comercial\/#breadcrumb"},"inLanguage":"pt-PT","potentialAction":[{"@type":"ReadAction","target":["https:\/\/sinorcell.com\/pt-pt\/zona-comercial\/"]}]},{"@type":"BreadcrumbList","@id":"https:\/\/sinorcell.com\/pt-pt\/zona-comercial\/#breadcrumb","itemListElement":[{"@type":"ListItem","position":1,"name":"Portada","item":"https:\/\/sinorcell.com\/pt-pt\/"},{"@type":"ListItem","position":2,"name":"ZONA COMERCIAL"}]},{"@type":"WebSite","@id":"https:\/\/sinorcell.com\/#website","url":"https:\/\/sinorcell.com\/","name":"Sinorcell","description":"Especialistas en el corte de bobina de cart\u00f3n","publisher":{"@id":"https:\/\/sinorcell.com\/#organization"},"potentialAction":[{"@type":"SearchAction","target":{"@type":"EntryPoint","urlTemplate":"https:\/\/sinorcell.com\/?s={search_term_string}"},"query-input":{"@type":"PropertyValueSpecification","valueRequired":true,"valueName":"search_term_string"}}],"inLanguage":"pt-PT"},{"@type":"Organization","@id":"https:\/\/sinorcell.com\/#organization","name":"SINORCELL","url":"https:\/\/sinorcell.com\/","logo":{"@type":"ImageObject","inLanguage":"pt-PT","@id":"https:\/\/sinorcell.com\/#\/schema\/logo\/image\/","url":"https:\/\/sinorcell.com\/www\/wp-content\/uploads\/2020\/11\/logo-sinorcell-svg.svg","contentUrl":"https:\/\/sinorcell.com\/www\/wp-content\/uploads\/2020\/11\/logo-sinorcell-svg.svg","width":420,"height":77,"caption":"SINORCELL"},"image":{"@id":"https:\/\/sinorcell.com\/#\/schema\/logo\/image\/"}}]}},"_links":{"self":[{"href":"https:\/\/sinorcell.com\/pt-pt\/wp-json\/wp\/v2\/pages\/886"}],"collection":[{"href":"https:\/\/sinorcell.com\/pt-pt\/wp-json\/wp\/v2\/pages"}],"about":[{"href":"https:\/\/sinorcell.com\/pt-pt\/wp-json\/wp\/v2\/types\/page"}],"author":[{"embeddable":true,"href":"https:\/\/sinorcell.com\/pt-pt\/wp-json\/wp\/v2\/users\/2"}],"replies":[{"embeddable":true,"href":"https:\/\/sinorcell.com\/pt-pt\/wp-json\/wp\/v2\/comments?post=886"}],"version-history":[{"count":13,"href":"https:\/\/sinorcell.com\/pt-pt\/wp-json\/wp\/v2\/pages\/886\/revisions"}],"predecessor-version":[{"id":7480,"href":"https:\/\/sinorcell.com\/pt-pt\/wp-json\/wp\/v2\/pages\/886\/revisions\/7480"}],"wp:attachment":[{"href":"https:\/\/sinorcell.com\/pt-pt\/wp-json\/wp\/v2\/media?parent=886"}],"curies":[{"name":"wp","href":"https:\/\/api.w.org\/{rel}","templated":true}]}}