{"id":892,"date":"2020-12-16T09:59:36","date_gmt":"2020-12-16T08:59:36","guid":{"rendered":"http:\/\/sinorcell.com\/www\/sustentabilidade\/"},"modified":"2026-02-02T10:04:24","modified_gmt":"2026-02-02T09:04:24","slug":"sustentabilidade","status":"publish","type":"page","link":"https:\/\/sinorcell.com\/pt-pt\/sustentabilidade\/","title":{"rendered":"SUSTENTABILIDADE"},"content":{"rendered":"[vc_row full_width=&#8221;stretch_row&#8221; content_placement=&#8221;middle&#8221; css=&#8221;.vc_custom_1606754094010{background-image: url(http:\/\/sinorcell.com\/www\/wp-content\/uploads\/2020\/11\/banner-sinorcell-sostenibilidad.jpg?id=388) !important;background-position: center !important;background-repeat: no-repeat !important;background-size: cover !important;}&#8221;][vc_column][vc_empty_space height=&#8221;62px&#8221;][vc_column_text]\n<h4 style=\"text-align: center; font-size: 30px;\"><span class=\"white-text\">SUSTENTABILIDADE <\/span><\/h4>\n[\/vc_column_text][vc_empty_space height=&#8221;62px&#8221;][\/vc_column][\/vc_row][vc_row][vc_column width=&#8221;1\/6&#8243;][\/vc_column][vc_column width=&#8221;2\/3&#8243;][vc_empty_space][vc_column_text]\n<h1 style=\"text-align: center; margin-bottom: 0px;\">COMPROMISSO COM O MEIO AMBIENTE<\/h1>\n<p style=\"text-align: center;\"><span style=\"margin-top: -21px;\"><strong>APOIAM AS NOSSAS CERTIFICA\u00c7\u00d5ES <\/strong><\/span><\/p>\n<p style=\"text-align: center;\">Desde o conglomerado de todas as suas instala\u00e7\u00f5es da Sinorcell e juntamente com todos os nossos fornecedores e todos os colaboradores da Sinorcell, promovemos um c\u00f3digo de \u00e9tica e de valores criado para impulsionar e preservar uma sustentabilidade baseada no respeito pela ecologia e pelo meio ambiente.<\/p>\n[\/vc_column_text][vc_empty_space height=&#8221;20px&#8221;][\/vc_column][vc_column width=&#8221;1\/6&#8243;][\/vc_column][\/vc_row][vc_row full_width=&#8221;stretch_row&#8221; css=&#8221;.vc_custom_1718796481766{padding-top: 20px !important;background-color: #f3f3f0 !important;background-position: 0 0 !important;background-repeat: no-repeat !important;}&#8221;][vc_column][vc_row_inner][vc_column_inner width=&#8221;1\/4&#8243;][vc_empty_space height=&#8221;42px&#8221;][vc_single_image image=&#8221;5925&#8243; img_size=&#8221;131&#215;187&#8243; alignment=&#8221;center&#8221; onclick=&#8221;custom_link&#8221; img_link_target=&#8221;_blank&#8221; css=&#8221;.vc_custom_1770022960990{padding-top: -5px !important;padding-right: 15px !important;padding-bottom: 7px !important;padding-left: 15px !important;}&#8221; link=&#8221;https:\/\/sinorcell.com\/www\/wp-content\/uploads\/2026\/02\/PEFC-SINORCELL-Certificate.pdf&#8221;][vc_column_text]\n<h4 style=\"margin-bottom: 0px; text-align: center;\"><span style=\"color: #333333; font-size: 14px;\">CERTIFICA\u00c7\u00c3O PEFC <\/span><\/h4>\n[\/vc_column_text][vc_column_text]\n<p style=\"margin-bottom: 0px; text-align: center;\"><span style=\"color: #333333; font-size: 14px;\">Os nossos produtos de origem florestal (madeira, papel,&#8230;) certificados por <strong>PEFC<\/strong> garantem aos nossos clientes que est\u00e3o a comprar produtos de florestas geridas de forma sustent\u00e1vel.<\/span><\/p>\n[\/vc_column_text]<div class=\"textcenter theme-button-wrap wpex-clr\"><a href=\"https:\/\/sinorcell.com\/www\/wp-content\/uploads\/2026\/02\/PEFC-SINORCELL-Certificate.pdf\" class=\"vcex-button theme-button align-center inline\" target=\"_blank\" rel=\"noopener noreferrer\"><span class=\"theme-button-inner\">Baixar certificado<\/span><\/a><\/div> [\/vc_column_inner][vc_column_inner width=&#8221;1\/4&#8243;][vc_empty_space height=&#8221;42px&#8221;][vc_single_image image=&#8221;1269&#8243; alignment=&#8221;center&#8221; onclick=&#8221;custom_link&#8221; img_link_target=&#8221;_blank&#8221; link=&#8221;https:\/\/sinorcell.com\/www\/wp-content\/uploads\/2026\/02\/FSC-SINORCELL-Certificate.pdf&#8221;][vc_column_text]\n<h4 style=\"margin-bottom: 0px; text-align: center;\"><span style=\"color: #333333; font-size: 14px;\">CERTIFICA\u00c7\u00c3O FSC\u00ae <\/span><\/h4>\n[\/vc_column_text][vc_column_text]\n<p style=\"text-align: center;\">O Certificado <strong>FSC<\/strong> realiza avalia\u00e7\u00f5es a empresas florestais ou semelhantes para conseguir ou fomentar uma gest\u00e3o florestal economicamente vi\u00e1vel, socialmente ben\u00e9fica e apropriada do ponto de vista ambiental para as florestas..<\/p>\n[\/vc_column_text]<div class=\"textcenter theme-button-wrap wpex-clr\"><a href=\"https:\/\/sinorcell.com\/www\/wp-content\/uploads\/2026\/02\/FSC-SINORCELL-Certificate.pdf\" class=\"vcex-button theme-button align-center inline\" target=\"_blank\" rel=\"noopener noreferrer\"><span class=\"theme-button-inner\">Baixar certificado<\/span><\/a><\/div> [\/vc_column_inner][vc_column_inner width=&#8221;1\/4&#8243;][vc_empty_space height=&#8221;42px&#8221;][vc_single_image image=&#8221;5933&#8243; img_size=&#8221;131&#215;187&#8243; alignment=&#8221;center&#8221; onclick=&#8221;custom_link&#8221; img_link_target=&#8221;_blank&#8221; link=&#8221;https:\/\/sinorcell.com\/www\/wp-content\/uploads\/2026\/02\/Autodeclaracion-EUTR.pdf&#8221; css=&#8221;.vc_custom_1770023050886{padding-top: -5px !important;padding-right: 15px !important;padding-bottom: 15px !important;padding-left: 15px !important;}&#8221;][vc_column_text]\n<h4 style=\"margin-bottom: 0px; text-align: center;\"><span style=\"color: #333333; font-size: 14px;\">REGULAMENTOS EUROPEUS SOBRE MADEIRA<\/span><\/h4>\n[\/vc_column_text][vc_column_text]\n<p style=\"text-align: center;\">Cumprimos a regulamenta\u00e7\u00e3o da Uni\u00e3o Europeia sobre a comercializa\u00e7\u00e3o de madeira, que garante que a madeira e os produtos derivados n\u00e3o prov\u00eam de explora\u00e7\u00e3o madeireira ilegal.<\/p>\n[\/vc_column_text]<div class=\"textcenter theme-button-wrap wpex-clr\"><a href=\"https:\/\/sinorcell.com\/www\/wp-content\/uploads\/2026\/02\/Autodeclaracion-EUTR.pdf\" class=\"vcex-button theme-button align-center inline\" target=\"_blank\" rel=\"noopener noreferrer\"><span class=\"theme-button-inner\">Baixar autodeclara\u00e7\u00e3o<\/span><\/a><\/div> [\/vc_column_inner][vc_column_inner width=&#8221;1\/4&#8243;][vc_empty_space height=&#8221;42px&#8221;][vc_single_image image=&#8221;1275&#8243; alignment=&#8221;center&#8221;][vc_column_text]\n<h4 style=\"margin-bottom: 0px; text-align: center;\"><span style=\"color: #333333; font-size: 14px;\">CERTIFICA\u00c7\u00c3O COMPOST\u00c1VEL <\/span><\/h4>\n[\/vc_column_text][vc_column_text]\n<p style=\"text-align: center;\">Os nossos produtos foram certificados como <strong>compost\u00e1veis<\/strong> de acordo com o cumprimento das normas UNE-EN13432 \/ EN14995. A biodegradabilidade (em condi\u00e7\u00f5es de compostabilidade) do produto.<\/p>\n[\/vc_column_text][\/vc_column_inner][\/vc_row_inner][vc_column_text]\n<p style=\"text-align: center;\">A <strong>Pol\u00edtica de Cadeia de Cust\u00f3dia<\/strong> da Sinorcell est\u00e1 \u00e0 disposi\u00e7\u00e3o de qualquer interessado que dela necessite.<br \/>\nPara solicit\u00e1-lo, envie um email para <a href=\"mailto:calidad@sinorcell.com\">calidad@sinorcell.com<\/a>.[\/vc_column_text][\/vc_column][\/vc_row][vc_row][vc_column width=&#8221;1\/2&#8243;][vc_empty_space][vc_column_text]\n<h4 style=\"margin-bottom: 0px; text-align: left;\">FABRICA\u00c7\u00c3O PR\u00d3PRIA DE PALETES \u00c0 MEDIDA<\/h4>\n[\/vc_column_text][vc_empty_space]<div class=\"wpex-slider-preloaderimg\"><img loading=\"lazy\" decoding=\"async\" data-no-lazy=\"1\" class=\"skip-lazy\" src=\"https:\/\/sinorcell.com\/www\/wp-content\/uploads\/2020\/11\/sinorcell-sostenibilidad-carpinteria-2.jpg\" alt=\"\" width=\"1200\" height=\"638\" \/><\/div><div class=\"vcex-module wpex-slider slider-pro vcex-image-slider wpex-clr\" data-auto-play-delay=\"5000\" data-animation-speed=\"600\" data-height-animation-duration=\"500\" data-thumbnail-height=\"70\" data-thumbnail-width=\"70\"><div class=\"wpex-slider-slides sp-slides\"><div class=\"wpex-slider-slide sp-slide\"><div class=\"wpex-slider-media\"><img loading=\"lazy\" decoding=\"async\" data-no-lazy=\"1\" class=\"skip-lazy\" src=\"https:\/\/sinorcell.com\/www\/wp-content\/uploads\/2020\/11\/sinorcell-sostenibilidad-carpinteria-2.jpg\" alt=\"\" width=\"1200\" height=\"638\" \/><\/div><\/div><div class=\"wpex-slider-slide sp-slide\"><div class=\"wpex-slider-media\"><img loading=\"lazy\" decoding=\"async\" data-no-lazy=\"1\" class=\"skip-lazy\" src=\"https:\/\/sinorcell.com\/www\/wp-content\/uploads\/2020\/11\/sinorcell-sostenibilidad-carpinteria-1.jpg\" alt=\"\" width=\"1200\" height=\"638\" \/><\/div><\/div><\/div><\/div>[vc_empty_space][\/vc_column][vc_column width=&#8221;1\/2&#8243;][vc_empty_space][vc_column_text]\n<h4 style=\"margin-bottom: 0px; text-align: left;\"><span style=\"color: #333333; font-size: 14px;\">POUPAMOS MADEIRA <\/span><\/h4>\n<p>Atrav\u00e9s da nossa carpintaria interna reciclamos e produzimos as nossas pr\u00f3prias paletes \u00e0 medida para cada produto.[\/vc_column_text][vc_column_text]\n<h4 style=\"margin-bottom: 0px; text-align: left;\"><span style=\"color: #333333; font-size: 14px;\">POUPAMOS ESPA\u00c7O EM ARMAZ\u00c9M <\/span><\/h4>\n<p>Criar as nossas paletes \u00e0 medida permite-nos aproveitar ao m\u00e1ximo o espa\u00e7o na nossa nave industrial e na dos nossos clientes.[\/vc_column_text][vc_column_text]\n<h4 style=\"margin-bottom: 0px; text-align: left;\"><span style=\"color: #333333; font-size: 14px;\">POUPAMOS VOLUME E CUSTOS DE TRANSPORTE <\/span><\/h4>\n<p>Ao criar paletes \u00e0 medida estamos a reduzir os custos de transporte, j\u00e1 que aproveitamos ao m\u00e1ximo a nossa capacidade de envio.[\/vc_column_text][vc_column_text]\n<h4 style=\"margin-bottom: 0px; text-align: left;\"><span style=\"color: #333333; font-size: 14px;\">PALETES \u00c0 MEDIDA <\/span><\/h4>\n<p>A Sinorcell aposta num processo \u00e0 medida para cada pedido.[\/vc_column_text][vc_empty_space height=&#8221;12px&#8221;][\/vc_column][\/vc_row][vc_row full_width=&#8221;stretch_row&#8221; content_placement=&#8221;middle&#8221; css=&#8221;.vc_custom_1606812664924{background-color: #333333 !important;background-position: center !important;background-repeat: no-repeat !important;background-size: cover !important;}&#8221;][vc_column width=&#8221;1\/4&#8243;][\/vc_column][vc_column width=&#8221;1\/2&#8243;][vc_empty_space height=&#8221;26px&#8221;][vc_row_inner][vc_column_inner width=&#8221;1\/5&#8243;][\/vc_column_inner][vc_column_inner width=&#8221;1\/5&#8243;][\/vc_column_inner][vc_column_inner width=&#8221;1\/5&#8243;][vc_single_image image=&#8221;659&#8243; css=&#8221;.vc_custom_1606748318083{margin-bottom: -42px !important;}&#8221;][\/vc_column_inner][vc_column_inner width=&#8221;1\/5&#8243;][\/vc_column_inner][vc_column_inner width=&#8221;1\/5&#8243;][\/vc_column_inner][\/vc_row_inner][vc_column_text css=&#8221;.vc_custom_1606812647177{margin-top: -20px !important;padding-top: -20px !important;}&#8221;]\n<h4 style=\"text-align: center; font-size: 30px;\"><span class=\"white-text\" style=\"color: #333333; font-size: 24px;\">RECICLAMOS TODOS OS CART\u00d5ES EXCEDENTES<\/span><\/h4>\n[\/vc_column_text][\/vc_column][vc_column width=&#8221;1\/4&#8243;][\/vc_column][\/vc_row][vc_row full_width=&#8221;stretch_row&#8221; css=&#8221;.vc_custom_1605714465618{background-color: #e1e1dd !important;background-position: center !important;background-repeat: no-repeat !important;background-size: cover !important;}&#8221;][vc_column][vc_empty_space][vc_column_text]\n<h4 style=\"margin-bottom: 0px; text-align: center;\">\u00c1REA COMERCIAL<\/h4>\n<p style=\"text-align: center;\">Estamos presentes em toda a geografia espanhola e tamb\u00e9m em Fran\u00e7a e Portugal. A nossa equipa comercial est\u00e1 \u00e0 disposi\u00e7\u00e3o dos nossos clientes para lhes oferecer o melhor servi\u00e7o.<br \/>\n<span style=\"color: #333333; font-size: 14px;\"><strong>ZONA CATALUNHA | ZONA LEVANTE | ZONA MADRID | ZONA FRAN\u00c7A | ZONA PORTUGAL<\/strong> <\/span>[\/vc_column_text][vc_empty_space height=&#8221;10px&#8221;]<div class=\"textcenter theme-button-wrap wpex-clr\"><a href=\"\/pt-pt\/contacto\/\" class=\"vcex-button theme-button align-center inline\"><span class=\"theme-button-inner\">CONTACTO<\/span><\/a><\/div> [vc_empty_space][\/vc_column][\/vc_row]\n","protected":false},"excerpt":{"rendered":"<p>[vc_row full_width=&#8221;stretch_row&#8221; content_placement=&#8221;middle&#8221; css=&#8221;.vc_custom_1606754094010{background-image: url(http:\/\/sinorcell.com\/www\/wp-content\/uploads\/2020\/11\/banner-sinorcell-sostenibilidad.jpg?id=388) !important;background-position: center !important;background-repeat: no-repeat !important;background-size: cover !important;}&#8221;][vc_column][vc_empty_space height=&#8221;62px&#8221;][vc_column_text] SUSTENTABILIDADE [\/vc_column_text][vc_empty_space height=&#8221;62px&#8221;][\/vc_column][\/vc_row][vc_row][vc_column width=&#8221;1\/6&#8243;][\/vc_column][vc_column width=&#8221;2\/3&#8243;][vc_empty_space][vc_column_text] COMPROMISSO COM O MEIO AMBIENTE APOIAM AS NOSSAS CERTIFICA\u00c7\u00d5ES Desde o conglomerado de todas as suas instala\u00e7\u00f5es da Sinorcell e juntamente com&hellip;<\/p>\n","protected":false},"author":2,"featured_media":0,"parent":0,"menu_order":0,"comment_status":"closed","ping_status":"closed","template":"","meta":{"inline_featured_image":false,"footnotes":""},"class_list":["post-892","page","type-page","status-publish","hentry","entry","no-media"],"yoast_head":"<!-- This site is optimized with the Yoast SEO plugin v25.2 - https:\/\/yoast.com\/wordpress\/plugins\/seo\/ -->\n<title>SUSTENTABILIDADE - Sinorcell<\/title>\n<meta name=\"robots\" content=\"index, follow, max-snippet:-1, max-image-preview:large, max-video-preview:-1\" \/>\n<link rel=\"canonical\" href=\"https:\/\/sinorcell.com\/pt-pt\/sustentabilidade\/\" \/>\n<meta property=\"og:locale\" content=\"pt_PT\" \/>\n<meta property=\"og:type\" content=\"article\" \/>\n<meta property=\"og:title\" content=\"SUSTENTABILIDADE - Sinorcell\" \/>\n<meta property=\"og:description\" content=\"[vc_row full_width=&#8221;stretch_row&#8221; content_placement=&#8221;middle&#8221; css=&#8221;.vc_custom_1606754094010{background-image: url(http:\/\/sinorcell.com\/www\/wp-content\/uploads\/2020\/11\/banner-sinorcell-sostenibilidad.jpg?id=388) !important;background-position: center !important;background-repeat: no-repeat !important;background-size: cover !important;}&#8221;][vc_column][vc_empty_space height=&#8221;62px&#8221;][vc_column_text] SUSTENTABILIDADE [\/vc_column_text][vc_empty_space height=&#8221;62px&#8221;][\/vc_column][\/vc_row][vc_row][vc_column width=&#8221;1\/6&#8243;][\/vc_column][vc_column width=&#8221;2\/3&#8243;][vc_empty_space][vc_column_text] COMPROMISSO COM O MEIO AMBIENTE APOIAM AS NOSSAS CERTIFICA\u00c7\u00d5ES Desde o conglomerado de todas as suas instala\u00e7\u00f5es da Sinorcell e juntamente com&hellip;\" \/>\n<meta property=\"og:url\" content=\"https:\/\/sinorcell.com\/pt-pt\/sustentabilidade\/\" \/>\n<meta property=\"og:site_name\" content=\"Sinorcell\" \/>\n<meta property=\"article:modified_time\" content=\"2026-02-02T09:04:24+00:00\" \/>\n<meta name=\"twitter:card\" content=\"summary_large_image\" \/>\n<meta name=\"twitter:label1\" content=\"Tempo estimado de leitura\" \/>\n\t<meta name=\"twitter:data1\" content=\"3 minutos\" \/>\n<script type=\"application\/ld+json\" class=\"yoast-schema-graph\">{\"@context\":\"https:\/\/schema.org\",\"@graph\":[{\"@type\":\"WebPage\",\"@id\":\"https:\/\/sinorcell.com\/pt-pt\/sustentabilidade\/\",\"url\":\"https:\/\/sinorcell.com\/pt-pt\/sustentabilidade\/\",\"name\":\"SUSTENTABILIDADE - Sinorcell\",\"isPartOf\":{\"@id\":\"https:\/\/sinorcell.com\/#website\"},\"datePublished\":\"2020-12-16T08:59:36+00:00\",\"dateModified\":\"2026-02-02T09:04:24+00:00\",\"breadcrumb\":{\"@id\":\"https:\/\/sinorcell.com\/pt-pt\/sustentabilidade\/#breadcrumb\"},\"inLanguage\":\"pt-PT\",\"potentialAction\":[{\"@type\":\"ReadAction\",\"target\":[\"https:\/\/sinorcell.com\/pt-pt\/sustentabilidade\/\"]}]},{\"@type\":\"BreadcrumbList\",\"@id\":\"https:\/\/sinorcell.com\/pt-pt\/sustentabilidade\/#breadcrumb\",\"itemListElement\":[{\"@type\":\"ListItem\",\"position\":1,\"name\":\"Portada\",\"item\":\"https:\/\/sinorcell.com\/pt-pt\/\"},{\"@type\":\"ListItem\",\"position\":2,\"name\":\"SUSTENTABILIDADE\"}]},{\"@type\":\"WebSite\",\"@id\":\"https:\/\/sinorcell.com\/#website\",\"url\":\"https:\/\/sinorcell.com\/\",\"name\":\"Sinorcell\",\"description\":\"Especialistas en el corte de bobina de cart\u00f3n\",\"publisher\":{\"@id\":\"https:\/\/sinorcell.com\/#organization\"},\"potentialAction\":[{\"@type\":\"SearchAction\",\"target\":{\"@type\":\"EntryPoint\",\"urlTemplate\":\"https:\/\/sinorcell.com\/?s={search_term_string}\"},\"query-input\":{\"@type\":\"PropertyValueSpecification\",\"valueRequired\":true,\"valueName\":\"search_term_string\"}}],\"inLanguage\":\"pt-PT\"},{\"@type\":\"Organization\",\"@id\":\"https:\/\/sinorcell.com\/#organization\",\"name\":\"SINORCELL\",\"url\":\"https:\/\/sinorcell.com\/\",\"logo\":{\"@type\":\"ImageObject\",\"inLanguage\":\"pt-PT\",\"@id\":\"https:\/\/sinorcell.com\/#\/schema\/logo\/image\/\",\"url\":\"https:\/\/sinorcell.com\/www\/wp-content\/uploads\/2020\/11\/logo-sinorcell-svg.svg\",\"contentUrl\":\"https:\/\/sinorcell.com\/www\/wp-content\/uploads\/2020\/11\/logo-sinorcell-svg.svg\",\"width\":420,\"height\":77,\"caption\":\"SINORCELL\"},\"image\":{\"@id\":\"https:\/\/sinorcell.com\/#\/schema\/logo\/image\/\"}}]}<\/script>\n<!-- \/ Yoast SEO plugin. -->","yoast_head_json":{"title":"SUSTENTABILIDADE - Sinorcell","robots":{"index":"index","follow":"follow","max-snippet":"max-snippet:-1","max-image-preview":"max-image-preview:large","max-video-preview":"max-video-preview:-1"},"canonical":"https:\/\/sinorcell.com\/pt-pt\/sustentabilidade\/","og_locale":"pt_PT","og_type":"article","og_title":"SUSTENTABILIDADE - Sinorcell","og_description":"[vc_row full_width=&#8221;stretch_row&#8221; content_placement=&#8221;middle&#8221; css=&#8221;.vc_custom_1606754094010{background-image: url(http:\/\/sinorcell.com\/www\/wp-content\/uploads\/2020\/11\/banner-sinorcell-sostenibilidad.jpg?id=388) !important;background-position: center !important;background-repeat: no-repeat !important;background-size: cover !important;}&#8221;][vc_column][vc_empty_space height=&#8221;62px&#8221;][vc_column_text] SUSTENTABILIDADE [\/vc_column_text][vc_empty_space height=&#8221;62px&#8221;][\/vc_column][\/vc_row][vc_row][vc_column width=&#8221;1\/6&#8243;][\/vc_column][vc_column width=&#8221;2\/3&#8243;][vc_empty_space][vc_column_text] COMPROMISSO COM O MEIO AMBIENTE APOIAM AS NOSSAS CERTIFICA\u00c7\u00d5ES Desde o conglomerado de todas as suas instala\u00e7\u00f5es da Sinorcell e juntamente com&hellip;","og_url":"https:\/\/sinorcell.com\/pt-pt\/sustentabilidade\/","og_site_name":"Sinorcell","article_modified_time":"2026-02-02T09:04:24+00:00","twitter_card":"summary_large_image","twitter_misc":{"Tempo estimado de leitura":"3 minutos"},"schema":{"@context":"https:\/\/schema.org","@graph":[{"@type":"WebPage","@id":"https:\/\/sinorcell.com\/pt-pt\/sustentabilidade\/","url":"https:\/\/sinorcell.com\/pt-pt\/sustentabilidade\/","name":"SUSTENTABILIDADE - Sinorcell","isPartOf":{"@id":"https:\/\/sinorcell.com\/#website"},"datePublished":"2020-12-16T08:59:36+00:00","dateModified":"2026-02-02T09:04:24+00:00","breadcrumb":{"@id":"https:\/\/sinorcell.com\/pt-pt\/sustentabilidade\/#breadcrumb"},"inLanguage":"pt-PT","potentialAction":[{"@type":"ReadAction","target":["https:\/\/sinorcell.com\/pt-pt\/sustentabilidade\/"]}]},{"@type":"BreadcrumbList","@id":"https:\/\/sinorcell.com\/pt-pt\/sustentabilidade\/#breadcrumb","itemListElement":[{"@type":"ListItem","position":1,"name":"Portada","item":"https:\/\/sinorcell.com\/pt-pt\/"},{"@type":"ListItem","position":2,"name":"SUSTENTABILIDADE"}]},{"@type":"WebSite","@id":"https:\/\/sinorcell.com\/#website","url":"https:\/\/sinorcell.com\/","name":"Sinorcell","description":"Especialistas en el corte de bobina de cart\u00f3n","publisher":{"@id":"https:\/\/sinorcell.com\/#organization"},"potentialAction":[{"@type":"SearchAction","target":{"@type":"EntryPoint","urlTemplate":"https:\/\/sinorcell.com\/?s={search_term_string}"},"query-input":{"@type":"PropertyValueSpecification","valueRequired":true,"valueName":"search_term_string"}}],"inLanguage":"pt-PT"},{"@type":"Organization","@id":"https:\/\/sinorcell.com\/#organization","name":"SINORCELL","url":"https:\/\/sinorcell.com\/","logo":{"@type":"ImageObject","inLanguage":"pt-PT","@id":"https:\/\/sinorcell.com\/#\/schema\/logo\/image\/","url":"https:\/\/sinorcell.com\/www\/wp-content\/uploads\/2020\/11\/logo-sinorcell-svg.svg","contentUrl":"https:\/\/sinorcell.com\/www\/wp-content\/uploads\/2020\/11\/logo-sinorcell-svg.svg","width":420,"height":77,"caption":"SINORCELL"},"image":{"@id":"https:\/\/sinorcell.com\/#\/schema\/logo\/image\/"}}]}},"_links":{"self":[{"href":"https:\/\/sinorcell.com\/pt-pt\/wp-json\/wp\/v2\/pages\/892"}],"collection":[{"href":"https:\/\/sinorcell.com\/pt-pt\/wp-json\/wp\/v2\/pages"}],"about":[{"href":"https:\/\/sinorcell.com\/pt-pt\/wp-json\/wp\/v2\/types\/page"}],"author":[{"embeddable":true,"href":"https:\/\/sinorcell.com\/pt-pt\/wp-json\/wp\/v2\/users\/2"}],"replies":[{"embeddable":true,"href":"https:\/\/sinorcell.com\/pt-pt\/wp-json\/wp\/v2\/comments?post=892"}],"version-history":[{"count":19,"href":"https:\/\/sinorcell.com\/pt-pt\/wp-json\/wp\/v2\/pages\/892\/revisions"}],"predecessor-version":[{"id":8492,"href":"https:\/\/sinorcell.com\/pt-pt\/wp-json\/wp\/v2\/pages\/892\/revisions\/8492"}],"wp:attachment":[{"href":"https:\/\/sinorcell.com\/pt-pt\/wp-json\/wp\/v2\/media?parent=892"}],"curies":[{"name":"wp","href":"https:\/\/api.w.org\/{rel}","templated":true}]}}