{"id":994,"date":"2020-11-23T18:58:33","date_gmt":"2020-11-23T17:58:33","guid":{"rendered":"http:\/\/sinorcell.com\/www\/politica-de-cookies\/"},"modified":"2020-12-16T12:15:16","modified_gmt":"2020-12-16T11:15:16","slug":"politica-de-cookies","status":"publish","type":"page","link":"https:\/\/sinorcell.com\/pt-pt\/politica-de-cookies\/","title":{"rendered":"Pol\u00edtica de cookies"},"content":{"rendered":"[vc_row][vc_column][vc_column_text]\n<h1>Pol\u00edtica de Cookies<\/h1>\n<h3>O que s\u00e3o cookies?<\/h3>\n<p>Um cookie \u00e9 um arquivo que \u00e9 baixado para o seu computador quando voc\u00ea acessa certas p\u00e1ginas da web. Os cookies permitem que uma p\u00e1gina web, entre outras coisas, armazene e recupere informa\u00e7\u00f5es sobre os h\u00e1bitos de navega\u00e7\u00e3o de um usu\u00e1rio ou de seu equipamento e, dependendo das informa\u00e7\u00f5es que contenham e da forma como usa seu equipamento, podem ser usados \u200b\u200bpara reconhecer ao usu\u00e1rio.<\/p>\n<h3>Quem usa as informa\u00e7\u00f5es armazenadas nos cookies?<\/h3>\n<p>As informa\u00e7\u00f5es armazenadas nos cookies do nosso site s\u00e3o utilizadas exclusivamente por n\u00f3s, com exce\u00e7\u00e3o do Google Analytics, que \u00e9 utilizado e gerido pelo Google e por n\u00f3s para fins estat\u00edsticos.<\/p>\n<h3>Que tipos de cookies este site usa?<\/h3>\n<p>Cookies de an\u00e1lise: s\u00e3o aqueles que s\u00e3o bem tratados por n\u00f3s ou por terceiros, permitem-nos quantificar o n\u00famero de utilizadores e assim efectuar medi\u00e7\u00f5es e an\u00e1lises estat\u00edsticas da utiliza\u00e7\u00e3o que os utilizadores fazem do servi\u00e7o oferecido. Para tal, \u00e9 analisada a sua navega\u00e7\u00e3o no nosso site, de forma a melhorar a oferta dos produtos ou servi\u00e7os que lhe oferecemos.<\/p>\n<p><strong><u>Aviso de cookies e idioma:<\/u><\/strong><\/p>\n<p><strong><u>Google Analytics:<\/u><\/strong><\/p>\n<p>Estas cookies se utilizan para recoger informaci\u00f3n sobre el uso de nuestro sitio web por parte de los visitantes. Las cookies recopilan informaci\u00f3n de forma an\u00f3nima, y elaborar informes de tendencias de visitas sin identificar a usuarios individuales.<\/p>\n<p><strong><u>Cookies publicitarias:<\/u><\/strong><\/p>\n<p>Son aqu\u00e9llas que, bien tratadas por nosotros o por terceros, nos permiten gestionar de la forma m\u00e1s eficaz posible la oferta de los espacios publicitarios que hay en la p\u00e1gina web, adecuando el contenido del anuncio al contenido del servicio solicitado o al uso que realice de nuestra p\u00e1gina web. Para ello podemos analizar sus h\u00e1bitos de navegaci\u00f3n en Internet y podemos mostrarle publicidad relacionada con su perfil de navegaci\u00f3n.<\/p>\n<h3>Gest\u00e3o de cookies.<\/h3>\n<p>Voc\u00ea pode permitir, bloquear ou excluir os cookies instalados em seu computador, configurando as op\u00e7\u00f5es do navegador que voc\u00ea usa em seu terminal ou dispositivo. As etapas para fazer isso s\u00e3o diferentes para cada navegador.<\/p>\n<p>Se voc\u00ea n\u00e3o permitir a instala\u00e7\u00e3o de cookies, poder\u00e1 n\u00e3o conseguir acessar todas as se\u00e7\u00f5es deste site ou poder\u00e1 n\u00e3o conseguir usar todas as funcionalidades oferecidas por este site.<\/p>\n<p>Abaixo indicamos os links para diferentes navegadores onde voc\u00ea encontrar\u00e1 as instru\u00e7\u00f5es para controlar os cookies que s\u00e3o armazenados em seu computador dependendo do navegador que voc\u00ea usa.<\/p>\n<p><strong>Google Chrome<\/strong><br \/>\n<a href=\"https:\/\/support.google.com\/chrome\/answer\/95647?p=cpn_cookies&amp;rd=1\">https:\/\/support.google.com\/chrome\/answer\/95647?p=cpn_cookies&amp;rd=1<\/a><\/p>\n<p><strong>Windows Internet Explorer 7 y Windows Internet Explorer 8<\/strong><br \/>\n<a href=\"http:\/\/windows.microsoft.com\/es-es\/windows-vista\/block-or-allow-cookies\">http:\/\/windows.microsoft.com\/es-es\/windows-vista\/block-or-allow-cookies<\/a><\/p>\n<p><strong>Mozilla Firefox<\/strong><br \/>\n<a href=\"http:\/\/support.mozilla.org\/es\/kb\/habilitar-y-deshabilitar-cookies-que-los-sitios-we\">http:\/\/support.mozilla.org\/es\/kb\/habilitar-y-deshabilitar-cookies-que-los-sitios-we<\/a><\/p>\n<p><strong>Opera<\/strong><br \/>\n<a href=\"http:\/\/help.opera.com\/Linux\/10.60\/es-ES\/cookies.html\">http:\/\/help.opera.com\/Linux\/10.60\/es-ES\/cookies.html<\/a><\/p>\n<p>O bloqueio de cookies pode afetar algumas das funcionalidades do nosso site.<\/p>\n<h3>Mudan\u00e7as na pol\u00edtica de cookies<\/h3>\n<p>Este site pode ser modificado e, conseq\u00fcentemente, pode ser necess\u00e1rio modificar esta Pol\u00edtica de Cookies, tamb\u00e9m pode ser necess\u00e1rio alter\u00e1-la devido a modifica\u00e7\u00f5es ou exig\u00eancias legais, por isso aconselhamos os usu\u00e1rios a consult\u00e1-la periodicamente.<\/p>\n<p>Caso as altera\u00e7\u00f5es sejam significativas, a nova Pol\u00edtica de Cookies ser\u00e1 comunicada aos usu\u00e1rios por meio de um aviso neste site.[\/vc_column_text][\/vc_column][\/vc_row]\n","protected":false},"excerpt":{"rendered":"<p>[vc_row][vc_column][vc_column_text] Pol\u00edtica de Cookies O que s\u00e3o cookies? Um cookie \u00e9 um arquivo que \u00e9 baixado para o seu computador quando voc\u00ea acessa certas p\u00e1ginas da web. Os cookies permitem que uma p\u00e1gina web, entre outras coisas, armazene e recupere&hellip;<\/p>\n","protected":false},"author":2,"featured_media":0,"parent":0,"menu_order":0,"comment_status":"closed","ping_status":"closed","template":"","meta":{"inline_featured_image":false,"footnotes":""},"class_list":["post-994","page","type-page","status-publish","hentry","entry","no-media"],"yoast_head":"<!-- This site is optimized with the Yoast SEO plugin v25.2 - https:\/\/yoast.com\/wordpress\/plugins\/seo\/ -->\n<title>Pol\u00edtica de cookies - Sinorcell<\/title>\n<meta name=\"robots\" content=\"index, follow, max-snippet:-1, max-image-preview:large, max-video-preview:-1\" \/>\n<link rel=\"canonical\" href=\"https:\/\/sinorcell.com\/politica-de-cookies\/\" \/>\n<meta property=\"og:locale\" content=\"pt_PT\" \/>\n<meta property=\"og:type\" content=\"article\" \/>\n<meta property=\"og:title\" content=\"Pol\u00edtica de cookies - Sinorcell\" \/>\n<meta property=\"og:description\" content=\"[vc_row][vc_column][vc_column_text] Pol\u00edtica de Cookies O que s\u00e3o cookies? Um cookie \u00e9 um arquivo que \u00e9 baixado para o seu computador quando voc\u00ea acessa certas p\u00e1ginas da web. Os cookies permitem que uma p\u00e1gina web, entre outras coisas, armazene e recupere&hellip;\" \/>\n<meta property=\"og:url\" content=\"https:\/\/sinorcell.com\/politica-de-cookies\/\" \/>\n<meta property=\"og:site_name\" content=\"Sinorcell\" \/>\n<meta property=\"article:modified_time\" content=\"2020-12-16T11:15:16+00:00\" \/>\n<meta name=\"twitter:card\" content=\"summary_large_image\" \/>\n<meta name=\"twitter:label1\" content=\"Tempo estimado de leitura\" \/>\n\t<meta name=\"twitter:data1\" content=\"3 minutos\" \/>\n<script type=\"application\/ld+json\" class=\"yoast-schema-graph\">{\"@context\":\"https:\/\/schema.org\",\"@graph\":[{\"@type\":\"WebPage\",\"@id\":\"https:\/\/sinorcell.com\/politica-de-cookies\/\",\"url\":\"https:\/\/sinorcell.com\/politica-de-cookies\/\",\"name\":\"Pol\u00edtica de cookies - Sinorcell\",\"isPartOf\":{\"@id\":\"https:\/\/sinorcell.com\/#website\"},\"datePublished\":\"2020-11-23T17:58:33+00:00\",\"dateModified\":\"2020-12-16T11:15:16+00:00\",\"breadcrumb\":{\"@id\":\"https:\/\/sinorcell.com\/politica-de-cookies\/#breadcrumb\"},\"inLanguage\":\"pt-PT\",\"potentialAction\":[{\"@type\":\"ReadAction\",\"target\":[\"https:\/\/sinorcell.com\/politica-de-cookies\/\"]}]},{\"@type\":\"BreadcrumbList\",\"@id\":\"https:\/\/sinorcell.com\/politica-de-cookies\/#breadcrumb\",\"itemListElement\":[{\"@type\":\"ListItem\",\"position\":1,\"name\":\"Portada\",\"item\":\"https:\/\/sinorcell.com\/pt-pt\/\"},{\"@type\":\"ListItem\",\"position\":2,\"name\":\"Pol\u00edtica de cookies\"}]},{\"@type\":\"WebSite\",\"@id\":\"https:\/\/sinorcell.com\/#website\",\"url\":\"https:\/\/sinorcell.com\/\",\"name\":\"Sinorcell\",\"description\":\"Especialistas en el corte de bobina de cart\u00f3n\",\"publisher\":{\"@id\":\"https:\/\/sinorcell.com\/#organization\"},\"potentialAction\":[{\"@type\":\"SearchAction\",\"target\":{\"@type\":\"EntryPoint\",\"urlTemplate\":\"https:\/\/sinorcell.com\/?s={search_term_string}\"},\"query-input\":{\"@type\":\"PropertyValueSpecification\",\"valueRequired\":true,\"valueName\":\"search_term_string\"}}],\"inLanguage\":\"pt-PT\"},{\"@type\":\"Organization\",\"@id\":\"https:\/\/sinorcell.com\/#organization\",\"name\":\"SINORCELL\",\"url\":\"https:\/\/sinorcell.com\/\",\"logo\":{\"@type\":\"ImageObject\",\"inLanguage\":\"pt-PT\",\"@id\":\"https:\/\/sinorcell.com\/#\/schema\/logo\/image\/\",\"url\":\"https:\/\/sinorcell.com\/www\/wp-content\/uploads\/2020\/11\/logo-sinorcell-svg.svg\",\"contentUrl\":\"https:\/\/sinorcell.com\/www\/wp-content\/uploads\/2020\/11\/logo-sinorcell-svg.svg\",\"width\":420,\"height\":77,\"caption\":\"SINORCELL\"},\"image\":{\"@id\":\"https:\/\/sinorcell.com\/#\/schema\/logo\/image\/\"}}]}<\/script>\n<!-- \/ Yoast SEO plugin. -->","yoast_head_json":{"title":"Pol\u00edtica de cookies - Sinorcell","robots":{"index":"index","follow":"follow","max-snippet":"max-snippet:-1","max-image-preview":"max-image-preview:large","max-video-preview":"max-video-preview:-1"},"canonical":"https:\/\/sinorcell.com\/politica-de-cookies\/","og_locale":"pt_PT","og_type":"article","og_title":"Pol\u00edtica de cookies - Sinorcell","og_description":"[vc_row][vc_column][vc_column_text] Pol\u00edtica de Cookies O que s\u00e3o cookies? Um cookie \u00e9 um arquivo que \u00e9 baixado para o seu computador quando voc\u00ea acessa certas p\u00e1ginas da web. Os cookies permitem que uma p\u00e1gina web, entre outras coisas, armazene e recupere&hellip;","og_url":"https:\/\/sinorcell.com\/politica-de-cookies\/","og_site_name":"Sinorcell","article_modified_time":"2020-12-16T11:15:16+00:00","twitter_card":"summary_large_image","twitter_misc":{"Tempo estimado de leitura":"3 minutos"},"schema":{"@context":"https:\/\/schema.org","@graph":[{"@type":"WebPage","@id":"https:\/\/sinorcell.com\/politica-de-cookies\/","url":"https:\/\/sinorcell.com\/politica-de-cookies\/","name":"Pol\u00edtica de cookies - Sinorcell","isPartOf":{"@id":"https:\/\/sinorcell.com\/#website"},"datePublished":"2020-11-23T17:58:33+00:00","dateModified":"2020-12-16T11:15:16+00:00","breadcrumb":{"@id":"https:\/\/sinorcell.com\/politica-de-cookies\/#breadcrumb"},"inLanguage":"pt-PT","potentialAction":[{"@type":"ReadAction","target":["https:\/\/sinorcell.com\/politica-de-cookies\/"]}]},{"@type":"BreadcrumbList","@id":"https:\/\/sinorcell.com\/politica-de-cookies\/#breadcrumb","itemListElement":[{"@type":"ListItem","position":1,"name":"Portada","item":"https:\/\/sinorcell.com\/pt-pt\/"},{"@type":"ListItem","position":2,"name":"Pol\u00edtica de cookies"}]},{"@type":"WebSite","@id":"https:\/\/sinorcell.com\/#website","url":"https:\/\/sinorcell.com\/","name":"Sinorcell","description":"Especialistas en el corte de bobina de cart\u00f3n","publisher":{"@id":"https:\/\/sinorcell.com\/#organization"},"potentialAction":[{"@type":"SearchAction","target":{"@type":"EntryPoint","urlTemplate":"https:\/\/sinorcell.com\/?s={search_term_string}"},"query-input":{"@type":"PropertyValueSpecification","valueRequired":true,"valueName":"search_term_string"}}],"inLanguage":"pt-PT"},{"@type":"Organization","@id":"https:\/\/sinorcell.com\/#organization","name":"SINORCELL","url":"https:\/\/sinorcell.com\/","logo":{"@type":"ImageObject","inLanguage":"pt-PT","@id":"https:\/\/sinorcell.com\/#\/schema\/logo\/image\/","url":"https:\/\/sinorcell.com\/www\/wp-content\/uploads\/2020\/11\/logo-sinorcell-svg.svg","contentUrl":"https:\/\/sinorcell.com\/www\/wp-content\/uploads\/2020\/11\/logo-sinorcell-svg.svg","width":420,"height":77,"caption":"SINORCELL"},"image":{"@id":"https:\/\/sinorcell.com\/#\/schema\/logo\/image\/"}}]}},"_links":{"self":[{"href":"https:\/\/sinorcell.com\/pt-pt\/wp-json\/wp\/v2\/pages\/994"}],"collection":[{"href":"https:\/\/sinorcell.com\/pt-pt\/wp-json\/wp\/v2\/pages"}],"about":[{"href":"https:\/\/sinorcell.com\/pt-pt\/wp-json\/wp\/v2\/types\/page"}],"author":[{"embeddable":true,"href":"https:\/\/sinorcell.com\/pt-pt\/wp-json\/wp\/v2\/users\/2"}],"replies":[{"embeddable":true,"href":"https:\/\/sinorcell.com\/pt-pt\/wp-json\/wp\/v2\/comments?post=994"}],"version-history":[{"count":4,"href":"https:\/\/sinorcell.com\/pt-pt\/wp-json\/wp\/v2\/pages\/994\/revisions"}],"predecessor-version":[{"id":1013,"href":"https:\/\/sinorcell.com\/pt-pt\/wp-json\/wp\/v2\/pages\/994\/revisions\/1013"}],"wp:attachment":[{"href":"https:\/\/sinorcell.com\/pt-pt\/wp-json\/wp\/v2\/media?parent=994"}],"curies":[{"name":"wp","href":"https:\/\/api.w.org\/{rel}","templated":true}]}}